{"id":12143,"date":"2025-03-26T11:31:22","date_gmt":"2025-03-26T10:31:22","guid":{"rendered":"https:\/\/agorafabrics.com\/tejidos\/algae\/"},"modified":"2026-02-23T16:47:33","modified_gmt":"2026-02-23T15:47:33","slug":"algae","status":"publish","type":"product","link":"https:\/\/agorafabrics.com\/it\/tessuti\/algae\/","title":{"rendered":"Algae"},"content":{"rendered":"<p>Evocando la naturale ricchezza di un&#8217;insenatura attraverso la sua palette cromatica, Agora\u00ae Signature Series Cala introduce quattro tessuti di densit\u00e0 variabile che consentono un perfetto adattamento a tutti i tipi di mobili. L&#8217;incorporazione di corde e cinghie nelle stesse tonalit\u00e0 amplia ulteriormente le possibilit\u00e0 di design, offrendo soluzioni integrali che combinano funzionalit\u00e0 e bellezza. <\/p>\n","protected":false},"excerpt":{"rendered":"<p>Evocando la naturale ricchezza di un&#8217;insenatura attraverso la sua palette cromatica, Agora\u00ae Signature Series Cala introduce quattro tessuti di densit\u00e0 variabile che consentono un perfetto adattamento a tutti i tipi di mobili. L&#8217;incorporazione di corde e cinghie nelle stesse tonalit\u00e0 amplia ulteriormente le possibilit\u00e0 di design, offrendo soluzioni integrali che combinano funzionalit\u00e0 e bellezza.<\/p>\n","protected":false},"featured_media":7955,"template":"","meta":{"_acf_changed":false},"ancho":[210],"coleccion":[251],"estilo":[325,262],"linea":[255],"product_brand":[],"product_cat":[261],"product_tag":[224],"class_list":{"0":"post-12143","1":"product","2":"type-product","3":"status-publish","4":"has-post-thumbnail","6":"ancho-160-cm-it","7":"coleccion-cala-it","8":"estilo-filati-fantasia","9":"estilo-geometrico-it","10":"linea-agora-signature-series-it","11":"product_cat-agora-signature-series-it","12":"product_tag-100-acrilico-tinto-in-massa","14":"first","15":"instock","16":"shipping-taxable","17":"product-type-variable","18":"wvs-archive-product-wrapper"},"acf":[],"yoast_head":"<!-- This site is optimized with the Yoast SEO plugin v27.3 - https:\/\/yoast.com\/product\/yoast-seo-wordpress\/ -->\n<title>Algae - Agora<\/title>\n<meta name=\"robots\" content=\"index, follow, max-snippet:-1, max-image-preview:large, max-video-preview:-1\" \/>\n<link rel=\"canonical\" href=\"https:\/\/agorafabrics.com\/it\/tessuti\/algae\/\" \/>\n<meta property=\"og:locale\" content=\"it_IT\" \/>\n<meta property=\"og:type\" content=\"article\" \/>\n<meta property=\"og:title\" content=\"Algae - Agora\" \/>\n<meta property=\"og:description\" content=\"Evocando la naturale ricchezza di un&#8217;insenatura attraverso la sua palette cromatica, Agora\u00ae Signature Series Cala introduce quattro tessuti di densit\u00e0 variabile che consentono un perfetto adattamento a tutti i tipi di mobili. L&#8217;incorporazione di corde e cinghie nelle stesse tonalit\u00e0 amplia ulteriormente le possibilit\u00e0 di design, offrendo soluzioni integrali che combinano funzionalit\u00e0 e bellezza.\" \/>\n<meta property=\"og:url\" content=\"https:\/\/agorafabrics.com\/it\/tessuti\/algae\/\" \/>\n<meta property=\"og:site_name\" content=\"Agora\" \/>\n<meta property=\"article:publisher\" content=\"https:\/\/www.facebook.com\/agorafabrics\/\" \/>\n<meta property=\"article:modified_time\" content=\"2026-02-23T15:47:33+00:00\" \/>\n<meta property=\"og:image\" content=\"https:\/\/agorafabrics.com\/wp-content\/uploads\/2025\/03\/20610PF_AG_ALGAE_ESPUMA-web-1.webp\" \/>\n\t<meta property=\"og:image:width\" content=\"800\" \/>\n\t<meta property=\"og:image:height\" content=\"800\" \/>\n\t<meta property=\"og:image:type\" content=\"image\/webp\" \/>\n<meta name=\"twitter:card\" content=\"summary_large_image\" \/>\n<meta name=\"twitter:label1\" content=\"Tempo di lettura stimato\" \/>\n\t<meta name=\"twitter:data1\" content=\"1 minuto\" \/>\n<script type=\"application\/ld+json\" class=\"yoast-schema-graph\">{\"@context\":\"https:\\\/\\\/schema.org\",\"@graph\":[{\"@type\":\"WebPage\",\"@id\":\"https:\\\/\\\/agorafabrics.com\\\/it\\\/tessuti\\\/algae\\\/\",\"url\":\"https:\\\/\\\/agorafabrics.com\\\/it\\\/tessuti\\\/algae\\\/\",\"name\":\"Algae - Agora\",\"isPartOf\":{\"@id\":\"https:\\\/\\\/agorafabrics.com\\\/it\\\/#website\"},\"primaryImageOfPage\":{\"@id\":\"https:\\\/\\\/agorafabrics.com\\\/it\\\/tessuti\\\/algae\\\/#primaryimage\"},\"image\":{\"@id\":\"https:\\\/\\\/agorafabrics.com\\\/it\\\/tessuti\\\/algae\\\/#primaryimage\"},\"thumbnailUrl\":\"https:\\\/\\\/agorafabrics.com\\\/wp-content\\\/uploads\\\/2025\\\/03\\\/20610PF_AG_ALGAE_ESPUMA-web-1.webp\",\"datePublished\":\"2025-03-26T10:31:22+00:00\",\"dateModified\":\"2026-02-23T15:47:33+00:00\",\"breadcrumb\":{\"@id\":\"https:\\\/\\\/agorafabrics.com\\\/it\\\/tessuti\\\/algae\\\/#breadcrumb\"},\"inLanguage\":\"it-IT\",\"potentialAction\":[{\"@type\":\"ReadAction\",\"target\":[\"https:\\\/\\\/agorafabrics.com\\\/it\\\/tessuti\\\/algae\\\/\"]}]},{\"@type\":\"ImageObject\",\"inLanguage\":\"it-IT\",\"@id\":\"https:\\\/\\\/agorafabrics.com\\\/it\\\/tessuti\\\/algae\\\/#primaryimage\",\"url\":\"https:\\\/\\\/agorafabrics.com\\\/wp-content\\\/uploads\\\/2025\\\/03\\\/20610PF_AG_ALGAE_ESPUMA-web-1.webp\",\"contentUrl\":\"https:\\\/\\\/agorafabrics.com\\\/wp-content\\\/uploads\\\/2025\\\/03\\\/20610PF_AG_ALGAE_ESPUMA-web-1.webp\",\"width\":800,\"height\":800},{\"@type\":\"BreadcrumbList\",\"@id\":\"https:\\\/\\\/agorafabrics.com\\\/it\\\/tessuti\\\/algae\\\/#breadcrumb\",\"itemListElement\":[{\"@type\":\"ListItem\",\"position\":1,\"name\":\"Portada\",\"item\":\"https:\\\/\\\/agorafabrics.com\\\/it\\\/\"},{\"@type\":\"ListItem\",\"position\":2,\"name\":\"Trova il tuo tessuto\",\"item\":\"https:\\\/\\\/agorafabrics.com\\\/it\\\/trova-il-tuo-tessuto\\\/\"},{\"@type\":\"ListItem\",\"position\":3,\"name\":\"Algae\"}]},{\"@type\":\"WebSite\",\"@id\":\"https:\\\/\\\/agorafabrics.com\\\/it\\\/#website\",\"url\":\"https:\\\/\\\/agorafabrics.com\\\/it\\\/\",\"name\":\"Agora\",\"description\":\"F\u00e1brica de tejidos y telas para exterior\",\"publisher\":{\"@id\":\"https:\\\/\\\/agorafabrics.com\\\/it\\\/#organization\"},\"potentialAction\":[{\"@type\":\"SearchAction\",\"target\":{\"@type\":\"EntryPoint\",\"urlTemplate\":\"https:\\\/\\\/agorafabrics.com\\\/it\\\/?s={search_term_string}\"},\"query-input\":{\"@type\":\"PropertyValueSpecification\",\"valueRequired\":true,\"valueName\":\"search_term_string\"}}],\"inLanguage\":\"it-IT\"},{\"@type\":\"Organization\",\"@id\":\"https:\\\/\\\/agorafabrics.com\\\/it\\\/#organization\",\"name\":\"Tessuti Agora\",\"url\":\"https:\\\/\\\/agorafabrics.com\\\/it\\\/\",\"logo\":{\"@type\":\"ImageObject\",\"inLanguage\":\"it-IT\",\"@id\":\"https:\\\/\\\/agorafabrics.com\\\/it\\\/#\\\/schema\\\/logo\\\/image\\\/\",\"url\":\"https:\\\/\\\/agorafabrics.com\\\/wp-content\\\/uploads\\\/2024\\\/07\\\/Agora-Logo.jpg\",\"contentUrl\":\"https:\\\/\\\/agorafabrics.com\\\/wp-content\\\/uploads\\\/2024\\\/07\\\/Agora-Logo.jpg\",\"width\":2292,\"height\":756,\"caption\":\"Tessuti Agora\"},\"image\":{\"@id\":\"https:\\\/\\\/agorafabrics.com\\\/it\\\/#\\\/schema\\\/logo\\\/image\\\/\"},\"sameAs\":[\"https:\\\/\\\/www.facebook.com\\\/agorafabrics\\\/\",\"https:\\\/\\\/www.instagram.com\\\/agorafabrics\\\/\",\"https:\\\/\\\/www.linkedin.com\\\/company\\\/tuvatextil\\\/\",\"https:\\\/\\\/vimeo.com\\\/user139090508\",\"https:\\\/\\\/www.youtube.com\\\/channel\\\/UC6iNTVqBR6UsJBzO5OZTymw\",\"https:\\\/\\\/www.pinterest.es\\\/agorafabrics\\\/\"]}]}<\/script>\n<!-- \/ Yoast SEO plugin. -->","yoast_head_json":{"title":"Algae - Agora","robots":{"index":"index","follow":"follow","max-snippet":"max-snippet:-1","max-image-preview":"max-image-preview:large","max-video-preview":"max-video-preview:-1"},"canonical":"https:\/\/agorafabrics.com\/it\/tessuti\/algae\/","og_locale":"it_IT","og_type":"article","og_title":"Algae - Agora","og_description":"Evocando la naturale ricchezza di un&#8217;insenatura attraverso la sua palette cromatica, Agora\u00ae Signature Series Cala introduce quattro tessuti di densit\u00e0 variabile che consentono un perfetto adattamento a tutti i tipi di mobili. L&#8217;incorporazione di corde e cinghie nelle stesse tonalit\u00e0 amplia ulteriormente le possibilit\u00e0 di design, offrendo soluzioni integrali che combinano funzionalit\u00e0 e bellezza.","og_url":"https:\/\/agorafabrics.com\/it\/tessuti\/algae\/","og_site_name":"Agora","article_publisher":"https:\/\/www.facebook.com\/agorafabrics\/","article_modified_time":"2026-02-23T15:47:33+00:00","og_image":[{"width":800,"height":800,"url":"https:\/\/agorafabrics.com\/wp-content\/uploads\/2025\/03\/20610PF_AG_ALGAE_ESPUMA-web-1.webp","type":"image\/webp"}],"twitter_card":"summary_large_image","twitter_misc":{"Tempo di lettura stimato":"1 minuto"},"schema":{"@context":"https:\/\/schema.org","@graph":[{"@type":"WebPage","@id":"https:\/\/agorafabrics.com\/it\/tessuti\/algae\/","url":"https:\/\/agorafabrics.com\/it\/tessuti\/algae\/","name":"Algae - Agora","isPartOf":{"@id":"https:\/\/agorafabrics.com\/it\/#website"},"primaryImageOfPage":{"@id":"https:\/\/agorafabrics.com\/it\/tessuti\/algae\/#primaryimage"},"image":{"@id":"https:\/\/agorafabrics.com\/it\/tessuti\/algae\/#primaryimage"},"thumbnailUrl":"https:\/\/agorafabrics.com\/wp-content\/uploads\/2025\/03\/20610PF_AG_ALGAE_ESPUMA-web-1.webp","datePublished":"2025-03-26T10:31:22+00:00","dateModified":"2026-02-23T15:47:33+00:00","breadcrumb":{"@id":"https:\/\/agorafabrics.com\/it\/tessuti\/algae\/#breadcrumb"},"inLanguage":"it-IT","potentialAction":[{"@type":"ReadAction","target":["https:\/\/agorafabrics.com\/it\/tessuti\/algae\/"]}]},{"@type":"ImageObject","inLanguage":"it-IT","@id":"https:\/\/agorafabrics.com\/it\/tessuti\/algae\/#primaryimage","url":"https:\/\/agorafabrics.com\/wp-content\/uploads\/2025\/03\/20610PF_AG_ALGAE_ESPUMA-web-1.webp","contentUrl":"https:\/\/agorafabrics.com\/wp-content\/uploads\/2025\/03\/20610PF_AG_ALGAE_ESPUMA-web-1.webp","width":800,"height":800},{"@type":"BreadcrumbList","@id":"https:\/\/agorafabrics.com\/it\/tessuti\/algae\/#breadcrumb","itemListElement":[{"@type":"ListItem","position":1,"name":"Portada","item":"https:\/\/agorafabrics.com\/it\/"},{"@type":"ListItem","position":2,"name":"Trova il tuo tessuto","item":"https:\/\/agorafabrics.com\/it\/trova-il-tuo-tessuto\/"},{"@type":"ListItem","position":3,"name":"Algae"}]},{"@type":"WebSite","@id":"https:\/\/agorafabrics.com\/it\/#website","url":"https:\/\/agorafabrics.com\/it\/","name":"Agora","description":"F\u00e1brica de tejidos y telas para exterior","publisher":{"@id":"https:\/\/agorafabrics.com\/it\/#organization"},"potentialAction":[{"@type":"SearchAction","target":{"@type":"EntryPoint","urlTemplate":"https:\/\/agorafabrics.com\/it\/?s={search_term_string}"},"query-input":{"@type":"PropertyValueSpecification","valueRequired":true,"valueName":"search_term_string"}}],"inLanguage":"it-IT"},{"@type":"Organization","@id":"https:\/\/agorafabrics.com\/it\/#organization","name":"Tessuti Agora","url":"https:\/\/agorafabrics.com\/it\/","logo":{"@type":"ImageObject","inLanguage":"it-IT","@id":"https:\/\/agorafabrics.com\/it\/#\/schema\/logo\/image\/","url":"https:\/\/agorafabrics.com\/wp-content\/uploads\/2024\/07\/Agora-Logo.jpg","contentUrl":"https:\/\/agorafabrics.com\/wp-content\/uploads\/2024\/07\/Agora-Logo.jpg","width":2292,"height":756,"caption":"Tessuti Agora"},"image":{"@id":"https:\/\/agorafabrics.com\/it\/#\/schema\/logo\/image\/"},"sameAs":["https:\/\/www.facebook.com\/agorafabrics\/","https:\/\/www.instagram.com\/agorafabrics\/","https:\/\/www.linkedin.com\/company\/tuvatextil\/","https:\/\/vimeo.com\/user139090508","https:\/\/www.youtube.com\/channel\/UC6iNTVqBR6UsJBzO5OZTymw","https:\/\/www.pinterest.es\/agorafabrics\/"]}]}},"_links":{"self":[{"href":"https:\/\/agorafabrics.com\/it\/wp-json\/wp\/v2\/product\/12143","targetHints":{"allow":["GET"]}}],"collection":[{"href":"https:\/\/agorafabrics.com\/it\/wp-json\/wp\/v2\/product"}],"about":[{"href":"https:\/\/agorafabrics.com\/it\/wp-json\/wp\/v2\/types\/product"}],"wp:featuredmedia":[{"embeddable":true,"href":"https:\/\/agorafabrics.com\/it\/wp-json\/wp\/v2\/media\/7955"}],"wp:attachment":[{"href":"https:\/\/agorafabrics.com\/it\/wp-json\/wp\/v2\/media?parent=12143"}],"wp:term":[{"taxonomy":"ancho","embeddable":true,"href":"https:\/\/agorafabrics.com\/it\/wp-json\/wp\/v2\/ancho?post=12143"},{"taxonomy":"coleccion","embeddable":true,"href":"https:\/\/agorafabrics.com\/it\/wp-json\/wp\/v2\/coleccion?post=12143"},{"taxonomy":"estilo","embeddable":true,"href":"https:\/\/agorafabrics.com\/it\/wp-json\/wp\/v2\/estilo?post=12143"},{"taxonomy":"linea","embeddable":true,"href":"https:\/\/agorafabrics.com\/it\/wp-json\/wp\/v2\/linea?post=12143"},{"taxonomy":"product_brand","embeddable":true,"href":"https:\/\/agorafabrics.com\/it\/wp-json\/wp\/v2\/product_brand?post=12143"},{"taxonomy":"product_cat","embeddable":true,"href":"https:\/\/agorafabrics.com\/it\/wp-json\/wp\/v2\/product_cat?post=12143"},{"taxonomy":"product_tag","embeddable":true,"href":"https:\/\/agorafabrics.com\/it\/wp-json\/wp\/v2\/product_tag?post=12143"}],"curies":[{"name":"wp","href":"https:\/\/api.w.org\/{rel}","templated":true}]}}