{"id":12318,"date":"2025-04-02T16:24:02","date_gmt":"2025-04-02T14:24:02","guid":{"rendered":"https:\/\/agorafabrics.com\/informativa-sulla-privacy-ue\/"},"modified":"2025-09-09T20:44:34","modified_gmt":"2025-09-09T18:44:34","slug":"informativa-sulla-privacy-ue","status":"publish","type":"page","link":"https:\/\/agorafabrics.com\/it\/informativa-sulla-privacy-ue\/","title":{"rendered":"Informativa sulla privacy (UE)"},"content":{"rendered":"\t\t<div data-elementor-type=\"wp-page\" data-elementor-id=\"12318\" class=\"elementor elementor-12318 elementor-3562\" data-elementor-post-type=\"page\">\n\t\t\t\t<div class=\"elementor-element elementor-element-5fde5cb e-flex e-con-boxed e-con e-parent\" data-id=\"5fde5cb\" data-element_type=\"container\" data-e-type=\"container\">\n\t\t\t\t\t<div class=\"e-con-inner\">\n\t\t\t\t<div class=\"elementor-element elementor-element-48df122 elementor-widget elementor-widget-heading\" data-id=\"48df122\" data-element_type=\"widget\" data-e-type=\"widget\" data-widget_type=\"heading.default\">\n\t\t\t\t\t<h1 class=\"elementor-heading-title elementor-size-default\">Informativa sulla privacy (UE)<\/h1>\t\t\t\t<\/div>\n\t\t\t\t<div class=\"elementor-element elementor-element-8a8e48c elementor-widget elementor-widget-text-editor\" data-id=\"8a8e48c\" data-element_type=\"widget\" data-e-type=\"widget\" data-widget_type=\"text-editor.default\">\n\t\t\t\t\t\t\t\t\t<p><strong>1. INFORMAZIONI SULL&#8217;UTENTE<\/strong><\/p><p><strong>Chi \u00e8 responsabile del trattamento dei tuoi dati personali?<\/strong><br>TUVATEXTIL \u00e8 RESPONSABILE del trattamento dei dati personali dell&#8217;UTENTE e informa l&#8217;UTENTE che tali dati saranno trattati in conformit\u00e0 alle disposizioni del Regolamento (UE) 2016\/679, del 27 aprile (GDPR), e della Legge Organica 3\/2018, del 5 dicembre (LOPDGDD).<\/p><p><strong>Per quale motivo trattiamo i tuoi dati personali?<\/strong><br>mantenere un rapporto commerciale con l&#8217;utente. Le operazioni previste per l&#8217;esecuzione del trattamento sono: <\/p><p>Invio di comunicazioni commerciali pubblicitarie tramite e-mail, fax, SMS, MMS, social network o qualsiasi altro mezzo elettronico o fisico, presente o futuro, che consenta di effettuare comunicazioni commerciali. Tali comunicazioni saranno effettuate dal RESPONSABILE e saranno relative ai suoi prodotti e servizi, o a quelli dei suoi collaboratori o fornitori, con i quali ha raggiunto un accordo promozionale. In questo caso, le terze parti non avranno mai accesso ai dati personali.<br>Condurre ricerche di mercato e analisi statistiche.<br>Elaborare ordini, richieste, rispondere a quesiti o a qualsiasi tipo di richiesta avanzata dall&#8217;UTENTE attraverso uno qualsiasi dei moduli di contatto resi disponibili sul sito web del RESPONSABILE.<br>Inviare la newsletter online, le novit\u00e0, le offerte e le promozioni della nostra attivit\u00e0.  <\/p><p><strong>Per quanto tempo conserveremo i tuoi dati personali?<\/strong><\/p><p>Saranno conservati per un periodo di tempo non superiore a quello necessario per mantenere lo scopo del trattamento o in presenza di requisiti legali che ne impongano la conservazione e, quando non saranno pi\u00f9 necessari per tale scopo, saranno cancellati con misure di sicurezza adeguate per garantire l&#8217;anonimizzazione dei dati o la loro totale distruzione.<\/p><p><strong>A chi forniamo i tuoi dati personali?<\/strong><\/p><p>Non \u00e8 prevista la comunicazione dei dati personali a terzi ad eccezione, se necessario per lo sviluppo e l&#8217;esecuzione delle finalit\u00e0 del trattamento, dei nostri fornitori di servizi relativi alle comunicazioni, con i quali il RESPONSABILE ha sottoscritto i contratti di riservatezza e di trattamento dei dati richiesti dalla normativa sulla privacy in vigore.<\/p><p><strong>Quali sono i tuoi diritti?<\/strong><\/p><p>I diritti dell&#8217;UTENTE sono:<\/p><p>Diritto di revocare il consenso in qualsiasi momento.<br>Diritto di accesso, rettifica, portabilit\u00e0 e cancellazione dei tuoi dati, nonch\u00e9 di limitare o opporsi al loro trattamento.<br>Diritto di proporre reclamo all&#8217;autorit\u00e0 di controllo (www.aepd.es) se ritieni che il trattamento non sia conforme alla normativa vigente.<\/p><p><strong>Contatti per l&#8217;esercizio dei tuoi diritti:<\/strong><br>TUVATEXTIL. Carretera Pl\u00e1 de Santa Mar\u00eda, s\/n &#8211; 43817 El Pont d&#8217;Armentera (Tarragona). E-mail: lopd@tuvatextil.com  <\/p><p><strong>Perch\u00e9 possiamo trattare i tuoi dati personali?<\/strong><\/p><p>Perch\u00e9 il trattamento \u00e8 legittimato dall&#8217;articolo 6 del GDPR come segue:<br>Con il consenso dell&#8217;UTENTE: invio di comunicazioni commerciali e della newsletter. Per il legittimo interesse del RESPONSABILE: per effettuare ricerche di mercato, analisi statistiche, ecc. e per elaborare ordini, richieste, ecc. su richiesta dell&#8217;UTENTE. <\/p><p>Non \u00e8 prevista la comunicazione dei dati personali a terzi ad eccezione, se necessario per lo sviluppo e l&#8217;esecuzione delle finalit\u00e0 del trattamento, dei nostri fornitori di servizi relativi alle comunicazioni, con i quali il RESPONSABILE ha sottoscritto i contratti di riservatezza e di trattamento dei dati richiesti dalla normativa sulla privacy in vigore.<\/p><p><strong>2. NATURA OBBLIGATORIA O FACOLTATIVA DELLE INFORMAZIONI FORNITE DALL&#8217;UTENTE<\/strong><\/p><p>Gli UTENTI, spuntando le caselle corrispondenti e inserendo i dati nei campi contrassegnati da un asterisco (*) nel modulo di contatto o presentati nei moduli di download, accettano espressamente e liberamente e inequivocabilmente che i loro dati sono necessari per soddisfare la loro richiesta, da parte del fornitore, essendo volontario l&#8217;inserimento dei dati nei campi rimanenti. L&#8217;UTENTE garantisce che i dati personali forniti al RESPONSABILE sono veritieri ed \u00e8 responsabile della comunicazione di eventuali modifiche agli stessi.<br>Il RESPONSABILE informa che tutti i dati richiesti attraverso il sito web sono obbligatori, in quanto necessari per la fornitura di un servizio ottimale all&#8217;UTENTE. Nel caso in cui non vengano forniti tutti i dati, non si garantisce che le informazioni e i servizi forniti siano completamente adeguati alle esigenze dell&#8217;utente.  <\/p><p><strong>3. MISURE DI SICUREZZA<\/strong><\/p><p>Che in conformit\u00e0 con le disposizioni della normativa vigente in materia di protezione dei dati personali, il RESPONSABILE rispetta tutte le disposizioni del GDPR e della normativa LOPDGDD per il trattamento dei dati personali sotto la sua responsabilit\u00e0, e manifestamente i principi descritti nell&#8217;articolo 5 del GDPR, per cui i dati sono trattati in modo lecito, equo e trasparente in relazione all&#8217;interessato e sono adeguati, pertinenti e limitati a quanto necessario in relazione alle finalit\u00e0 per cui sono trattati.<\/p><p>Il RESPONSABILE garantisce di aver implementato politiche tecniche e organizzative adeguate per applicare le misure di sicurezza stabilite dal GDPR e dal LOPDGDD al fine di proteggere i diritti e le libert\u00e0 degli UTENTI e di aver comunicato loro le informazioni appropriate affinch\u00e9 possano esercitarli.<\/p><p>Per maggiori informazioni sulle garanzie di privacy, puoi contattare il RESPONSABILE tramite TUVATEXTIL. Carretera Pl\u00e1 de Santa Mar\u00eda, s\/n &#8211; 43817 El Pont d&#8217;Armentera (Tarragona). E-mail: lopd@tuvatextil.com  <\/p>\t\t\t\t\t\t\t\t<\/div>\n\t\t\t\t\t<\/div>\n\t\t\t\t<\/div>\n\t\t\t\t<\/div>\n\t\t","protected":false},"excerpt":{"rendered":"<p>1. INFORMAZIONI SULL&#8217;UTENTE Chi \u00e8 responsabile del trattamento dei tuoi dati personali?TUVATEXTIL \u00e8 RESPONSABILE del trattamento dei dati personali dell&#8217;UTENTE e informa l&#8217;UTENTE che tali dati saranno trattati in conformit\u00e0 alle disposizioni del Regolamento (UE) 2016\/679, del 27 aprile (GDPR), e della Legge Organica 3\/2018, del 5 dicembre (LOPDGDD). Per quale motivo trattiamo i tuoi [&hellip;]<\/p>\n","protected":false},"author":1,"featured_media":0,"parent":0,"menu_order":0,"comment_status":"closed","ping_status":"closed","template":"","meta":{"_acf_changed":false,"footnotes":""},"class_list":["post-12318","page","type-page","status-publish","hentry"],"acf":[],"yoast_head":"<!-- This site is optimized with the Yoast SEO plugin v27.3 - https:\/\/yoast.com\/product\/yoast-seo-wordpress\/ -->\n<title>Informativa sulla privacy (UE) - Agora<\/title>\n<meta name=\"robots\" content=\"index, follow, max-snippet:-1, max-image-preview:large, max-video-preview:-1\" \/>\n<link rel=\"canonical\" href=\"https:\/\/agorafabrics.com\/it\/informativa-sulla-privacy-ue\/\" \/>\n<meta property=\"og:locale\" content=\"it_IT\" \/>\n<meta property=\"og:type\" content=\"article\" \/>\n<meta property=\"og:title\" content=\"Informativa sulla privacy (UE) - Agora\" \/>\n<meta property=\"og:description\" content=\"1. INFORMAZIONI SULL&#8217;UTENTE Chi \u00e8 responsabile del trattamento dei tuoi dati personali?TUVATEXTIL \u00e8 RESPONSABILE del trattamento dei dati personali dell&#8217;UTENTE e informa l&#8217;UTENTE che tali dati saranno trattati in conformit\u00e0 alle disposizioni del Regolamento (UE) 2016\/679, del 27 aprile (GDPR), e della Legge Organica 3\/2018, del 5 dicembre (LOPDGDD). Per quale motivo trattiamo i tuoi [&hellip;]\" \/>\n<meta property=\"og:url\" content=\"https:\/\/agorafabrics.com\/it\/informativa-sulla-privacy-ue\/\" \/>\n<meta property=\"og:site_name\" content=\"Agora\" \/>\n<meta property=\"article:publisher\" content=\"https:\/\/www.facebook.com\/agorafabrics\/\" \/>\n<meta property=\"article:modified_time\" content=\"2025-09-09T18:44:34+00:00\" \/>\n<meta name=\"twitter:card\" content=\"summary_large_image\" \/>\n<meta name=\"twitter:label1\" content=\"Tempo di lettura stimato\" \/>\n\t<meta name=\"twitter:data1\" content=\"4 minuti\" \/>\n<script type=\"application\/ld+json\" class=\"yoast-schema-graph\">{\"@context\":\"https:\\\/\\\/schema.org\",\"@graph\":[{\"@type\":\"WebPage\",\"@id\":\"https:\\\/\\\/agorafabrics.com\\\/it\\\/informativa-sulla-privacy-ue\\\/\",\"url\":\"https:\\\/\\\/agorafabrics.com\\\/it\\\/informativa-sulla-privacy-ue\\\/\",\"name\":\"Informativa sulla privacy (UE) - Agora\",\"isPartOf\":{\"@id\":\"https:\\\/\\\/agorafabrics.com\\\/it\\\/#website\"},\"datePublished\":\"2025-04-02T14:24:02+00:00\",\"dateModified\":\"2025-09-09T18:44:34+00:00\",\"breadcrumb\":{\"@id\":\"https:\\\/\\\/agorafabrics.com\\\/it\\\/informativa-sulla-privacy-ue\\\/#breadcrumb\"},\"inLanguage\":\"it-IT\",\"potentialAction\":[{\"@type\":\"ReadAction\",\"target\":[\"https:\\\/\\\/agorafabrics.com\\\/it\\\/informativa-sulla-privacy-ue\\\/\"]}]},{\"@type\":\"BreadcrumbList\",\"@id\":\"https:\\\/\\\/agorafabrics.com\\\/it\\\/informativa-sulla-privacy-ue\\\/#breadcrumb\",\"itemListElement\":[{\"@type\":\"ListItem\",\"position\":1,\"name\":\"Portada\",\"item\":\"https:\\\/\\\/agorafabrics.com\\\/it\\\/tessuti-da-esterno\\\/\"},{\"@type\":\"ListItem\",\"position\":2,\"name\":\"Informativa sulla privacy (UE)\"}]},{\"@type\":\"WebSite\",\"@id\":\"https:\\\/\\\/agorafabrics.com\\\/it\\\/#website\",\"url\":\"https:\\\/\\\/agorafabrics.com\\\/it\\\/\",\"name\":\"Agora\",\"description\":\"F\u00e1brica de tejidos y telas para exterior\",\"publisher\":{\"@id\":\"https:\\\/\\\/agorafabrics.com\\\/it\\\/#organization\"},\"potentialAction\":[{\"@type\":\"SearchAction\",\"target\":{\"@type\":\"EntryPoint\",\"urlTemplate\":\"https:\\\/\\\/agorafabrics.com\\\/it\\\/?s={search_term_string}\"},\"query-input\":{\"@type\":\"PropertyValueSpecification\",\"valueRequired\":true,\"valueName\":\"search_term_string\"}}],\"inLanguage\":\"it-IT\"},{\"@type\":\"Organization\",\"@id\":\"https:\\\/\\\/agorafabrics.com\\\/it\\\/#organization\",\"name\":\"Tessuti Agora\",\"url\":\"https:\\\/\\\/agorafabrics.com\\\/it\\\/\",\"logo\":{\"@type\":\"ImageObject\",\"inLanguage\":\"it-IT\",\"@id\":\"https:\\\/\\\/agorafabrics.com\\\/it\\\/#\\\/schema\\\/logo\\\/image\\\/\",\"url\":\"https:\\\/\\\/agorafabrics.com\\\/wp-content\\\/uploads\\\/2024\\\/07\\\/Agora-Logo.jpg\",\"contentUrl\":\"https:\\\/\\\/agorafabrics.com\\\/wp-content\\\/uploads\\\/2024\\\/07\\\/Agora-Logo.jpg\",\"width\":2292,\"height\":756,\"caption\":\"Tessuti Agora\"},\"image\":{\"@id\":\"https:\\\/\\\/agorafabrics.com\\\/it\\\/#\\\/schema\\\/logo\\\/image\\\/\"},\"sameAs\":[\"https:\\\/\\\/www.facebook.com\\\/agorafabrics\\\/\",\"https:\\\/\\\/www.instagram.com\\\/agorafabrics\\\/\",\"https:\\\/\\\/www.linkedin.com\\\/company\\\/tuvatextil\\\/\",\"https:\\\/\\\/vimeo.com\\\/user139090508\",\"https:\\\/\\\/www.youtube.com\\\/channel\\\/UC6iNTVqBR6UsJBzO5OZTymw\",\"https:\\\/\\\/www.pinterest.es\\\/agorafabrics\\\/\"]}]}<\/script>\n<!-- \/ Yoast SEO plugin. -->","yoast_head_json":{"title":"Informativa sulla privacy (UE) - Agora","robots":{"index":"index","follow":"follow","max-snippet":"max-snippet:-1","max-image-preview":"max-image-preview:large","max-video-preview":"max-video-preview:-1"},"canonical":"https:\/\/agorafabrics.com\/it\/informativa-sulla-privacy-ue\/","og_locale":"it_IT","og_type":"article","og_title":"Informativa sulla privacy (UE) - Agora","og_description":"1. INFORMAZIONI SULL&#8217;UTENTE Chi \u00e8 responsabile del trattamento dei tuoi dati personali?TUVATEXTIL \u00e8 RESPONSABILE del trattamento dei dati personali dell&#8217;UTENTE e informa l&#8217;UTENTE che tali dati saranno trattati in conformit\u00e0 alle disposizioni del Regolamento (UE) 2016\/679, del 27 aprile (GDPR), e della Legge Organica 3\/2018, del 5 dicembre (LOPDGDD). Per quale motivo trattiamo i tuoi [&hellip;]","og_url":"https:\/\/agorafabrics.com\/it\/informativa-sulla-privacy-ue\/","og_site_name":"Agora","article_publisher":"https:\/\/www.facebook.com\/agorafabrics\/","article_modified_time":"2025-09-09T18:44:34+00:00","twitter_card":"summary_large_image","twitter_misc":{"Tempo di lettura stimato":"4 minuti"},"schema":{"@context":"https:\/\/schema.org","@graph":[{"@type":"WebPage","@id":"https:\/\/agorafabrics.com\/it\/informativa-sulla-privacy-ue\/","url":"https:\/\/agorafabrics.com\/it\/informativa-sulla-privacy-ue\/","name":"Informativa sulla privacy (UE) - Agora","isPartOf":{"@id":"https:\/\/agorafabrics.com\/it\/#website"},"datePublished":"2025-04-02T14:24:02+00:00","dateModified":"2025-09-09T18:44:34+00:00","breadcrumb":{"@id":"https:\/\/agorafabrics.com\/it\/informativa-sulla-privacy-ue\/#breadcrumb"},"inLanguage":"it-IT","potentialAction":[{"@type":"ReadAction","target":["https:\/\/agorafabrics.com\/it\/informativa-sulla-privacy-ue\/"]}]},{"@type":"BreadcrumbList","@id":"https:\/\/agorafabrics.com\/it\/informativa-sulla-privacy-ue\/#breadcrumb","itemListElement":[{"@type":"ListItem","position":1,"name":"Portada","item":"https:\/\/agorafabrics.com\/it\/tessuti-da-esterno\/"},{"@type":"ListItem","position":2,"name":"Informativa sulla privacy (UE)"}]},{"@type":"WebSite","@id":"https:\/\/agorafabrics.com\/it\/#website","url":"https:\/\/agorafabrics.com\/it\/","name":"Agora","description":"F\u00e1brica de tejidos y telas para exterior","publisher":{"@id":"https:\/\/agorafabrics.com\/it\/#organization"},"potentialAction":[{"@type":"SearchAction","target":{"@type":"EntryPoint","urlTemplate":"https:\/\/agorafabrics.com\/it\/?s={search_term_string}"},"query-input":{"@type":"PropertyValueSpecification","valueRequired":true,"valueName":"search_term_string"}}],"inLanguage":"it-IT"},{"@type":"Organization","@id":"https:\/\/agorafabrics.com\/it\/#organization","name":"Tessuti Agora","url":"https:\/\/agorafabrics.com\/it\/","logo":{"@type":"ImageObject","inLanguage":"it-IT","@id":"https:\/\/agorafabrics.com\/it\/#\/schema\/logo\/image\/","url":"https:\/\/agorafabrics.com\/wp-content\/uploads\/2024\/07\/Agora-Logo.jpg","contentUrl":"https:\/\/agorafabrics.com\/wp-content\/uploads\/2024\/07\/Agora-Logo.jpg","width":2292,"height":756,"caption":"Tessuti Agora"},"image":{"@id":"https:\/\/agorafabrics.com\/it\/#\/schema\/logo\/image\/"},"sameAs":["https:\/\/www.facebook.com\/agorafabrics\/","https:\/\/www.instagram.com\/agorafabrics\/","https:\/\/www.linkedin.com\/company\/tuvatextil\/","https:\/\/vimeo.com\/user139090508","https:\/\/www.youtube.com\/channel\/UC6iNTVqBR6UsJBzO5OZTymw","https:\/\/www.pinterest.es\/agorafabrics\/"]}]}},"_links":{"self":[{"href":"https:\/\/agorafabrics.com\/it\/wp-json\/wp\/v2\/pages\/12318","targetHints":{"allow":["GET"]}}],"collection":[{"href":"https:\/\/agorafabrics.com\/it\/wp-json\/wp\/v2\/pages"}],"about":[{"href":"https:\/\/agorafabrics.com\/it\/wp-json\/wp\/v2\/types\/page"}],"author":[{"embeddable":true,"href":"https:\/\/agorafabrics.com\/it\/wp-json\/wp\/v2\/users\/1"}],"replies":[{"embeddable":true,"href":"https:\/\/agorafabrics.com\/it\/wp-json\/wp\/v2\/comments?post=12318"}],"version-history":[{"count":0,"href":"https:\/\/agorafabrics.com\/it\/wp-json\/wp\/v2\/pages\/12318\/revisions"}],"wp:attachment":[{"href":"https:\/\/agorafabrics.com\/it\/wp-json\/wp\/v2\/media?parent=12318"}],"curies":[{"name":"wp","href":"https:\/\/api.w.org\/{rel}","templated":true}]}}