{"id":12315,"date":"2025-04-02T16:24:02","date_gmt":"2025-04-02T14:24:02","guid":{"rendered":"https:\/\/agorafabrics.com\/accessibilita\/"},"modified":"2025-09-10T16:37:05","modified_gmt":"2025-09-10T14:37:05","slug":"accessibilita","status":"publish","type":"page","link":"https:\/\/agorafabrics.com\/it\/accessibilita\/","title":{"rendered":"Accessibilit\u00e0"},"content":{"rendered":"\t\t<div data-elementor-type=\"wp-page\" data-elementor-id=\"12315\" class=\"elementor elementor-12315 elementor-3564\" data-elementor-post-type=\"page\">\n\t\t\t\t<div class=\"elementor-element elementor-element-c1d05b2 e-flex e-con-boxed e-con e-parent\" data-id=\"c1d05b2\" data-element_type=\"container\" data-e-type=\"container\">\n\t\t\t\t\t<div class=\"e-con-inner\">\n\t\t\t\t<div class=\"elementor-element elementor-element-37c78d1 elementor-widget elementor-widget-heading\" data-id=\"37c78d1\" data-element_type=\"widget\" data-e-type=\"widget\" data-widget_type=\"heading.default\">\n\t\t\t\t\t<h1 class=\"elementor-heading-title elementor-size-default\">Accessibilit\u00e0<\/h1>\t\t\t\t<\/div>\n\t\t\t\t<div class=\"elementor-element elementor-element-6ec8e60 elementor-widget elementor-widget-text-editor\" data-id=\"6ec8e60\" data-element_type=\"widget\" data-e-type=\"widget\" data-widget_type=\"text-editor.default\">\n\t\t\t\t\t\t\t\t\t<p>TUVATEXTIL si impegna a mantenere questo sito web aggiornato e preciso. Se, nonostante tutto, dovesse riscontrare qualcosa di errato o non aggiornato, le saremmo grati se ce lo facesse sapere. La preghiamo di indicare in quale parte del sito web ha letto l&#8217;informazione. La esamineremo il prima possibile. La preghiamo di inviare la sua domanda via e-mail a: info@agorafabrics.com.    <\/p><p>Non ci assumiamo alcuna responsabilit\u00e0 per le perdite derivanti da imprecisioni o dati incompleti, n\u00e9 per le perdite derivanti da problemi causati o inerenti alla diffusione delle informazioni attraverso Internet, come interruzioni o guasti. Quando utilizziamo moduli web, ci sforziamo di ridurre al minimo il numero di campi obbligatori. TUVATEXTIL non si assume alcuna responsabilit\u00e0 per eventuali perdite subite a seguito dell&#8217;utilizzo di dati, consigli o idee forniti da TUVATEXTIL o per suo conto attraverso questo sito web.  <\/p><p>Le risposte e le domande sulla privacy inviate via e-mail o tramite un modulo web saranno trattate allo stesso modo delle lettere. Ci\u00f2 significa che pu\u00f2 aspettarsi una nostra risposta entro un massimo di 1 mese. In caso di richieste complesse, la informeremo entro 1 mese se avremo bisogno di un massimo di 3 mesi.  <\/p><p>Qualsiasi dato personale che ci fornir\u00e0 nel contesto della sua risposta o richiesta di informazioni sar\u00e0 utilizzato solo in conformit\u00e0 con la nostra dichiarazione sulla privacy.<\/p><p>TUVATEXTIL far\u00e0 ogni ragionevole sforzo per proteggere i suoi sistemi da qualsiasi forma di uso illecito. TUVATEXTIL applicher\u00e0 le misure tecniche e organizzative appropriate a tal fine, tenendo conto, tra l&#8217;altro, dello stato della tecnica. Tuttavia, non sar\u00e0 responsabile di alcun danno, diretto e\/o indiretto, subito da un utente del sito web, derivante dall&#8217;uso illecito dei suoi sistemi da parte di terzi.  <\/p><p>TUVATEXTIL non \u00e8 responsabile del contenuto delle pagine web a cui si fa riferimento tramite collegamenti ipertestuali o altri riferimenti. I prodotti o servizi offerti da terzi saranno soggetti ai termini e alle condizioni applicabili di tali terzi. <\/p><p>I nostri dipendenti faranno tutto il possibile per garantire l&#8217;accessibilit\u00e0 del nostro sito web e per migliorarlo continuamente, anche per le persone che utilizzano programmi informatici speciali a causa di una disabilit\u00e0. <\/p><p>Questo sito web \u00e8 costruito in conformit\u00e0 con le linee guida di livello AA WCAG 2.1. Queste linee guida sono accordi riconosciuti a livello internazionale sull&#8217;accessibilit\u00e0, la sostenibilit\u00e0, l&#8217;intercambiabilit\u00e0 e la facilit\u00e0 di ricerca dei siti web. <\/p><p>Tutti i diritti di propriet\u00e0 intellettuale sul contenuto di questo sito web appartengono a TUVATEXTIL.<\/p><p>La copia, la diffusione e qualsiasi altro uso di questi materiali non sono consentiti senza il permesso scritto di TUVATEXTIL, eccetto e solo nella misura in cui sia diversamente stabilito nei regolamenti della legge obbligatoria (come il diritto di citazione), a meno che il contenuto specifico non disponga diversamente.<\/p><p>Se ha domande o problemi con l&#8217;accessibilit\u00e0 del sito web, non esiti a contattarci.<\/p>\t\t\t\t\t\t\t\t<\/div>\n\t\t\t\t\t<\/div>\n\t\t\t\t<\/div>\n\t\t\t\t<\/div>\n\t\t","protected":false},"excerpt":{"rendered":"<p>TUVATEXTIL si impegna a mantenere questo sito web aggiornato e preciso. Se, nonostante tutto, dovesse riscontrare qualcosa di errato o non aggiornato, le saremmo grati se ce lo facesse sapere. La preghiamo di indicare in quale parte del sito web ha letto l&#8217;informazione. La esamineremo il prima possibile. La preghiamo di inviare la sua domanda [&hellip;]<\/p>\n","protected":false},"author":1,"featured_media":0,"parent":0,"menu_order":0,"comment_status":"closed","ping_status":"closed","template":"","meta":{"_acf_changed":false,"footnotes":""},"class_list":["post-12315","page","type-page","status-publish","hentry"],"acf":[],"yoast_head":"<!-- This site is optimized with the Yoast SEO plugin v27.3 - https:\/\/yoast.com\/product\/yoast-seo-wordpress\/ -->\n<title>Accessibilit\u00e0 - Agora<\/title>\n<meta name=\"robots\" content=\"index, follow, max-snippet:-1, max-image-preview:large, max-video-preview:-1\" \/>\n<link rel=\"canonical\" href=\"https:\/\/agorafabrics.com\/it\/accessibilita\/\" \/>\n<meta property=\"og:locale\" content=\"it_IT\" \/>\n<meta property=\"og:type\" content=\"article\" \/>\n<meta property=\"og:title\" content=\"Accessibilit\u00e0 - Agora\" \/>\n<meta property=\"og:description\" content=\"TUVATEXTIL si impegna a mantenere questo sito web aggiornato e preciso. Se, nonostante tutto, dovesse riscontrare qualcosa di errato o non aggiornato, le saremmo grati se ce lo facesse sapere. La preghiamo di indicare in quale parte del sito web ha letto l&#8217;informazione. La esamineremo il prima possibile. La preghiamo di inviare la sua domanda [&hellip;]\" \/>\n<meta property=\"og:url\" content=\"https:\/\/agorafabrics.com\/it\/accessibilita\/\" \/>\n<meta property=\"og:site_name\" content=\"Agora\" \/>\n<meta property=\"article:publisher\" content=\"https:\/\/www.facebook.com\/agorafabrics\/\" \/>\n<meta property=\"article:modified_time\" content=\"2025-09-10T14:37:05+00:00\" \/>\n<meta name=\"twitter:card\" content=\"summary_large_image\" \/>\n<meta name=\"twitter:label1\" content=\"Tempo di lettura stimato\" \/>\n\t<meta name=\"twitter:data1\" content=\"2 minuti\" \/>\n<script type=\"application\/ld+json\" class=\"yoast-schema-graph\">{\"@context\":\"https:\\\/\\\/schema.org\",\"@graph\":[{\"@type\":\"WebPage\",\"@id\":\"https:\\\/\\\/agorafabrics.com\\\/it\\\/accessibilita\\\/\",\"url\":\"https:\\\/\\\/agorafabrics.com\\\/it\\\/accessibilita\\\/\",\"name\":\"Accessibilit\u00e0 - Agora\",\"isPartOf\":{\"@id\":\"https:\\\/\\\/agorafabrics.com\\\/it\\\/#website\"},\"datePublished\":\"2025-04-02T14:24:02+00:00\",\"dateModified\":\"2025-09-10T14:37:05+00:00\",\"breadcrumb\":{\"@id\":\"https:\\\/\\\/agorafabrics.com\\\/it\\\/accessibilita\\\/#breadcrumb\"},\"inLanguage\":\"it-IT\",\"potentialAction\":[{\"@type\":\"ReadAction\",\"target\":[\"https:\\\/\\\/agorafabrics.com\\\/it\\\/accessibilita\\\/\"]}]},{\"@type\":\"BreadcrumbList\",\"@id\":\"https:\\\/\\\/agorafabrics.com\\\/it\\\/accessibilita\\\/#breadcrumb\",\"itemListElement\":[{\"@type\":\"ListItem\",\"position\":1,\"name\":\"Portada\",\"item\":\"https:\\\/\\\/agorafabrics.com\\\/it\\\/tessuti-da-esterno\\\/\"},{\"@type\":\"ListItem\",\"position\":2,\"name\":\"Accessibilit\u00e0\"}]},{\"@type\":\"WebSite\",\"@id\":\"https:\\\/\\\/agorafabrics.com\\\/it\\\/#website\",\"url\":\"https:\\\/\\\/agorafabrics.com\\\/it\\\/\",\"name\":\"Agora\",\"description\":\"F\u00e1brica de tejidos y telas para exterior\",\"publisher\":{\"@id\":\"https:\\\/\\\/agorafabrics.com\\\/it\\\/#organization\"},\"potentialAction\":[{\"@type\":\"SearchAction\",\"target\":{\"@type\":\"EntryPoint\",\"urlTemplate\":\"https:\\\/\\\/agorafabrics.com\\\/it\\\/?s={search_term_string}\"},\"query-input\":{\"@type\":\"PropertyValueSpecification\",\"valueRequired\":true,\"valueName\":\"search_term_string\"}}],\"inLanguage\":\"it-IT\"},{\"@type\":\"Organization\",\"@id\":\"https:\\\/\\\/agorafabrics.com\\\/it\\\/#organization\",\"name\":\"Tessuti Agora\",\"url\":\"https:\\\/\\\/agorafabrics.com\\\/it\\\/\",\"logo\":{\"@type\":\"ImageObject\",\"inLanguage\":\"it-IT\",\"@id\":\"https:\\\/\\\/agorafabrics.com\\\/it\\\/#\\\/schema\\\/logo\\\/image\\\/\",\"url\":\"https:\\\/\\\/agorafabrics.com\\\/wp-content\\\/uploads\\\/2024\\\/07\\\/Agora-Logo.jpg\",\"contentUrl\":\"https:\\\/\\\/agorafabrics.com\\\/wp-content\\\/uploads\\\/2024\\\/07\\\/Agora-Logo.jpg\",\"width\":2292,\"height\":756,\"caption\":\"Tessuti Agora\"},\"image\":{\"@id\":\"https:\\\/\\\/agorafabrics.com\\\/it\\\/#\\\/schema\\\/logo\\\/image\\\/\"},\"sameAs\":[\"https:\\\/\\\/www.facebook.com\\\/agorafabrics\\\/\",\"https:\\\/\\\/www.instagram.com\\\/agorafabrics\\\/\",\"https:\\\/\\\/www.linkedin.com\\\/company\\\/tuvatextil\\\/\",\"https:\\\/\\\/vimeo.com\\\/user139090508\",\"https:\\\/\\\/www.youtube.com\\\/channel\\\/UC6iNTVqBR6UsJBzO5OZTymw\",\"https:\\\/\\\/www.pinterest.es\\\/agorafabrics\\\/\"]}]}<\/script>\n<!-- \/ Yoast SEO plugin. -->","yoast_head_json":{"title":"Accessibilit\u00e0 - Agora","robots":{"index":"index","follow":"follow","max-snippet":"max-snippet:-1","max-image-preview":"max-image-preview:large","max-video-preview":"max-video-preview:-1"},"canonical":"https:\/\/agorafabrics.com\/it\/accessibilita\/","og_locale":"it_IT","og_type":"article","og_title":"Accessibilit\u00e0 - Agora","og_description":"TUVATEXTIL si impegna a mantenere questo sito web aggiornato e preciso. Se, nonostante tutto, dovesse riscontrare qualcosa di errato o non aggiornato, le saremmo grati se ce lo facesse sapere. La preghiamo di indicare in quale parte del sito web ha letto l&#8217;informazione. La esamineremo il prima possibile. La preghiamo di inviare la sua domanda [&hellip;]","og_url":"https:\/\/agorafabrics.com\/it\/accessibilita\/","og_site_name":"Agora","article_publisher":"https:\/\/www.facebook.com\/agorafabrics\/","article_modified_time":"2025-09-10T14:37:05+00:00","twitter_card":"summary_large_image","twitter_misc":{"Tempo di lettura stimato":"2 minuti"},"schema":{"@context":"https:\/\/schema.org","@graph":[{"@type":"WebPage","@id":"https:\/\/agorafabrics.com\/it\/accessibilita\/","url":"https:\/\/agorafabrics.com\/it\/accessibilita\/","name":"Accessibilit\u00e0 - Agora","isPartOf":{"@id":"https:\/\/agorafabrics.com\/it\/#website"},"datePublished":"2025-04-02T14:24:02+00:00","dateModified":"2025-09-10T14:37:05+00:00","breadcrumb":{"@id":"https:\/\/agorafabrics.com\/it\/accessibilita\/#breadcrumb"},"inLanguage":"it-IT","potentialAction":[{"@type":"ReadAction","target":["https:\/\/agorafabrics.com\/it\/accessibilita\/"]}]},{"@type":"BreadcrumbList","@id":"https:\/\/agorafabrics.com\/it\/accessibilita\/#breadcrumb","itemListElement":[{"@type":"ListItem","position":1,"name":"Portada","item":"https:\/\/agorafabrics.com\/it\/tessuti-da-esterno\/"},{"@type":"ListItem","position":2,"name":"Accessibilit\u00e0"}]},{"@type":"WebSite","@id":"https:\/\/agorafabrics.com\/it\/#website","url":"https:\/\/agorafabrics.com\/it\/","name":"Agora","description":"F\u00e1brica de tejidos y telas para exterior","publisher":{"@id":"https:\/\/agorafabrics.com\/it\/#organization"},"potentialAction":[{"@type":"SearchAction","target":{"@type":"EntryPoint","urlTemplate":"https:\/\/agorafabrics.com\/it\/?s={search_term_string}"},"query-input":{"@type":"PropertyValueSpecification","valueRequired":true,"valueName":"search_term_string"}}],"inLanguage":"it-IT"},{"@type":"Organization","@id":"https:\/\/agorafabrics.com\/it\/#organization","name":"Tessuti Agora","url":"https:\/\/agorafabrics.com\/it\/","logo":{"@type":"ImageObject","inLanguage":"it-IT","@id":"https:\/\/agorafabrics.com\/it\/#\/schema\/logo\/image\/","url":"https:\/\/agorafabrics.com\/wp-content\/uploads\/2024\/07\/Agora-Logo.jpg","contentUrl":"https:\/\/agorafabrics.com\/wp-content\/uploads\/2024\/07\/Agora-Logo.jpg","width":2292,"height":756,"caption":"Tessuti Agora"},"image":{"@id":"https:\/\/agorafabrics.com\/it\/#\/schema\/logo\/image\/"},"sameAs":["https:\/\/www.facebook.com\/agorafabrics\/","https:\/\/www.instagram.com\/agorafabrics\/","https:\/\/www.linkedin.com\/company\/tuvatextil\/","https:\/\/vimeo.com\/user139090508","https:\/\/www.youtube.com\/channel\/UC6iNTVqBR6UsJBzO5OZTymw","https:\/\/www.pinterest.es\/agorafabrics\/"]}]}},"_links":{"self":[{"href":"https:\/\/agorafabrics.com\/it\/wp-json\/wp\/v2\/pages\/12315","targetHints":{"allow":["GET"]}}],"collection":[{"href":"https:\/\/agorafabrics.com\/it\/wp-json\/wp\/v2\/pages"}],"about":[{"href":"https:\/\/agorafabrics.com\/it\/wp-json\/wp\/v2\/types\/page"}],"author":[{"embeddable":true,"href":"https:\/\/agorafabrics.com\/it\/wp-json\/wp\/v2\/users\/1"}],"replies":[{"embeddable":true,"href":"https:\/\/agorafabrics.com\/it\/wp-json\/wp\/v2\/comments?post=12315"}],"version-history":[{"count":0,"href":"https:\/\/agorafabrics.com\/it\/wp-json\/wp\/v2\/pages\/12315\/revisions"}],"wp:attachment":[{"href":"https:\/\/agorafabrics.com\/it\/wp-json\/wp\/v2\/media?parent=12315"}],"curies":[{"name":"wp","href":"https:\/\/api.w.org\/{rel}","templated":true}]}}