{"id":26511,"date":"2025-09-30T15:30:40","date_gmt":"2025-09-30T13:30:40","guid":{"rendered":"https:\/\/agorafabrics.com\/tejidos\/silmare\/"},"modified":"2026-03-05T12:57:40","modified_gmt":"2026-03-05T11:57:40","slug":"silmare","status":"publish","type":"product","link":"https:\/\/agorafabrics.com\/fr\/tissus\/silmare\/","title":{"rendered":"Silmare"},"content":{"rendered":"<p>Silmare repr\u00e9sente une \u00e9volution au sein de la ligne Agora PRO, associant des performances techniques avanc\u00e9es \u00e0 une esth\u00e9tique raffin\u00e9e. Con\u00e7u pour les ext\u00e9rieurs exigeants et avec une palette inspir\u00e9e des cuirs tann\u00e9s traditionnels, il offre une finition \u00e9l\u00e9gante et haut de gamme, qui le diff\u00e9rencie des aspects plus synth\u00e9tiques. <\/p>\n","protected":false},"excerpt":{"rendered":"<p>Silmare repr\u00e9sente une \u00e9volution au sein de la ligne Agora PRO, associant des performances techniques avanc\u00e9es \u00e0 une esth\u00e9tique raffin\u00e9e. Con\u00e7u pour les ext\u00e9rieurs exigeants et avec une palette inspir\u00e9e des cuirs tann\u00e9s traditionnels, il offre une finition \u00e9l\u00e9gante et haut de gamme, qui le diff\u00e9rencie des aspects plus synth\u00e9tiques.<\/p>\n","protected":false},"featured_media":26538,"template":"","meta":{"_acf_changed":false},"ancho":[],"coleccion":[1174],"estilo":[978],"linea":[1064],"product_cat":[1066],"product_tag":[999],"class_list":{"0":"post-26511","1":"product","2":"type-product","3":"status-publish","4":"has-post-thumbnail","6":"coleccion-seatech","7":"estilo-lisse","8":"linea-agora-pro","9":"product_cat-agora-pro","10":"product_tag-100-acrylique-teint-dans-la-masse","12":"first","13":"instock","14":"shipping-taxable","15":"product-type-variable","16":"has-default-attributes","17":"wvs-archive-product-wrapper"},"acf":[],"yoast_head":"<!-- This site is optimized with the Yoast SEO plugin v27.4 - https:\/\/yoast.com\/product\/yoast-seo-wordpress\/ -->\n<title>Silmare - Agora<\/title>\n<meta name=\"robots\" content=\"index, follow, max-snippet:-1, max-image-preview:large, max-video-preview:-1\" \/>\n<link rel=\"canonical\" href=\"https:\/\/agorafabrics.com\/fr\/tissus\/silmare\/\" \/>\n<meta property=\"og:locale\" content=\"fr_FR\" \/>\n<meta property=\"og:type\" content=\"article\" \/>\n<meta property=\"og:title\" content=\"Silmare - Agora\" \/>\n<meta property=\"og:description\" content=\"Silmare repr\u00e9sente une \u00e9volution au sein de la ligne Agora PRO, associant des performances techniques avanc\u00e9es \u00e0 une esth\u00e9tique raffin\u00e9e. Con\u00e7u pour les ext\u00e9rieurs exigeants et avec une palette inspir\u00e9e des cuirs tann\u00e9s traditionnels, il offre une finition \u00e9l\u00e9gante et haut de gamme, qui le diff\u00e9rencie des aspects plus synth\u00e9tiques.\" \/>\n<meta property=\"og:url\" content=\"https:\/\/agorafabrics.com\/fr\/tissus\/silmare\/\" \/>\n<meta property=\"og:site_name\" content=\"Agora\" \/>\n<meta property=\"article:publisher\" content=\"https:\/\/www.facebook.com\/agorafabrics\/\" \/>\n<meta property=\"article:modified_time\" content=\"2026-03-05T11:57:40+00:00\" \/>\n<meta property=\"og:image\" content=\"https:\/\/agorafabrics.com\/wp-content\/uploads\/2025\/09\/20892_AG_SILMARE_STONE.jpg\" \/>\n\t<meta property=\"og:image:width\" content=\"800\" \/>\n\t<meta property=\"og:image:height\" content=\"800\" \/>\n\t<meta property=\"og:image:type\" content=\"image\/jpeg\" \/>\n<meta name=\"twitter:card\" content=\"summary_large_image\" \/>\n<script type=\"application\/ld+json\" class=\"yoast-schema-graph\">{\"@context\":\"https:\\\/\\\/schema.org\",\"@graph\":[{\"@type\":\"WebPage\",\"@id\":\"https:\\\/\\\/agorafabrics.com\\\/fr\\\/tissus\\\/silmare\\\/\",\"url\":\"https:\\\/\\\/agorafabrics.com\\\/fr\\\/tissus\\\/silmare\\\/\",\"name\":\"Silmare - Agora\",\"isPartOf\":{\"@id\":\"https:\\\/\\\/agorafabrics.com\\\/fr\\\/#website\"},\"primaryImageOfPage\":{\"@id\":\"https:\\\/\\\/agorafabrics.com\\\/fr\\\/tissus\\\/silmare\\\/#primaryimage\"},\"image\":{\"@id\":\"https:\\\/\\\/agorafabrics.com\\\/fr\\\/tissus\\\/silmare\\\/#primaryimage\"},\"thumbnailUrl\":\"https:\\\/\\\/agorafabrics.com\\\/wp-content\\\/uploads\\\/2025\\\/09\\\/20892_AG_SILMARE_STONE.jpg\",\"datePublished\":\"2025-09-30T13:30:40+00:00\",\"dateModified\":\"2026-03-05T11:57:40+00:00\",\"breadcrumb\":{\"@id\":\"https:\\\/\\\/agorafabrics.com\\\/fr\\\/tissus\\\/silmare\\\/#breadcrumb\"},\"inLanguage\":\"fr-FR\",\"potentialAction\":[{\"@type\":\"ReadAction\",\"target\":[\"https:\\\/\\\/agorafabrics.com\\\/fr\\\/tissus\\\/silmare\\\/\"]}]},{\"@type\":\"ImageObject\",\"inLanguage\":\"fr-FR\",\"@id\":\"https:\\\/\\\/agorafabrics.com\\\/fr\\\/tissus\\\/silmare\\\/#primaryimage\",\"url\":\"https:\\\/\\\/agorafabrics.com\\\/wp-content\\\/uploads\\\/2025\\\/09\\\/20892_AG_SILMARE_STONE.jpg\",\"contentUrl\":\"https:\\\/\\\/agorafabrics.com\\\/wp-content\\\/uploads\\\/2025\\\/09\\\/20892_AG_SILMARE_STONE.jpg\",\"width\":800,\"height\":800},{\"@type\":\"BreadcrumbList\",\"@id\":\"https:\\\/\\\/agorafabrics.com\\\/fr\\\/tissus\\\/silmare\\\/#breadcrumb\",\"itemListElement\":[{\"@type\":\"ListItem\",\"position\":1,\"name\":\"Portada\",\"item\":\"https:\\\/\\\/agorafabrics.com\\\/fr\\\/accueil\\\/\"},{\"@type\":\"ListItem\",\"position\":2,\"name\":\"Trouvez votre tissu\",\"item\":\"https:\\\/\\\/agorafabrics.com\\\/fr\\\/trouvez-votre-tissu\\\/\"},{\"@type\":\"ListItem\",\"position\":3,\"name\":\"Silmare\"}]},{\"@type\":\"WebSite\",\"@id\":\"https:\\\/\\\/agorafabrics.com\\\/fr\\\/#website\",\"url\":\"https:\\\/\\\/agorafabrics.com\\\/fr\\\/\",\"name\":\"Agora\",\"description\":\"F\u00e1brica de tejidos y telas para exterior\",\"publisher\":{\"@id\":\"https:\\\/\\\/agorafabrics.com\\\/fr\\\/#organization\"},\"potentialAction\":[{\"@type\":\"SearchAction\",\"target\":{\"@type\":\"EntryPoint\",\"urlTemplate\":\"https:\\\/\\\/agorafabrics.com\\\/fr\\\/?s={search_term_string}\"},\"query-input\":{\"@type\":\"PropertyValueSpecification\",\"valueRequired\":true,\"valueName\":\"search_term_string\"}}],\"inLanguage\":\"fr-FR\"},{\"@type\":\"Organization\",\"@id\":\"https:\\\/\\\/agorafabrics.com\\\/fr\\\/#organization\",\"name\":\"Tissus Agora\",\"url\":\"https:\\\/\\\/agorafabrics.com\\\/fr\\\/\",\"logo\":{\"@type\":\"ImageObject\",\"inLanguage\":\"fr-FR\",\"@id\":\"https:\\\/\\\/agorafabrics.com\\\/fr\\\/#\\\/schema\\\/logo\\\/image\\\/\",\"url\":\"https:\\\/\\\/agorafabrics.com\\\/wp-content\\\/uploads\\\/2024\\\/07\\\/Agora-Logo.jpg\",\"contentUrl\":\"https:\\\/\\\/agorafabrics.com\\\/wp-content\\\/uploads\\\/2024\\\/07\\\/Agora-Logo.jpg\",\"width\":2292,\"height\":756,\"caption\":\"Tissus Agora\"},\"image\":{\"@id\":\"https:\\\/\\\/agorafabrics.com\\\/fr\\\/#\\\/schema\\\/logo\\\/image\\\/\"},\"sameAs\":[\"https:\\\/\\\/www.facebook.com\\\/agorafabrics\\\/\",\"https:\\\/\\\/www.instagram.com\\\/agorafabrics\\\/\",\"https:\\\/\\\/www.linkedin.com\\\/company\\\/tuvatextil\\\/\",\"https:\\\/\\\/vimeo.com\\\/user139090508\",\"https:\\\/\\\/www.youtube.com\\\/channel\\\/UC6iNTVqBR6UsJBzO5OZTymw\",\"https:\\\/\\\/www.pinterest.es\\\/agorafabrics\\\/\"]}]}<\/script>\n<!-- \/ Yoast SEO plugin. -->","yoast_head_json":{"title":"Silmare - Agora","robots":{"index":"index","follow":"follow","max-snippet":"max-snippet:-1","max-image-preview":"max-image-preview:large","max-video-preview":"max-video-preview:-1"},"canonical":"https:\/\/agorafabrics.com\/fr\/tissus\/silmare\/","og_locale":"fr_FR","og_type":"article","og_title":"Silmare - Agora","og_description":"Silmare repr\u00e9sente une \u00e9volution au sein de la ligne Agora PRO, associant des performances techniques avanc\u00e9es \u00e0 une esth\u00e9tique raffin\u00e9e. Con\u00e7u pour les ext\u00e9rieurs exigeants et avec une palette inspir\u00e9e des cuirs tann\u00e9s traditionnels, il offre une finition \u00e9l\u00e9gante et haut de gamme, qui le diff\u00e9rencie des aspects plus synth\u00e9tiques.","og_url":"https:\/\/agorafabrics.com\/fr\/tissus\/silmare\/","og_site_name":"Agora","article_publisher":"https:\/\/www.facebook.com\/agorafabrics\/","article_modified_time":"2026-03-05T11:57:40+00:00","og_image":[{"width":800,"height":800,"url":"https:\/\/agorafabrics.com\/wp-content\/uploads\/2025\/09\/20892_AG_SILMARE_STONE.jpg","type":"image\/jpeg"}],"twitter_card":"summary_large_image","schema":{"@context":"https:\/\/schema.org","@graph":[{"@type":"WebPage","@id":"https:\/\/agorafabrics.com\/fr\/tissus\/silmare\/","url":"https:\/\/agorafabrics.com\/fr\/tissus\/silmare\/","name":"Silmare - Agora","isPartOf":{"@id":"https:\/\/agorafabrics.com\/fr\/#website"},"primaryImageOfPage":{"@id":"https:\/\/agorafabrics.com\/fr\/tissus\/silmare\/#primaryimage"},"image":{"@id":"https:\/\/agorafabrics.com\/fr\/tissus\/silmare\/#primaryimage"},"thumbnailUrl":"https:\/\/agorafabrics.com\/wp-content\/uploads\/2025\/09\/20892_AG_SILMARE_STONE.jpg","datePublished":"2025-09-30T13:30:40+00:00","dateModified":"2026-03-05T11:57:40+00:00","breadcrumb":{"@id":"https:\/\/agorafabrics.com\/fr\/tissus\/silmare\/#breadcrumb"},"inLanguage":"fr-FR","potentialAction":[{"@type":"ReadAction","target":["https:\/\/agorafabrics.com\/fr\/tissus\/silmare\/"]}]},{"@type":"ImageObject","inLanguage":"fr-FR","@id":"https:\/\/agorafabrics.com\/fr\/tissus\/silmare\/#primaryimage","url":"https:\/\/agorafabrics.com\/wp-content\/uploads\/2025\/09\/20892_AG_SILMARE_STONE.jpg","contentUrl":"https:\/\/agorafabrics.com\/wp-content\/uploads\/2025\/09\/20892_AG_SILMARE_STONE.jpg","width":800,"height":800},{"@type":"BreadcrumbList","@id":"https:\/\/agorafabrics.com\/fr\/tissus\/silmare\/#breadcrumb","itemListElement":[{"@type":"ListItem","position":1,"name":"Portada","item":"https:\/\/agorafabrics.com\/fr\/accueil\/"},{"@type":"ListItem","position":2,"name":"Trouvez votre tissu","item":"https:\/\/agorafabrics.com\/fr\/trouvez-votre-tissu\/"},{"@type":"ListItem","position":3,"name":"Silmare"}]},{"@type":"WebSite","@id":"https:\/\/agorafabrics.com\/fr\/#website","url":"https:\/\/agorafabrics.com\/fr\/","name":"Agora","description":"F\u00e1brica de tejidos y telas para exterior","publisher":{"@id":"https:\/\/agorafabrics.com\/fr\/#organization"},"potentialAction":[{"@type":"SearchAction","target":{"@type":"EntryPoint","urlTemplate":"https:\/\/agorafabrics.com\/fr\/?s={search_term_string}"},"query-input":{"@type":"PropertyValueSpecification","valueRequired":true,"valueName":"search_term_string"}}],"inLanguage":"fr-FR"},{"@type":"Organization","@id":"https:\/\/agorafabrics.com\/fr\/#organization","name":"Tissus Agora","url":"https:\/\/agorafabrics.com\/fr\/","logo":{"@type":"ImageObject","inLanguage":"fr-FR","@id":"https:\/\/agorafabrics.com\/fr\/#\/schema\/logo\/image\/","url":"https:\/\/agorafabrics.com\/wp-content\/uploads\/2024\/07\/Agora-Logo.jpg","contentUrl":"https:\/\/agorafabrics.com\/wp-content\/uploads\/2024\/07\/Agora-Logo.jpg","width":2292,"height":756,"caption":"Tissus Agora"},"image":{"@id":"https:\/\/agorafabrics.com\/fr\/#\/schema\/logo\/image\/"},"sameAs":["https:\/\/www.facebook.com\/agorafabrics\/","https:\/\/www.instagram.com\/agorafabrics\/","https:\/\/www.linkedin.com\/company\/tuvatextil\/","https:\/\/vimeo.com\/user139090508","https:\/\/www.youtube.com\/channel\/UC6iNTVqBR6UsJBzO5OZTymw","https:\/\/www.pinterest.es\/agorafabrics\/"]}]}},"_links":{"self":[{"href":"https:\/\/agorafabrics.com\/fr\/wp-json\/wp\/v2\/product\/26511","targetHints":{"allow":["GET"]}}],"collection":[{"href":"https:\/\/agorafabrics.com\/fr\/wp-json\/wp\/v2\/product"}],"about":[{"href":"https:\/\/agorafabrics.com\/fr\/wp-json\/wp\/v2\/types\/product"}],"wp:featuredmedia":[{"embeddable":true,"href":"https:\/\/agorafabrics.com\/fr\/wp-json\/wp\/v2\/media\/26538"}],"wp:attachment":[{"href":"https:\/\/agorafabrics.com\/fr\/wp-json\/wp\/v2\/media?parent=26511"}],"wp:term":[{"taxonomy":"ancho","embeddable":true,"href":"https:\/\/agorafabrics.com\/fr\/wp-json\/wp\/v2\/ancho?post=26511"},{"taxonomy":"coleccion","embeddable":true,"href":"https:\/\/agorafabrics.com\/fr\/wp-json\/wp\/v2\/coleccion?post=26511"},{"taxonomy":"estilo","embeddable":true,"href":"https:\/\/agorafabrics.com\/fr\/wp-json\/wp\/v2\/estilo?post=26511"},{"taxonomy":"linea","embeddable":true,"href":"https:\/\/agorafabrics.com\/fr\/wp-json\/wp\/v2\/linea?post=26511"},{"taxonomy":"product_cat","embeddable":true,"href":"https:\/\/agorafabrics.com\/fr\/wp-json\/wp\/v2\/product_cat?post=26511"},{"taxonomy":"product_tag","embeddable":true,"href":"https:\/\/agorafabrics.com\/fr\/wp-json\/wp\/v2\/product_tag?post=26511"}],"curies":[{"name":"wp","href":"https:\/\/api.w.org\/{rel}","templated":true}]}}