{"id":25338,"date":"2024-09-23T15:37:56","date_gmt":"2024-09-23T15:37:56","guid":{"rendered":"https:\/\/agorafabrics.com\/tejidos\/lignes\/"},"modified":"2026-04-16T14:00:40","modified_gmt":"2026-04-16T12:00:40","slug":"lignes","status":"publish","type":"product","link":"https:\/\/agorafabrics.com\/fr\/tissus\/lignes\/","title":{"rendered":"Lines"},"content":{"rendered":"<p>Une version moderne de la rayure de jardin, qui continue \u00e0 faire son chemin avec ses nouvelles couleurs d&rsquo;inspiration vintage, Agora\u00ae Lines \u00e9voque le charme serein des jours de plage m\u00e9diterran\u00e9enne et la chaleur des souvenirs intimes. Id\u00e9al pour ajouter une \u00e9l\u00e9gance r\u00e9tro \u00e0 tout espace ext\u00e9rieur. <\/p>\n","protected":false},"excerpt":{"rendered":"<p>Une version moderne de la rayure de jardin, qui continue \u00e0 faire son chemin avec ses nouvelles couleurs d&rsquo;inspiration vintage, Agora\u00ae Lines \u00e9voque le charme serein des jours de plage m\u00e9diterran\u00e9enne et la chaleur des souvenirs intimes. Id\u00e9al pour ajouter une \u00e9l\u00e9gance r\u00e9tro \u00e0 tout espace ext\u00e9rieur.<\/p>\n","protected":false},"featured_media":25380,"template":"","meta":{"_acf_changed":false},"ancho":[1000],"coleccion":[1001],"estilo":[978,1002],"linea":[980],"product_cat":[1009],"product_tag":[999],"class_list":{"0":"post-25338","1":"product","2":"type-product","3":"status-publish","4":"has-post-thumbnail","6":"ancho-160-cm","7":"coleccion-stripes-fr","8":"estilo-lisse","9":"estilo-rayure","10":"linea-agora","11":"product_cat-modeles-agora","12":"product_tag-100-acrylique-teint-dans-la-masse","14":"first","15":"instock","16":"product-type-variable","17":"has-default-attributes","18":"wvs-archive-product-wrapper"},"acf":[],"yoast_head":"<!-- This site is optimized with the Yoast SEO plugin v27.4 - https:\/\/yoast.com\/product\/yoast-seo-wordpress\/ -->\n<title>Lines - Agora<\/title>\n<meta name=\"robots\" content=\"index, follow, max-snippet:-1, max-image-preview:large, max-video-preview:-1\" \/>\n<link rel=\"canonical\" href=\"https:\/\/agorafabrics.com\/fr\/tissus\/lignes\/\" \/>\n<meta property=\"og:locale\" content=\"fr_FR\" \/>\n<meta property=\"og:type\" content=\"article\" \/>\n<meta property=\"og:title\" content=\"Lines - Agora\" \/>\n<meta property=\"og:description\" content=\"Une version moderne de la rayure de jardin, qui continue \u00e0 faire son chemin avec ses nouvelles couleurs d&rsquo;inspiration vintage, Agora\u00ae Lines \u00e9voque le charme serein des jours de plage m\u00e9diterran\u00e9enne et la chaleur des souvenirs intimes. Id\u00e9al pour ajouter une \u00e9l\u00e9gance r\u00e9tro \u00e0 tout espace ext\u00e9rieur.\" \/>\n<meta property=\"og:url\" content=\"https:\/\/agorafabrics.com\/fr\/tissus\/lignes\/\" \/>\n<meta property=\"og:site_name\" content=\"Agora\" \/>\n<meta property=\"article:publisher\" content=\"https:\/\/www.facebook.com\/agorafabrics\/\" \/>\n<meta property=\"article:modified_time\" content=\"2026-04-16T12:00:40+00:00\" \/>\n<meta property=\"og:image\" content=\"https:\/\/agorafabrics.com\/wp-content\/uploads\/2024\/10\/20268_AG_LINES_GARNET-D-web.jpg\" \/>\n\t<meta property=\"og:image:width\" content=\"800\" \/>\n\t<meta property=\"og:image:height\" content=\"800\" \/>\n\t<meta property=\"og:image:type\" content=\"image\/jpeg\" \/>\n<meta name=\"twitter:card\" content=\"summary_large_image\" \/>\n<script type=\"application\/ld+json\" class=\"yoast-schema-graph\">{\"@context\":\"https:\\\/\\\/schema.org\",\"@graph\":[{\"@type\":\"WebPage\",\"@id\":\"https:\\\/\\\/agorafabrics.com\\\/fr\\\/tissus\\\/lignes\\\/\",\"url\":\"https:\\\/\\\/agorafabrics.com\\\/fr\\\/tissus\\\/lignes\\\/\",\"name\":\"Lines - Agora\",\"isPartOf\":{\"@id\":\"https:\\\/\\\/agorafabrics.com\\\/fr\\\/#website\"},\"primaryImageOfPage\":{\"@id\":\"https:\\\/\\\/agorafabrics.com\\\/fr\\\/tissus\\\/lignes\\\/#primaryimage\"},\"image\":{\"@id\":\"https:\\\/\\\/agorafabrics.com\\\/fr\\\/tissus\\\/lignes\\\/#primaryimage\"},\"thumbnailUrl\":\"https:\\\/\\\/agorafabrics.com\\\/wp-content\\\/uploads\\\/2024\\\/10\\\/20268_AG_LINES_GARNET-D-web.jpg\",\"datePublished\":\"2024-09-23T15:37:56+00:00\",\"dateModified\":\"2026-04-16T12:00:40+00:00\",\"breadcrumb\":{\"@id\":\"https:\\\/\\\/agorafabrics.com\\\/fr\\\/tissus\\\/lignes\\\/#breadcrumb\"},\"inLanguage\":\"fr-FR\",\"potentialAction\":[{\"@type\":\"ReadAction\",\"target\":[\"https:\\\/\\\/agorafabrics.com\\\/fr\\\/tissus\\\/lignes\\\/\"]}]},{\"@type\":\"ImageObject\",\"inLanguage\":\"fr-FR\",\"@id\":\"https:\\\/\\\/agorafabrics.com\\\/fr\\\/tissus\\\/lignes\\\/#primaryimage\",\"url\":\"https:\\\/\\\/agorafabrics.com\\\/wp-content\\\/uploads\\\/2024\\\/10\\\/20268_AG_LINES_GARNET-D-web.jpg\",\"contentUrl\":\"https:\\\/\\\/agorafabrics.com\\\/wp-content\\\/uploads\\\/2024\\\/10\\\/20268_AG_LINES_GARNET-D-web.jpg\",\"width\":800,\"height\":800},{\"@type\":\"BreadcrumbList\",\"@id\":\"https:\\\/\\\/agorafabrics.com\\\/fr\\\/tissus\\\/lignes\\\/#breadcrumb\",\"itemListElement\":[{\"@type\":\"ListItem\",\"position\":1,\"name\":\"Portada\",\"item\":\"https:\\\/\\\/agorafabrics.com\\\/fr\\\/accueil\\\/\"},{\"@type\":\"ListItem\",\"position\":2,\"name\":\"Trouvez votre tissu\",\"item\":\"https:\\\/\\\/agorafabrics.com\\\/fr\\\/trouvez-votre-tissu\\\/\"},{\"@type\":\"ListItem\",\"position\":3,\"name\":\"Lines\"}]},{\"@type\":\"WebSite\",\"@id\":\"https:\\\/\\\/agorafabrics.com\\\/fr\\\/#website\",\"url\":\"https:\\\/\\\/agorafabrics.com\\\/fr\\\/\",\"name\":\"Agora\",\"description\":\"F\u00e1brica de tejidos y telas para exterior\",\"publisher\":{\"@id\":\"https:\\\/\\\/agorafabrics.com\\\/fr\\\/#organization\"},\"potentialAction\":[{\"@type\":\"SearchAction\",\"target\":{\"@type\":\"EntryPoint\",\"urlTemplate\":\"https:\\\/\\\/agorafabrics.com\\\/fr\\\/?s={search_term_string}\"},\"query-input\":{\"@type\":\"PropertyValueSpecification\",\"valueRequired\":true,\"valueName\":\"search_term_string\"}}],\"inLanguage\":\"fr-FR\"},{\"@type\":\"Organization\",\"@id\":\"https:\\\/\\\/agorafabrics.com\\\/fr\\\/#organization\",\"name\":\"Tissus Agora\",\"url\":\"https:\\\/\\\/agorafabrics.com\\\/fr\\\/\",\"logo\":{\"@type\":\"ImageObject\",\"inLanguage\":\"fr-FR\",\"@id\":\"https:\\\/\\\/agorafabrics.com\\\/fr\\\/#\\\/schema\\\/logo\\\/image\\\/\",\"url\":\"https:\\\/\\\/agorafabrics.com\\\/wp-content\\\/uploads\\\/2024\\\/07\\\/Agora-Logo.jpg\",\"contentUrl\":\"https:\\\/\\\/agorafabrics.com\\\/wp-content\\\/uploads\\\/2024\\\/07\\\/Agora-Logo.jpg\",\"width\":2292,\"height\":756,\"caption\":\"Tissus Agora\"},\"image\":{\"@id\":\"https:\\\/\\\/agorafabrics.com\\\/fr\\\/#\\\/schema\\\/logo\\\/image\\\/\"},\"sameAs\":[\"https:\\\/\\\/www.facebook.com\\\/agorafabrics\\\/\",\"https:\\\/\\\/www.instagram.com\\\/agorafabrics\\\/\",\"https:\\\/\\\/www.linkedin.com\\\/company\\\/tuvatextil\\\/\",\"https:\\\/\\\/vimeo.com\\\/user139090508\",\"https:\\\/\\\/www.youtube.com\\\/channel\\\/UC6iNTVqBR6UsJBzO5OZTymw\",\"https:\\\/\\\/www.pinterest.es\\\/agorafabrics\\\/\"]}]}<\/script>\n<!-- \/ Yoast SEO plugin. -->","yoast_head_json":{"title":"Lines - Agora","robots":{"index":"index","follow":"follow","max-snippet":"max-snippet:-1","max-image-preview":"max-image-preview:large","max-video-preview":"max-video-preview:-1"},"canonical":"https:\/\/agorafabrics.com\/fr\/tissus\/lignes\/","og_locale":"fr_FR","og_type":"article","og_title":"Lines - Agora","og_description":"Une version moderne de la rayure de jardin, qui continue \u00e0 faire son chemin avec ses nouvelles couleurs d&rsquo;inspiration vintage, Agora\u00ae Lines \u00e9voque le charme serein des jours de plage m\u00e9diterran\u00e9enne et la chaleur des souvenirs intimes. Id\u00e9al pour ajouter une \u00e9l\u00e9gance r\u00e9tro \u00e0 tout espace ext\u00e9rieur.","og_url":"https:\/\/agorafabrics.com\/fr\/tissus\/lignes\/","og_site_name":"Agora","article_publisher":"https:\/\/www.facebook.com\/agorafabrics\/","article_modified_time":"2026-04-16T12:00:40+00:00","og_image":[{"width":800,"height":800,"url":"https:\/\/agorafabrics.com\/wp-content\/uploads\/2024\/10\/20268_AG_LINES_GARNET-D-web.jpg","type":"image\/jpeg"}],"twitter_card":"summary_large_image","schema":{"@context":"https:\/\/schema.org","@graph":[{"@type":"WebPage","@id":"https:\/\/agorafabrics.com\/fr\/tissus\/lignes\/","url":"https:\/\/agorafabrics.com\/fr\/tissus\/lignes\/","name":"Lines - Agora","isPartOf":{"@id":"https:\/\/agorafabrics.com\/fr\/#website"},"primaryImageOfPage":{"@id":"https:\/\/agorafabrics.com\/fr\/tissus\/lignes\/#primaryimage"},"image":{"@id":"https:\/\/agorafabrics.com\/fr\/tissus\/lignes\/#primaryimage"},"thumbnailUrl":"https:\/\/agorafabrics.com\/wp-content\/uploads\/2024\/10\/20268_AG_LINES_GARNET-D-web.jpg","datePublished":"2024-09-23T15:37:56+00:00","dateModified":"2026-04-16T12:00:40+00:00","breadcrumb":{"@id":"https:\/\/agorafabrics.com\/fr\/tissus\/lignes\/#breadcrumb"},"inLanguage":"fr-FR","potentialAction":[{"@type":"ReadAction","target":["https:\/\/agorafabrics.com\/fr\/tissus\/lignes\/"]}]},{"@type":"ImageObject","inLanguage":"fr-FR","@id":"https:\/\/agorafabrics.com\/fr\/tissus\/lignes\/#primaryimage","url":"https:\/\/agorafabrics.com\/wp-content\/uploads\/2024\/10\/20268_AG_LINES_GARNET-D-web.jpg","contentUrl":"https:\/\/agorafabrics.com\/wp-content\/uploads\/2024\/10\/20268_AG_LINES_GARNET-D-web.jpg","width":800,"height":800},{"@type":"BreadcrumbList","@id":"https:\/\/agorafabrics.com\/fr\/tissus\/lignes\/#breadcrumb","itemListElement":[{"@type":"ListItem","position":1,"name":"Portada","item":"https:\/\/agorafabrics.com\/fr\/accueil\/"},{"@type":"ListItem","position":2,"name":"Trouvez votre tissu","item":"https:\/\/agorafabrics.com\/fr\/trouvez-votre-tissu\/"},{"@type":"ListItem","position":3,"name":"Lines"}]},{"@type":"WebSite","@id":"https:\/\/agorafabrics.com\/fr\/#website","url":"https:\/\/agorafabrics.com\/fr\/","name":"Agora","description":"F\u00e1brica de tejidos y telas para exterior","publisher":{"@id":"https:\/\/agorafabrics.com\/fr\/#organization"},"potentialAction":[{"@type":"SearchAction","target":{"@type":"EntryPoint","urlTemplate":"https:\/\/agorafabrics.com\/fr\/?s={search_term_string}"},"query-input":{"@type":"PropertyValueSpecification","valueRequired":true,"valueName":"search_term_string"}}],"inLanguage":"fr-FR"},{"@type":"Organization","@id":"https:\/\/agorafabrics.com\/fr\/#organization","name":"Tissus Agora","url":"https:\/\/agorafabrics.com\/fr\/","logo":{"@type":"ImageObject","inLanguage":"fr-FR","@id":"https:\/\/agorafabrics.com\/fr\/#\/schema\/logo\/image\/","url":"https:\/\/agorafabrics.com\/wp-content\/uploads\/2024\/07\/Agora-Logo.jpg","contentUrl":"https:\/\/agorafabrics.com\/wp-content\/uploads\/2024\/07\/Agora-Logo.jpg","width":2292,"height":756,"caption":"Tissus Agora"},"image":{"@id":"https:\/\/agorafabrics.com\/fr\/#\/schema\/logo\/image\/"},"sameAs":["https:\/\/www.facebook.com\/agorafabrics\/","https:\/\/www.instagram.com\/agorafabrics\/","https:\/\/www.linkedin.com\/company\/tuvatextil\/","https:\/\/vimeo.com\/user139090508","https:\/\/www.youtube.com\/channel\/UC6iNTVqBR6UsJBzO5OZTymw","https:\/\/www.pinterest.es\/agorafabrics\/"]}]}},"_links":{"self":[{"href":"https:\/\/agorafabrics.com\/fr\/wp-json\/wp\/v2\/product\/25338","targetHints":{"allow":["GET"]}}],"collection":[{"href":"https:\/\/agorafabrics.com\/fr\/wp-json\/wp\/v2\/product"}],"about":[{"href":"https:\/\/agorafabrics.com\/fr\/wp-json\/wp\/v2\/types\/product"}],"wp:featuredmedia":[{"embeddable":true,"href":"https:\/\/agorafabrics.com\/fr\/wp-json\/wp\/v2\/media\/25380"}],"wp:attachment":[{"href":"https:\/\/agorafabrics.com\/fr\/wp-json\/wp\/v2\/media?parent=25338"}],"wp:term":[{"taxonomy":"ancho","embeddable":true,"href":"https:\/\/agorafabrics.com\/fr\/wp-json\/wp\/v2\/ancho?post=25338"},{"taxonomy":"coleccion","embeddable":true,"href":"https:\/\/agorafabrics.com\/fr\/wp-json\/wp\/v2\/coleccion?post=25338"},{"taxonomy":"estilo","embeddable":true,"href":"https:\/\/agorafabrics.com\/fr\/wp-json\/wp\/v2\/estilo?post=25338"},{"taxonomy":"linea","embeddable":true,"href":"https:\/\/agorafabrics.com\/fr\/wp-json\/wp\/v2\/linea?post=25338"},{"taxonomy":"product_cat","embeddable":true,"href":"https:\/\/agorafabrics.com\/fr\/wp-json\/wp\/v2\/product_cat?post=25338"},{"taxonomy":"product_tag","embeddable":true,"href":"https:\/\/agorafabrics.com\/fr\/wp-json\/wp\/v2\/product_tag?post=25338"}],"curies":[{"name":"wp","href":"https:\/\/api.w.org\/{rel}","templated":true}]}}