{"id":25246,"date":"2024-09-23T15:38:03","date_gmt":"2024-09-23T15:38:03","guid":{"rendered":"https:\/\/agorafabrics.com\/tejidos\/ego\/"},"modified":"2026-02-24T10:51:51","modified_gmt":"2026-02-24T09:51:51","slug":"ego","status":"publish","type":"product","link":"https:\/\/agorafabrics.com\/fr\/tissus\/ego\/","title":{"rendered":"Ego"},"content":{"rendered":"<p>Compos\u00e9e de trois tissus uniques &#8211; Soul, Ego et Sunset &#8211; Agora\u00ae Signature Series Gai\u00e0 red\u00e9finit l&rsquo;\u00e9l\u00e9gance avec des textures enveloppantes et une richesse sensorielle incomparable. Gr\u00e2ce \u00e0 la s\u00e9lection minutieuse de fils haut de gamme tels que le Fris\u00e9 et le Boucl\u00e9, chaque dessin prend vie avec une profondeur, une douceur et une r\u00e9sistance exceptionnelles. Gai\u00e0 n&rsquo;est pas seulement une collection, c&rsquo;est une d\u00e9claration de style pour ceux qui recherchent la distinction et la sophistication dans les moindres d\u00e9tails.  <\/p>\n","protected":false},"excerpt":{"rendered":"<p>Compos\u00e9e de trois tissus uniques &#8211; Soul, Ego et Sunset &#8211; Agora\u00ae Signature Series Gai\u00e0 red\u00e9finit l&rsquo;\u00e9l\u00e9gance avec des textures enveloppantes et une richesse sensorielle incomparable. Gr\u00e2ce \u00e0 la s\u00e9lection minutieuse de fils haut de gamme tels que le Fris\u00e9 et le Boucl\u00e9, chaque dessin prend vie avec une profondeur, une douceur et une r\u00e9sistance [&hellip;]<\/p>\n","protected":false},"featured_media":25287,"template":"","meta":{"_acf_changed":false},"ancho":[1000],"coleccion":[1142],"estilo":[1143,1019],"linea":[1117],"product_cat":[1144],"product_tag":[999],"class_list":{"0":"post-25246","1":"product","2":"type-product","3":"status-publish","4":"has-post-thumbnail","6":"ancho-160-cm","7":"coleccion-gaia","8":"estilo-fils-fantaisie","9":"estilo-texture","10":"linea-serie-signature-agora","11":"product_cat-serie-signature-agora","12":"product_tag-100-acrylique-teint-dans-la-masse","14":"first","15":"instock","16":"product-type-variable","17":"has-default-attributes","18":"wvs-archive-product-wrapper"},"acf":[],"yoast_head":"<!-- This site is optimized with the Yoast SEO plugin v27.4 - https:\/\/yoast.com\/product\/yoast-seo-wordpress\/ -->\n<title>Ego - Agora<\/title>\n<meta name=\"robots\" content=\"index, follow, max-snippet:-1, max-image-preview:large, max-video-preview:-1\" \/>\n<link rel=\"canonical\" href=\"https:\/\/agorafabrics.com\/fr\/tissus\/ego\/\" \/>\n<meta property=\"og:locale\" content=\"fr_FR\" \/>\n<meta property=\"og:type\" content=\"article\" \/>\n<meta property=\"og:title\" content=\"Ego - Agora\" \/>\n<meta property=\"og:description\" content=\"Compos\u00e9e de trois tissus uniques &#8211; Soul, Ego et Sunset &#8211; Agora\u00ae Signature Series Gai\u00e0 red\u00e9finit l&rsquo;\u00e9l\u00e9gance avec des textures enveloppantes et une richesse sensorielle incomparable. Gr\u00e2ce \u00e0 la s\u00e9lection minutieuse de fils haut de gamme tels que le Fris\u00e9 et le Boucl\u00e9, chaque dessin prend vie avec une profondeur, une douceur et une r\u00e9sistance [&hellip;]\" \/>\n<meta property=\"og:url\" content=\"https:\/\/agorafabrics.com\/fr\/tissus\/ego\/\" \/>\n<meta property=\"og:site_name\" content=\"Agora\" \/>\n<meta property=\"article:publisher\" content=\"https:\/\/www.facebook.com\/agorafabrics\/\" \/>\n<meta property=\"article:modified_time\" content=\"2026-02-24T09:51:51+00:00\" \/>\n<meta property=\"og:image\" content=\"https:\/\/agorafabrics.com\/wp-content\/uploads\/2024\/10\/20253_AG_GAIA_EGO_SALVIA-web.jpg\" \/>\n\t<meta property=\"og:image:width\" content=\"800\" \/>\n\t<meta property=\"og:image:height\" content=\"800\" \/>\n\t<meta property=\"og:image:type\" content=\"image\/jpeg\" \/>\n<meta name=\"twitter:card\" content=\"summary_large_image\" \/>\n<script type=\"application\/ld+json\" class=\"yoast-schema-graph\">{\"@context\":\"https:\\\/\\\/schema.org\",\"@graph\":[{\"@type\":\"WebPage\",\"@id\":\"https:\\\/\\\/agorafabrics.com\\\/fr\\\/tissus\\\/ego\\\/\",\"url\":\"https:\\\/\\\/agorafabrics.com\\\/fr\\\/tissus\\\/ego\\\/\",\"name\":\"Ego - Agora\",\"isPartOf\":{\"@id\":\"https:\\\/\\\/agorafabrics.com\\\/fr\\\/#website\"},\"primaryImageOfPage\":{\"@id\":\"https:\\\/\\\/agorafabrics.com\\\/fr\\\/tissus\\\/ego\\\/#primaryimage\"},\"image\":{\"@id\":\"https:\\\/\\\/agorafabrics.com\\\/fr\\\/tissus\\\/ego\\\/#primaryimage\"},\"thumbnailUrl\":\"https:\\\/\\\/agorafabrics.com\\\/wp-content\\\/uploads\\\/2024\\\/10\\\/20253_AG_GAIA_EGO_SALVIA-web.jpg\",\"datePublished\":\"2024-09-23T15:38:03+00:00\",\"dateModified\":\"2026-02-24T09:51:51+00:00\",\"breadcrumb\":{\"@id\":\"https:\\\/\\\/agorafabrics.com\\\/fr\\\/tissus\\\/ego\\\/#breadcrumb\"},\"inLanguage\":\"fr-FR\",\"potentialAction\":[{\"@type\":\"ReadAction\",\"target\":[\"https:\\\/\\\/agorafabrics.com\\\/fr\\\/tissus\\\/ego\\\/\"]}]},{\"@type\":\"ImageObject\",\"inLanguage\":\"fr-FR\",\"@id\":\"https:\\\/\\\/agorafabrics.com\\\/fr\\\/tissus\\\/ego\\\/#primaryimage\",\"url\":\"https:\\\/\\\/agorafabrics.com\\\/wp-content\\\/uploads\\\/2024\\\/10\\\/20253_AG_GAIA_EGO_SALVIA-web.jpg\",\"contentUrl\":\"https:\\\/\\\/agorafabrics.com\\\/wp-content\\\/uploads\\\/2024\\\/10\\\/20253_AG_GAIA_EGO_SALVIA-web.jpg\",\"width\":800,\"height\":800},{\"@type\":\"BreadcrumbList\",\"@id\":\"https:\\\/\\\/agorafabrics.com\\\/fr\\\/tissus\\\/ego\\\/#breadcrumb\",\"itemListElement\":[{\"@type\":\"ListItem\",\"position\":1,\"name\":\"Portada\",\"item\":\"https:\\\/\\\/agorafabrics.com\\\/fr\\\/accueil\\\/\"},{\"@type\":\"ListItem\",\"position\":2,\"name\":\"Trouvez votre tissu\",\"item\":\"https:\\\/\\\/agorafabrics.com\\\/fr\\\/trouvez-votre-tissu\\\/\"},{\"@type\":\"ListItem\",\"position\":3,\"name\":\"Ego\"}]},{\"@type\":\"WebSite\",\"@id\":\"https:\\\/\\\/agorafabrics.com\\\/fr\\\/#website\",\"url\":\"https:\\\/\\\/agorafabrics.com\\\/fr\\\/\",\"name\":\"Agora\",\"description\":\"F\u00e1brica de tejidos y telas para exterior\",\"publisher\":{\"@id\":\"https:\\\/\\\/agorafabrics.com\\\/fr\\\/#organization\"},\"potentialAction\":[{\"@type\":\"SearchAction\",\"target\":{\"@type\":\"EntryPoint\",\"urlTemplate\":\"https:\\\/\\\/agorafabrics.com\\\/fr\\\/?s={search_term_string}\"},\"query-input\":{\"@type\":\"PropertyValueSpecification\",\"valueRequired\":true,\"valueName\":\"search_term_string\"}}],\"inLanguage\":\"fr-FR\"},{\"@type\":\"Organization\",\"@id\":\"https:\\\/\\\/agorafabrics.com\\\/fr\\\/#organization\",\"name\":\"Tissus Agora\",\"url\":\"https:\\\/\\\/agorafabrics.com\\\/fr\\\/\",\"logo\":{\"@type\":\"ImageObject\",\"inLanguage\":\"fr-FR\",\"@id\":\"https:\\\/\\\/agorafabrics.com\\\/fr\\\/#\\\/schema\\\/logo\\\/image\\\/\",\"url\":\"https:\\\/\\\/agorafabrics.com\\\/wp-content\\\/uploads\\\/2024\\\/07\\\/Agora-Logo.jpg\",\"contentUrl\":\"https:\\\/\\\/agorafabrics.com\\\/wp-content\\\/uploads\\\/2024\\\/07\\\/Agora-Logo.jpg\",\"width\":2292,\"height\":756,\"caption\":\"Tissus Agora\"},\"image\":{\"@id\":\"https:\\\/\\\/agorafabrics.com\\\/fr\\\/#\\\/schema\\\/logo\\\/image\\\/\"},\"sameAs\":[\"https:\\\/\\\/www.facebook.com\\\/agorafabrics\\\/\",\"https:\\\/\\\/www.instagram.com\\\/agorafabrics\\\/\",\"https:\\\/\\\/www.linkedin.com\\\/company\\\/tuvatextil\\\/\",\"https:\\\/\\\/vimeo.com\\\/user139090508\",\"https:\\\/\\\/www.youtube.com\\\/channel\\\/UC6iNTVqBR6UsJBzO5OZTymw\",\"https:\\\/\\\/www.pinterest.es\\\/agorafabrics\\\/\"]}]}<\/script>\n<!-- \/ Yoast SEO plugin. -->","yoast_head_json":{"title":"Ego - Agora","robots":{"index":"index","follow":"follow","max-snippet":"max-snippet:-1","max-image-preview":"max-image-preview:large","max-video-preview":"max-video-preview:-1"},"canonical":"https:\/\/agorafabrics.com\/fr\/tissus\/ego\/","og_locale":"fr_FR","og_type":"article","og_title":"Ego - Agora","og_description":"Compos\u00e9e de trois tissus uniques &#8211; Soul, Ego et Sunset &#8211; Agora\u00ae Signature Series Gai\u00e0 red\u00e9finit l&rsquo;\u00e9l\u00e9gance avec des textures enveloppantes et une richesse sensorielle incomparable. Gr\u00e2ce \u00e0 la s\u00e9lection minutieuse de fils haut de gamme tels que le Fris\u00e9 et le Boucl\u00e9, chaque dessin prend vie avec une profondeur, une douceur et une r\u00e9sistance [&hellip;]","og_url":"https:\/\/agorafabrics.com\/fr\/tissus\/ego\/","og_site_name":"Agora","article_publisher":"https:\/\/www.facebook.com\/agorafabrics\/","article_modified_time":"2026-02-24T09:51:51+00:00","og_image":[{"width":800,"height":800,"url":"https:\/\/agorafabrics.com\/wp-content\/uploads\/2024\/10\/20253_AG_GAIA_EGO_SALVIA-web.jpg","type":"image\/jpeg"}],"twitter_card":"summary_large_image","schema":{"@context":"https:\/\/schema.org","@graph":[{"@type":"WebPage","@id":"https:\/\/agorafabrics.com\/fr\/tissus\/ego\/","url":"https:\/\/agorafabrics.com\/fr\/tissus\/ego\/","name":"Ego - Agora","isPartOf":{"@id":"https:\/\/agorafabrics.com\/fr\/#website"},"primaryImageOfPage":{"@id":"https:\/\/agorafabrics.com\/fr\/tissus\/ego\/#primaryimage"},"image":{"@id":"https:\/\/agorafabrics.com\/fr\/tissus\/ego\/#primaryimage"},"thumbnailUrl":"https:\/\/agorafabrics.com\/wp-content\/uploads\/2024\/10\/20253_AG_GAIA_EGO_SALVIA-web.jpg","datePublished":"2024-09-23T15:38:03+00:00","dateModified":"2026-02-24T09:51:51+00:00","breadcrumb":{"@id":"https:\/\/agorafabrics.com\/fr\/tissus\/ego\/#breadcrumb"},"inLanguage":"fr-FR","potentialAction":[{"@type":"ReadAction","target":["https:\/\/agorafabrics.com\/fr\/tissus\/ego\/"]}]},{"@type":"ImageObject","inLanguage":"fr-FR","@id":"https:\/\/agorafabrics.com\/fr\/tissus\/ego\/#primaryimage","url":"https:\/\/agorafabrics.com\/wp-content\/uploads\/2024\/10\/20253_AG_GAIA_EGO_SALVIA-web.jpg","contentUrl":"https:\/\/agorafabrics.com\/wp-content\/uploads\/2024\/10\/20253_AG_GAIA_EGO_SALVIA-web.jpg","width":800,"height":800},{"@type":"BreadcrumbList","@id":"https:\/\/agorafabrics.com\/fr\/tissus\/ego\/#breadcrumb","itemListElement":[{"@type":"ListItem","position":1,"name":"Portada","item":"https:\/\/agorafabrics.com\/fr\/accueil\/"},{"@type":"ListItem","position":2,"name":"Trouvez votre tissu","item":"https:\/\/agorafabrics.com\/fr\/trouvez-votre-tissu\/"},{"@type":"ListItem","position":3,"name":"Ego"}]},{"@type":"WebSite","@id":"https:\/\/agorafabrics.com\/fr\/#website","url":"https:\/\/agorafabrics.com\/fr\/","name":"Agora","description":"F\u00e1brica de tejidos y telas para exterior","publisher":{"@id":"https:\/\/agorafabrics.com\/fr\/#organization"},"potentialAction":[{"@type":"SearchAction","target":{"@type":"EntryPoint","urlTemplate":"https:\/\/agorafabrics.com\/fr\/?s={search_term_string}"},"query-input":{"@type":"PropertyValueSpecification","valueRequired":true,"valueName":"search_term_string"}}],"inLanguage":"fr-FR"},{"@type":"Organization","@id":"https:\/\/agorafabrics.com\/fr\/#organization","name":"Tissus Agora","url":"https:\/\/agorafabrics.com\/fr\/","logo":{"@type":"ImageObject","inLanguage":"fr-FR","@id":"https:\/\/agorafabrics.com\/fr\/#\/schema\/logo\/image\/","url":"https:\/\/agorafabrics.com\/wp-content\/uploads\/2024\/07\/Agora-Logo.jpg","contentUrl":"https:\/\/agorafabrics.com\/wp-content\/uploads\/2024\/07\/Agora-Logo.jpg","width":2292,"height":756,"caption":"Tissus Agora"},"image":{"@id":"https:\/\/agorafabrics.com\/fr\/#\/schema\/logo\/image\/"},"sameAs":["https:\/\/www.facebook.com\/agorafabrics\/","https:\/\/www.instagram.com\/agorafabrics\/","https:\/\/www.linkedin.com\/company\/tuvatextil\/","https:\/\/vimeo.com\/user139090508","https:\/\/www.youtube.com\/channel\/UC6iNTVqBR6UsJBzO5OZTymw","https:\/\/www.pinterest.es\/agorafabrics\/"]}]}},"_links":{"self":[{"href":"https:\/\/agorafabrics.com\/fr\/wp-json\/wp\/v2\/product\/25246","targetHints":{"allow":["GET"]}}],"collection":[{"href":"https:\/\/agorafabrics.com\/fr\/wp-json\/wp\/v2\/product"}],"about":[{"href":"https:\/\/agorafabrics.com\/fr\/wp-json\/wp\/v2\/types\/product"}],"wp:featuredmedia":[{"embeddable":true,"href":"https:\/\/agorafabrics.com\/fr\/wp-json\/wp\/v2\/media\/25287"}],"wp:attachment":[{"href":"https:\/\/agorafabrics.com\/fr\/wp-json\/wp\/v2\/media?parent=25246"}],"wp:term":[{"taxonomy":"ancho","embeddable":true,"href":"https:\/\/agorafabrics.com\/fr\/wp-json\/wp\/v2\/ancho?post=25246"},{"taxonomy":"coleccion","embeddable":true,"href":"https:\/\/agorafabrics.com\/fr\/wp-json\/wp\/v2\/coleccion?post=25246"},{"taxonomy":"estilo","embeddable":true,"href":"https:\/\/agorafabrics.com\/fr\/wp-json\/wp\/v2\/estilo?post=25246"},{"taxonomy":"linea","embeddable":true,"href":"https:\/\/agorafabrics.com\/fr\/wp-json\/wp\/v2\/linea?post=25246"},{"taxonomy":"product_cat","embeddable":true,"href":"https:\/\/agorafabrics.com\/fr\/wp-json\/wp\/v2\/product_cat?post=25246"},{"taxonomy":"product_tag","embeddable":true,"href":"https:\/\/agorafabrics.com\/fr\/wp-json\/wp\/v2\/product_tag?post=25246"}],"curies":[{"name":"wp","href":"https:\/\/api.w.org\/{rel}","templated":true}]}}