{"id":21314,"date":"2024-09-23T15:37:50","date_gmt":"2024-09-23T15:37:50","guid":{"rendered":"https:\/\/agorafabrics.com\/tejidos\/rayure\/"},"modified":"2026-03-13T12:36:43","modified_gmt":"2026-03-13T11:36:43","slug":"rayure","status":"publish","type":"product","link":"https:\/\/agorafabrics.com\/fr\/tissus\/rayure\/","title":{"rendered":"Rayure"},"content":{"rendered":"<p>La proportion int\u00e9ressante entre les lignes de la collection Agora\u00ae Rayure cr\u00e9e un dynamisme dans les espaces ext\u00e9rieurs et int\u00e9rieurs. Les tons sobres qui colorent cette collection compacte sont parfaits pour ceux qui souhaitent donner une touche plus classique \u00e0 leur environnement. <\/p>\n","protected":false},"excerpt":{"rendered":"<p>La proportion int\u00e9ressante entre les lignes de la collection Agora\u00ae Rayure cr\u00e9e un dynamisme dans les espaces ext\u00e9rieurs et int\u00e9rieurs. Les tons sobres qui colorent cette collection compacte sont parfaits pour ceux qui souhaitent donner une touche plus classique \u00e0 leur environnement.<\/p>\n","protected":false},"featured_media":21343,"template":"","meta":{"_acf_changed":false},"ancho":[1000],"coleccion":[1001],"estilo":[978,1002],"linea":[980],"product_cat":[1009],"product_tag":[999],"class_list":{"0":"post-21314","1":"product","2":"type-product","3":"status-publish","4":"has-post-thumbnail","6":"ancho-160-cm","7":"coleccion-stripes-fr","8":"estilo-lisse","9":"estilo-rayure","10":"linea-agora","11":"product_cat-modeles-agora","12":"product_tag-100-acrylique-teint-dans-la-masse","14":"first","15":"instock","16":"product-type-variable","17":"has-default-attributes","18":"wvs-archive-product-wrapper"},"acf":[],"yoast_head":"<!-- This site is optimized with the Yoast SEO plugin v27.4 - https:\/\/yoast.com\/product\/yoast-seo-wordpress\/ -->\n<title>Rayure - Agora<\/title>\n<meta name=\"robots\" content=\"index, follow, max-snippet:-1, max-image-preview:large, max-video-preview:-1\" \/>\n<link rel=\"canonical\" href=\"https:\/\/agorafabrics.com\/fr\/tissus\/rayure\/\" \/>\n<meta property=\"og:locale\" content=\"fr_FR\" \/>\n<meta property=\"og:type\" content=\"article\" \/>\n<meta property=\"og:title\" content=\"Rayure - Agora\" \/>\n<meta property=\"og:description\" content=\"La proportion int\u00e9ressante entre les lignes de la collection Agora\u00ae Rayure cr\u00e9e un dynamisme dans les espaces ext\u00e9rieurs et int\u00e9rieurs. Les tons sobres qui colorent cette collection compacte sont parfaits pour ceux qui souhaitent donner une touche plus classique \u00e0 leur environnement.\" \/>\n<meta property=\"og:url\" content=\"https:\/\/agorafabrics.com\/fr\/tissus\/rayure\/\" \/>\n<meta property=\"og:site_name\" content=\"Agora\" \/>\n<meta property=\"article:publisher\" content=\"https:\/\/www.facebook.com\/agorafabrics\/\" \/>\n<meta property=\"article:modified_time\" content=\"2026-03-13T11:36:43+00:00\" \/>\n<meta property=\"og:image\" content=\"https:\/\/agorafabrics.com\/wp-content\/uploads\/2024\/10\/3788_AG_RAYURE_GRIS.jpg\" \/>\n\t<meta property=\"og:image:width\" content=\"800\" \/>\n\t<meta property=\"og:image:height\" content=\"800\" \/>\n\t<meta property=\"og:image:type\" content=\"image\/jpeg\" \/>\n<meta name=\"twitter:card\" content=\"summary_large_image\" \/>\n<script type=\"application\/ld+json\" class=\"yoast-schema-graph\">{\"@context\":\"https:\\\/\\\/schema.org\",\"@graph\":[{\"@type\":\"WebPage\",\"@id\":\"https:\\\/\\\/agorafabrics.com\\\/fr\\\/tissus\\\/rayure\\\/\",\"url\":\"https:\\\/\\\/agorafabrics.com\\\/fr\\\/tissus\\\/rayure\\\/\",\"name\":\"Rayure - Agora\",\"isPartOf\":{\"@id\":\"https:\\\/\\\/agorafabrics.com\\\/fr\\\/#website\"},\"primaryImageOfPage\":{\"@id\":\"https:\\\/\\\/agorafabrics.com\\\/fr\\\/tissus\\\/rayure\\\/#primaryimage\"},\"image\":{\"@id\":\"https:\\\/\\\/agorafabrics.com\\\/fr\\\/tissus\\\/rayure\\\/#primaryimage\"},\"thumbnailUrl\":\"https:\\\/\\\/agorafabrics.com\\\/wp-content\\\/uploads\\\/2024\\\/10\\\/3788_AG_RAYURE_GRIS.jpg\",\"datePublished\":\"2024-09-23T15:37:50+00:00\",\"dateModified\":\"2026-03-13T11:36:43+00:00\",\"breadcrumb\":{\"@id\":\"https:\\\/\\\/agorafabrics.com\\\/fr\\\/tissus\\\/rayure\\\/#breadcrumb\"},\"inLanguage\":\"fr-FR\",\"potentialAction\":[{\"@type\":\"ReadAction\",\"target\":[\"https:\\\/\\\/agorafabrics.com\\\/fr\\\/tissus\\\/rayure\\\/\"]}]},{\"@type\":\"ImageObject\",\"inLanguage\":\"fr-FR\",\"@id\":\"https:\\\/\\\/agorafabrics.com\\\/fr\\\/tissus\\\/rayure\\\/#primaryimage\",\"url\":\"https:\\\/\\\/agorafabrics.com\\\/wp-content\\\/uploads\\\/2024\\\/10\\\/3788_AG_RAYURE_GRIS.jpg\",\"contentUrl\":\"https:\\\/\\\/agorafabrics.com\\\/wp-content\\\/uploads\\\/2024\\\/10\\\/3788_AG_RAYURE_GRIS.jpg\",\"width\":800,\"height\":800},{\"@type\":\"BreadcrumbList\",\"@id\":\"https:\\\/\\\/agorafabrics.com\\\/fr\\\/tissus\\\/rayure\\\/#breadcrumb\",\"itemListElement\":[{\"@type\":\"ListItem\",\"position\":1,\"name\":\"Portada\",\"item\":\"https:\\\/\\\/agorafabrics.com\\\/fr\\\/accueil\\\/\"},{\"@type\":\"ListItem\",\"position\":2,\"name\":\"Trouvez votre tissu\",\"item\":\"https:\\\/\\\/agorafabrics.com\\\/fr\\\/trouvez-votre-tissu\\\/\"},{\"@type\":\"ListItem\",\"position\":3,\"name\":\"Rayure\"}]},{\"@type\":\"WebSite\",\"@id\":\"https:\\\/\\\/agorafabrics.com\\\/fr\\\/#website\",\"url\":\"https:\\\/\\\/agorafabrics.com\\\/fr\\\/\",\"name\":\"Agora\",\"description\":\"F\u00e1brica de tejidos y telas para exterior\",\"publisher\":{\"@id\":\"https:\\\/\\\/agorafabrics.com\\\/fr\\\/#organization\"},\"potentialAction\":[{\"@type\":\"SearchAction\",\"target\":{\"@type\":\"EntryPoint\",\"urlTemplate\":\"https:\\\/\\\/agorafabrics.com\\\/fr\\\/?s={search_term_string}\"},\"query-input\":{\"@type\":\"PropertyValueSpecification\",\"valueRequired\":true,\"valueName\":\"search_term_string\"}}],\"inLanguage\":\"fr-FR\"},{\"@type\":\"Organization\",\"@id\":\"https:\\\/\\\/agorafabrics.com\\\/fr\\\/#organization\",\"name\":\"Tissus Agora\",\"url\":\"https:\\\/\\\/agorafabrics.com\\\/fr\\\/\",\"logo\":{\"@type\":\"ImageObject\",\"inLanguage\":\"fr-FR\",\"@id\":\"https:\\\/\\\/agorafabrics.com\\\/fr\\\/#\\\/schema\\\/logo\\\/image\\\/\",\"url\":\"https:\\\/\\\/agorafabrics.com\\\/wp-content\\\/uploads\\\/2024\\\/07\\\/Agora-Logo.jpg\",\"contentUrl\":\"https:\\\/\\\/agorafabrics.com\\\/wp-content\\\/uploads\\\/2024\\\/07\\\/Agora-Logo.jpg\",\"width\":2292,\"height\":756,\"caption\":\"Tissus Agora\"},\"image\":{\"@id\":\"https:\\\/\\\/agorafabrics.com\\\/fr\\\/#\\\/schema\\\/logo\\\/image\\\/\"},\"sameAs\":[\"https:\\\/\\\/www.facebook.com\\\/agorafabrics\\\/\",\"https:\\\/\\\/www.instagram.com\\\/agorafabrics\\\/\",\"https:\\\/\\\/www.linkedin.com\\\/company\\\/tuvatextil\\\/\",\"https:\\\/\\\/vimeo.com\\\/user139090508\",\"https:\\\/\\\/www.youtube.com\\\/channel\\\/UC6iNTVqBR6UsJBzO5OZTymw\",\"https:\\\/\\\/www.pinterest.es\\\/agorafabrics\\\/\"]}]}<\/script>\n<!-- \/ Yoast SEO plugin. -->","yoast_head_json":{"title":"Rayure - Agora","robots":{"index":"index","follow":"follow","max-snippet":"max-snippet:-1","max-image-preview":"max-image-preview:large","max-video-preview":"max-video-preview:-1"},"canonical":"https:\/\/agorafabrics.com\/fr\/tissus\/rayure\/","og_locale":"fr_FR","og_type":"article","og_title":"Rayure - Agora","og_description":"La proportion int\u00e9ressante entre les lignes de la collection Agora\u00ae Rayure cr\u00e9e un dynamisme dans les espaces ext\u00e9rieurs et int\u00e9rieurs. Les tons sobres qui colorent cette collection compacte sont parfaits pour ceux qui souhaitent donner une touche plus classique \u00e0 leur environnement.","og_url":"https:\/\/agorafabrics.com\/fr\/tissus\/rayure\/","og_site_name":"Agora","article_publisher":"https:\/\/www.facebook.com\/agorafabrics\/","article_modified_time":"2026-03-13T11:36:43+00:00","og_image":[{"width":800,"height":800,"url":"https:\/\/agorafabrics.com\/wp-content\/uploads\/2024\/10\/3788_AG_RAYURE_GRIS.jpg","type":"image\/jpeg"}],"twitter_card":"summary_large_image","schema":{"@context":"https:\/\/schema.org","@graph":[{"@type":"WebPage","@id":"https:\/\/agorafabrics.com\/fr\/tissus\/rayure\/","url":"https:\/\/agorafabrics.com\/fr\/tissus\/rayure\/","name":"Rayure - Agora","isPartOf":{"@id":"https:\/\/agorafabrics.com\/fr\/#website"},"primaryImageOfPage":{"@id":"https:\/\/agorafabrics.com\/fr\/tissus\/rayure\/#primaryimage"},"image":{"@id":"https:\/\/agorafabrics.com\/fr\/tissus\/rayure\/#primaryimage"},"thumbnailUrl":"https:\/\/agorafabrics.com\/wp-content\/uploads\/2024\/10\/3788_AG_RAYURE_GRIS.jpg","datePublished":"2024-09-23T15:37:50+00:00","dateModified":"2026-03-13T11:36:43+00:00","breadcrumb":{"@id":"https:\/\/agorafabrics.com\/fr\/tissus\/rayure\/#breadcrumb"},"inLanguage":"fr-FR","potentialAction":[{"@type":"ReadAction","target":["https:\/\/agorafabrics.com\/fr\/tissus\/rayure\/"]}]},{"@type":"ImageObject","inLanguage":"fr-FR","@id":"https:\/\/agorafabrics.com\/fr\/tissus\/rayure\/#primaryimage","url":"https:\/\/agorafabrics.com\/wp-content\/uploads\/2024\/10\/3788_AG_RAYURE_GRIS.jpg","contentUrl":"https:\/\/agorafabrics.com\/wp-content\/uploads\/2024\/10\/3788_AG_RAYURE_GRIS.jpg","width":800,"height":800},{"@type":"BreadcrumbList","@id":"https:\/\/agorafabrics.com\/fr\/tissus\/rayure\/#breadcrumb","itemListElement":[{"@type":"ListItem","position":1,"name":"Portada","item":"https:\/\/agorafabrics.com\/fr\/accueil\/"},{"@type":"ListItem","position":2,"name":"Trouvez votre tissu","item":"https:\/\/agorafabrics.com\/fr\/trouvez-votre-tissu\/"},{"@type":"ListItem","position":3,"name":"Rayure"}]},{"@type":"WebSite","@id":"https:\/\/agorafabrics.com\/fr\/#website","url":"https:\/\/agorafabrics.com\/fr\/","name":"Agora","description":"F\u00e1brica de tejidos y telas para exterior","publisher":{"@id":"https:\/\/agorafabrics.com\/fr\/#organization"},"potentialAction":[{"@type":"SearchAction","target":{"@type":"EntryPoint","urlTemplate":"https:\/\/agorafabrics.com\/fr\/?s={search_term_string}"},"query-input":{"@type":"PropertyValueSpecification","valueRequired":true,"valueName":"search_term_string"}}],"inLanguage":"fr-FR"},{"@type":"Organization","@id":"https:\/\/agorafabrics.com\/fr\/#organization","name":"Tissus Agora","url":"https:\/\/agorafabrics.com\/fr\/","logo":{"@type":"ImageObject","inLanguage":"fr-FR","@id":"https:\/\/agorafabrics.com\/fr\/#\/schema\/logo\/image\/","url":"https:\/\/agorafabrics.com\/wp-content\/uploads\/2024\/07\/Agora-Logo.jpg","contentUrl":"https:\/\/agorafabrics.com\/wp-content\/uploads\/2024\/07\/Agora-Logo.jpg","width":2292,"height":756,"caption":"Tissus Agora"},"image":{"@id":"https:\/\/agorafabrics.com\/fr\/#\/schema\/logo\/image\/"},"sameAs":["https:\/\/www.facebook.com\/agorafabrics\/","https:\/\/www.instagram.com\/agorafabrics\/","https:\/\/www.linkedin.com\/company\/tuvatextil\/","https:\/\/vimeo.com\/user139090508","https:\/\/www.youtube.com\/channel\/UC6iNTVqBR6UsJBzO5OZTymw","https:\/\/www.pinterest.es\/agorafabrics\/"]}]}},"_links":{"self":[{"href":"https:\/\/agorafabrics.com\/fr\/wp-json\/wp\/v2\/product\/21314","targetHints":{"allow":["GET"]}}],"collection":[{"href":"https:\/\/agorafabrics.com\/fr\/wp-json\/wp\/v2\/product"}],"about":[{"href":"https:\/\/agorafabrics.com\/fr\/wp-json\/wp\/v2\/types\/product"}],"wp:featuredmedia":[{"embeddable":true,"href":"https:\/\/agorafabrics.com\/fr\/wp-json\/wp\/v2\/media\/21343"}],"wp:attachment":[{"href":"https:\/\/agorafabrics.com\/fr\/wp-json\/wp\/v2\/media?parent=21314"}],"wp:term":[{"taxonomy":"ancho","embeddable":true,"href":"https:\/\/agorafabrics.com\/fr\/wp-json\/wp\/v2\/ancho?post=21314"},{"taxonomy":"coleccion","embeddable":true,"href":"https:\/\/agorafabrics.com\/fr\/wp-json\/wp\/v2\/coleccion?post=21314"},{"taxonomy":"estilo","embeddable":true,"href":"https:\/\/agorafabrics.com\/fr\/wp-json\/wp\/v2\/estilo?post=21314"},{"taxonomy":"linea","embeddable":true,"href":"https:\/\/agorafabrics.com\/fr\/wp-json\/wp\/v2\/linea?post=21314"},{"taxonomy":"product_cat","embeddable":true,"href":"https:\/\/agorafabrics.com\/fr\/wp-json\/wp\/v2\/product_cat?post=21314"},{"taxonomy":"product_tag","embeddable":true,"href":"https:\/\/agorafabrics.com\/fr\/wp-json\/wp\/v2\/product_tag?post=21314"}],"curies":[{"name":"wp","href":"https:\/\/api.w.org\/{rel}","templated":true}]}}