{"id":24362,"date":"2025-04-02T16:24:02","date_gmt":"2025-04-02T14:24:02","guid":{"rendered":"https:\/\/agorafabrics.com\/accessibilite\/"},"modified":"2026-02-10T16:00:37","modified_gmt":"2026-02-10T15:00:37","slug":"accessibilite","status":"publish","type":"page","link":"https:\/\/agorafabrics.com\/fr\/accessibilite\/","title":{"rendered":"Accessibilit\u00e9"},"content":{"rendered":"\t\t<div data-elementor-type=\"wp-page\" data-elementor-id=\"24362\" class=\"elementor elementor-24362 elementor-3564\" data-elementor-post-type=\"page\">\n\t\t\t\t<div class=\"elementor-element elementor-element-c1d05b2 e-flex e-con-boxed e-con e-parent\" data-id=\"c1d05b2\" data-element_type=\"container\" data-e-type=\"container\">\n\t\t\t\t\t<div class=\"e-con-inner\">\n\t\t\t\t<div class=\"elementor-element elementor-element-37c78d1 elementor-widget elementor-widget-heading\" data-id=\"37c78d1\" data-element_type=\"widget\" data-e-type=\"widget\" data-widget_type=\"heading.default\">\n\t\t\t\t\t<h1 class=\"elementor-heading-title elementor-size-default\">Accessibilit\u00e9<\/h1>\t\t\t\t<\/div>\n\t\t\t\t<div class=\"elementor-element elementor-element-6ec8e60 elementor-widget elementor-widget-text-editor\" data-id=\"6ec8e60\" data-element_type=\"widget\" data-e-type=\"widget\" data-widget_type=\"text-editor.default\">\n\t\t\t\t\t\t\t\t\t<p>TUVATEXTIL s&rsquo;engage \u00e0 maintenir ce site Internet \u00e0 jour et exact. Si toutefois vous trouviez des informations incorrectes ou obsol\u00e8tes, nous vous serions reconnaissants de bien vouloir nous en faire part. Veuillez indiquer o\u00f9 vous avez lu l&rsquo;information sur le site web. Nous la v\u00e9rifierons dans les plus brefs d\u00e9lais. Veuillez envoyer votre demande par courrier \u00e9lectronique \u00e0 l&rsquo;adresse suivante : info@agorafabrics.com.    <\/p><p>Nous ne sommes pas responsables des pertes r\u00e9sultant d&rsquo;inexactitudes ou de donn\u00e9es incompl\u00e8tes, ni des pertes r\u00e9sultant de probl\u00e8mes caus\u00e9s par ou inh\u00e9rents \u00e0 la diffusion d&rsquo;informations via l&rsquo;internet, tels que des interruptions ou des pannes. Lors de l&rsquo;utilisation de formulaires web, nous nous effor\u00e7ons de r\u00e9duire au minimum le nombre de champs obligatoires. Pour toute perte subie suite \u00e0 l&rsquo;utilisation de donn\u00e9es, de conseils ou d&rsquo;id\u00e9es fournis par ou au nom de TUVATEXTIL \u00e0 travers ce site web, TUVATEXTIL n&rsquo;accepte aucune responsabilit\u00e9.  <\/p><p>Les r\u00e9ponses et les questions relatives \u00e0 la protection de la vie priv\u00e9e envoy\u00e9es par courrier \u00e9lectronique ou par le biais d&rsquo;un formulaire en ligne seront trait\u00e9es de la m\u00eame mani\u00e8re que les lettres. Cela signifie que vous pouvez attendre une r\u00e9ponse de notre part dans un d\u00e9lai maximum d&rsquo;un mois. Dans le cas de demandes complexes, nous vous informerons dans un d\u00e9lai d&rsquo;un mois si nous avons besoin d&rsquo;un maximum de trois mois.  <\/p><p>Toutes les donn\u00e9es personnelles que vous nous fournissez dans le cadre de votre r\u00e9ponse ou de votre demande d&rsquo;information ne seront utilis\u00e9es que conform\u00e9ment \u00e0 notre d\u00e9claration de confidentialit\u00e9.<\/p><p>TUVATEXTIL fera tous les efforts raisonnables pour prot\u00e9ger ses syst\u00e8mes contre toute forme d&rsquo;utilisation ill\u00e9gale. TUVATEXTIL mettra en \u0153uvre les mesures techniques et organisationnelles appropri\u00e9es \u00e0 cette fin, en tenant compte, entre autres, de l&rsquo;\u00e9tat de la technique. Toutefois, elle ne sera pas responsable des dommages, directs et\/ou indirects, subis par un utilisateur du site web, r\u00e9sultant de l&rsquo;utilisation illicite de ses syst\u00e8mes par un tiers.  <\/p><p>TUVATEXTIL n&rsquo;est pas responsable du contenu des sites web auxquels renvoient les hyperliens ou autres r\u00e9f\u00e9rences. Les produits ou services offerts par des tiers sont soumis aux conditions applicables de ces tiers. <\/p><p>Nos collaborateurs mettent tout en \u0153uvre pour garantir l&rsquo;accessibilit\u00e9 de notre site web et l&rsquo;am\u00e9liorer en permanence. M\u00eame pour les personnes qui utilisent des logiciels sp\u00e9ciaux en raison d&rsquo;un handicap. <\/p><p>Ce site web a \u00e9t\u00e9 con\u00e7u conform\u00e9ment aux directives WCAG 2.1 de niveau AA. Ces directives sont des accords internationalement reconnus sur l&rsquo;accessibilit\u00e9, la durabilit\u00e9, l&rsquo;interchangeabilit\u00e9 et la facilit\u00e9 de recherche des sites web. <\/p><p>Tous les droits de propri\u00e9t\u00e9 intellectuelle sur le contenu de ce site appartiennent \u00e0 TUVATEXTIL.<\/p><p>La copie, la diffusion et toute autre utilisation de ce mat\u00e9riel sont interdites sans l&rsquo;autorisation \u00e9crite de TUVATEXTIL, sauf et seulement dans la mesure o\u00f9 les dispositions l\u00e9gales obligatoires le pr\u00e9voient (comme le droit de citation), \u00e0 moins que le contenu sp\u00e9cifique n&rsquo;en d\u00e9cide autrement.<\/p><p>Si vous avez des questions ou des probl\u00e8mes concernant l&rsquo;accessibilit\u00e9 du site web, n&rsquo;h\u00e9sitez pas \u00e0 nous contacter.<\/p>\t\t\t\t\t\t\t\t<\/div>\n\t\t\t\t\t<\/div>\n\t\t\t\t<\/div>\n\t\t\t\t<\/div>\n\t\t","protected":false},"excerpt":{"rendered":"<p>TUVATEXTIL s&rsquo;engage \u00e0 maintenir ce site Internet \u00e0 jour et exact. Si toutefois vous trouviez des informations incorrectes ou obsol\u00e8tes, nous vous serions reconnaissants de bien vouloir nous en faire part. Veuillez indiquer o\u00f9 vous avez lu l&rsquo;information sur le site web. Nous la v\u00e9rifierons dans les plus brefs d\u00e9lais. Veuillez envoyer votre demande par [&hellip;]<\/p>\n","protected":false},"author":1,"featured_media":0,"parent":0,"menu_order":0,"comment_status":"closed","ping_status":"closed","template":"","meta":{"_acf_changed":false,"footnotes":""},"class_list":["post-24362","page","type-page","status-publish","hentry"],"acf":[],"yoast_head":"<!-- This site is optimized with the Yoast SEO plugin v27.4 - https:\/\/yoast.com\/product\/yoast-seo-wordpress\/ -->\n<title>Accessibilit\u00e9 - Agora<\/title>\n<meta name=\"robots\" content=\"index, follow, max-snippet:-1, max-image-preview:large, max-video-preview:-1\" \/>\n<link rel=\"canonical\" href=\"https:\/\/agorafabrics.com\/fr\/accessibilite\/\" \/>\n<meta property=\"og:locale\" content=\"fr_FR\" \/>\n<meta property=\"og:type\" content=\"article\" \/>\n<meta property=\"og:title\" content=\"Accessibilit\u00e9 - Agora\" \/>\n<meta property=\"og:description\" content=\"TUVATEXTIL s&rsquo;engage \u00e0 maintenir ce site Internet \u00e0 jour et exact. Si toutefois vous trouviez des informations incorrectes ou obsol\u00e8tes, nous vous serions reconnaissants de bien vouloir nous en faire part. Veuillez indiquer o\u00f9 vous avez lu l&rsquo;information sur le site web. Nous la v\u00e9rifierons dans les plus brefs d\u00e9lais. Veuillez envoyer votre demande par [&hellip;]\" \/>\n<meta property=\"og:url\" content=\"https:\/\/agorafabrics.com\/fr\/accessibilite\/\" \/>\n<meta property=\"og:site_name\" content=\"Agora\" \/>\n<meta property=\"article:publisher\" content=\"https:\/\/www.facebook.com\/agorafabrics\/\" \/>\n<meta property=\"article:modified_time\" content=\"2026-02-10T15:00:37+00:00\" \/>\n<meta name=\"twitter:card\" content=\"summary_large_image\" \/>\n<meta name=\"twitter:label1\" content=\"Dur\u00e9e de lecture estim\u00e9e\" \/>\n\t<meta name=\"twitter:data1\" content=\"3 minutes\" \/>\n<script type=\"application\/ld+json\" class=\"yoast-schema-graph\">{\"@context\":\"https:\\\/\\\/schema.org\",\"@graph\":[{\"@type\":\"WebPage\",\"@id\":\"https:\\\/\\\/agorafabrics.com\\\/fr\\\/accessibilite\\\/\",\"url\":\"https:\\\/\\\/agorafabrics.com\\\/fr\\\/accessibilite\\\/\",\"name\":\"Accessibilit\u00e9 - Agora\",\"isPartOf\":{\"@id\":\"https:\\\/\\\/agorafabrics.com\\\/fr\\\/#website\"},\"datePublished\":\"2025-04-02T14:24:02+00:00\",\"dateModified\":\"2026-02-10T15:00:37+00:00\",\"breadcrumb\":{\"@id\":\"https:\\\/\\\/agorafabrics.com\\\/fr\\\/accessibilite\\\/#breadcrumb\"},\"inLanguage\":\"fr-FR\",\"potentialAction\":[{\"@type\":\"ReadAction\",\"target\":[\"https:\\\/\\\/agorafabrics.com\\\/fr\\\/accessibilite\\\/\"]}]},{\"@type\":\"BreadcrumbList\",\"@id\":\"https:\\\/\\\/agorafabrics.com\\\/fr\\\/accessibilite\\\/#breadcrumb\",\"itemListElement\":[{\"@type\":\"ListItem\",\"position\":1,\"name\":\"Portada\",\"item\":\"https:\\\/\\\/agorafabrics.com\\\/fr\\\/accueil\\\/\"},{\"@type\":\"ListItem\",\"position\":2,\"name\":\"Accessibilit\u00e9\"}]},{\"@type\":\"WebSite\",\"@id\":\"https:\\\/\\\/agorafabrics.com\\\/fr\\\/#website\",\"url\":\"https:\\\/\\\/agorafabrics.com\\\/fr\\\/\",\"name\":\"Agora\",\"description\":\"F\u00e1brica de tejidos y telas para exterior\",\"publisher\":{\"@id\":\"https:\\\/\\\/agorafabrics.com\\\/fr\\\/#organization\"},\"potentialAction\":[{\"@type\":\"SearchAction\",\"target\":{\"@type\":\"EntryPoint\",\"urlTemplate\":\"https:\\\/\\\/agorafabrics.com\\\/fr\\\/?s={search_term_string}\"},\"query-input\":{\"@type\":\"PropertyValueSpecification\",\"valueRequired\":true,\"valueName\":\"search_term_string\"}}],\"inLanguage\":\"fr-FR\"},{\"@type\":\"Organization\",\"@id\":\"https:\\\/\\\/agorafabrics.com\\\/fr\\\/#organization\",\"name\":\"Tissus Agora\",\"url\":\"https:\\\/\\\/agorafabrics.com\\\/fr\\\/\",\"logo\":{\"@type\":\"ImageObject\",\"inLanguage\":\"fr-FR\",\"@id\":\"https:\\\/\\\/agorafabrics.com\\\/fr\\\/#\\\/schema\\\/logo\\\/image\\\/\",\"url\":\"https:\\\/\\\/agorafabrics.com\\\/wp-content\\\/uploads\\\/2024\\\/07\\\/Agora-Logo.jpg\",\"contentUrl\":\"https:\\\/\\\/agorafabrics.com\\\/wp-content\\\/uploads\\\/2024\\\/07\\\/Agora-Logo.jpg\",\"width\":2292,\"height\":756,\"caption\":\"Tissus Agora\"},\"image\":{\"@id\":\"https:\\\/\\\/agorafabrics.com\\\/fr\\\/#\\\/schema\\\/logo\\\/image\\\/\"},\"sameAs\":[\"https:\\\/\\\/www.facebook.com\\\/agorafabrics\\\/\",\"https:\\\/\\\/www.instagram.com\\\/agorafabrics\\\/\",\"https:\\\/\\\/www.linkedin.com\\\/company\\\/tuvatextil\\\/\",\"https:\\\/\\\/vimeo.com\\\/user139090508\",\"https:\\\/\\\/www.youtube.com\\\/channel\\\/UC6iNTVqBR6UsJBzO5OZTymw\",\"https:\\\/\\\/www.pinterest.es\\\/agorafabrics\\\/\"]}]}<\/script>\n<!-- \/ Yoast SEO plugin. -->","yoast_head_json":{"title":"Accessibilit\u00e9 - Agora","robots":{"index":"index","follow":"follow","max-snippet":"max-snippet:-1","max-image-preview":"max-image-preview:large","max-video-preview":"max-video-preview:-1"},"canonical":"https:\/\/agorafabrics.com\/fr\/accessibilite\/","og_locale":"fr_FR","og_type":"article","og_title":"Accessibilit\u00e9 - Agora","og_description":"TUVATEXTIL s&rsquo;engage \u00e0 maintenir ce site Internet \u00e0 jour et exact. Si toutefois vous trouviez des informations incorrectes ou obsol\u00e8tes, nous vous serions reconnaissants de bien vouloir nous en faire part. Veuillez indiquer o\u00f9 vous avez lu l&rsquo;information sur le site web. Nous la v\u00e9rifierons dans les plus brefs d\u00e9lais. Veuillez envoyer votre demande par [&hellip;]","og_url":"https:\/\/agorafabrics.com\/fr\/accessibilite\/","og_site_name":"Agora","article_publisher":"https:\/\/www.facebook.com\/agorafabrics\/","article_modified_time":"2026-02-10T15:00:37+00:00","twitter_card":"summary_large_image","twitter_misc":{"Dur\u00e9e de lecture estim\u00e9e":"3 minutes"},"schema":{"@context":"https:\/\/schema.org","@graph":[{"@type":"WebPage","@id":"https:\/\/agorafabrics.com\/fr\/accessibilite\/","url":"https:\/\/agorafabrics.com\/fr\/accessibilite\/","name":"Accessibilit\u00e9 - Agora","isPartOf":{"@id":"https:\/\/agorafabrics.com\/fr\/#website"},"datePublished":"2025-04-02T14:24:02+00:00","dateModified":"2026-02-10T15:00:37+00:00","breadcrumb":{"@id":"https:\/\/agorafabrics.com\/fr\/accessibilite\/#breadcrumb"},"inLanguage":"fr-FR","potentialAction":[{"@type":"ReadAction","target":["https:\/\/agorafabrics.com\/fr\/accessibilite\/"]}]},{"@type":"BreadcrumbList","@id":"https:\/\/agorafabrics.com\/fr\/accessibilite\/#breadcrumb","itemListElement":[{"@type":"ListItem","position":1,"name":"Portada","item":"https:\/\/agorafabrics.com\/fr\/accueil\/"},{"@type":"ListItem","position":2,"name":"Accessibilit\u00e9"}]},{"@type":"WebSite","@id":"https:\/\/agorafabrics.com\/fr\/#website","url":"https:\/\/agorafabrics.com\/fr\/","name":"Agora","description":"F\u00e1brica de tejidos y telas para exterior","publisher":{"@id":"https:\/\/agorafabrics.com\/fr\/#organization"},"potentialAction":[{"@type":"SearchAction","target":{"@type":"EntryPoint","urlTemplate":"https:\/\/agorafabrics.com\/fr\/?s={search_term_string}"},"query-input":{"@type":"PropertyValueSpecification","valueRequired":true,"valueName":"search_term_string"}}],"inLanguage":"fr-FR"},{"@type":"Organization","@id":"https:\/\/agorafabrics.com\/fr\/#organization","name":"Tissus Agora","url":"https:\/\/agorafabrics.com\/fr\/","logo":{"@type":"ImageObject","inLanguage":"fr-FR","@id":"https:\/\/agorafabrics.com\/fr\/#\/schema\/logo\/image\/","url":"https:\/\/agorafabrics.com\/wp-content\/uploads\/2024\/07\/Agora-Logo.jpg","contentUrl":"https:\/\/agorafabrics.com\/wp-content\/uploads\/2024\/07\/Agora-Logo.jpg","width":2292,"height":756,"caption":"Tissus Agora"},"image":{"@id":"https:\/\/agorafabrics.com\/fr\/#\/schema\/logo\/image\/"},"sameAs":["https:\/\/www.facebook.com\/agorafabrics\/","https:\/\/www.instagram.com\/agorafabrics\/","https:\/\/www.linkedin.com\/company\/tuvatextil\/","https:\/\/vimeo.com\/user139090508","https:\/\/www.youtube.com\/channel\/UC6iNTVqBR6UsJBzO5OZTymw","https:\/\/www.pinterest.es\/agorafabrics\/"]}]}},"_links":{"self":[{"href":"https:\/\/agorafabrics.com\/fr\/wp-json\/wp\/v2\/pages\/24362","targetHints":{"allow":["GET"]}}],"collection":[{"href":"https:\/\/agorafabrics.com\/fr\/wp-json\/wp\/v2\/pages"}],"about":[{"href":"https:\/\/agorafabrics.com\/fr\/wp-json\/wp\/v2\/types\/page"}],"author":[{"embeddable":true,"href":"https:\/\/agorafabrics.com\/fr\/wp-json\/wp\/v2\/users\/1"}],"replies":[{"embeddable":true,"href":"https:\/\/agorafabrics.com\/fr\/wp-json\/wp\/v2\/comments?post=24362"}],"version-history":[{"count":0,"href":"https:\/\/agorafabrics.com\/fr\/wp-json\/wp\/v2\/pages\/24362\/revisions"}],"wp:attachment":[{"href":"https:\/\/agorafabrics.com\/fr\/wp-json\/wp\/v2\/media?parent=24362"}],"curies":[{"name":"wp","href":"https:\/\/api.w.org\/{rel}","templated":true}]}}