{"id":24336,"date":"2025-04-02T16:24:02","date_gmt":"2025-04-02T14:24:02","guid":{"rendered":"https:\/\/agorafabrics.com\/declaration-de-confidentialite-ue\/"},"modified":"2026-02-10T16:00:32","modified_gmt":"2026-02-10T15:00:32","slug":"declaration-de-confidentialite-ue","status":"publish","type":"page","link":"https:\/\/agorafabrics.com\/fr\/declaration-de-confidentialite-ue\/","title":{"rendered":"D\u00e9claration de confidentialit\u00e9 (UE)"},"content":{"rendered":"\t\t<div data-elementor-type=\"wp-page\" data-elementor-id=\"24336\" class=\"elementor elementor-24336 elementor-3562\" data-elementor-post-type=\"page\">\n\t\t\t\t<div class=\"elementor-element elementor-element-5fde5cb e-flex e-con-boxed e-con e-parent\" data-id=\"5fde5cb\" data-element_type=\"container\" data-e-type=\"container\">\n\t\t\t\t\t<div class=\"e-con-inner\">\n\t\t\t\t<div class=\"elementor-element elementor-element-48df122 elementor-widget elementor-widget-heading\" data-id=\"48df122\" data-element_type=\"widget\" data-e-type=\"widget\" data-widget_type=\"heading.default\">\n\t\t\t\t\t<h1 class=\"elementor-heading-title elementor-size-default\">D\u00e9claration de confidentialit\u00e9 (UE)<\/h1>\t\t\t\t<\/div>\n\t\t\t\t<div class=\"elementor-element elementor-element-8a8e48c elementor-widget elementor-widget-text-editor\" data-id=\"8a8e48c\" data-element_type=\"widget\" data-e-type=\"widget\" data-widget_type=\"text-editor.default\">\n\t\t\t\t\t\t\t\t\t<p><strong>1. INFORMATIONS SUR L&rsquo;UTILISATEUR<\/strong><\/p><p><strong>Qui est responsable du traitement de vos donn\u00e9es personnelles ?<\/strong><br>TUVATEXTIL est RESPONSABLE du traitement des donn\u00e9es personnelles de l&rsquo;UTILISATEUR et informe l&rsquo;UTILISATEUR que ces donn\u00e9es seront trait\u00e9es conform\u00e9ment aux dispositions du r\u00e8glement (UE) 2016\/679, du 27 avril (GDPR), et de la loi organique 3\/2018, du 5 d\u00e9cembre (LOPDGDD).<\/p><p><strong>Pourquoi traitons-nous vos donn\u00e9es personnelles ?<\/strong><br>maintenir une relation commerciale avec l&rsquo;utilisateur. Les op\u00e9rations envisag\u00e9es pour effectuer le traitement sont : <\/p><p>Envoyer des communications commerciales publicitaires par courrier \u00e9lectronique, fax, SMS, MMS, r\u00e9seaux sociaux ou tout autre moyen \u00e9lectronique ou physique, pr\u00e9sent ou futur, permettant des communications commerciales. Ces communications seront r\u00e9alis\u00e9es par le RESPONSABLE et porteront sur ses produits et services, ou sur ceux de ses collaborateurs ou fournisseurs, avec lesquels il a conclu un accord promotionnel. Dans ce cas, les tiers n&rsquo;auront jamais acc\u00e8s aux donn\u00e9es personnelles.<br>R\u00e9aliser des \u00e9tudes de march\u00e9 et des analyses statistiques.<br>Traiter les commandes, les demandes, r\u00e9pondre aux questions ou \u00e0 tout type de demande formul\u00e9e par l&rsquo;UTILISATEUR par le biais de l&rsquo;un des formulaires de contact disponibles sur le site Web du RESPONSABLE.<br>Envoyer le bulletin d&rsquo;information en ligne, les nouvelles, les offres et les promotions de notre entreprise.  <\/p><p><strong>Combien de temps conserverons-nous vos donn\u00e9es personnelles ?<\/strong><\/p><p>Elles sont conserv\u00e9es pendant une dur\u00e9e n&rsquo;exc\u00e9dant pas celle n\u00e9cessaire \u00e0 la r\u00e9alisation de la finalit\u00e9 du traitement ou \u00e0 la satisfaction d&rsquo;exigences l\u00e9gales imposant leur conservation et, lorsqu&rsquo;elles ne sont plus n\u00e9cessaires \u00e0 cette finalit\u00e9, elles sont effac\u00e9es avec des mesures de s\u00e9curit\u00e9 appropri\u00e9es pour garantir l&rsquo;anonymisation des donn\u00e9es ou leur destruction totale.<\/p><p><strong>\u00c0 qui fournissons-nous vos donn\u00e9es personnelles ?<\/strong><\/p><p>Aucune communication de donn\u00e9es \u00e0 caract\u00e8re personnel \u00e0 des tiers n&rsquo;est pr\u00e9vue, sauf, si cela est n\u00e9cessaire au d\u00e9veloppement et \u00e0 l&rsquo;ex\u00e9cution des finalit\u00e9s du traitement, \u00e0 nos prestataires de services li\u00e9s aux communications, avec lesquels le RESPONSABLE a sign\u00e9 les contrats de confidentialit\u00e9 et de traitement des donn\u00e9es requis par la r\u00e9glementation en vigueur en mati\u00e8re de protection de la vie priv\u00e9e.<\/p><p><strong>Quels sont vos droits ?<\/strong><\/p><p>Les droits de l&rsquo;UTILISATEUR sont les suivants :<\/p><p>Droit de retirer son consentement \u00e0 tout moment.<br>Droit d&rsquo;acc\u00e8s, de rectification, de portabilit\u00e9 et d&rsquo;effacement de vos donn\u00e9es, ainsi que de limitation ou d&rsquo;opposition \u00e0 leur traitement.<br>Droit d&rsquo;introduire une r\u00e9clamation aupr\u00e8s de l&rsquo;autorit\u00e9 de contr\u00f4le (www.aepd.es) si vous estimez que le traitement n&rsquo;est pas conforme \u00e0 la r\u00e9glementation en vigueur.<\/p><p><strong>Coordonn\u00e9es pour l&rsquo;exercice de vos droits :<\/strong><br>TUVATEXTIL. Carretera Pl\u00e1 de Santa Mar\u00eda, s\/n &#8211; 43817 El Pont d&rsquo;Armentera (Tarragona). Courriel : lopd@tuvatextil.com  <\/p><p><strong>Pourquoi pouvons-nous traiter vos donn\u00e9es personnelles ?<\/strong><\/p><p>Parce que le traitement est l\u00e9gitim\u00e9 par l&rsquo;article 6 du GDPR comme suit :<br>Avec le consentement de l&rsquo;UTILISATEUR : envoi de communications commerciales et du bulletin d&rsquo;information. Pour l&rsquo;int\u00e9r\u00eat l\u00e9gitime du RESPONSABLE : r\u00e9aliser des \u00e9tudes de march\u00e9, des analyses statistiques, etc. et traiter les commandes, les demandes, etc. \u00e0 la demande de l&rsquo;UTILISATEUR. <\/p><p>Aucune communication de donn\u00e9es \u00e0 caract\u00e8re personnel \u00e0 des tiers n&rsquo;est pr\u00e9vue, sauf, si cela est n\u00e9cessaire au d\u00e9veloppement et \u00e0 l&rsquo;ex\u00e9cution des finalit\u00e9s du traitement, \u00e0 nos prestataires de services li\u00e9s aux communications, avec lesquels le RESPONSABLE a sign\u00e9 les contrats de confidentialit\u00e9 et de traitement des donn\u00e9es requis par la r\u00e9glementation en vigueur en mati\u00e8re de protection de la vie priv\u00e9e.<\/p><p><strong>2. LE CARACT\u00c8RE OBLIGATOIRE OU FACULTATIF DES INFORMATIONS FOURNIES PAR L&rsquo;UTILISATEUR<\/strong><\/p><p>Les UTILISATEURS, en cochant les cases correspondantes et en saisissant les donn\u00e9es dans les champs marqu\u00e9s d&rsquo;un ast\u00e9risque (*) dans le formulaire de contact ou pr\u00e9sent\u00e9s dans les formulaires de t\u00e9l\u00e9chargement, acceptent express\u00e9ment, librement et sans \u00e9quivoque que leurs donn\u00e9es soient n\u00e9cessaires pour r\u00e9pondre \u00e0 leur demande, par le fournisseur, \u00e9tant volontaire l&rsquo;inclusion de donn\u00e9es dans les champs restants. L&rsquo;UTILISATEUR garantit que les donn\u00e9es personnelles fournies au RESPONSABLE sont v\u00e9ridiques et est responsable de la communication de tout changement les concernant.<br>Le RESPONSABLE informe que toutes les donn\u00e9es demand\u00e9es par le biais du site Web sont obligatoires, car elles sont n\u00e9cessaires \u00e0 la fourniture d&rsquo;un service optimal \u00e0 l&rsquo;UTILISATEUR. Dans le cas o\u00f9 toutes les donn\u00e9es ne seraient pas fournies, il n&rsquo;y a aucune garantie que les informations et les services fournis seront totalement adapt\u00e9s \u00e0 vos besoins.  <\/p><p><strong>3. LES MESURES DE S\u00c9CURIT\u00c9<\/strong><\/p><p>Que conform\u00e9ment aux dispositions de la r\u00e9glementation en vigueur en mati\u00e8re de protection des donn\u00e9es \u00e0 caract\u00e8re personnel, le RESPONSABLE respecte l&rsquo;ensemble des dispositions du RGPD et de la LOPDGDD pour le traitement des donn\u00e9es \u00e0 caract\u00e8re personnel sous sa responsabilit\u00e9, et manifestement les principes d\u00e9crits \u00e0 l&rsquo;article 5 du RGPD, selon lesquels elles sont trait\u00e9es de mani\u00e8re licite, loyale et transparente \u00e0 l&rsquo;\u00e9gard de la personne concern\u00e9e et sont ad\u00e9quates, pertinentes et limit\u00e9es \u00e0 ce qui est n\u00e9cessaire au regard des finalit\u00e9s pour lesquelles elles sont trait\u00e9es.<\/p><p>Le RESPONSABLE garantit qu&rsquo;il a mis en \u0153uvre les politiques techniques et organisationnelles appropri\u00e9es pour appliquer les mesures de s\u00e9curit\u00e9 \u00e9tablies par le GDPR et la LOPDGDD afin de prot\u00e9ger les droits et libert\u00e9s des UTILISATEURS et qu&rsquo;il leur a communiqu\u00e9 les informations appropri\u00e9es pour qu&rsquo;ils puissent les exercer.<\/p><p>Pour plus d&rsquo;informations sur les garanties de confidentialit\u00e9, vous pouvez contacter le RESPONSABLE par l&rsquo;interm\u00e9diaire de TUVATEXTIL. Carretera Pl\u00e1 de Santa Mar\u00eda, s\/n &#8211; 43817 El Pont d&rsquo;Armentera (Tarragona). Courriel : lopd@tuvatextil.com  <\/p>\t\t\t\t\t\t\t\t<\/div>\n\t\t\t\t\t<\/div>\n\t\t\t\t<\/div>\n\t\t\t\t<\/div>\n\t\t","protected":false},"excerpt":{"rendered":"<p>1. INFORMATIONS SUR L&rsquo;UTILISATEUR Qui est responsable du traitement de vos donn\u00e9es personnelles ?TUVATEXTIL est RESPONSABLE du traitement des donn\u00e9es personnelles de l&rsquo;UTILISATEUR et informe l&rsquo;UTILISATEUR que ces donn\u00e9es seront trait\u00e9es conform\u00e9ment aux dispositions du r\u00e8glement (UE) 2016\/679, du 27 avril (GDPR), et de la loi organique 3\/2018, du 5 d\u00e9cembre (LOPDGDD). Pourquoi traitons-nous vos [&hellip;]<\/p>\n","protected":false},"author":1,"featured_media":0,"parent":0,"menu_order":0,"comment_status":"closed","ping_status":"closed","template":"","meta":{"_acf_changed":false,"footnotes":""},"class_list":["post-24336","page","type-page","status-publish","hentry"],"acf":[],"yoast_head":"<!-- This site is optimized with the Yoast SEO plugin v27.4 - https:\/\/yoast.com\/product\/yoast-seo-wordpress\/ -->\n<title>D\u00e9claration de confidentialit\u00e9 (UE) - Agora<\/title>\n<meta name=\"robots\" content=\"index, follow, max-snippet:-1, max-image-preview:large, max-video-preview:-1\" \/>\n<link rel=\"canonical\" href=\"https:\/\/agorafabrics.com\/fr\/declaration-de-confidentialite-ue\/\" \/>\n<meta property=\"og:locale\" content=\"fr_FR\" \/>\n<meta property=\"og:type\" content=\"article\" \/>\n<meta property=\"og:title\" content=\"D\u00e9claration de confidentialit\u00e9 (UE) - Agora\" \/>\n<meta property=\"og:description\" content=\"1. INFORMATIONS SUR L&rsquo;UTILISATEUR Qui est responsable du traitement de vos donn\u00e9es personnelles ?TUVATEXTIL est RESPONSABLE du traitement des donn\u00e9es personnelles de l&rsquo;UTILISATEUR et informe l&rsquo;UTILISATEUR que ces donn\u00e9es seront trait\u00e9es conform\u00e9ment aux dispositions du r\u00e8glement (UE) 2016\/679, du 27 avril (GDPR), et de la loi organique 3\/2018, du 5 d\u00e9cembre (LOPDGDD). Pourquoi traitons-nous vos [&hellip;]\" \/>\n<meta property=\"og:url\" content=\"https:\/\/agorafabrics.com\/fr\/declaration-de-confidentialite-ue\/\" \/>\n<meta property=\"og:site_name\" content=\"Agora\" \/>\n<meta property=\"article:publisher\" content=\"https:\/\/www.facebook.com\/agorafabrics\/\" \/>\n<meta property=\"article:modified_time\" content=\"2026-02-10T15:00:32+00:00\" \/>\n<meta name=\"twitter:card\" content=\"summary_large_image\" \/>\n<meta name=\"twitter:label1\" content=\"Dur\u00e9e de lecture estim\u00e9e\" \/>\n\t<meta name=\"twitter:data1\" content=\"5 minutes\" \/>\n<script type=\"application\/ld+json\" class=\"yoast-schema-graph\">{\"@context\":\"https:\\\/\\\/schema.org\",\"@graph\":[{\"@type\":\"WebPage\",\"@id\":\"https:\\\/\\\/agorafabrics.com\\\/fr\\\/declaration-de-confidentialite-ue\\\/\",\"url\":\"https:\\\/\\\/agorafabrics.com\\\/fr\\\/declaration-de-confidentialite-ue\\\/\",\"name\":\"D\u00e9claration de confidentialit\u00e9 (UE) - Agora\",\"isPartOf\":{\"@id\":\"https:\\\/\\\/agorafabrics.com\\\/fr\\\/#website\"},\"datePublished\":\"2025-04-02T14:24:02+00:00\",\"dateModified\":\"2026-02-10T15:00:32+00:00\",\"breadcrumb\":{\"@id\":\"https:\\\/\\\/agorafabrics.com\\\/fr\\\/declaration-de-confidentialite-ue\\\/#breadcrumb\"},\"inLanguage\":\"fr-FR\",\"potentialAction\":[{\"@type\":\"ReadAction\",\"target\":[\"https:\\\/\\\/agorafabrics.com\\\/fr\\\/declaration-de-confidentialite-ue\\\/\"]}]},{\"@type\":\"BreadcrumbList\",\"@id\":\"https:\\\/\\\/agorafabrics.com\\\/fr\\\/declaration-de-confidentialite-ue\\\/#breadcrumb\",\"itemListElement\":[{\"@type\":\"ListItem\",\"position\":1,\"name\":\"Portada\",\"item\":\"https:\\\/\\\/agorafabrics.com\\\/fr\\\/accueil\\\/\"},{\"@type\":\"ListItem\",\"position\":2,\"name\":\"D\u00e9claration de confidentialit\u00e9 (UE)\"}]},{\"@type\":\"WebSite\",\"@id\":\"https:\\\/\\\/agorafabrics.com\\\/fr\\\/#website\",\"url\":\"https:\\\/\\\/agorafabrics.com\\\/fr\\\/\",\"name\":\"Agora\",\"description\":\"F\u00e1brica de tejidos y telas para exterior\",\"publisher\":{\"@id\":\"https:\\\/\\\/agorafabrics.com\\\/fr\\\/#organization\"},\"potentialAction\":[{\"@type\":\"SearchAction\",\"target\":{\"@type\":\"EntryPoint\",\"urlTemplate\":\"https:\\\/\\\/agorafabrics.com\\\/fr\\\/?s={search_term_string}\"},\"query-input\":{\"@type\":\"PropertyValueSpecification\",\"valueRequired\":true,\"valueName\":\"search_term_string\"}}],\"inLanguage\":\"fr-FR\"},{\"@type\":\"Organization\",\"@id\":\"https:\\\/\\\/agorafabrics.com\\\/fr\\\/#organization\",\"name\":\"Tissus Agora\",\"url\":\"https:\\\/\\\/agorafabrics.com\\\/fr\\\/\",\"logo\":{\"@type\":\"ImageObject\",\"inLanguage\":\"fr-FR\",\"@id\":\"https:\\\/\\\/agorafabrics.com\\\/fr\\\/#\\\/schema\\\/logo\\\/image\\\/\",\"url\":\"https:\\\/\\\/agorafabrics.com\\\/wp-content\\\/uploads\\\/2024\\\/07\\\/Agora-Logo.jpg\",\"contentUrl\":\"https:\\\/\\\/agorafabrics.com\\\/wp-content\\\/uploads\\\/2024\\\/07\\\/Agora-Logo.jpg\",\"width\":2292,\"height\":756,\"caption\":\"Tissus Agora\"},\"image\":{\"@id\":\"https:\\\/\\\/agorafabrics.com\\\/fr\\\/#\\\/schema\\\/logo\\\/image\\\/\"},\"sameAs\":[\"https:\\\/\\\/www.facebook.com\\\/agorafabrics\\\/\",\"https:\\\/\\\/www.instagram.com\\\/agorafabrics\\\/\",\"https:\\\/\\\/www.linkedin.com\\\/company\\\/tuvatextil\\\/\",\"https:\\\/\\\/vimeo.com\\\/user139090508\",\"https:\\\/\\\/www.youtube.com\\\/channel\\\/UC6iNTVqBR6UsJBzO5OZTymw\",\"https:\\\/\\\/www.pinterest.es\\\/agorafabrics\\\/\"]}]}<\/script>\n<!-- \/ Yoast SEO plugin. -->","yoast_head_json":{"title":"D\u00e9claration de confidentialit\u00e9 (UE) - Agora","robots":{"index":"index","follow":"follow","max-snippet":"max-snippet:-1","max-image-preview":"max-image-preview:large","max-video-preview":"max-video-preview:-1"},"canonical":"https:\/\/agorafabrics.com\/fr\/declaration-de-confidentialite-ue\/","og_locale":"fr_FR","og_type":"article","og_title":"D\u00e9claration de confidentialit\u00e9 (UE) - Agora","og_description":"1. INFORMATIONS SUR L&rsquo;UTILISATEUR Qui est responsable du traitement de vos donn\u00e9es personnelles ?TUVATEXTIL est RESPONSABLE du traitement des donn\u00e9es personnelles de l&rsquo;UTILISATEUR et informe l&rsquo;UTILISATEUR que ces donn\u00e9es seront trait\u00e9es conform\u00e9ment aux dispositions du r\u00e8glement (UE) 2016\/679, du 27 avril (GDPR), et de la loi organique 3\/2018, du 5 d\u00e9cembre (LOPDGDD). Pourquoi traitons-nous vos [&hellip;]","og_url":"https:\/\/agorafabrics.com\/fr\/declaration-de-confidentialite-ue\/","og_site_name":"Agora","article_publisher":"https:\/\/www.facebook.com\/agorafabrics\/","article_modified_time":"2026-02-10T15:00:32+00:00","twitter_card":"summary_large_image","twitter_misc":{"Dur\u00e9e de lecture estim\u00e9e":"5 minutes"},"schema":{"@context":"https:\/\/schema.org","@graph":[{"@type":"WebPage","@id":"https:\/\/agorafabrics.com\/fr\/declaration-de-confidentialite-ue\/","url":"https:\/\/agorafabrics.com\/fr\/declaration-de-confidentialite-ue\/","name":"D\u00e9claration de confidentialit\u00e9 (UE) - Agora","isPartOf":{"@id":"https:\/\/agorafabrics.com\/fr\/#website"},"datePublished":"2025-04-02T14:24:02+00:00","dateModified":"2026-02-10T15:00:32+00:00","breadcrumb":{"@id":"https:\/\/agorafabrics.com\/fr\/declaration-de-confidentialite-ue\/#breadcrumb"},"inLanguage":"fr-FR","potentialAction":[{"@type":"ReadAction","target":["https:\/\/agorafabrics.com\/fr\/declaration-de-confidentialite-ue\/"]}]},{"@type":"BreadcrumbList","@id":"https:\/\/agorafabrics.com\/fr\/declaration-de-confidentialite-ue\/#breadcrumb","itemListElement":[{"@type":"ListItem","position":1,"name":"Portada","item":"https:\/\/agorafabrics.com\/fr\/accueil\/"},{"@type":"ListItem","position":2,"name":"D\u00e9claration de confidentialit\u00e9 (UE)"}]},{"@type":"WebSite","@id":"https:\/\/agorafabrics.com\/fr\/#website","url":"https:\/\/agorafabrics.com\/fr\/","name":"Agora","description":"F\u00e1brica de tejidos y telas para exterior","publisher":{"@id":"https:\/\/agorafabrics.com\/fr\/#organization"},"potentialAction":[{"@type":"SearchAction","target":{"@type":"EntryPoint","urlTemplate":"https:\/\/agorafabrics.com\/fr\/?s={search_term_string}"},"query-input":{"@type":"PropertyValueSpecification","valueRequired":true,"valueName":"search_term_string"}}],"inLanguage":"fr-FR"},{"@type":"Organization","@id":"https:\/\/agorafabrics.com\/fr\/#organization","name":"Tissus Agora","url":"https:\/\/agorafabrics.com\/fr\/","logo":{"@type":"ImageObject","inLanguage":"fr-FR","@id":"https:\/\/agorafabrics.com\/fr\/#\/schema\/logo\/image\/","url":"https:\/\/agorafabrics.com\/wp-content\/uploads\/2024\/07\/Agora-Logo.jpg","contentUrl":"https:\/\/agorafabrics.com\/wp-content\/uploads\/2024\/07\/Agora-Logo.jpg","width":2292,"height":756,"caption":"Tissus Agora"},"image":{"@id":"https:\/\/agorafabrics.com\/fr\/#\/schema\/logo\/image\/"},"sameAs":["https:\/\/www.facebook.com\/agorafabrics\/","https:\/\/www.instagram.com\/agorafabrics\/","https:\/\/www.linkedin.com\/company\/tuvatextil\/","https:\/\/vimeo.com\/user139090508","https:\/\/www.youtube.com\/channel\/UC6iNTVqBR6UsJBzO5OZTymw","https:\/\/www.pinterest.es\/agorafabrics\/"]}]}},"_links":{"self":[{"href":"https:\/\/agorafabrics.com\/fr\/wp-json\/wp\/v2\/pages\/24336","targetHints":{"allow":["GET"]}}],"collection":[{"href":"https:\/\/agorafabrics.com\/fr\/wp-json\/wp\/v2\/pages"}],"about":[{"href":"https:\/\/agorafabrics.com\/fr\/wp-json\/wp\/v2\/types\/page"}],"author":[{"embeddable":true,"href":"https:\/\/agorafabrics.com\/fr\/wp-json\/wp\/v2\/users\/1"}],"replies":[{"embeddable":true,"href":"https:\/\/agorafabrics.com\/fr\/wp-json\/wp\/v2\/comments?post=24336"}],"version-history":[{"count":0,"href":"https:\/\/agorafabrics.com\/fr\/wp-json\/wp\/v2\/pages\/24336\/revisions"}],"wp:attachment":[{"href":"https:\/\/agorafabrics.com\/fr\/wp-json\/wp\/v2\/media?parent=24336"}],"curies":[{"name":"wp","href":"https:\/\/api.w.org\/{rel}","templated":true}]}}