{"id":26480,"date":"2025-09-30T15:30:40","date_gmt":"2025-09-30T13:30:40","guid":{"rendered":"https:\/\/agorafabrics.com\/tejidos\/silmare\/"},"modified":"2026-03-05T12:57:34","modified_gmt":"2026-03-05T11:57:34","slug":"silmare","status":"publish","type":"product","link":"https:\/\/agorafabrics.com\/de\/stoffe\/silmare\/","title":{"rendered":"Silmare"},"content":{"rendered":"<p>Silmare stellt eine Weiterentwicklung der Agora PRO-Linie dar und verbindet fortschrittliche technische Leistung mit raffinierter \u00c4sthetik. Es wurde f\u00fcr anspruchsvolle Au\u00dfenbereiche entwickelt und bietet mit seiner von traditionell gegerbtem Leder inspirierten Farbpalette ein elegantes und hochwertiges Finish, das sich von eher synthetischen Looks unterscheidet. <\/p>\n","protected":false},"excerpt":{"rendered":"<p>Silmare stellt eine Weiterentwicklung der Agora PRO-Linie dar und verbindet fortschrittliche technische Leistung mit raffinierter \u00c4sthetik. Es wurde f\u00fcr anspruchsvolle Au\u00dfenbereiche entwickelt und bietet mit seiner von traditionell gegerbtem Leder inspirierten Farbpalette ein elegantes und hochwertiges Finish, das sich von eher synthetischen Looks unterscheidet.<\/p>\n","protected":false},"featured_media":26500,"template":"","meta":{"_acf_changed":false},"ancho":[],"coleccion":[1169],"estilo":[944],"linea":[1056],"product_cat":[1058],"product_tag":[965],"class_list":{"0":"post-26480","1":"product","2":"type-product","3":"status-publish","4":"has-post-thumbnail","6":"coleccion-seatech","7":"estilo-glatt","8":"linea-agora-pro","9":"product_cat-agora-pro","10":"product_tag-100-losungsgefarbtes-acryl","12":"first","13":"instock","14":"shipping-taxable","15":"product-type-variable","16":"has-default-attributes","17":"wvs-archive-product-wrapper"},"acf":[],"yoast_head":"<!-- This site is optimized with the Yoast SEO plugin v27.4 - https:\/\/yoast.com\/product\/yoast-seo-wordpress\/ -->\n<title>Silmare - Agora<\/title>\n<meta name=\"robots\" content=\"index, follow, max-snippet:-1, max-image-preview:large, max-video-preview:-1\" \/>\n<link rel=\"canonical\" href=\"https:\/\/agorafabrics.com\/de\/stoffe\/silmare\/\" \/>\n<meta property=\"og:locale\" content=\"de_DE\" \/>\n<meta property=\"og:type\" content=\"article\" \/>\n<meta property=\"og:title\" content=\"Silmare - Agora\" \/>\n<meta property=\"og:description\" content=\"Silmare stellt eine Weiterentwicklung der Agora PRO-Linie dar und verbindet fortschrittliche technische Leistung mit raffinierter \u00c4sthetik. Es wurde f\u00fcr anspruchsvolle Au\u00dfenbereiche entwickelt und bietet mit seiner von traditionell gegerbtem Leder inspirierten Farbpalette ein elegantes und hochwertiges Finish, das sich von eher synthetischen Looks unterscheidet.\" \/>\n<meta property=\"og:url\" content=\"https:\/\/agorafabrics.com\/de\/stoffe\/silmare\/\" \/>\n<meta property=\"og:site_name\" content=\"Agora\" \/>\n<meta property=\"article:publisher\" content=\"https:\/\/www.facebook.com\/agorafabrics\/\" \/>\n<meta property=\"article:modified_time\" content=\"2026-03-05T11:57:34+00:00\" \/>\n<meta property=\"og:image\" content=\"https:\/\/agorafabrics.com\/wp-content\/uploads\/2025\/09\/20892_AG_SILMARE_STONE.jpg\" \/>\n\t<meta property=\"og:image:width\" content=\"800\" \/>\n\t<meta property=\"og:image:height\" content=\"800\" \/>\n\t<meta property=\"og:image:type\" content=\"image\/jpeg\" \/>\n<meta name=\"twitter:card\" content=\"summary_large_image\" \/>\n<script type=\"application\/ld+json\" class=\"yoast-schema-graph\">{\"@context\":\"https:\\\/\\\/schema.org\",\"@graph\":[{\"@type\":\"WebPage\",\"@id\":\"https:\\\/\\\/agorafabrics.com\\\/de\\\/stoffe\\\/silmare\\\/\",\"url\":\"https:\\\/\\\/agorafabrics.com\\\/de\\\/stoffe\\\/silmare\\\/\",\"name\":\"Silmare - Agora\",\"isPartOf\":{\"@id\":\"https:\\\/\\\/agorafabrics.com\\\/de\\\/#website\"},\"primaryImageOfPage\":{\"@id\":\"https:\\\/\\\/agorafabrics.com\\\/de\\\/stoffe\\\/silmare\\\/#primaryimage\"},\"image\":{\"@id\":\"https:\\\/\\\/agorafabrics.com\\\/de\\\/stoffe\\\/silmare\\\/#primaryimage\"},\"thumbnailUrl\":\"https:\\\/\\\/agorafabrics.com\\\/wp-content\\\/uploads\\\/2025\\\/09\\\/20892_AG_SILMARE_STONE.jpg\",\"datePublished\":\"2025-09-30T13:30:40+00:00\",\"dateModified\":\"2026-03-05T11:57:34+00:00\",\"breadcrumb\":{\"@id\":\"https:\\\/\\\/agorafabrics.com\\\/de\\\/stoffe\\\/silmare\\\/#breadcrumb\"},\"inLanguage\":\"de\",\"potentialAction\":[{\"@type\":\"ReadAction\",\"target\":[\"https:\\\/\\\/agorafabrics.com\\\/de\\\/stoffe\\\/silmare\\\/\"]}]},{\"@type\":\"ImageObject\",\"inLanguage\":\"de\",\"@id\":\"https:\\\/\\\/agorafabrics.com\\\/de\\\/stoffe\\\/silmare\\\/#primaryimage\",\"url\":\"https:\\\/\\\/agorafabrics.com\\\/wp-content\\\/uploads\\\/2025\\\/09\\\/20892_AG_SILMARE_STONE.jpg\",\"contentUrl\":\"https:\\\/\\\/agorafabrics.com\\\/wp-content\\\/uploads\\\/2025\\\/09\\\/20892_AG_SILMARE_STONE.jpg\",\"width\":800,\"height\":800},{\"@type\":\"BreadcrumbList\",\"@id\":\"https:\\\/\\\/agorafabrics.com\\\/de\\\/stoffe\\\/silmare\\\/#breadcrumb\",\"itemListElement\":[{\"@type\":\"ListItem\",\"position\":1,\"name\":\"Portada\",\"item\":\"https:\\\/\\\/agorafabrics.com\\\/de\\\/startseite\\\/\"},{\"@type\":\"ListItem\",\"position\":2,\"name\":\"Finden Sie Ihren Stoff\",\"item\":\"https:\\\/\\\/agorafabrics.com\\\/de\\\/finden-sie-ihren-stoff\\\/\"},{\"@type\":\"ListItem\",\"position\":3,\"name\":\"Silmare\"}]},{\"@type\":\"WebSite\",\"@id\":\"https:\\\/\\\/agorafabrics.com\\\/de\\\/#website\",\"url\":\"https:\\\/\\\/agorafabrics.com\\\/de\\\/\",\"name\":\"Agora\",\"description\":\"F\u00e1brica de tejidos y telas para exterior\",\"publisher\":{\"@id\":\"https:\\\/\\\/agorafabrics.com\\\/de\\\/#organization\"},\"potentialAction\":[{\"@type\":\"SearchAction\",\"target\":{\"@type\":\"EntryPoint\",\"urlTemplate\":\"https:\\\/\\\/agorafabrics.com\\\/de\\\/?s={search_term_string}\"},\"query-input\":{\"@type\":\"PropertyValueSpecification\",\"valueRequired\":true,\"valueName\":\"search_term_string\"}}],\"inLanguage\":\"de\"},{\"@type\":\"Organization\",\"@id\":\"https:\\\/\\\/agorafabrics.com\\\/de\\\/#organization\",\"name\":\"Agora-Stoffe\",\"url\":\"https:\\\/\\\/agorafabrics.com\\\/de\\\/\",\"logo\":{\"@type\":\"ImageObject\",\"inLanguage\":\"de\",\"@id\":\"https:\\\/\\\/agorafabrics.com\\\/de\\\/#\\\/schema\\\/logo\\\/image\\\/\",\"url\":\"https:\\\/\\\/agorafabrics.com\\\/wp-content\\\/uploads\\\/2024\\\/07\\\/Agora-Logo.jpg\",\"contentUrl\":\"https:\\\/\\\/agorafabrics.com\\\/wp-content\\\/uploads\\\/2024\\\/07\\\/Agora-Logo.jpg\",\"width\":2292,\"height\":756,\"caption\":\"Agora-Stoffe\"},\"image\":{\"@id\":\"https:\\\/\\\/agorafabrics.com\\\/de\\\/#\\\/schema\\\/logo\\\/image\\\/\"},\"sameAs\":[\"https:\\\/\\\/www.facebook.com\\\/agorafabrics\\\/\",\"https:\\\/\\\/www.instagram.com\\\/agorafabrics\\\/\",\"https:\\\/\\\/www.linkedin.com\\\/company\\\/tuvatextil\\\/\",\"https:\\\/\\\/vimeo.com\\\/user139090508\",\"https:\\\/\\\/www.youtube.com\\\/channel\\\/UC6iNTVqBR6UsJBzO5OZTymw\",\"https:\\\/\\\/www.pinterest.es\\\/agorafabrics\\\/\"]}]}<\/script>\n<!-- \/ Yoast SEO plugin. -->","yoast_head_json":{"title":"Silmare - Agora","robots":{"index":"index","follow":"follow","max-snippet":"max-snippet:-1","max-image-preview":"max-image-preview:large","max-video-preview":"max-video-preview:-1"},"canonical":"https:\/\/agorafabrics.com\/de\/stoffe\/silmare\/","og_locale":"de_DE","og_type":"article","og_title":"Silmare - Agora","og_description":"Silmare stellt eine Weiterentwicklung der Agora PRO-Linie dar und verbindet fortschrittliche technische Leistung mit raffinierter \u00c4sthetik. Es wurde f\u00fcr anspruchsvolle Au\u00dfenbereiche entwickelt und bietet mit seiner von traditionell gegerbtem Leder inspirierten Farbpalette ein elegantes und hochwertiges Finish, das sich von eher synthetischen Looks unterscheidet.","og_url":"https:\/\/agorafabrics.com\/de\/stoffe\/silmare\/","og_site_name":"Agora","article_publisher":"https:\/\/www.facebook.com\/agorafabrics\/","article_modified_time":"2026-03-05T11:57:34+00:00","og_image":[{"width":800,"height":800,"url":"https:\/\/agorafabrics.com\/wp-content\/uploads\/2025\/09\/20892_AG_SILMARE_STONE.jpg","type":"image\/jpeg"}],"twitter_card":"summary_large_image","schema":{"@context":"https:\/\/schema.org","@graph":[{"@type":"WebPage","@id":"https:\/\/agorafabrics.com\/de\/stoffe\/silmare\/","url":"https:\/\/agorafabrics.com\/de\/stoffe\/silmare\/","name":"Silmare - Agora","isPartOf":{"@id":"https:\/\/agorafabrics.com\/de\/#website"},"primaryImageOfPage":{"@id":"https:\/\/agorafabrics.com\/de\/stoffe\/silmare\/#primaryimage"},"image":{"@id":"https:\/\/agorafabrics.com\/de\/stoffe\/silmare\/#primaryimage"},"thumbnailUrl":"https:\/\/agorafabrics.com\/wp-content\/uploads\/2025\/09\/20892_AG_SILMARE_STONE.jpg","datePublished":"2025-09-30T13:30:40+00:00","dateModified":"2026-03-05T11:57:34+00:00","breadcrumb":{"@id":"https:\/\/agorafabrics.com\/de\/stoffe\/silmare\/#breadcrumb"},"inLanguage":"de","potentialAction":[{"@type":"ReadAction","target":["https:\/\/agorafabrics.com\/de\/stoffe\/silmare\/"]}]},{"@type":"ImageObject","inLanguage":"de","@id":"https:\/\/agorafabrics.com\/de\/stoffe\/silmare\/#primaryimage","url":"https:\/\/agorafabrics.com\/wp-content\/uploads\/2025\/09\/20892_AG_SILMARE_STONE.jpg","contentUrl":"https:\/\/agorafabrics.com\/wp-content\/uploads\/2025\/09\/20892_AG_SILMARE_STONE.jpg","width":800,"height":800},{"@type":"BreadcrumbList","@id":"https:\/\/agorafabrics.com\/de\/stoffe\/silmare\/#breadcrumb","itemListElement":[{"@type":"ListItem","position":1,"name":"Portada","item":"https:\/\/agorafabrics.com\/de\/startseite\/"},{"@type":"ListItem","position":2,"name":"Finden Sie Ihren Stoff","item":"https:\/\/agorafabrics.com\/de\/finden-sie-ihren-stoff\/"},{"@type":"ListItem","position":3,"name":"Silmare"}]},{"@type":"WebSite","@id":"https:\/\/agorafabrics.com\/de\/#website","url":"https:\/\/agorafabrics.com\/de\/","name":"Agora","description":"F\u00e1brica de tejidos y telas para exterior","publisher":{"@id":"https:\/\/agorafabrics.com\/de\/#organization"},"potentialAction":[{"@type":"SearchAction","target":{"@type":"EntryPoint","urlTemplate":"https:\/\/agorafabrics.com\/de\/?s={search_term_string}"},"query-input":{"@type":"PropertyValueSpecification","valueRequired":true,"valueName":"search_term_string"}}],"inLanguage":"de"},{"@type":"Organization","@id":"https:\/\/agorafabrics.com\/de\/#organization","name":"Agora-Stoffe","url":"https:\/\/agorafabrics.com\/de\/","logo":{"@type":"ImageObject","inLanguage":"de","@id":"https:\/\/agorafabrics.com\/de\/#\/schema\/logo\/image\/","url":"https:\/\/agorafabrics.com\/wp-content\/uploads\/2024\/07\/Agora-Logo.jpg","contentUrl":"https:\/\/agorafabrics.com\/wp-content\/uploads\/2024\/07\/Agora-Logo.jpg","width":2292,"height":756,"caption":"Agora-Stoffe"},"image":{"@id":"https:\/\/agorafabrics.com\/de\/#\/schema\/logo\/image\/"},"sameAs":["https:\/\/www.facebook.com\/agorafabrics\/","https:\/\/www.instagram.com\/agorafabrics\/","https:\/\/www.linkedin.com\/company\/tuvatextil\/","https:\/\/vimeo.com\/user139090508","https:\/\/www.youtube.com\/channel\/UC6iNTVqBR6UsJBzO5OZTymw","https:\/\/www.pinterest.es\/agorafabrics\/"]}]}},"_links":{"self":[{"href":"https:\/\/agorafabrics.com\/de\/wp-json\/wp\/v2\/product\/26480","targetHints":{"allow":["GET"]}}],"collection":[{"href":"https:\/\/agorafabrics.com\/de\/wp-json\/wp\/v2\/product"}],"about":[{"href":"https:\/\/agorafabrics.com\/de\/wp-json\/wp\/v2\/types\/product"}],"wp:featuredmedia":[{"embeddable":true,"href":"https:\/\/agorafabrics.com\/de\/wp-json\/wp\/v2\/media\/26500"}],"wp:attachment":[{"href":"https:\/\/agorafabrics.com\/de\/wp-json\/wp\/v2\/media?parent=26480"}],"wp:term":[{"taxonomy":"ancho","embeddable":true,"href":"https:\/\/agorafabrics.com\/de\/wp-json\/wp\/v2\/ancho?post=26480"},{"taxonomy":"coleccion","embeddable":true,"href":"https:\/\/agorafabrics.com\/de\/wp-json\/wp\/v2\/coleccion?post=26480"},{"taxonomy":"estilo","embeddable":true,"href":"https:\/\/agorafabrics.com\/de\/wp-json\/wp\/v2\/estilo?post=26480"},{"taxonomy":"linea","embeddable":true,"href":"https:\/\/agorafabrics.com\/de\/wp-json\/wp\/v2\/linea?post=26480"},{"taxonomy":"product_cat","embeddable":true,"href":"https:\/\/agorafabrics.com\/de\/wp-json\/wp\/v2\/product_cat?post=26480"},{"taxonomy":"product_tag","embeddable":true,"href":"https:\/\/agorafabrics.com\/de\/wp-json\/wp\/v2\/product_tag?post=26480"}],"curies":[{"name":"wp","href":"https:\/\/api.w.org\/{rel}","templated":true}]}}