{"id":23921,"date":"2024-09-23T15:37:56","date_gmt":"2024-09-23T15:37:56","guid":{"rendered":"https:\/\/agorafabrics.com\/tejidos\/nebel\/"},"modified":"2026-02-23T16:05:48","modified_gmt":"2026-02-23T15:05:48","slug":"nebel","status":"publish","type":"product","link":"https:\/\/agorafabrics.com\/de\/stoffe\/nebel\/","title":{"rendered":"Nebel"},"content":{"rendered":"<p>Agora\u00ae Natural Shades unterstreicht die Kraft der Natur, ihrer Texturen und Schattierungen und spiegelt die Wertsch\u00e4tzung f\u00fcr Authentizit\u00e4t und den Respekt vor den Urspr\u00fcngen wider. Diese Kollektion ist das Ergebnis einer Suche nach nat\u00fcrlichen Farben und M\u00f6belstoffen, die sich vollmundig und angenehm anf\u00fchlen. Mit Agora\u00ae Bruma und Agora\u00ae Senda verschmelzen Au\u00dfen- und Innenbereich in perfekter Harmonie.  <\/p>\n","protected":false},"excerpt":{"rendered":"<p>Agora\u00ae Natural Shades unterstreicht die Kraft der Natur, ihrer Texturen und Schattierungen und spiegelt die Wertsch\u00e4tzung f\u00fcr Authentizit\u00e4t und den Respekt vor den Urspr\u00fcngen wider. Diese Kollektion ist das Ergebnis einer Suche nach nat\u00fcrlichen Farben und M\u00f6belstoffen, die sich vollmundig und angenehm anf\u00fchlen. Mit Agora\u00ae Bruma und Agora\u00ae Senda verschmelzen Au\u00dfen- und Innenbereich in perfekter [&hellip;]<\/p>\n","protected":false},"featured_media":23929,"template":"","meta":{"_acf_changed":false},"ancho":[966],"coleccion":[1103],"estilo":[1015],"linea":[946],"product_cat":[1017],"product_tag":[965],"class_list":{"0":"post-23921","1":"product","2":"type-product","3":"status-publish","4":"has-post-thumbnail","6":"ancho-160-cm","7":"coleccion-naturliche-farbtone","8":"estilo-textur","9":"linea-agora","10":"product_cat-agora-texturen","11":"product_tag-100-losungsgefarbtes-acryl","13":"first","14":"instock","15":"product-type-variable","16":"has-default-attributes","17":"wvs-archive-product-wrapper"},"acf":[],"yoast_head":"<!-- This site is optimized with the Yoast SEO plugin v27.4 - https:\/\/yoast.com\/product\/yoast-seo-wordpress\/ -->\n<title>Nebel - Agora<\/title>\n<meta name=\"robots\" content=\"index, follow, max-snippet:-1, max-image-preview:large, max-video-preview:-1\" \/>\n<link rel=\"canonical\" href=\"https:\/\/agorafabrics.com\/de\/stoffe\/nebel\/\" \/>\n<meta property=\"og:locale\" content=\"de_DE\" \/>\n<meta property=\"og:type\" content=\"article\" \/>\n<meta property=\"og:title\" content=\"Nebel - Agora\" \/>\n<meta property=\"og:description\" content=\"Agora\u00ae Natural Shades unterstreicht die Kraft der Natur, ihrer Texturen und Schattierungen und spiegelt die Wertsch\u00e4tzung f\u00fcr Authentizit\u00e4t und den Respekt vor den Urspr\u00fcngen wider. Diese Kollektion ist das Ergebnis einer Suche nach nat\u00fcrlichen Farben und M\u00f6belstoffen, die sich vollmundig und angenehm anf\u00fchlen. Mit Agora\u00ae Bruma und Agora\u00ae Senda verschmelzen Au\u00dfen- und Innenbereich in perfekter [&hellip;]\" \/>\n<meta property=\"og:url\" content=\"https:\/\/agorafabrics.com\/de\/stoffe\/nebel\/\" \/>\n<meta property=\"og:site_name\" content=\"Agora\" \/>\n<meta property=\"article:publisher\" content=\"https:\/\/www.facebook.com\/agorafabrics\/\" \/>\n<meta property=\"article:modified_time\" content=\"2026-02-23T15:05:48+00:00\" \/>\n<meta property=\"og:image\" content=\"https:\/\/agorafabrics.com\/wp-content\/uploads\/2024\/09\/1014_AG_BRUMA-SALMON.jpg\" \/>\n\t<meta property=\"og:image:width\" content=\"800\" \/>\n\t<meta property=\"og:image:height\" content=\"800\" \/>\n\t<meta property=\"og:image:type\" content=\"image\/jpeg\" \/>\n<meta name=\"twitter:card\" content=\"summary_large_image\" \/>\n<script type=\"application\/ld+json\" class=\"yoast-schema-graph\">{\"@context\":\"https:\\\/\\\/schema.org\",\"@graph\":[{\"@type\":\"WebPage\",\"@id\":\"https:\\\/\\\/agorafabrics.com\\\/de\\\/stoffe\\\/nebel\\\/\",\"url\":\"https:\\\/\\\/agorafabrics.com\\\/de\\\/stoffe\\\/nebel\\\/\",\"name\":\"Nebel - Agora\",\"isPartOf\":{\"@id\":\"https:\\\/\\\/agorafabrics.com\\\/de\\\/#website\"},\"primaryImageOfPage\":{\"@id\":\"https:\\\/\\\/agorafabrics.com\\\/de\\\/stoffe\\\/nebel\\\/#primaryimage\"},\"image\":{\"@id\":\"https:\\\/\\\/agorafabrics.com\\\/de\\\/stoffe\\\/nebel\\\/#primaryimage\"},\"thumbnailUrl\":\"https:\\\/\\\/agorafabrics.com\\\/wp-content\\\/uploads\\\/2024\\\/09\\\/1014_AG_BRUMA-SALMON.jpg\",\"datePublished\":\"2024-09-23T15:37:56+00:00\",\"dateModified\":\"2026-02-23T15:05:48+00:00\",\"breadcrumb\":{\"@id\":\"https:\\\/\\\/agorafabrics.com\\\/de\\\/stoffe\\\/nebel\\\/#breadcrumb\"},\"inLanguage\":\"de\",\"potentialAction\":[{\"@type\":\"ReadAction\",\"target\":[\"https:\\\/\\\/agorafabrics.com\\\/de\\\/stoffe\\\/nebel\\\/\"]}]},{\"@type\":\"ImageObject\",\"inLanguage\":\"de\",\"@id\":\"https:\\\/\\\/agorafabrics.com\\\/de\\\/stoffe\\\/nebel\\\/#primaryimage\",\"url\":\"https:\\\/\\\/agorafabrics.com\\\/wp-content\\\/uploads\\\/2024\\\/09\\\/1014_AG_BRUMA-SALMON.jpg\",\"contentUrl\":\"https:\\\/\\\/agorafabrics.com\\\/wp-content\\\/uploads\\\/2024\\\/09\\\/1014_AG_BRUMA-SALMON.jpg\",\"width\":800,\"height\":800},{\"@type\":\"BreadcrumbList\",\"@id\":\"https:\\\/\\\/agorafabrics.com\\\/de\\\/stoffe\\\/nebel\\\/#breadcrumb\",\"itemListElement\":[{\"@type\":\"ListItem\",\"position\":1,\"name\":\"Portada\",\"item\":\"https:\\\/\\\/agorafabrics.com\\\/de\\\/startseite\\\/\"},{\"@type\":\"ListItem\",\"position\":2,\"name\":\"Finden Sie Ihren Stoff\",\"item\":\"https:\\\/\\\/agorafabrics.com\\\/de\\\/finden-sie-ihren-stoff\\\/\"},{\"@type\":\"ListItem\",\"position\":3,\"name\":\"Nebel\"}]},{\"@type\":\"WebSite\",\"@id\":\"https:\\\/\\\/agorafabrics.com\\\/de\\\/#website\",\"url\":\"https:\\\/\\\/agorafabrics.com\\\/de\\\/\",\"name\":\"Agora\",\"description\":\"F\u00e1brica de tejidos y telas para exterior\",\"publisher\":{\"@id\":\"https:\\\/\\\/agorafabrics.com\\\/de\\\/#organization\"},\"potentialAction\":[{\"@type\":\"SearchAction\",\"target\":{\"@type\":\"EntryPoint\",\"urlTemplate\":\"https:\\\/\\\/agorafabrics.com\\\/de\\\/?s={search_term_string}\"},\"query-input\":{\"@type\":\"PropertyValueSpecification\",\"valueRequired\":true,\"valueName\":\"search_term_string\"}}],\"inLanguage\":\"de\"},{\"@type\":\"Organization\",\"@id\":\"https:\\\/\\\/agorafabrics.com\\\/de\\\/#organization\",\"name\":\"Agora-Stoffe\",\"url\":\"https:\\\/\\\/agorafabrics.com\\\/de\\\/\",\"logo\":{\"@type\":\"ImageObject\",\"inLanguage\":\"de\",\"@id\":\"https:\\\/\\\/agorafabrics.com\\\/de\\\/#\\\/schema\\\/logo\\\/image\\\/\",\"url\":\"https:\\\/\\\/agorafabrics.com\\\/wp-content\\\/uploads\\\/2024\\\/07\\\/Agora-Logo.jpg\",\"contentUrl\":\"https:\\\/\\\/agorafabrics.com\\\/wp-content\\\/uploads\\\/2024\\\/07\\\/Agora-Logo.jpg\",\"width\":2292,\"height\":756,\"caption\":\"Agora-Stoffe\"},\"image\":{\"@id\":\"https:\\\/\\\/agorafabrics.com\\\/de\\\/#\\\/schema\\\/logo\\\/image\\\/\"},\"sameAs\":[\"https:\\\/\\\/www.facebook.com\\\/agorafabrics\\\/\",\"https:\\\/\\\/www.instagram.com\\\/agorafabrics\\\/\",\"https:\\\/\\\/www.linkedin.com\\\/company\\\/tuvatextil\\\/\",\"https:\\\/\\\/vimeo.com\\\/user139090508\",\"https:\\\/\\\/www.youtube.com\\\/channel\\\/UC6iNTVqBR6UsJBzO5OZTymw\",\"https:\\\/\\\/www.pinterest.es\\\/agorafabrics\\\/\"]}]}<\/script>\n<!-- \/ Yoast SEO plugin. -->","yoast_head_json":{"title":"Nebel - Agora","robots":{"index":"index","follow":"follow","max-snippet":"max-snippet:-1","max-image-preview":"max-image-preview:large","max-video-preview":"max-video-preview:-1"},"canonical":"https:\/\/agorafabrics.com\/de\/stoffe\/nebel\/","og_locale":"de_DE","og_type":"article","og_title":"Nebel - Agora","og_description":"Agora\u00ae Natural Shades unterstreicht die Kraft der Natur, ihrer Texturen und Schattierungen und spiegelt die Wertsch\u00e4tzung f\u00fcr Authentizit\u00e4t und den Respekt vor den Urspr\u00fcngen wider. Diese Kollektion ist das Ergebnis einer Suche nach nat\u00fcrlichen Farben und M\u00f6belstoffen, die sich vollmundig und angenehm anf\u00fchlen. Mit Agora\u00ae Bruma und Agora\u00ae Senda verschmelzen Au\u00dfen- und Innenbereich in perfekter [&hellip;]","og_url":"https:\/\/agorafabrics.com\/de\/stoffe\/nebel\/","og_site_name":"Agora","article_publisher":"https:\/\/www.facebook.com\/agorafabrics\/","article_modified_time":"2026-02-23T15:05:48+00:00","og_image":[{"width":800,"height":800,"url":"https:\/\/agorafabrics.com\/wp-content\/uploads\/2024\/09\/1014_AG_BRUMA-SALMON.jpg","type":"image\/jpeg"}],"twitter_card":"summary_large_image","schema":{"@context":"https:\/\/schema.org","@graph":[{"@type":"WebPage","@id":"https:\/\/agorafabrics.com\/de\/stoffe\/nebel\/","url":"https:\/\/agorafabrics.com\/de\/stoffe\/nebel\/","name":"Nebel - Agora","isPartOf":{"@id":"https:\/\/agorafabrics.com\/de\/#website"},"primaryImageOfPage":{"@id":"https:\/\/agorafabrics.com\/de\/stoffe\/nebel\/#primaryimage"},"image":{"@id":"https:\/\/agorafabrics.com\/de\/stoffe\/nebel\/#primaryimage"},"thumbnailUrl":"https:\/\/agorafabrics.com\/wp-content\/uploads\/2024\/09\/1014_AG_BRUMA-SALMON.jpg","datePublished":"2024-09-23T15:37:56+00:00","dateModified":"2026-02-23T15:05:48+00:00","breadcrumb":{"@id":"https:\/\/agorafabrics.com\/de\/stoffe\/nebel\/#breadcrumb"},"inLanguage":"de","potentialAction":[{"@type":"ReadAction","target":["https:\/\/agorafabrics.com\/de\/stoffe\/nebel\/"]}]},{"@type":"ImageObject","inLanguage":"de","@id":"https:\/\/agorafabrics.com\/de\/stoffe\/nebel\/#primaryimage","url":"https:\/\/agorafabrics.com\/wp-content\/uploads\/2024\/09\/1014_AG_BRUMA-SALMON.jpg","contentUrl":"https:\/\/agorafabrics.com\/wp-content\/uploads\/2024\/09\/1014_AG_BRUMA-SALMON.jpg","width":800,"height":800},{"@type":"BreadcrumbList","@id":"https:\/\/agorafabrics.com\/de\/stoffe\/nebel\/#breadcrumb","itemListElement":[{"@type":"ListItem","position":1,"name":"Portada","item":"https:\/\/agorafabrics.com\/de\/startseite\/"},{"@type":"ListItem","position":2,"name":"Finden Sie Ihren Stoff","item":"https:\/\/agorafabrics.com\/de\/finden-sie-ihren-stoff\/"},{"@type":"ListItem","position":3,"name":"Nebel"}]},{"@type":"WebSite","@id":"https:\/\/agorafabrics.com\/de\/#website","url":"https:\/\/agorafabrics.com\/de\/","name":"Agora","description":"F\u00e1brica de tejidos y telas para exterior","publisher":{"@id":"https:\/\/agorafabrics.com\/de\/#organization"},"potentialAction":[{"@type":"SearchAction","target":{"@type":"EntryPoint","urlTemplate":"https:\/\/agorafabrics.com\/de\/?s={search_term_string}"},"query-input":{"@type":"PropertyValueSpecification","valueRequired":true,"valueName":"search_term_string"}}],"inLanguage":"de"},{"@type":"Organization","@id":"https:\/\/agorafabrics.com\/de\/#organization","name":"Agora-Stoffe","url":"https:\/\/agorafabrics.com\/de\/","logo":{"@type":"ImageObject","inLanguage":"de","@id":"https:\/\/agorafabrics.com\/de\/#\/schema\/logo\/image\/","url":"https:\/\/agorafabrics.com\/wp-content\/uploads\/2024\/07\/Agora-Logo.jpg","contentUrl":"https:\/\/agorafabrics.com\/wp-content\/uploads\/2024\/07\/Agora-Logo.jpg","width":2292,"height":756,"caption":"Agora-Stoffe"},"image":{"@id":"https:\/\/agorafabrics.com\/de\/#\/schema\/logo\/image\/"},"sameAs":["https:\/\/www.facebook.com\/agorafabrics\/","https:\/\/www.instagram.com\/agorafabrics\/","https:\/\/www.linkedin.com\/company\/tuvatextil\/","https:\/\/vimeo.com\/user139090508","https:\/\/www.youtube.com\/channel\/UC6iNTVqBR6UsJBzO5OZTymw","https:\/\/www.pinterest.es\/agorafabrics\/"]}]}},"_links":{"self":[{"href":"https:\/\/agorafabrics.com\/de\/wp-json\/wp\/v2\/product\/23921","targetHints":{"allow":["GET"]}}],"collection":[{"href":"https:\/\/agorafabrics.com\/de\/wp-json\/wp\/v2\/product"}],"about":[{"href":"https:\/\/agorafabrics.com\/de\/wp-json\/wp\/v2\/types\/product"}],"wp:featuredmedia":[{"embeddable":true,"href":"https:\/\/agorafabrics.com\/de\/wp-json\/wp\/v2\/media\/23929"}],"wp:attachment":[{"href":"https:\/\/agorafabrics.com\/de\/wp-json\/wp\/v2\/media?parent=23921"}],"wp:term":[{"taxonomy":"ancho","embeddable":true,"href":"https:\/\/agorafabrics.com\/de\/wp-json\/wp\/v2\/ancho?post=23921"},{"taxonomy":"coleccion","embeddable":true,"href":"https:\/\/agorafabrics.com\/de\/wp-json\/wp\/v2\/coleccion?post=23921"},{"taxonomy":"estilo","embeddable":true,"href":"https:\/\/agorafabrics.com\/de\/wp-json\/wp\/v2\/estilo?post=23921"},{"taxonomy":"linea","embeddable":true,"href":"https:\/\/agorafabrics.com\/de\/wp-json\/wp\/v2\/linea?post=23921"},{"taxonomy":"product_cat","embeddable":true,"href":"https:\/\/agorafabrics.com\/de\/wp-json\/wp\/v2\/product_cat?post=23921"},{"taxonomy":"product_tag","embeddable":true,"href":"https:\/\/agorafabrics.com\/de\/wp-json\/wp\/v2\/product_tag?post=23921"}],"curies":[{"name":"wp","href":"https:\/\/api.w.org\/{rel}","templated":true}]}}