{"id":22945,"date":"2024-09-23T15:37:50","date_gmt":"2024-09-23T15:37:50","guid":{"rendered":"https:\/\/agorafabrics.com\/tejidos\/glatt\/"},"modified":"2026-02-23T16:03:00","modified_gmt":"2026-02-23T15:03:00","slug":"glatt","status":"publish","type":"product","link":"https:\/\/agorafabrics.com\/de\/stoffe\/glatt\/","title":{"rendered":"Liso"},"content":{"rendered":"<p>Qualit\u00e4t leicht gemacht. Agora\u00ae Liso sind Stoffe, die durch ihre Schlichtheit einen starken Charakter offenbaren. Dank seiner leuchtenden Farben und Schattierungen ist es einfach, einem Raum eine pers\u00f6nliche Emotion zu verleihen. Nat\u00fcrliche Schattierungen, Graut\u00f6ne, Blau- und Gr\u00fcnt\u00f6ne, Rott\u00f6ne und ein Hauch intensiverer Farben, um au\u00dfergew\u00f6hnliche Atmosph\u00e4ren zu dekorieren.<\/p>\n","protected":false},"excerpt":{"rendered":"<p>Qualit\u00e4t leicht gemacht. Agora\u00ae Liso sind Stoffe, die durch ihre Schlichtheit einen starken Charakter offenbaren. Dank seiner leuchtenden Farben und Schattierungen ist es einfach, einem Raum eine pers\u00f6nliche Emotion zu verleihen. Nat\u00fcrliche Schattierungen, Graut\u00f6ne, Blau- und Gr\u00fcnt\u00f6ne, Rott\u00f6ne und ein Hauch intensiverer Farben, um au\u00dfergew\u00f6hnliche Atmosph\u00e4ren zu dekorieren.<\/p>\n","protected":false},"featured_media":22968,"template":"","meta":{"_acf_changed":false},"ancho":[966],"coleccion":[1079],"estilo":[944],"linea":[946],"product_cat":[1048],"product_tag":[965],"class_list":{"0":"post-22945","1":"product","2":"type-product","3":"status-publish","4":"has-post-thumbnail","6":"ancho-160-cm","7":"coleccion-glatt","8":"estilo-glatt","9":"linea-agora","10":"product_cat-agora-essentials","11":"product_tag-100-losungsgefarbtes-acryl","13":"first","14":"instock","15":"featured","16":"product-type-variable","17":"has-default-attributes","18":"wvs-archive-product-wrapper"},"acf":[],"yoast_head":"<!-- This site is optimized with the Yoast SEO plugin v27.4 - https:\/\/yoast.com\/product\/yoast-seo-wordpress\/ -->\n<title>Liso - Agora<\/title>\n<meta name=\"robots\" content=\"index, follow, max-snippet:-1, max-image-preview:large, max-video-preview:-1\" \/>\n<link rel=\"canonical\" href=\"https:\/\/agorafabrics.com\/de\/stoffe\/glatt\/\" \/>\n<meta property=\"og:locale\" content=\"de_DE\" \/>\n<meta property=\"og:type\" content=\"article\" \/>\n<meta property=\"og:title\" content=\"Liso - Agora\" \/>\n<meta property=\"og:description\" content=\"Qualit\u00e4t leicht gemacht. Agora\u00ae Liso sind Stoffe, die durch ihre Schlichtheit einen starken Charakter offenbaren. Dank seiner leuchtenden Farben und Schattierungen ist es einfach, einem Raum eine pers\u00f6nliche Emotion zu verleihen. Nat\u00fcrliche Schattierungen, Graut\u00f6ne, Blau- und Gr\u00fcnt\u00f6ne, Rott\u00f6ne und ein Hauch intensiverer Farben, um au\u00dfergew\u00f6hnliche Atmosph\u00e4ren zu dekorieren.\" \/>\n<meta property=\"og:url\" content=\"https:\/\/agorafabrics.com\/de\/stoffe\/glatt\/\" \/>\n<meta property=\"og:site_name\" content=\"Agora\" \/>\n<meta property=\"article:publisher\" content=\"https:\/\/www.facebook.com\/agorafabrics\/\" \/>\n<meta property=\"article:modified_time\" content=\"2026-02-23T15:03:00+00:00\" \/>\n<meta property=\"og:image\" content=\"https:\/\/agorafabrics.com\/wp-content\/uploads\/2024\/10\/3701_AG_LISO_BLANCO.jpg\" \/>\n\t<meta property=\"og:image:width\" content=\"800\" \/>\n\t<meta property=\"og:image:height\" content=\"800\" \/>\n\t<meta property=\"og:image:type\" content=\"image\/jpeg\" \/>\n<meta name=\"twitter:card\" content=\"summary_large_image\" \/>\n<script type=\"application\/ld+json\" class=\"yoast-schema-graph\">{\"@context\":\"https:\\\/\\\/schema.org\",\"@graph\":[{\"@type\":\"WebPage\",\"@id\":\"https:\\\/\\\/agorafabrics.com\\\/de\\\/stoffe\\\/glatt\\\/\",\"url\":\"https:\\\/\\\/agorafabrics.com\\\/de\\\/stoffe\\\/glatt\\\/\",\"name\":\"Liso - Agora\",\"isPartOf\":{\"@id\":\"https:\\\/\\\/agorafabrics.com\\\/de\\\/#website\"},\"primaryImageOfPage\":{\"@id\":\"https:\\\/\\\/agorafabrics.com\\\/de\\\/stoffe\\\/glatt\\\/#primaryimage\"},\"image\":{\"@id\":\"https:\\\/\\\/agorafabrics.com\\\/de\\\/stoffe\\\/glatt\\\/#primaryimage\"},\"thumbnailUrl\":\"https:\\\/\\\/agorafabrics.com\\\/wp-content\\\/uploads\\\/2024\\\/10\\\/3701_AG_LISO_BLANCO.jpg\",\"datePublished\":\"2024-09-23T15:37:50+00:00\",\"dateModified\":\"2026-02-23T15:03:00+00:00\",\"breadcrumb\":{\"@id\":\"https:\\\/\\\/agorafabrics.com\\\/de\\\/stoffe\\\/glatt\\\/#breadcrumb\"},\"inLanguage\":\"de\",\"potentialAction\":[{\"@type\":\"ReadAction\",\"target\":[\"https:\\\/\\\/agorafabrics.com\\\/de\\\/stoffe\\\/glatt\\\/\"]}]},{\"@type\":\"ImageObject\",\"inLanguage\":\"de\",\"@id\":\"https:\\\/\\\/agorafabrics.com\\\/de\\\/stoffe\\\/glatt\\\/#primaryimage\",\"url\":\"https:\\\/\\\/agorafabrics.com\\\/wp-content\\\/uploads\\\/2024\\\/10\\\/3701_AG_LISO_BLANCO.jpg\",\"contentUrl\":\"https:\\\/\\\/agorafabrics.com\\\/wp-content\\\/uploads\\\/2024\\\/10\\\/3701_AG_LISO_BLANCO.jpg\",\"width\":800,\"height\":800},{\"@type\":\"BreadcrumbList\",\"@id\":\"https:\\\/\\\/agorafabrics.com\\\/de\\\/stoffe\\\/glatt\\\/#breadcrumb\",\"itemListElement\":[{\"@type\":\"ListItem\",\"position\":1,\"name\":\"Portada\",\"item\":\"https:\\\/\\\/agorafabrics.com\\\/de\\\/startseite\\\/\"},{\"@type\":\"ListItem\",\"position\":2,\"name\":\"Finden Sie Ihren Stoff\",\"item\":\"https:\\\/\\\/agorafabrics.com\\\/de\\\/finden-sie-ihren-stoff\\\/\"},{\"@type\":\"ListItem\",\"position\":3,\"name\":\"Liso\"}]},{\"@type\":\"WebSite\",\"@id\":\"https:\\\/\\\/agorafabrics.com\\\/de\\\/#website\",\"url\":\"https:\\\/\\\/agorafabrics.com\\\/de\\\/\",\"name\":\"Agora\",\"description\":\"F\u00e1brica de tejidos y telas para exterior\",\"publisher\":{\"@id\":\"https:\\\/\\\/agorafabrics.com\\\/de\\\/#organization\"},\"potentialAction\":[{\"@type\":\"SearchAction\",\"target\":{\"@type\":\"EntryPoint\",\"urlTemplate\":\"https:\\\/\\\/agorafabrics.com\\\/de\\\/?s={search_term_string}\"},\"query-input\":{\"@type\":\"PropertyValueSpecification\",\"valueRequired\":true,\"valueName\":\"search_term_string\"}}],\"inLanguage\":\"de\"},{\"@type\":\"Organization\",\"@id\":\"https:\\\/\\\/agorafabrics.com\\\/de\\\/#organization\",\"name\":\"Agora-Stoffe\",\"url\":\"https:\\\/\\\/agorafabrics.com\\\/de\\\/\",\"logo\":{\"@type\":\"ImageObject\",\"inLanguage\":\"de\",\"@id\":\"https:\\\/\\\/agorafabrics.com\\\/de\\\/#\\\/schema\\\/logo\\\/image\\\/\",\"url\":\"https:\\\/\\\/agorafabrics.com\\\/wp-content\\\/uploads\\\/2024\\\/07\\\/Agora-Logo.jpg\",\"contentUrl\":\"https:\\\/\\\/agorafabrics.com\\\/wp-content\\\/uploads\\\/2024\\\/07\\\/Agora-Logo.jpg\",\"width\":2292,\"height\":756,\"caption\":\"Agora-Stoffe\"},\"image\":{\"@id\":\"https:\\\/\\\/agorafabrics.com\\\/de\\\/#\\\/schema\\\/logo\\\/image\\\/\"},\"sameAs\":[\"https:\\\/\\\/www.facebook.com\\\/agorafabrics\\\/\",\"https:\\\/\\\/www.instagram.com\\\/agorafabrics\\\/\",\"https:\\\/\\\/www.linkedin.com\\\/company\\\/tuvatextil\\\/\",\"https:\\\/\\\/vimeo.com\\\/user139090508\",\"https:\\\/\\\/www.youtube.com\\\/channel\\\/UC6iNTVqBR6UsJBzO5OZTymw\",\"https:\\\/\\\/www.pinterest.es\\\/agorafabrics\\\/\"]}]}<\/script>\n<!-- \/ Yoast SEO plugin. -->","yoast_head_json":{"title":"Liso - Agora","robots":{"index":"index","follow":"follow","max-snippet":"max-snippet:-1","max-image-preview":"max-image-preview:large","max-video-preview":"max-video-preview:-1"},"canonical":"https:\/\/agorafabrics.com\/de\/stoffe\/glatt\/","og_locale":"de_DE","og_type":"article","og_title":"Liso - Agora","og_description":"Qualit\u00e4t leicht gemacht. Agora\u00ae Liso sind Stoffe, die durch ihre Schlichtheit einen starken Charakter offenbaren. Dank seiner leuchtenden Farben und Schattierungen ist es einfach, einem Raum eine pers\u00f6nliche Emotion zu verleihen. Nat\u00fcrliche Schattierungen, Graut\u00f6ne, Blau- und Gr\u00fcnt\u00f6ne, Rott\u00f6ne und ein Hauch intensiverer Farben, um au\u00dfergew\u00f6hnliche Atmosph\u00e4ren zu dekorieren.","og_url":"https:\/\/agorafabrics.com\/de\/stoffe\/glatt\/","og_site_name":"Agora","article_publisher":"https:\/\/www.facebook.com\/agorafabrics\/","article_modified_time":"2026-02-23T15:03:00+00:00","og_image":[{"width":800,"height":800,"url":"https:\/\/agorafabrics.com\/wp-content\/uploads\/2024\/10\/3701_AG_LISO_BLANCO.jpg","type":"image\/jpeg"}],"twitter_card":"summary_large_image","schema":{"@context":"https:\/\/schema.org","@graph":[{"@type":"WebPage","@id":"https:\/\/agorafabrics.com\/de\/stoffe\/glatt\/","url":"https:\/\/agorafabrics.com\/de\/stoffe\/glatt\/","name":"Liso - Agora","isPartOf":{"@id":"https:\/\/agorafabrics.com\/de\/#website"},"primaryImageOfPage":{"@id":"https:\/\/agorafabrics.com\/de\/stoffe\/glatt\/#primaryimage"},"image":{"@id":"https:\/\/agorafabrics.com\/de\/stoffe\/glatt\/#primaryimage"},"thumbnailUrl":"https:\/\/agorafabrics.com\/wp-content\/uploads\/2024\/10\/3701_AG_LISO_BLANCO.jpg","datePublished":"2024-09-23T15:37:50+00:00","dateModified":"2026-02-23T15:03:00+00:00","breadcrumb":{"@id":"https:\/\/agorafabrics.com\/de\/stoffe\/glatt\/#breadcrumb"},"inLanguage":"de","potentialAction":[{"@type":"ReadAction","target":["https:\/\/agorafabrics.com\/de\/stoffe\/glatt\/"]}]},{"@type":"ImageObject","inLanguage":"de","@id":"https:\/\/agorafabrics.com\/de\/stoffe\/glatt\/#primaryimage","url":"https:\/\/agorafabrics.com\/wp-content\/uploads\/2024\/10\/3701_AG_LISO_BLANCO.jpg","contentUrl":"https:\/\/agorafabrics.com\/wp-content\/uploads\/2024\/10\/3701_AG_LISO_BLANCO.jpg","width":800,"height":800},{"@type":"BreadcrumbList","@id":"https:\/\/agorafabrics.com\/de\/stoffe\/glatt\/#breadcrumb","itemListElement":[{"@type":"ListItem","position":1,"name":"Portada","item":"https:\/\/agorafabrics.com\/de\/startseite\/"},{"@type":"ListItem","position":2,"name":"Finden Sie Ihren Stoff","item":"https:\/\/agorafabrics.com\/de\/finden-sie-ihren-stoff\/"},{"@type":"ListItem","position":3,"name":"Liso"}]},{"@type":"WebSite","@id":"https:\/\/agorafabrics.com\/de\/#website","url":"https:\/\/agorafabrics.com\/de\/","name":"Agora","description":"F\u00e1brica de tejidos y telas para exterior","publisher":{"@id":"https:\/\/agorafabrics.com\/de\/#organization"},"potentialAction":[{"@type":"SearchAction","target":{"@type":"EntryPoint","urlTemplate":"https:\/\/agorafabrics.com\/de\/?s={search_term_string}"},"query-input":{"@type":"PropertyValueSpecification","valueRequired":true,"valueName":"search_term_string"}}],"inLanguage":"de"},{"@type":"Organization","@id":"https:\/\/agorafabrics.com\/de\/#organization","name":"Agora-Stoffe","url":"https:\/\/agorafabrics.com\/de\/","logo":{"@type":"ImageObject","inLanguage":"de","@id":"https:\/\/agorafabrics.com\/de\/#\/schema\/logo\/image\/","url":"https:\/\/agorafabrics.com\/wp-content\/uploads\/2024\/07\/Agora-Logo.jpg","contentUrl":"https:\/\/agorafabrics.com\/wp-content\/uploads\/2024\/07\/Agora-Logo.jpg","width":2292,"height":756,"caption":"Agora-Stoffe"},"image":{"@id":"https:\/\/agorafabrics.com\/de\/#\/schema\/logo\/image\/"},"sameAs":["https:\/\/www.facebook.com\/agorafabrics\/","https:\/\/www.instagram.com\/agorafabrics\/","https:\/\/www.linkedin.com\/company\/tuvatextil\/","https:\/\/vimeo.com\/user139090508","https:\/\/www.youtube.com\/channel\/UC6iNTVqBR6UsJBzO5OZTymw","https:\/\/www.pinterest.es\/agorafabrics\/"]}]}},"_links":{"self":[{"href":"https:\/\/agorafabrics.com\/de\/wp-json\/wp\/v2\/product\/22945","targetHints":{"allow":["GET"]}}],"collection":[{"href":"https:\/\/agorafabrics.com\/de\/wp-json\/wp\/v2\/product"}],"about":[{"href":"https:\/\/agorafabrics.com\/de\/wp-json\/wp\/v2\/types\/product"}],"wp:featuredmedia":[{"embeddable":true,"href":"https:\/\/agorafabrics.com\/de\/wp-json\/wp\/v2\/media\/22968"}],"wp:attachment":[{"href":"https:\/\/agorafabrics.com\/de\/wp-json\/wp\/v2\/media?parent=22945"}],"wp:term":[{"taxonomy":"ancho","embeddable":true,"href":"https:\/\/agorafabrics.com\/de\/wp-json\/wp\/v2\/ancho?post=22945"},{"taxonomy":"coleccion","embeddable":true,"href":"https:\/\/agorafabrics.com\/de\/wp-json\/wp\/v2\/coleccion?post=22945"},{"taxonomy":"estilo","embeddable":true,"href":"https:\/\/agorafabrics.com\/de\/wp-json\/wp\/v2\/estilo?post=22945"},{"taxonomy":"linea","embeddable":true,"href":"https:\/\/agorafabrics.com\/de\/wp-json\/wp\/v2\/linea?post=22945"},{"taxonomy":"product_cat","embeddable":true,"href":"https:\/\/agorafabrics.com\/de\/wp-json\/wp\/v2\/product_cat?post=22945"},{"taxonomy":"product_tag","embeddable":true,"href":"https:\/\/agorafabrics.com\/de\/wp-json\/wp\/v2\/product_tag?post=22945"}],"curies":[{"name":"wp","href":"https:\/\/api.w.org\/{rel}","templated":true}]}}