{"id":24366,"date":"2025-04-02T16:24:02","date_gmt":"2025-04-02T14:24:02","guid":{"rendered":"https:\/\/agorafabrics.com\/rechtlicher-hinweis\/"},"modified":"2026-02-10T16:00:37","modified_gmt":"2026-02-10T15:00:37","slug":"rechtlicher-hinweis","status":"publish","type":"page","link":"https:\/\/agorafabrics.com\/de\/rechtlicher-hinweis\/","title":{"rendered":"Rechtlicher Hinweis"},"content":{"rendered":"\t\t<div data-elementor-type=\"wp-page\" data-elementor-id=\"24366\" class=\"elementor elementor-24366 elementor-3563\" data-elementor-post-type=\"page\">\n\t\t\t\t<div class=\"elementor-element elementor-element-994f3e0 e-flex e-con-boxed e-con e-parent\" data-id=\"994f3e0\" data-element_type=\"container\" data-e-type=\"container\">\n\t\t\t\t\t<div class=\"e-con-inner\">\n\t\t\t\t<div class=\"elementor-element elementor-element-231348a elementor-widget elementor-widget-heading\" data-id=\"231348a\" data-element_type=\"widget\" data-e-type=\"widget\" data-widget_type=\"heading.default\">\n\t\t\t\t\t<h1 class=\"elementor-heading-title elementor-size-default\">Rechtlicher Hinweis<\/h1>\t\t\t\t<\/div>\n\t\t\t\t<div class=\"elementor-element elementor-element-ef849a7 elementor-widget elementor-widget-text-editor\" data-id=\"ef849a7\" data-element_type=\"widget\" data-e-type=\"widget\" data-widget_type=\"text-editor.default\">\n\t\t\t\t\t\t\t\t\t<p><strong>GESETZ \u00dcBER DIENSTE DER INFORMATIONSGESELLSCHAFT (LSSI)<\/strong><\/p><p>TUVATEXTIL, verantwortlich f\u00fcr die Website, im Folgenden VERANTWORTLICHER genannt, stellt den Nutzern dieses Dokument zur Verf\u00fcgung, mit dem sie die im Gesetz 34\/2002 vom 11. Juli \u00fcber die Dienste der Informationsgesellschaft und den elektronischen Handel (LSSICE), BOE Nr. 166, festgelegten Verpflichtungen erf\u00fcllen und alle Nutzer der Website \u00fcber die Nutzungsbedingungen informieren m\u00f6chte.<\/p><p>Jede Person, die auf diese Website zugreift, \u00fcbernimmt die Rolle des Nutzers und verpflichtet sich zur Einhaltung und strikten Befolgung der hierin enthaltenen Bestimmungen sowie aller anderen m\u00f6glicherweise anwendbaren gesetzlichen Bestimmungen.<\/p><p>TUVATEXTIL beh\u00e4lt sich das Recht vor, jede Art von Information, die auf der Website erscheinen kann, zu \u00e4ndern, ohne dass eine Verpflichtung zur vorherigen Ank\u00fcndigung oder Information der Nutzer besteht, wobei die Ver\u00f6ffentlichung auf der TUVATEXTIL-Website als ausreichend angesehen wird.<\/p><p><strong>1. DATEN ZUR IDENTIFIZIERUNG<\/strong><\/p><p>Dom\u00e4nenname: www.agorafabrics.com<\/p><p>Handelsname: TUVATEXTIL, S.L.<\/p><p>Firmenname: TUVATEXTIL, S.L.<\/p><p>UMSATZSTEUER-IDENTIFIKATIONSNUMMER: B43649516<\/p><p>Firmensitz: Crta. Pla Sta. Maria s\/n 43817 El Pont d&#8217;Armentera Tarragona (Spanien)  <\/p><p>Telefon: (+34) 977 639 132<\/p><p>E-Mail: info@agorafabrics.com<\/p><p><strong>2. RECHTE AN GEISTIGEM UND GEWERBLICHEM EIGENTUM<\/strong><\/p><p>Die Website, einschlie\u00dflich, aber nicht beschr\u00e4nkt auf ihre Programmierung, Bearbeitung, Zusammenstellung und andere f\u00fcr ihren Betrieb notwendige Elemente, Designs, Logos, Texte und\/oder Grafiken, sind Eigentum der VERANTWORTLICHEN PARTEI oder verf\u00fcgen gegebenenfalls \u00fcber eine Lizenz oder ausdr\u00fcckliche Genehmigung der Urheber. Alle Inhalte der Website sind durch die Vorschriften zum geistigen und gewerblichen Eigentum ordnungsgem\u00e4\u00df gesch\u00fctzt und in den entsprechenden \u00f6ffentlichen Registern eingetragen. Unabh\u00e4ngig von dem Zweck, f\u00fcr den sie bestimmt sind, bedarf die vollst\u00e4ndige oder teilweise Vervielf\u00e4ltigung, Nutzung, Verwertung, Verbreitung und Kommerzialisierung in jedem Fall der vorherigen schriftlichen Genehmigung durch die VERANTWORTLICHE PARTEI. Jede nicht vorher genehmigte Nutzung wird als schwerwiegende Verletzung der geistigen oder gewerblichen Eigentumsrechte des Urhebers angesehen.   <\/p><p>Die Designs, Logos, Texte und\/oder Grafiken, die nicht dem VERANTWORTLICHEN geh\u00f6ren und die auf der Website erscheinen k\u00f6nnen, geh\u00f6ren ihren jeweiligen Eigent\u00fcmern, und diese sind selbst verantwortlich f\u00fcr eventuelle Kontroversen, die in Bezug auf sie entstehen k\u00f6nnen. Der VERANTWORTLICHE gestattet Dritten ausdr\u00fccklich, direkt auf die spezifischen Inhalte der Website umzuleiten und in jedem Fall auf die Hauptwebsite www.agorafabrics.com umzuleiten. <\/p><p>Der VERANTWORTLICHE erkennt die entsprechenden geistigen und gewerblichen Eigentumsrechte zugunsten ihrer Eigent\u00fcmer an, und ihre blo\u00dfe Erw\u00e4hnung oder ihr Erscheinen auf der Website impliziert weder das Vorhandensein irgendwelcher Rechte oder Verantwortlichkeiten an ihnen, noch eine Bef\u00fcrwortung, F\u00f6rderung oder Empfehlung durch denselben.<\/p><p>Wenn Sie Anmerkungen zu m\u00f6glichen Verletzungen von geistigen oder gewerblichen Eigentumsrechten sowie zu den Inhalten der Website machen m\u00f6chten, k\u00f6nnen Sie dies per E-Mail an info@agorafabrics.com tun.<\/p><p><strong>3. BEFREIUNG VON DER HAFTUNG<\/strong><\/p><p>Die VERANTWORTLICHE Partei ist von jeglicher Art von Verantwortung befreit, die sich aus den auf ihrer Website ver\u00f6ffentlichten Informationen ergibt, sofern sie keine tats\u00e4chliche Kenntnis davon hat, dass diese Informationen von einem Dritten au\u00dferhalb derselben manipuliert oder eingef\u00fchrt wurden, oder, falls dies der Fall ist, sie sorgf\u00e4ltig gehandelt hat, um die Daten zu entfernen oder den Zugriff auf sie unm\u00f6glich zu machen.<\/p><p><strong>Verwendung von Cookies<\/strong><\/p><p>Diese Website kann technische Cookies (kleine Informationsdateien, die der Server an den Computer der Person sendet, die auf die Seite zugreift) verwenden, um bestimmte Funktionen auszuf\u00fchren, die f\u00fcr das korrekte Funktionieren und die Visualisierung der Website als unerl\u00e4sslich angesehen werden. Die verwendeten Cookies sind in jedem Fall vor\u00fcbergehender Natur und dienen ausschlie\u00dflich dem Zweck, das Surfen effizienter zu gestalten, und verschwinden am Ende der Sitzung des Benutzers. In keinem Fall liefern diese Cookies selbst Daten pers\u00f6nlicher Natur und werden auch nicht zum Sammeln solcher Daten verwendet.  <\/p><p>Durch die Verwendung von Cookies ist es dem Server, auf dem sich die Website befindet, auch m\u00f6glich, den vom Benutzer verwendeten Browser zu erkennen, um das Surfen zu erleichtern, so dass beispielsweise Benutzer, die sich zuvor registriert haben, Zugang zu den exklusiv f\u00fcr sie reservierten Bereichen, Diensten, Aktionen oder Wettbewerben erhalten, ohne sich bei jedem Besuch erneut registrieren zu m\u00fcssen. Sie k\u00f6nnen auch verwendet werden, um die Besucherzahl und Verkehrsparameter zu messen, den Verlauf und die Anzahl der Eintr\u00e4ge zu kontrollieren usw., wobei es sich in diesen F\u00e4llen um technisch entbehrliche Cookies handelt, die jedoch f\u00fcr den Benutzer von Vorteil sind. Diese Website installiert keine entbehrlichen Cookies ohne die vorherige Zustimmung des Benutzers.  <\/p><p>Der Benutzer hat die M\u00f6glichkeit, seinen Browser so zu konfigurieren, dass er vor dem Empfang von Cookies gewarnt wird und deren Installation auf seinem Computer verhindert. Bitte konsultieren Sie die Anweisungen Ihres Browsers f\u00fcr weitere Informationen. <\/p><p><strong>Verkn\u00fcpfung der Politik<\/strong><\/p><p>Es ist m\u00f6glich, dass Sie von der Website auf Inhalte von Websites Dritter weitergeleitet werden. Da der VERANTWORTLICHE die Inhalte, die von Dritten auf deren jeweiligen Websites eingestellt werden, nicht immer kontrollieren kann, \u00fcbernimmt er keinerlei Verantwortung f\u00fcr diese Inhalte. In jedem Fall wird der VERANTWORTLICHE alle Inhalte, die gegen die nationale oder internationale Gesetzgebung, die Moral oder die \u00f6ffentliche Ordnung versto\u00dfen k\u00f6nnten, unverz\u00fcglich entfernen und die Weiterleitung zu dieser Website sofort aufheben, indem er die zust\u00e4ndigen Beh\u00f6rden \u00fcber den betreffenden Inhalt informiert.  <\/p><p>Der VERANTWORTLICHE ist nicht verantwortlich f\u00fcr die gespeicherten Informationen und Inhalte, insbesondere in Foren, Chats, Bloggeneratoren, Kommentaren, sozialen Netzwerken oder anderen Medien, die es Dritten erm\u00f6glichen, Inhalte unabh\u00e4ngig auf der Website des VERANTWORTLICHEN zu ver\u00f6ffentlichen. In \u00dcbereinstimmung mit den Bestimmungen der Artikel 11 und 16 des LSSICE stellt er sich jedoch allen Nutzern, Beh\u00f6rden und Sicherheitskr\u00e4ften zur Verf\u00fcgung und arbeitet aktiv an der Entfernung oder gegebenenfalls Sperrung aller Inhalte mit, die die nationale oder internationale Gesetzgebung, die Rechte Dritter oder die Moral und die \u00f6ffentliche Ordnung beeintr\u00e4chtigen oder dagegen versto\u00dfen k\u00f6nnten. Sollte der Nutzer der Ansicht sein, dass es auf der Website Inhalte gibt, die f\u00fcr diese Einstufung in Frage kommen k\u00f6nnten, benachrichtigen Sie bitte umgehend den Administrator der Website.  <\/p><p>Diese Website wurde gepr\u00fcft und getestet, um sicherzustellen, dass sie korrekt funktioniert. Im Prinzip kann garantiert werden, dass sie 365 Tage im Jahr, 24 Stunden am Tag korrekt funktioniert. Die VERANTWORTLICHE PARTEI schlie\u00dft jedoch die M\u00f6glichkeit bestimmter Programmierfehler oder das Auftreten von h\u00f6herer Gewalt, Naturkatastrophen, Streiks oder \u00e4hnlichen Umst\u00e4nden, die den Zugriff auf die Website unm\u00f6glich machen, nicht aus.  <\/p><p><strong>IP-Adressen<\/strong><\/p><p>Die Website-Server sind in der Lage, die vom Benutzer verwendete IP-Adresse und den Dom\u00e4nennamen automatisch zu erkennen. Eine IP-Adresse ist eine Nummer, die einem Computer automatisch zugewiesen wird, wenn er sich mit dem Internet verbindet. Alle diese Informationen werden in einer Server-Aktivit\u00e4tsdatei gespeichert, die eine sp\u00e4tere Verarbeitung der Daten erm\u00f6glicht, um rein statistische Messungen zu erhalten, die es erm\u00f6glichen, die Anzahl der Seitenaufrufe, die Anzahl der Besuche auf den Webservern, die Reihenfolge der Besuche, den Zugangspunkt usw. zu ermitteln.  <\/p><p><strong>4. BENUTZERREGISTRIERUNG<\/strong><\/p><p>Der Zugang zu und die Nutzung bestimmter Bereiche dieser Website erfordern eine vorherige Registrierung als Nutzer. Die Registrierung von minderj\u00e4hrigen Nutzern ist nicht gestattet. TUVATEXTIL, S.L. beh\u00e4lt sich das Recht vor, die vom Benutzer angegebenen Informationen zu \u00fcberpr\u00fcfen. Sobald Sie auf unserer Website registriert sind, k\u00f6nnen Sie jederzeit auf die Daten in Ihrem Benutzerprofil zugreifen, sie \u00e4ndern oder l\u00f6schen.    <\/p><p>TUVATEXTIL, S.L. weist die Nutzer darauf hin, dass Registrierungsantr\u00e4ge, die in betr\u00fcgerischer Absicht oder unter Verletzung der Regeln oder Rechte Dritter gestellt werden, abgelehnt werden k\u00f6nnen, und dass Nutzer auch aus dem Register gestrichen werden k\u00f6nnen, wenn sie gegen diese rechtlichen Bedingungen oder gegen die von TUVATEXTIL, S.L. an sie gerichteten Warnungen und Anforderungen bez\u00fcglich eines Verhaltens versto\u00dfen, das die Richtlinien und Regeln dieser Website verletzt. Der Benutzer ist f\u00fcr jede Aktion verantwortlich, die er mit seinem Benutzernamen oder Konto durchf\u00fchrt. Der Benutzer ist f\u00fcr die Verwendung und die Vertraulichkeit seines Passworts f\u00fcr den Zugang zu seinem Konto verantwortlich. Wenn der Verdacht besteht, dass die Sicherheit seines Passworts gef\u00e4hrdet ist, muss er es sofort \u00e4ndern. Der Benutzer verpflichtet sich, die Website von TUVATEXTIL, S.L. in angemessener Weise zu nutzen und verpflichtet sich beispielsweise, aber nicht ausschlie\u00dflich, zu folgendem Verhalten: Identit\u00e4ten vorzut\u00e4uschen, falsche Informationen oder Informationen, die anderen Personen geh\u00f6ren, in seiner Registrierung oder seinem Benutzerprofil anzugeben. Den Benutzernamen und das Passwort, die dem registrierten Benutzer zugewiesen wurden, einer nat\u00fcrlichen oder juristischen Person zuzuweisen. Inhalte einzustellen, die geistige oder gewerbliche Eigentumsrechte verletzen, sich an unerlaubten oder illegalen Aktivit\u00e4ten zu beteiligen oder an Aktivit\u00e4ten, die gegen Treu und Glauben und die \u00f6ffentliche Ordnung versto\u00dfen. Inhalte oder Propaganda mit rassistischem, fremdenfeindlichem, pornografischem oder terroristischem Charakter oder solche, die die Rechte Dritter verletzen, einbringen oder verbreiten. Kommentare auf der Seite zu machen, die andere registrierte Benutzer, Mitglieder von TUVATEXTIL, S.L. oder Dritte beleidigen, verleumden oder respektlos behandeln, sowie unfl\u00e4tige und beleidigende Sprache zu verwenden. Sch\u00e4den an den physischen und logischen Systemen von TUVATEXTIL, S.L., seinen Lieferanten, Benutzern oder Dritten zu verursachen. Computerviren oder andere physische oder logische Systeme einzuschleusen oder zu verbreiten, die die oben genannten Sch\u00e4den verursachen k\u00f6nnen. die von TUVATEXTIL, S.L. implementierten Sicherheitsma\u00dfnahmen zu unterdr\u00fccken, zu umgehen oder zu manipulieren. zu versuchen, auf die Konten anderer Nutzer zuzugreifen und diese gegebenenfalls zu nutzen und deren Nachrichten oder Inhalte zu ver\u00e4ndern oder zu manipulieren.          <\/p><p><strong>5. ANWENDBARES RECHT UND GERICHTSBARKEIT<\/strong><\/p><p>F\u00fcr die Beilegung aller Streitigkeiten oder Fragen im Zusammenhang mit dieser Website oder den darin durchgef\u00fchrten Aktivit\u00e4ten gilt die spanische Gesetzgebung, der sich die Parteien ausdr\u00fccklich unterwerfen, und die Gerichte des Wohnsitzes des BENUTZERS oder des Ortes, an dem die Verpflichtung erf\u00fcllt wird, sind f\u00fcr die Beilegung aller Streitigkeiten, die sich aus der Nutzung dieser Website ergeben oder damit zusammenh\u00e4ngen, zust\u00e4ndig.<\/p>\t\t\t\t\t\t\t\t<\/div>\n\t\t\t\t\t<\/div>\n\t\t\t\t<\/div>\n\t\t\t\t<\/div>\n\t\t","protected":false},"excerpt":{"rendered":"<p>GESETZ \u00dcBER DIENSTE DER INFORMATIONSGESELLSCHAFT (LSSI) TUVATEXTIL, verantwortlich f\u00fcr die Website, im Folgenden VERANTWORTLICHER genannt, stellt den Nutzern dieses Dokument zur Verf\u00fcgung, mit dem sie die im Gesetz 34\/2002 vom 11. Juli \u00fcber die Dienste der Informationsgesellschaft und den elektronischen Handel (LSSICE), BOE Nr. 166, festgelegten Verpflichtungen erf\u00fcllen und alle Nutzer der Website \u00fcber die [&hellip;]<\/p>\n","protected":false},"author":1,"featured_media":0,"parent":0,"menu_order":0,"comment_status":"closed","ping_status":"closed","template":"","meta":{"_acf_changed":false,"footnotes":""},"class_list":["post-24366","page","type-page","status-publish","hentry"],"acf":[],"yoast_head":"<!-- This site is optimized with the Yoast SEO plugin v27.4 - https:\/\/yoast.com\/product\/yoast-seo-wordpress\/ -->\n<title>Rechtlicher Hinweis - Agora<\/title>\n<meta name=\"robots\" content=\"index, follow, max-snippet:-1, max-image-preview:large, max-video-preview:-1\" \/>\n<link rel=\"canonical\" href=\"https:\/\/agorafabrics.com\/de\/rechtlicher-hinweis\/\" \/>\n<meta property=\"og:locale\" content=\"de_DE\" \/>\n<meta property=\"og:type\" content=\"article\" \/>\n<meta property=\"og:title\" content=\"Rechtlicher Hinweis - Agora\" \/>\n<meta property=\"og:description\" content=\"GESETZ \u00dcBER DIENSTE DER INFORMATIONSGESELLSCHAFT (LSSI) TUVATEXTIL, verantwortlich f\u00fcr die Website, im Folgenden VERANTWORTLICHER genannt, stellt den Nutzern dieses Dokument zur Verf\u00fcgung, mit dem sie die im Gesetz 34\/2002 vom 11. Juli \u00fcber die Dienste der Informationsgesellschaft und den elektronischen Handel (LSSICE), BOE Nr. 166, festgelegten Verpflichtungen erf\u00fcllen und alle Nutzer der Website \u00fcber die [&hellip;]\" \/>\n<meta property=\"og:url\" content=\"https:\/\/agorafabrics.com\/de\/rechtlicher-hinweis\/\" \/>\n<meta property=\"og:site_name\" content=\"Agora\" \/>\n<meta property=\"article:publisher\" content=\"https:\/\/www.facebook.com\/agorafabrics\/\" \/>\n<meta property=\"article:modified_time\" content=\"2026-02-10T15:00:37+00:00\" \/>\n<meta name=\"twitter:card\" content=\"summary_large_image\" \/>\n<meta name=\"twitter:label1\" content=\"Gesch\u00e4tzte Lesezeit\" \/>\n\t<meta name=\"twitter:data1\" content=\"8\u00a0Minute\" \/>\n<script type=\"application\/ld+json\" class=\"yoast-schema-graph\">{\"@context\":\"https:\\\/\\\/schema.org\",\"@graph\":[{\"@type\":\"WebPage\",\"@id\":\"https:\\\/\\\/agorafabrics.com\\\/de\\\/rechtlicher-hinweis\\\/\",\"url\":\"https:\\\/\\\/agorafabrics.com\\\/de\\\/rechtlicher-hinweis\\\/\",\"name\":\"Rechtlicher Hinweis - Agora\",\"isPartOf\":{\"@id\":\"https:\\\/\\\/agorafabrics.com\\\/de\\\/#website\"},\"datePublished\":\"2025-04-02T14:24:02+00:00\",\"dateModified\":\"2026-02-10T15:00:37+00:00\",\"breadcrumb\":{\"@id\":\"https:\\\/\\\/agorafabrics.com\\\/de\\\/rechtlicher-hinweis\\\/#breadcrumb\"},\"inLanguage\":\"de\",\"potentialAction\":[{\"@type\":\"ReadAction\",\"target\":[\"https:\\\/\\\/agorafabrics.com\\\/de\\\/rechtlicher-hinweis\\\/\"]}]},{\"@type\":\"BreadcrumbList\",\"@id\":\"https:\\\/\\\/agorafabrics.com\\\/de\\\/rechtlicher-hinweis\\\/#breadcrumb\",\"itemListElement\":[{\"@type\":\"ListItem\",\"position\":1,\"name\":\"Portada\",\"item\":\"https:\\\/\\\/agorafabrics.com\\\/de\\\/startseite\\\/\"},{\"@type\":\"ListItem\",\"position\":2,\"name\":\"Rechtlicher Hinweis\"}]},{\"@type\":\"WebSite\",\"@id\":\"https:\\\/\\\/agorafabrics.com\\\/de\\\/#website\",\"url\":\"https:\\\/\\\/agorafabrics.com\\\/de\\\/\",\"name\":\"Agora\",\"description\":\"F\u00e1brica de tejidos y telas para exterior\",\"publisher\":{\"@id\":\"https:\\\/\\\/agorafabrics.com\\\/de\\\/#organization\"},\"potentialAction\":[{\"@type\":\"SearchAction\",\"target\":{\"@type\":\"EntryPoint\",\"urlTemplate\":\"https:\\\/\\\/agorafabrics.com\\\/de\\\/?s={search_term_string}\"},\"query-input\":{\"@type\":\"PropertyValueSpecification\",\"valueRequired\":true,\"valueName\":\"search_term_string\"}}],\"inLanguage\":\"de\"},{\"@type\":\"Organization\",\"@id\":\"https:\\\/\\\/agorafabrics.com\\\/de\\\/#organization\",\"name\":\"Agora-Stoffe\",\"url\":\"https:\\\/\\\/agorafabrics.com\\\/de\\\/\",\"logo\":{\"@type\":\"ImageObject\",\"inLanguage\":\"de\",\"@id\":\"https:\\\/\\\/agorafabrics.com\\\/de\\\/#\\\/schema\\\/logo\\\/image\\\/\",\"url\":\"https:\\\/\\\/agorafabrics.com\\\/wp-content\\\/uploads\\\/2024\\\/07\\\/Agora-Logo.jpg\",\"contentUrl\":\"https:\\\/\\\/agorafabrics.com\\\/wp-content\\\/uploads\\\/2024\\\/07\\\/Agora-Logo.jpg\",\"width\":2292,\"height\":756,\"caption\":\"Agora-Stoffe\"},\"image\":{\"@id\":\"https:\\\/\\\/agorafabrics.com\\\/de\\\/#\\\/schema\\\/logo\\\/image\\\/\"},\"sameAs\":[\"https:\\\/\\\/www.facebook.com\\\/agorafabrics\\\/\",\"https:\\\/\\\/www.instagram.com\\\/agorafabrics\\\/\",\"https:\\\/\\\/www.linkedin.com\\\/company\\\/tuvatextil\\\/\",\"https:\\\/\\\/vimeo.com\\\/user139090508\",\"https:\\\/\\\/www.youtube.com\\\/channel\\\/UC6iNTVqBR6UsJBzO5OZTymw\",\"https:\\\/\\\/www.pinterest.es\\\/agorafabrics\\\/\"]}]}<\/script>\n<!-- \/ Yoast SEO plugin. -->","yoast_head_json":{"title":"Rechtlicher Hinweis - Agora","robots":{"index":"index","follow":"follow","max-snippet":"max-snippet:-1","max-image-preview":"max-image-preview:large","max-video-preview":"max-video-preview:-1"},"canonical":"https:\/\/agorafabrics.com\/de\/rechtlicher-hinweis\/","og_locale":"de_DE","og_type":"article","og_title":"Rechtlicher Hinweis - Agora","og_description":"GESETZ \u00dcBER DIENSTE DER INFORMATIONSGESELLSCHAFT (LSSI) TUVATEXTIL, verantwortlich f\u00fcr die Website, im Folgenden VERANTWORTLICHER genannt, stellt den Nutzern dieses Dokument zur Verf\u00fcgung, mit dem sie die im Gesetz 34\/2002 vom 11. Juli \u00fcber die Dienste der Informationsgesellschaft und den elektronischen Handel (LSSICE), BOE Nr. 166, festgelegten Verpflichtungen erf\u00fcllen und alle Nutzer der Website \u00fcber die [&hellip;]","og_url":"https:\/\/agorafabrics.com\/de\/rechtlicher-hinweis\/","og_site_name":"Agora","article_publisher":"https:\/\/www.facebook.com\/agorafabrics\/","article_modified_time":"2026-02-10T15:00:37+00:00","twitter_card":"summary_large_image","twitter_misc":{"Gesch\u00e4tzte Lesezeit":"8\u00a0Minute"},"schema":{"@context":"https:\/\/schema.org","@graph":[{"@type":"WebPage","@id":"https:\/\/agorafabrics.com\/de\/rechtlicher-hinweis\/","url":"https:\/\/agorafabrics.com\/de\/rechtlicher-hinweis\/","name":"Rechtlicher Hinweis - Agora","isPartOf":{"@id":"https:\/\/agorafabrics.com\/de\/#website"},"datePublished":"2025-04-02T14:24:02+00:00","dateModified":"2026-02-10T15:00:37+00:00","breadcrumb":{"@id":"https:\/\/agorafabrics.com\/de\/rechtlicher-hinweis\/#breadcrumb"},"inLanguage":"de","potentialAction":[{"@type":"ReadAction","target":["https:\/\/agorafabrics.com\/de\/rechtlicher-hinweis\/"]}]},{"@type":"BreadcrumbList","@id":"https:\/\/agorafabrics.com\/de\/rechtlicher-hinweis\/#breadcrumb","itemListElement":[{"@type":"ListItem","position":1,"name":"Portada","item":"https:\/\/agorafabrics.com\/de\/startseite\/"},{"@type":"ListItem","position":2,"name":"Rechtlicher Hinweis"}]},{"@type":"WebSite","@id":"https:\/\/agorafabrics.com\/de\/#website","url":"https:\/\/agorafabrics.com\/de\/","name":"Agora","description":"F\u00e1brica de tejidos y telas para exterior","publisher":{"@id":"https:\/\/agorafabrics.com\/de\/#organization"},"potentialAction":[{"@type":"SearchAction","target":{"@type":"EntryPoint","urlTemplate":"https:\/\/agorafabrics.com\/de\/?s={search_term_string}"},"query-input":{"@type":"PropertyValueSpecification","valueRequired":true,"valueName":"search_term_string"}}],"inLanguage":"de"},{"@type":"Organization","@id":"https:\/\/agorafabrics.com\/de\/#organization","name":"Agora-Stoffe","url":"https:\/\/agorafabrics.com\/de\/","logo":{"@type":"ImageObject","inLanguage":"de","@id":"https:\/\/agorafabrics.com\/de\/#\/schema\/logo\/image\/","url":"https:\/\/agorafabrics.com\/wp-content\/uploads\/2024\/07\/Agora-Logo.jpg","contentUrl":"https:\/\/agorafabrics.com\/wp-content\/uploads\/2024\/07\/Agora-Logo.jpg","width":2292,"height":756,"caption":"Agora-Stoffe"},"image":{"@id":"https:\/\/agorafabrics.com\/de\/#\/schema\/logo\/image\/"},"sameAs":["https:\/\/www.facebook.com\/agorafabrics\/","https:\/\/www.instagram.com\/agorafabrics\/","https:\/\/www.linkedin.com\/company\/tuvatextil\/","https:\/\/vimeo.com\/user139090508","https:\/\/www.youtube.com\/channel\/UC6iNTVqBR6UsJBzO5OZTymw","https:\/\/www.pinterest.es\/agorafabrics\/"]}]}},"_links":{"self":[{"href":"https:\/\/agorafabrics.com\/de\/wp-json\/wp\/v2\/pages\/24366","targetHints":{"allow":["GET"]}}],"collection":[{"href":"https:\/\/agorafabrics.com\/de\/wp-json\/wp\/v2\/pages"}],"about":[{"href":"https:\/\/agorafabrics.com\/de\/wp-json\/wp\/v2\/types\/page"}],"author":[{"embeddable":true,"href":"https:\/\/agorafabrics.com\/de\/wp-json\/wp\/v2\/users\/1"}],"replies":[{"embeddable":true,"href":"https:\/\/agorafabrics.com\/de\/wp-json\/wp\/v2\/comments?post=24366"}],"version-history":[{"count":0,"href":"https:\/\/agorafabrics.com\/de\/wp-json\/wp\/v2\/pages\/24366\/revisions"}],"wp:attachment":[{"href":"https:\/\/agorafabrics.com\/de\/wp-json\/wp\/v2\/media?parent=24366"}],"curies":[{"name":"wp","href":"https:\/\/api.w.org\/{rel}","templated":true}]}}