{"id":24354,"date":"2025-04-02T16:24:02","date_gmt":"2025-04-02T14:24:02","guid":{"rendered":"https:\/\/agorafabrics.com\/zugaenglichkeit\/"},"modified":"2026-02-10T16:00:37","modified_gmt":"2026-02-10T15:00:37","slug":"zugaenglichkeit","status":"publish","type":"page","link":"https:\/\/agorafabrics.com\/de\/zugaenglichkeit\/","title":{"rendered":"Zug\u00e4nglichkeit"},"content":{"rendered":"\t\t<div data-elementor-type=\"wp-page\" data-elementor-id=\"24354\" class=\"elementor elementor-24354 elementor-3564\" data-elementor-post-type=\"page\">\n\t\t\t\t<div class=\"elementor-element elementor-element-c1d05b2 e-flex e-con-boxed e-con e-parent\" data-id=\"c1d05b2\" data-element_type=\"container\" data-e-type=\"container\">\n\t\t\t\t\t<div class=\"e-con-inner\">\n\t\t\t\t<div class=\"elementor-element elementor-element-37c78d1 elementor-widget elementor-widget-heading\" data-id=\"37c78d1\" data-element_type=\"widget\" data-e-type=\"widget\" data-widget_type=\"heading.default\">\n\t\t\t\t\t<h1 class=\"elementor-heading-title elementor-size-default\">Zug\u00e4nglichkeit<\/h1>\t\t\t\t<\/div>\n\t\t\t\t<div class=\"elementor-element elementor-element-6ec8e60 elementor-widget elementor-widget-text-editor\" data-id=\"6ec8e60\" data-element_type=\"widget\" data-e-type=\"widget\" data-widget_type=\"text-editor.default\">\n\t\t\t\t\t\t\t\t\t<p>TUVATEXTIL ist bestrebt, diese Website auf dem neuesten Stand und korrekt zu halten. Sollten Sie dennoch etwas Falsches oder Veraltetes finden, w\u00e4ren wir Ihnen dankbar, wenn Sie uns dies mitteilen w\u00fcrden. Bitte geben Sie an, wo auf der Website Sie die Informationen gelesen haben. Wir werden sie so schnell wie m\u00f6glich \u00fcberpr\u00fcfen. Bitte senden Sie Ihre Anfrage per E-Mail an: info@agorafabrics.com.    <\/p><p>Wir haften nicht f\u00fcr Verluste, die sich aus ungenauen oder unvollst\u00e4ndigen Daten ergeben, oder f\u00fcr Verluste, die sich aus Problemen ergeben, die durch die Verbreitung von Informationen \u00fcber das Internet verursacht werden oder damit verbunden sind, wie etwa Unterbrechungen oder Ausf\u00e4lle. Bei der Verwendung von Webformularen bem\u00fchen wir uns, die Anzahl der erforderlichen Felder auf ein Minimum zu beschr\u00e4nken. F\u00fcr Verluste, die durch die Nutzung von Daten, Ratschl\u00e4gen oder Ideen entstehen, die von oder im Namen von TUVATEXTIL \u00fcber diese Website bereitgestellt werden, \u00fcbernimmt TUVATEXTIL keine Haftung.  <\/p><p>Antworten und Fragen zum Datenschutz, die Sie uns per E-Mail oder \u00fcber ein Webformular schicken, werden genauso behandelt wie Briefe. Das bedeutet, dass Sie innerhalb von maximal 1 Monat eine Antwort von uns erwarten k\u00f6nnen. Bei komplexen Anfragen werden wir Sie innerhalb von 1 Monat informieren, wenn wir maximal 3 Monate ben\u00f6tigen.  <\/p><p>Alle pers\u00f6nlichen Daten, die Sie uns im Zusammenhang mit Ihrer Antwort oder Informationsanfrage zur Verf\u00fcgung stellen, werden ausschlie\u00dflich in \u00dcbereinstimmung mit unserer Datenschutzerkl\u00e4rung verwendet.<\/p><p>TUVATEXTIL unternimmt alle angemessenen Anstrengungen, um seine Systeme gegen jede Form der illegalen Nutzung zu sch\u00fctzen. TUVATEXTIL ergreift zu diesem Zweck angemessene technische und organisatorische Ma\u00dfnahmen, wobei sie unter anderem den Stand der Technik ber\u00fccksichtigt. TUVATEXTIL haftet jedoch nicht f\u00fcr direkte und\/oder indirekte Sch\u00e4den, die einem Nutzer der Website durch die unrechtm\u00e4\u00dfige Nutzung seiner Systeme durch einen Dritten entstehen.  <\/p><p>TUVATEXTIL ist nicht verantwortlich f\u00fcr den Inhalt von Websites, auf die durch Hyperlinks oder andere Verweise verwiesen wird. Produkte oder Dienstleistungen, die von Dritten angeboten werden, unterliegen den geltenden Gesch\u00e4ftsbedingungen dieser Dritten. <\/p><p>Unsere Mitarbeiter werden ihr M\u00f6glichstes tun, um die Zug\u00e4nglichkeit unserer Website zu gew\u00e4hrleisten und sie kontinuierlich zu verbessern. Auch f\u00fcr Menschen, die aufgrund einer Behinderung spezielle Software verwenden. <\/p><p>Diese Website wurde in \u00dcbereinstimmung mit den Richtlinien der WCAG 2.1 Stufe AA erstellt. Diese Richtlinien sind international anerkannte Vereinbarungen \u00fcber Zug\u00e4nglichkeit, Nachhaltigkeit, Austauschbarkeit und Durchsuchbarkeit von Websites. <\/p><p>Alle geistigen Eigentumsrechte am Inhalt dieser Website liegen bei TUVATEXTIL.<\/p><p>Die Vervielf\u00e4ltigung, Verbreitung und sonstige Nutzung dieser Materialien ist ohne die schriftliche Zustimmung von TUVATEXTIL nicht gestattet, es sei denn, zwingende gesetzliche Vorschriften (wie z.B. das Zitatrecht) sehen etwas anderes vor, es sei denn, aus dem konkreten Inhalt ergibt sich etwas anderes.<\/p><p>Sollten Sie Fragen oder Probleme mit der Zug\u00e4nglichkeit der Website haben, z\u00f6gern Sie bitte nicht, uns zu kontaktieren.<\/p>\t\t\t\t\t\t\t\t<\/div>\n\t\t\t\t\t<\/div>\n\t\t\t\t<\/div>\n\t\t\t\t<\/div>\n\t\t","protected":false},"excerpt":{"rendered":"<p>TUVATEXTIL ist bestrebt, diese Website auf dem neuesten Stand und korrekt zu halten. Sollten Sie dennoch etwas Falsches oder Veraltetes finden, w\u00e4ren wir Ihnen dankbar, wenn Sie uns dies mitteilen w\u00fcrden. Bitte geben Sie an, wo auf der Website Sie die Informationen gelesen haben. Wir werden sie so schnell wie m\u00f6glich \u00fcberpr\u00fcfen. Bitte senden Sie [&hellip;]<\/p>\n","protected":false},"author":1,"featured_media":0,"parent":0,"menu_order":0,"comment_status":"closed","ping_status":"closed","template":"","meta":{"_acf_changed":false,"footnotes":""},"class_list":["post-24354","page","type-page","status-publish","hentry"],"acf":[],"yoast_head":"<!-- This site is optimized with the Yoast SEO plugin v27.4 - https:\/\/yoast.com\/product\/yoast-seo-wordpress\/ -->\n<title>Zug\u00e4nglichkeit - Agora<\/title>\n<meta name=\"robots\" content=\"index, follow, max-snippet:-1, max-image-preview:large, max-video-preview:-1\" \/>\n<link rel=\"canonical\" href=\"https:\/\/agorafabrics.com\/de\/zugaenglichkeit\/\" \/>\n<meta property=\"og:locale\" content=\"de_DE\" \/>\n<meta property=\"og:type\" content=\"article\" \/>\n<meta property=\"og:title\" content=\"Zug\u00e4nglichkeit - Agora\" \/>\n<meta property=\"og:description\" content=\"TUVATEXTIL ist bestrebt, diese Website auf dem neuesten Stand und korrekt zu halten. Sollten Sie dennoch etwas Falsches oder Veraltetes finden, w\u00e4ren wir Ihnen dankbar, wenn Sie uns dies mitteilen w\u00fcrden. Bitte geben Sie an, wo auf der Website Sie die Informationen gelesen haben. Wir werden sie so schnell wie m\u00f6glich \u00fcberpr\u00fcfen. Bitte senden Sie [&hellip;]\" \/>\n<meta property=\"og:url\" content=\"https:\/\/agorafabrics.com\/de\/zugaenglichkeit\/\" \/>\n<meta property=\"og:site_name\" content=\"Agora\" \/>\n<meta property=\"article:publisher\" content=\"https:\/\/www.facebook.com\/agorafabrics\/\" \/>\n<meta property=\"article:modified_time\" content=\"2026-02-10T15:00:37+00:00\" \/>\n<meta name=\"twitter:card\" content=\"summary_large_image\" \/>\n<meta name=\"twitter:label1\" content=\"Gesch\u00e4tzte Lesezeit\" \/>\n\t<meta name=\"twitter:data1\" content=\"2\u00a0Minute\" \/>\n<script type=\"application\/ld+json\" class=\"yoast-schema-graph\">{\"@context\":\"https:\\\/\\\/schema.org\",\"@graph\":[{\"@type\":\"WebPage\",\"@id\":\"https:\\\/\\\/agorafabrics.com\\\/de\\\/zugaenglichkeit\\\/\",\"url\":\"https:\\\/\\\/agorafabrics.com\\\/de\\\/zugaenglichkeit\\\/\",\"name\":\"Zug\u00e4nglichkeit - Agora\",\"isPartOf\":{\"@id\":\"https:\\\/\\\/agorafabrics.com\\\/de\\\/#website\"},\"datePublished\":\"2025-04-02T14:24:02+00:00\",\"dateModified\":\"2026-02-10T15:00:37+00:00\",\"breadcrumb\":{\"@id\":\"https:\\\/\\\/agorafabrics.com\\\/de\\\/zugaenglichkeit\\\/#breadcrumb\"},\"inLanguage\":\"de\",\"potentialAction\":[{\"@type\":\"ReadAction\",\"target\":[\"https:\\\/\\\/agorafabrics.com\\\/de\\\/zugaenglichkeit\\\/\"]}]},{\"@type\":\"BreadcrumbList\",\"@id\":\"https:\\\/\\\/agorafabrics.com\\\/de\\\/zugaenglichkeit\\\/#breadcrumb\",\"itemListElement\":[{\"@type\":\"ListItem\",\"position\":1,\"name\":\"Portada\",\"item\":\"https:\\\/\\\/agorafabrics.com\\\/de\\\/startseite\\\/\"},{\"@type\":\"ListItem\",\"position\":2,\"name\":\"Zug\u00e4nglichkeit\"}]},{\"@type\":\"WebSite\",\"@id\":\"https:\\\/\\\/agorafabrics.com\\\/de\\\/#website\",\"url\":\"https:\\\/\\\/agorafabrics.com\\\/de\\\/\",\"name\":\"Agora\",\"description\":\"F\u00e1brica de tejidos y telas para exterior\",\"publisher\":{\"@id\":\"https:\\\/\\\/agorafabrics.com\\\/de\\\/#organization\"},\"potentialAction\":[{\"@type\":\"SearchAction\",\"target\":{\"@type\":\"EntryPoint\",\"urlTemplate\":\"https:\\\/\\\/agorafabrics.com\\\/de\\\/?s={search_term_string}\"},\"query-input\":{\"@type\":\"PropertyValueSpecification\",\"valueRequired\":true,\"valueName\":\"search_term_string\"}}],\"inLanguage\":\"de\"},{\"@type\":\"Organization\",\"@id\":\"https:\\\/\\\/agorafabrics.com\\\/de\\\/#organization\",\"name\":\"Agora-Stoffe\",\"url\":\"https:\\\/\\\/agorafabrics.com\\\/de\\\/\",\"logo\":{\"@type\":\"ImageObject\",\"inLanguage\":\"de\",\"@id\":\"https:\\\/\\\/agorafabrics.com\\\/de\\\/#\\\/schema\\\/logo\\\/image\\\/\",\"url\":\"https:\\\/\\\/agorafabrics.com\\\/wp-content\\\/uploads\\\/2024\\\/07\\\/Agora-Logo.jpg\",\"contentUrl\":\"https:\\\/\\\/agorafabrics.com\\\/wp-content\\\/uploads\\\/2024\\\/07\\\/Agora-Logo.jpg\",\"width\":2292,\"height\":756,\"caption\":\"Agora-Stoffe\"},\"image\":{\"@id\":\"https:\\\/\\\/agorafabrics.com\\\/de\\\/#\\\/schema\\\/logo\\\/image\\\/\"},\"sameAs\":[\"https:\\\/\\\/www.facebook.com\\\/agorafabrics\\\/\",\"https:\\\/\\\/www.instagram.com\\\/agorafabrics\\\/\",\"https:\\\/\\\/www.linkedin.com\\\/company\\\/tuvatextil\\\/\",\"https:\\\/\\\/vimeo.com\\\/user139090508\",\"https:\\\/\\\/www.youtube.com\\\/channel\\\/UC6iNTVqBR6UsJBzO5OZTymw\",\"https:\\\/\\\/www.pinterest.es\\\/agorafabrics\\\/\"]}]}<\/script>\n<!-- \/ Yoast SEO plugin. -->","yoast_head_json":{"title":"Zug\u00e4nglichkeit - Agora","robots":{"index":"index","follow":"follow","max-snippet":"max-snippet:-1","max-image-preview":"max-image-preview:large","max-video-preview":"max-video-preview:-1"},"canonical":"https:\/\/agorafabrics.com\/de\/zugaenglichkeit\/","og_locale":"de_DE","og_type":"article","og_title":"Zug\u00e4nglichkeit - Agora","og_description":"TUVATEXTIL ist bestrebt, diese Website auf dem neuesten Stand und korrekt zu halten. Sollten Sie dennoch etwas Falsches oder Veraltetes finden, w\u00e4ren wir Ihnen dankbar, wenn Sie uns dies mitteilen w\u00fcrden. Bitte geben Sie an, wo auf der Website Sie die Informationen gelesen haben. Wir werden sie so schnell wie m\u00f6glich \u00fcberpr\u00fcfen. Bitte senden Sie [&hellip;]","og_url":"https:\/\/agorafabrics.com\/de\/zugaenglichkeit\/","og_site_name":"Agora","article_publisher":"https:\/\/www.facebook.com\/agorafabrics\/","article_modified_time":"2026-02-10T15:00:37+00:00","twitter_card":"summary_large_image","twitter_misc":{"Gesch\u00e4tzte Lesezeit":"2\u00a0Minute"},"schema":{"@context":"https:\/\/schema.org","@graph":[{"@type":"WebPage","@id":"https:\/\/agorafabrics.com\/de\/zugaenglichkeit\/","url":"https:\/\/agorafabrics.com\/de\/zugaenglichkeit\/","name":"Zug\u00e4nglichkeit - Agora","isPartOf":{"@id":"https:\/\/agorafabrics.com\/de\/#website"},"datePublished":"2025-04-02T14:24:02+00:00","dateModified":"2026-02-10T15:00:37+00:00","breadcrumb":{"@id":"https:\/\/agorafabrics.com\/de\/zugaenglichkeit\/#breadcrumb"},"inLanguage":"de","potentialAction":[{"@type":"ReadAction","target":["https:\/\/agorafabrics.com\/de\/zugaenglichkeit\/"]}]},{"@type":"BreadcrumbList","@id":"https:\/\/agorafabrics.com\/de\/zugaenglichkeit\/#breadcrumb","itemListElement":[{"@type":"ListItem","position":1,"name":"Portada","item":"https:\/\/agorafabrics.com\/de\/startseite\/"},{"@type":"ListItem","position":2,"name":"Zug\u00e4nglichkeit"}]},{"@type":"WebSite","@id":"https:\/\/agorafabrics.com\/de\/#website","url":"https:\/\/agorafabrics.com\/de\/","name":"Agora","description":"F\u00e1brica de tejidos y telas para exterior","publisher":{"@id":"https:\/\/agorafabrics.com\/de\/#organization"},"potentialAction":[{"@type":"SearchAction","target":{"@type":"EntryPoint","urlTemplate":"https:\/\/agorafabrics.com\/de\/?s={search_term_string}"},"query-input":{"@type":"PropertyValueSpecification","valueRequired":true,"valueName":"search_term_string"}}],"inLanguage":"de"},{"@type":"Organization","@id":"https:\/\/agorafabrics.com\/de\/#organization","name":"Agora-Stoffe","url":"https:\/\/agorafabrics.com\/de\/","logo":{"@type":"ImageObject","inLanguage":"de","@id":"https:\/\/agorafabrics.com\/de\/#\/schema\/logo\/image\/","url":"https:\/\/agorafabrics.com\/wp-content\/uploads\/2024\/07\/Agora-Logo.jpg","contentUrl":"https:\/\/agorafabrics.com\/wp-content\/uploads\/2024\/07\/Agora-Logo.jpg","width":2292,"height":756,"caption":"Agora-Stoffe"},"image":{"@id":"https:\/\/agorafabrics.com\/de\/#\/schema\/logo\/image\/"},"sameAs":["https:\/\/www.facebook.com\/agorafabrics\/","https:\/\/www.instagram.com\/agorafabrics\/","https:\/\/www.linkedin.com\/company\/tuvatextil\/","https:\/\/vimeo.com\/user139090508","https:\/\/www.youtube.com\/channel\/UC6iNTVqBR6UsJBzO5OZTymw","https:\/\/www.pinterest.es\/agorafabrics\/"]}]}},"_links":{"self":[{"href":"https:\/\/agorafabrics.com\/de\/wp-json\/wp\/v2\/pages\/24354","targetHints":{"allow":["GET"]}}],"collection":[{"href":"https:\/\/agorafabrics.com\/de\/wp-json\/wp\/v2\/pages"}],"about":[{"href":"https:\/\/agorafabrics.com\/de\/wp-json\/wp\/v2\/types\/page"}],"author":[{"embeddable":true,"href":"https:\/\/agorafabrics.com\/de\/wp-json\/wp\/v2\/users\/1"}],"replies":[{"embeddable":true,"href":"https:\/\/agorafabrics.com\/de\/wp-json\/wp\/v2\/comments?post=24354"}],"version-history":[{"count":0,"href":"https:\/\/agorafabrics.com\/de\/wp-json\/wp\/v2\/pages\/24354\/revisions"}],"wp:attachment":[{"href":"https:\/\/agorafabrics.com\/de\/wp-json\/wp\/v2\/media?parent=24354"}],"curies":[{"name":"wp","href":"https:\/\/api.w.org\/{rel}","templated":true}]}}