{"id":24315,"date":"2025-04-02T16:24:02","date_gmt":"2025-04-02T14:24:02","guid":{"rendered":"https:\/\/agorafabrics.com\/erklaerung-zum-datenschutz-eu\/"},"modified":"2026-02-10T16:00:32","modified_gmt":"2026-02-10T15:00:32","slug":"erklaerung-zum-datenschutz-eu","status":"publish","type":"page","link":"https:\/\/agorafabrics.com\/de\/erklaerung-zum-datenschutz-eu\/","title":{"rendered":"Erkl\u00e4rung zum Datenschutz (EU)"},"content":{"rendered":"\t\t<div data-elementor-type=\"wp-page\" data-elementor-id=\"24315\" class=\"elementor elementor-24315 elementor-3562\" data-elementor-post-type=\"page\">\n\t\t\t\t<div class=\"elementor-element elementor-element-5fde5cb e-flex e-con-boxed e-con e-parent\" data-id=\"5fde5cb\" data-element_type=\"container\" data-e-type=\"container\">\n\t\t\t\t\t<div class=\"e-con-inner\">\n\t\t\t\t<div class=\"elementor-element elementor-element-48df122 elementor-widget elementor-widget-heading\" data-id=\"48df122\" data-element_type=\"widget\" data-e-type=\"widget\" data-widget_type=\"heading.default\">\n\t\t\t\t\t<h1 class=\"elementor-heading-title elementor-size-default\">Erkl\u00e4rung zum Datenschutz (EU)<\/h1>\t\t\t\t<\/div>\n\t\t\t\t<div class=\"elementor-element elementor-element-8a8e48c elementor-widget elementor-widget-text-editor\" data-id=\"8a8e48c\" data-element_type=\"widget\" data-e-type=\"widget\" data-widget_type=\"text-editor.default\">\n\t\t\t\t\t\t\t\t\t<p><strong>1. BENUTZERINFORMATIONEN<\/strong><\/p><p><strong>Wer ist f\u00fcr die Verarbeitung Ihrer pers\u00f6nlichen Daten verantwortlich?<\/strong><br>TUVATEXTIL ist f\u00fcr die Verarbeitung der personenbezogenen Daten des BENUTZERS VERANTWORTLICH und informiert den BENUTZER dar\u00fcber, dass diese Daten gem\u00e4\u00df den Bestimmungen der Verordnung (EU) 2016\/679 vom 27. April (GDPR) und dem Organgesetz 3\/2018 vom 5. Dezember (LOPDGDD) verarbeitet werden.<\/p><p><strong>Wozu verarbeiten wir Ihre pers\u00f6nlichen Daten?<\/strong><br>Zur Aufrechterhaltung einer Gesch\u00e4ftsbeziehung mit dem Nutzer. Die f\u00fcr die Durchf\u00fchrung der Verarbeitung vorgesehenen Vorg\u00e4nge sind: <\/p><p>Das Versenden kommerzieller Werbemitteilungen per E-Mail, Fax, SMS, MMS, soziale Netzwerke oder jedes andere gegenw\u00e4rtige oder zuk\u00fcnftige elektronische oder physische Mittel, das kommerzielle Mitteilungen erm\u00f6glicht. Diese Mitteilungen werden vom VERANTWORTLICHEN durchgef\u00fchrt und beziehen sich auf seine Produkte und Dienstleistungen oder auf die seiner Mitarbeiter oder Lieferanten, mit denen er eine Werbevereinbarung getroffen hat. In diesem Fall haben Dritte niemals Zugang zu personenbezogenen Daten.<br>Durchf\u00fchrung von Marktforschung und statistischen Analysen.<br>Bearbeitung von Bestellungen, Anfragen, Beantwortung von Anfragen oder jeder Art von Anfragen, die vom BENUTZER \u00fcber eines der auf der Website des VERANTWORTLICHEN zur Verf\u00fcgung gestellten Kontaktformulare gestellt werden.<br>Versand des Online-Newsletters, von Neuigkeiten, Angeboten und Werbeaktionen in unserem Unternehmen.  <\/p><p><strong>Wie lange werden wir Ihre pers\u00f6nlichen Daten aufbewahren?<\/strong><\/p><p>Sie werden nur so lange aufbewahrt, wie es f\u00fcr die Aufrechterhaltung des Zwecks der Verarbeitung erforderlich ist oder wie es gesetzliche Vorschriften vorschreiben, die ihre Aufbewahrung vorschreiben, und wenn sie f\u00fcr diesen Zweck nicht mehr erforderlich sind, werden sie mit geeigneten Sicherheitsma\u00dfnahmen gel\u00f6scht, um die Anonymisierung der Daten oder ihre vollst\u00e4ndige Vernichtung zu gew\u00e4hrleisten.<\/p><p><strong>An wen geben wir Ihre pers\u00f6nlichen Daten weiter?<\/strong><\/p><p>Es ist keine Weitergabe personenbezogener Daten an Dritte vorgesehen, au\u00dfer, wenn dies f\u00fcr die Entwicklung und Ausf\u00fchrung der Zwecke der Verarbeitung erforderlich ist, an unsere Dienstleister im Zusammenhang mit der Kommunikation, mit denen der VERANTWORTLICHE die von den geltenden Datenschutzbestimmungen vorgeschriebenen Vertraulichkeits- und Datenverarbeitungsvertr\u00e4ge unterzeichnet hat.<\/p><p><strong>Was sind Ihre Rechte?<\/strong><\/p><p>Die Rechte des BENUTZERS sind:<\/p><p>Recht, die Einwilligung jederzeit zu widerrufen.<br>Recht auf Zugang, Berichtigung, \u00dcbertragbarkeit und L\u00f6schung Ihrer Daten sowie auf Einschr\u00e4nkung oder Widerspruch gegen die Verarbeitung.<br>Recht auf Beschwerde bei der Aufsichtsbeh\u00f6rde (www.aepd.es), wenn Sie der Meinung sind, dass die Verarbeitung nicht den geltenden Vorschriften entspricht.<\/p><p><strong>Kontaktdaten f\u00fcr die Aus\u00fcbung Ihrer Rechte:<\/strong><br>TUVATEXTIL. Carretera Pl\u00e1 de Santa Mar\u00eda, s\/n &#8211; 43817 El Pont d&#8217;Armentera (Tarragona). E-Mail: lopd@tuvatextil.com  <\/p><p><strong>Warum d\u00fcrfen wir Ihre pers\u00f6nlichen Daten verarbeiten?<\/strong><\/p><p>Weil die Verarbeitung durch Artikel 6 der DSGVO wie folgt legitimiert ist:<br>Mit der Zustimmung des NUTZERS: Zusendung von kommerziellen Mitteilungen und des Newsletters. F\u00fcr das berechtigte Interesse des VERANTWORTLICHEN: zur Durchf\u00fchrung von Marktforschung, statistischen Analysen usw. und zur Bearbeitung von Bestellungen, Anfragen usw. auf Wunsch des NUTZERS. <\/p><p>Es ist keine Weitergabe personenbezogener Daten an Dritte vorgesehen, au\u00dfer, wenn dies f\u00fcr die Entwicklung und Ausf\u00fchrung der Zwecke der Verarbeitung erforderlich ist, an unsere Dienstleister im Zusammenhang mit der Kommunikation, mit denen der VERANTWORTLICHE die von den geltenden Datenschutzbestimmungen vorgeschriebenen Vertraulichkeits- und Datenverarbeitungsvertr\u00e4ge unterzeichnet hat.<\/p><p><strong>2. OBLIGATORISCHER ODER FAKULTATIVER CHARAKTER DER VOM BENUTZER BEREITGESTELLTEN INFORMATIONEN<\/strong><\/p><p>Indem die BENUTZER die entsprechenden K\u00e4stchen ankreuzen und Daten in die mit einem Sternchen (*) gekennzeichneten Felder im Kontaktformular oder in den Download-Formularen eingeben, akzeptieren sie ausdr\u00fccklich und frei und unmissverst\u00e4ndlich, dass ihre Daten notwendig sind, um ihre Anfrage zu erf\u00fcllen, und zwar durch den Anbieter, wobei die Aufnahme von Daten in die \u00fcbrigen Felder freiwillig ist. Der BENUTZER garantiert, dass die pers\u00f6nlichen Daten, die er dem VERANTWORTLICHEN zur Verf\u00fcgung stellt, der Wahrheit entsprechen, und ist daf\u00fcr verantwortlich, etwaige \u00c4nderungen mitzuteilen.<br>Der VERANTWORTLICHE teilt mit, dass alle \u00fcber die Website angeforderten Daten obligatorisch sind, da sie f\u00fcr die Bereitstellung eines optimalen Dienstes f\u00fcr den BENUTZER erforderlich sind. Falls nicht alle Daten angegeben werden, kann nicht garantiert werden, dass die bereitgestellten Informationen und Dienstleistungen vollst\u00e4ndig auf Ihre Bed\u00fcrfnisse zugeschnitten sind.  <\/p><p><strong>3. SICHERHEITSMASSNAHMEN<\/strong><\/p><p>dass der VERANTWORTLICHE in \u00dcbereinstimmung mit den Bestimmungen der geltenden Vorschriften zum Schutz personenbezogener Daten alle Bestimmungen der DSGVO und der LOPDGDD f\u00fcr die Verarbeitung personenbezogener Daten unter seiner Verantwortung einh\u00e4lt und sich offenkundig an die in Artikel 5 der DSGVO beschriebenen Grunds\u00e4tze h\u00e4lt, wonach die Daten rechtm\u00e4\u00dfig, nach Treu und Glauben und in transparenter Weise gegen\u00fcber der betroffenen Person verarbeitet werden und den Zwecken, f\u00fcr die sie verarbeitet werden, entsprechen, daf\u00fcr erheblich sind und auf das Notwendige beschr\u00e4nkt sind.<\/p><p>Der VERANTWORTLICHE garantiert, dass er geeignete technische und organisatorische Ma\u00dfnahmen ergriffen hat, um die von der DSGVO und der LOPDGDD festgelegten Sicherheitsma\u00dfnahmen anzuwenden, um die Rechte und Freiheiten der NUTZER zu sch\u00fctzen, und dass er ihnen die entsprechenden Informationen mitgeteilt hat, damit sie diese aus\u00fcben k\u00f6nnen.<\/p><p>F\u00fcr weitere Informationen \u00fcber Datenschutzgarantien k\u00f6nnen Sie den VERANTWORTLICHEN \u00fcber TUVATEXTIL kontaktieren. Carretera Pl\u00e1 de Santa Mar\u00eda, s\/n &#8211; 43817 El Pont d&#8217;Armentera (Tarragona). E-Mail: lopd@tuvatextil.com  <\/p>\t\t\t\t\t\t\t\t<\/div>\n\t\t\t\t\t<\/div>\n\t\t\t\t<\/div>\n\t\t\t\t<\/div>\n\t\t","protected":false},"excerpt":{"rendered":"<p>1. BENUTZERINFORMATIONEN Wer ist f\u00fcr die Verarbeitung Ihrer pers\u00f6nlichen Daten verantwortlich?TUVATEXTIL ist f\u00fcr die Verarbeitung der personenbezogenen Daten des BENUTZERS VERANTWORTLICH und informiert den BENUTZER dar\u00fcber, dass diese Daten gem\u00e4\u00df den Bestimmungen der Verordnung (EU) 2016\/679 vom 27. April (GDPR) und dem Organgesetz 3\/2018 vom 5. Dezember (LOPDGDD) verarbeitet werden. Wozu verarbeiten wir Ihre pers\u00f6nlichen [&hellip;]<\/p>\n","protected":false},"author":1,"featured_media":0,"parent":0,"menu_order":0,"comment_status":"closed","ping_status":"closed","template":"","meta":{"_acf_changed":false,"footnotes":""},"class_list":["post-24315","page","type-page","status-publish","hentry"],"acf":[],"yoast_head":"<!-- This site is optimized with the Yoast SEO plugin v27.4 - https:\/\/yoast.com\/product\/yoast-seo-wordpress\/ -->\n<title>Erkl\u00e4rung zum Datenschutz (EU) - Agora<\/title>\n<meta name=\"robots\" content=\"index, follow, max-snippet:-1, max-image-preview:large, max-video-preview:-1\" \/>\n<link rel=\"canonical\" href=\"https:\/\/agorafabrics.com\/de\/erklaerung-zum-datenschutz-eu\/\" \/>\n<meta property=\"og:locale\" content=\"de_DE\" \/>\n<meta property=\"og:type\" content=\"article\" \/>\n<meta property=\"og:title\" content=\"Erkl\u00e4rung zum Datenschutz (EU) - Agora\" \/>\n<meta property=\"og:description\" content=\"1. BENUTZERINFORMATIONEN Wer ist f\u00fcr die Verarbeitung Ihrer pers\u00f6nlichen Daten verantwortlich?TUVATEXTIL ist f\u00fcr die Verarbeitung der personenbezogenen Daten des BENUTZERS VERANTWORTLICH und informiert den BENUTZER dar\u00fcber, dass diese Daten gem\u00e4\u00df den Bestimmungen der Verordnung (EU) 2016\/679 vom 27. April (GDPR) und dem Organgesetz 3\/2018 vom 5. Dezember (LOPDGDD) verarbeitet werden. Wozu verarbeiten wir Ihre pers\u00f6nlichen [&hellip;]\" \/>\n<meta property=\"og:url\" content=\"https:\/\/agorafabrics.com\/de\/erklaerung-zum-datenschutz-eu\/\" \/>\n<meta property=\"og:site_name\" content=\"Agora\" \/>\n<meta property=\"article:publisher\" content=\"https:\/\/www.facebook.com\/agorafabrics\/\" \/>\n<meta property=\"article:modified_time\" content=\"2026-02-10T15:00:32+00:00\" \/>\n<meta name=\"twitter:card\" content=\"summary_large_image\" \/>\n<meta name=\"twitter:label1\" content=\"Gesch\u00e4tzte Lesezeit\" \/>\n\t<meta name=\"twitter:data1\" content=\"4\u00a0Minute\" \/>\n<script type=\"application\/ld+json\" class=\"yoast-schema-graph\">{\"@context\":\"https:\\\/\\\/schema.org\",\"@graph\":[{\"@type\":\"WebPage\",\"@id\":\"https:\\\/\\\/agorafabrics.com\\\/de\\\/erklaerung-zum-datenschutz-eu\\\/\",\"url\":\"https:\\\/\\\/agorafabrics.com\\\/de\\\/erklaerung-zum-datenschutz-eu\\\/\",\"name\":\"Erkl\u00e4rung zum Datenschutz (EU) - Agora\",\"isPartOf\":{\"@id\":\"https:\\\/\\\/agorafabrics.com\\\/de\\\/#website\"},\"datePublished\":\"2025-04-02T14:24:02+00:00\",\"dateModified\":\"2026-02-10T15:00:32+00:00\",\"breadcrumb\":{\"@id\":\"https:\\\/\\\/agorafabrics.com\\\/de\\\/erklaerung-zum-datenschutz-eu\\\/#breadcrumb\"},\"inLanguage\":\"de\",\"potentialAction\":[{\"@type\":\"ReadAction\",\"target\":[\"https:\\\/\\\/agorafabrics.com\\\/de\\\/erklaerung-zum-datenschutz-eu\\\/\"]}]},{\"@type\":\"BreadcrumbList\",\"@id\":\"https:\\\/\\\/agorafabrics.com\\\/de\\\/erklaerung-zum-datenschutz-eu\\\/#breadcrumb\",\"itemListElement\":[{\"@type\":\"ListItem\",\"position\":1,\"name\":\"Portada\",\"item\":\"https:\\\/\\\/agorafabrics.com\\\/de\\\/startseite\\\/\"},{\"@type\":\"ListItem\",\"position\":2,\"name\":\"Erkl\u00e4rung zum Datenschutz (EU)\"}]},{\"@type\":\"WebSite\",\"@id\":\"https:\\\/\\\/agorafabrics.com\\\/de\\\/#website\",\"url\":\"https:\\\/\\\/agorafabrics.com\\\/de\\\/\",\"name\":\"Agora\",\"description\":\"F\u00e1brica de tejidos y telas para exterior\",\"publisher\":{\"@id\":\"https:\\\/\\\/agorafabrics.com\\\/de\\\/#organization\"},\"potentialAction\":[{\"@type\":\"SearchAction\",\"target\":{\"@type\":\"EntryPoint\",\"urlTemplate\":\"https:\\\/\\\/agorafabrics.com\\\/de\\\/?s={search_term_string}\"},\"query-input\":{\"@type\":\"PropertyValueSpecification\",\"valueRequired\":true,\"valueName\":\"search_term_string\"}}],\"inLanguage\":\"de\"},{\"@type\":\"Organization\",\"@id\":\"https:\\\/\\\/agorafabrics.com\\\/de\\\/#organization\",\"name\":\"Agora-Stoffe\",\"url\":\"https:\\\/\\\/agorafabrics.com\\\/de\\\/\",\"logo\":{\"@type\":\"ImageObject\",\"inLanguage\":\"de\",\"@id\":\"https:\\\/\\\/agorafabrics.com\\\/de\\\/#\\\/schema\\\/logo\\\/image\\\/\",\"url\":\"https:\\\/\\\/agorafabrics.com\\\/wp-content\\\/uploads\\\/2024\\\/07\\\/Agora-Logo.jpg\",\"contentUrl\":\"https:\\\/\\\/agorafabrics.com\\\/wp-content\\\/uploads\\\/2024\\\/07\\\/Agora-Logo.jpg\",\"width\":2292,\"height\":756,\"caption\":\"Agora-Stoffe\"},\"image\":{\"@id\":\"https:\\\/\\\/agorafabrics.com\\\/de\\\/#\\\/schema\\\/logo\\\/image\\\/\"},\"sameAs\":[\"https:\\\/\\\/www.facebook.com\\\/agorafabrics\\\/\",\"https:\\\/\\\/www.instagram.com\\\/agorafabrics\\\/\",\"https:\\\/\\\/www.linkedin.com\\\/company\\\/tuvatextil\\\/\",\"https:\\\/\\\/vimeo.com\\\/user139090508\",\"https:\\\/\\\/www.youtube.com\\\/channel\\\/UC6iNTVqBR6UsJBzO5OZTymw\",\"https:\\\/\\\/www.pinterest.es\\\/agorafabrics\\\/\"]}]}<\/script>\n<!-- \/ Yoast SEO plugin. -->","yoast_head_json":{"title":"Erkl\u00e4rung zum Datenschutz (EU) - Agora","robots":{"index":"index","follow":"follow","max-snippet":"max-snippet:-1","max-image-preview":"max-image-preview:large","max-video-preview":"max-video-preview:-1"},"canonical":"https:\/\/agorafabrics.com\/de\/erklaerung-zum-datenschutz-eu\/","og_locale":"de_DE","og_type":"article","og_title":"Erkl\u00e4rung zum Datenschutz (EU) - Agora","og_description":"1. BENUTZERINFORMATIONEN Wer ist f\u00fcr die Verarbeitung Ihrer pers\u00f6nlichen Daten verantwortlich?TUVATEXTIL ist f\u00fcr die Verarbeitung der personenbezogenen Daten des BENUTZERS VERANTWORTLICH und informiert den BENUTZER dar\u00fcber, dass diese Daten gem\u00e4\u00df den Bestimmungen der Verordnung (EU) 2016\/679 vom 27. April (GDPR) und dem Organgesetz 3\/2018 vom 5. Dezember (LOPDGDD) verarbeitet werden. Wozu verarbeiten wir Ihre pers\u00f6nlichen [&hellip;]","og_url":"https:\/\/agorafabrics.com\/de\/erklaerung-zum-datenschutz-eu\/","og_site_name":"Agora","article_publisher":"https:\/\/www.facebook.com\/agorafabrics\/","article_modified_time":"2026-02-10T15:00:32+00:00","twitter_card":"summary_large_image","twitter_misc":{"Gesch\u00e4tzte Lesezeit":"4\u00a0Minute"},"schema":{"@context":"https:\/\/schema.org","@graph":[{"@type":"WebPage","@id":"https:\/\/agorafabrics.com\/de\/erklaerung-zum-datenschutz-eu\/","url":"https:\/\/agorafabrics.com\/de\/erklaerung-zum-datenschutz-eu\/","name":"Erkl\u00e4rung zum Datenschutz (EU) - Agora","isPartOf":{"@id":"https:\/\/agorafabrics.com\/de\/#website"},"datePublished":"2025-04-02T14:24:02+00:00","dateModified":"2026-02-10T15:00:32+00:00","breadcrumb":{"@id":"https:\/\/agorafabrics.com\/de\/erklaerung-zum-datenschutz-eu\/#breadcrumb"},"inLanguage":"de","potentialAction":[{"@type":"ReadAction","target":["https:\/\/agorafabrics.com\/de\/erklaerung-zum-datenschutz-eu\/"]}]},{"@type":"BreadcrumbList","@id":"https:\/\/agorafabrics.com\/de\/erklaerung-zum-datenschutz-eu\/#breadcrumb","itemListElement":[{"@type":"ListItem","position":1,"name":"Portada","item":"https:\/\/agorafabrics.com\/de\/startseite\/"},{"@type":"ListItem","position":2,"name":"Erkl\u00e4rung zum Datenschutz (EU)"}]},{"@type":"WebSite","@id":"https:\/\/agorafabrics.com\/de\/#website","url":"https:\/\/agorafabrics.com\/de\/","name":"Agora","description":"F\u00e1brica de tejidos y telas para exterior","publisher":{"@id":"https:\/\/agorafabrics.com\/de\/#organization"},"potentialAction":[{"@type":"SearchAction","target":{"@type":"EntryPoint","urlTemplate":"https:\/\/agorafabrics.com\/de\/?s={search_term_string}"},"query-input":{"@type":"PropertyValueSpecification","valueRequired":true,"valueName":"search_term_string"}}],"inLanguage":"de"},{"@type":"Organization","@id":"https:\/\/agorafabrics.com\/de\/#organization","name":"Agora-Stoffe","url":"https:\/\/agorafabrics.com\/de\/","logo":{"@type":"ImageObject","inLanguage":"de","@id":"https:\/\/agorafabrics.com\/de\/#\/schema\/logo\/image\/","url":"https:\/\/agorafabrics.com\/wp-content\/uploads\/2024\/07\/Agora-Logo.jpg","contentUrl":"https:\/\/agorafabrics.com\/wp-content\/uploads\/2024\/07\/Agora-Logo.jpg","width":2292,"height":756,"caption":"Agora-Stoffe"},"image":{"@id":"https:\/\/agorafabrics.com\/de\/#\/schema\/logo\/image\/"},"sameAs":["https:\/\/www.facebook.com\/agorafabrics\/","https:\/\/www.instagram.com\/agorafabrics\/","https:\/\/www.linkedin.com\/company\/tuvatextil\/","https:\/\/vimeo.com\/user139090508","https:\/\/www.youtube.com\/channel\/UC6iNTVqBR6UsJBzO5OZTymw","https:\/\/www.pinterest.es\/agorafabrics\/"]}]}},"_links":{"self":[{"href":"https:\/\/agorafabrics.com\/de\/wp-json\/wp\/v2\/pages\/24315","targetHints":{"allow":["GET"]}}],"collection":[{"href":"https:\/\/agorafabrics.com\/de\/wp-json\/wp\/v2\/pages"}],"about":[{"href":"https:\/\/agorafabrics.com\/de\/wp-json\/wp\/v2\/types\/page"}],"author":[{"embeddable":true,"href":"https:\/\/agorafabrics.com\/de\/wp-json\/wp\/v2\/users\/1"}],"replies":[{"embeddable":true,"href":"https:\/\/agorafabrics.com\/de\/wp-json\/wp\/v2\/comments?post=24315"}],"version-history":[{"count":0,"href":"https:\/\/agorafabrics.com\/de\/wp-json\/wp\/v2\/pages\/24315\/revisions"}],"wp:attachment":[{"href":"https:\/\/agorafabrics.com\/de\/wp-json\/wp\/v2\/media?parent=24315"}],"curies":[{"name":"wp","href":"https:\/\/api.w.org\/{rel}","templated":true}]}}