{"id":22160,"date":"2024-09-23T15:37:50","date_gmt":"2024-09-23T15:37:50","guid":{"rendered":"https:\/\/agorafabrics.com\/tejidos\/compact\/"},"modified":"2026-04-10T10:17:32","modified_gmt":"2026-04-10T08:17:32","slug":"compact","status":"publish","type":"product","link":"https:\/\/agorafabrics.com\/ca\/teixits\/compact\/","title":{"rendered":"Compact"},"content":{"rendered":"<p>Un teixit t\u00e8cnic dissenyat espec\u00edficament per garantir la protecci\u00f3 solar, amb alts \u00edndexs FPU (Factor de Protecci\u00f3 Ultraviolada), \u00e9s Agora\u00ae Pro Compact. Aquesta col\u00b7lecci\u00f3, especialment Agora\u00ae Compact Special, representa l&#8217;opci\u00f3 ideal per a la fabricaci\u00f3 de para-sols. <\/p>\n","protected":false},"excerpt":{"rendered":"<p>Un teixit t\u00e8cnic dissenyat espec\u00edficament per garantir la protecci\u00f3 solar, amb alts \u00edndexs FPU (Factor de Protecci\u00f3 Ultraviolada), \u00e9s Agora\u00ae Pro Compact. Aquesta col\u00b7lecci\u00f3, especialment Agora\u00ae Compact Special, representa l&#8217;opci\u00f3 ideal per a la fabricaci\u00f3 de para-sols.<\/p>\n","protected":false},"featured_media":22187,"template":"","meta":{"_acf_changed":false},"ancho":[897],"coleccion":[1072],"estilo":[894],"linea":[866],"product_cat":[891],"product_tag":[896],"class_list":{"0":"post-22160","1":"product","2":"type-product","3":"status-publish","4":"has-post-thumbnail","6":"ancho-160-cm","7":"coleccion-compact","8":"estilo-lisos","9":"linea-agora-pro","10":"product_cat-agora-pro","11":"product_tag-100-acrilic-tintat-en-massa","13":"first","14":"instock","15":"product-type-variable","16":"has-default-attributes","17":"wvs-archive-product-wrapper"},"acf":[],"yoast_head":"<!-- This site is optimized with the Yoast SEO plugin v27.4 - https:\/\/yoast.com\/product\/yoast-seo-wordpress\/ -->\n<title>Compact - Agora<\/title>\n<meta name=\"robots\" content=\"index, follow, max-snippet:-1, max-image-preview:large, max-video-preview:-1\" \/>\n<link rel=\"canonical\" href=\"https:\/\/agorafabrics.com\/ca\/teixits\/compact\/\" \/>\n<meta property=\"og:locale\" content=\"ca_ES\" \/>\n<meta property=\"og:type\" content=\"article\" \/>\n<meta property=\"og:title\" content=\"Compact - Agora\" \/>\n<meta property=\"og:description\" content=\"Un teixit t\u00e8cnic dissenyat espec\u00edficament per garantir la protecci\u00f3 solar, amb alts \u00edndexs FPU (Factor de Protecci\u00f3 Ultraviolada), \u00e9s Agora\u00ae Pro Compact. Aquesta col\u00b7lecci\u00f3, especialment Agora\u00ae Compact Special, representa l&#8217;opci\u00f3 ideal per a la fabricaci\u00f3 de para-sols.\" \/>\n<meta property=\"og:url\" content=\"https:\/\/agorafabrics.com\/ca\/teixits\/compact\/\" \/>\n<meta property=\"og:site_name\" content=\"Agora\" \/>\n<meta property=\"article:publisher\" content=\"https:\/\/www.facebook.com\/agorafabrics\/\" \/>\n<meta property=\"article:modified_time\" content=\"2026-04-10T08:17:32+00:00\" \/>\n<meta property=\"og:image\" content=\"https:\/\/agorafabrics.com\/wp-content\/uploads\/2024\/10\/3679_AG_COMPACT_MARFIL.jpg\" \/>\n\t<meta property=\"og:image:width\" content=\"800\" \/>\n\t<meta property=\"og:image:height\" content=\"800\" \/>\n\t<meta property=\"og:image:type\" content=\"image\/jpeg\" \/>\n<meta name=\"twitter:card\" content=\"summary_large_image\" \/>\n<script type=\"application\/ld+json\" class=\"yoast-schema-graph\">{\"@context\":\"https:\\\/\\\/schema.org\",\"@graph\":[{\"@type\":\"WebPage\",\"@id\":\"https:\\\/\\\/agorafabrics.com\\\/ca\\\/teixits\\\/compact\\\/\",\"url\":\"https:\\\/\\\/agorafabrics.com\\\/ca\\\/teixits\\\/compact\\\/\",\"name\":\"Compact - Agora\",\"isPartOf\":{\"@id\":\"https:\\\/\\\/agorafabrics.com\\\/ca\\\/#website\"},\"primaryImageOfPage\":{\"@id\":\"https:\\\/\\\/agorafabrics.com\\\/ca\\\/teixits\\\/compact\\\/#primaryimage\"},\"image\":{\"@id\":\"https:\\\/\\\/agorafabrics.com\\\/ca\\\/teixits\\\/compact\\\/#primaryimage\"},\"thumbnailUrl\":\"https:\\\/\\\/agorafabrics.com\\\/wp-content\\\/uploads\\\/2024\\\/10\\\/3679_AG_COMPACT_MARFIL.jpg\",\"datePublished\":\"2024-09-23T15:37:50+00:00\",\"dateModified\":\"2026-04-10T08:17:32+00:00\",\"breadcrumb\":{\"@id\":\"https:\\\/\\\/agorafabrics.com\\\/ca\\\/teixits\\\/compact\\\/#breadcrumb\"},\"inLanguage\":\"ca\",\"potentialAction\":[{\"@type\":\"ReadAction\",\"target\":[\"https:\\\/\\\/agorafabrics.com\\\/ca\\\/teixits\\\/compact\\\/\"]}]},{\"@type\":\"ImageObject\",\"inLanguage\":\"ca\",\"@id\":\"https:\\\/\\\/agorafabrics.com\\\/ca\\\/teixits\\\/compact\\\/#primaryimage\",\"url\":\"https:\\\/\\\/agorafabrics.com\\\/wp-content\\\/uploads\\\/2024\\\/10\\\/3679_AG_COMPACT_MARFIL.jpg\",\"contentUrl\":\"https:\\\/\\\/agorafabrics.com\\\/wp-content\\\/uploads\\\/2024\\\/10\\\/3679_AG_COMPACT_MARFIL.jpg\",\"width\":800,\"height\":800},{\"@type\":\"BreadcrumbList\",\"@id\":\"https:\\\/\\\/agorafabrics.com\\\/ca\\\/teixits\\\/compact\\\/#breadcrumb\",\"itemListElement\":[{\"@type\":\"ListItem\",\"position\":1,\"name\":\"Portada\",\"item\":\"https:\\\/\\\/agorafabrics.com\\\/ca\\\/inici\\\/\"},{\"@type\":\"ListItem\",\"position\":2,\"name\":\"Troba la teva tela\",\"item\":\"https:\\\/\\\/agorafabrics.com\\\/ca\\\/troba-la-teva-tela\\\/\"},{\"@type\":\"ListItem\",\"position\":3,\"name\":\"Compact\"}]},{\"@type\":\"WebSite\",\"@id\":\"https:\\\/\\\/agorafabrics.com\\\/ca\\\/#website\",\"url\":\"https:\\\/\\\/agorafabrics.com\\\/ca\\\/\",\"name\":\"Agora\",\"description\":\"F\u00e1brica de tejidos y telas para exterior\",\"publisher\":{\"@id\":\"https:\\\/\\\/agorafabrics.com\\\/ca\\\/#organization\"},\"potentialAction\":[{\"@type\":\"SearchAction\",\"target\":{\"@type\":\"EntryPoint\",\"urlTemplate\":\"https:\\\/\\\/agorafabrics.com\\\/ca\\\/?s={search_term_string}\"},\"query-input\":{\"@type\":\"PropertyValueSpecification\",\"valueRequired\":true,\"valueName\":\"search_term_string\"}}],\"inLanguage\":\"ca\"},{\"@type\":\"Organization\",\"@id\":\"https:\\\/\\\/agorafabrics.com\\\/ca\\\/#organization\",\"name\":\"Agora Fabrics\",\"url\":\"https:\\\/\\\/agorafabrics.com\\\/ca\\\/\",\"logo\":{\"@type\":\"ImageObject\",\"inLanguage\":\"ca\",\"@id\":\"https:\\\/\\\/agorafabrics.com\\\/ca\\\/#\\\/schema\\\/logo\\\/image\\\/\",\"url\":\"https:\\\/\\\/agorafabrics.com\\\/wp-content\\\/uploads\\\/2024\\\/07\\\/Agora-Logo.jpg\",\"contentUrl\":\"https:\\\/\\\/agorafabrics.com\\\/wp-content\\\/uploads\\\/2024\\\/07\\\/Agora-Logo.jpg\",\"width\":2292,\"height\":756,\"caption\":\"Agora Fabrics\"},\"image\":{\"@id\":\"https:\\\/\\\/agorafabrics.com\\\/ca\\\/#\\\/schema\\\/logo\\\/image\\\/\"},\"sameAs\":[\"https:\\\/\\\/www.facebook.com\\\/agorafabrics\\\/\",\"https:\\\/\\\/www.instagram.com\\\/agorafabrics\\\/\",\"https:\\\/\\\/www.linkedin.com\\\/company\\\/tuvatextil\\\/\",\"https:\\\/\\\/vimeo.com\\\/user139090508\",\"https:\\\/\\\/www.youtube.com\\\/channel\\\/UC6iNTVqBR6UsJBzO5OZTymw\",\"https:\\\/\\\/www.pinterest.es\\\/agorafabrics\\\/\"]}]}<\/script>\n<!-- \/ Yoast SEO plugin. -->","yoast_head_json":{"title":"Compact - Agora","robots":{"index":"index","follow":"follow","max-snippet":"max-snippet:-1","max-image-preview":"max-image-preview:large","max-video-preview":"max-video-preview:-1"},"canonical":"https:\/\/agorafabrics.com\/ca\/teixits\/compact\/","og_locale":"ca_ES","og_type":"article","og_title":"Compact - Agora","og_description":"Un teixit t\u00e8cnic dissenyat espec\u00edficament per garantir la protecci\u00f3 solar, amb alts \u00edndexs FPU (Factor de Protecci\u00f3 Ultraviolada), \u00e9s Agora\u00ae Pro Compact. Aquesta col\u00b7lecci\u00f3, especialment Agora\u00ae Compact Special, representa l&#8217;opci\u00f3 ideal per a la fabricaci\u00f3 de para-sols.","og_url":"https:\/\/agorafabrics.com\/ca\/teixits\/compact\/","og_site_name":"Agora","article_publisher":"https:\/\/www.facebook.com\/agorafabrics\/","article_modified_time":"2026-04-10T08:17:32+00:00","og_image":[{"width":800,"height":800,"url":"https:\/\/agorafabrics.com\/wp-content\/uploads\/2024\/10\/3679_AG_COMPACT_MARFIL.jpg","type":"image\/jpeg"}],"twitter_card":"summary_large_image","schema":{"@context":"https:\/\/schema.org","@graph":[{"@type":"WebPage","@id":"https:\/\/agorafabrics.com\/ca\/teixits\/compact\/","url":"https:\/\/agorafabrics.com\/ca\/teixits\/compact\/","name":"Compact - Agora","isPartOf":{"@id":"https:\/\/agorafabrics.com\/ca\/#website"},"primaryImageOfPage":{"@id":"https:\/\/agorafabrics.com\/ca\/teixits\/compact\/#primaryimage"},"image":{"@id":"https:\/\/agorafabrics.com\/ca\/teixits\/compact\/#primaryimage"},"thumbnailUrl":"https:\/\/agorafabrics.com\/wp-content\/uploads\/2024\/10\/3679_AG_COMPACT_MARFIL.jpg","datePublished":"2024-09-23T15:37:50+00:00","dateModified":"2026-04-10T08:17:32+00:00","breadcrumb":{"@id":"https:\/\/agorafabrics.com\/ca\/teixits\/compact\/#breadcrumb"},"inLanguage":"ca","potentialAction":[{"@type":"ReadAction","target":["https:\/\/agorafabrics.com\/ca\/teixits\/compact\/"]}]},{"@type":"ImageObject","inLanguage":"ca","@id":"https:\/\/agorafabrics.com\/ca\/teixits\/compact\/#primaryimage","url":"https:\/\/agorafabrics.com\/wp-content\/uploads\/2024\/10\/3679_AG_COMPACT_MARFIL.jpg","contentUrl":"https:\/\/agorafabrics.com\/wp-content\/uploads\/2024\/10\/3679_AG_COMPACT_MARFIL.jpg","width":800,"height":800},{"@type":"BreadcrumbList","@id":"https:\/\/agorafabrics.com\/ca\/teixits\/compact\/#breadcrumb","itemListElement":[{"@type":"ListItem","position":1,"name":"Portada","item":"https:\/\/agorafabrics.com\/ca\/inici\/"},{"@type":"ListItem","position":2,"name":"Troba la teva tela","item":"https:\/\/agorafabrics.com\/ca\/troba-la-teva-tela\/"},{"@type":"ListItem","position":3,"name":"Compact"}]},{"@type":"WebSite","@id":"https:\/\/agorafabrics.com\/ca\/#website","url":"https:\/\/agorafabrics.com\/ca\/","name":"Agora","description":"F\u00e1brica de tejidos y telas para exterior","publisher":{"@id":"https:\/\/agorafabrics.com\/ca\/#organization"},"potentialAction":[{"@type":"SearchAction","target":{"@type":"EntryPoint","urlTemplate":"https:\/\/agorafabrics.com\/ca\/?s={search_term_string}"},"query-input":{"@type":"PropertyValueSpecification","valueRequired":true,"valueName":"search_term_string"}}],"inLanguage":"ca"},{"@type":"Organization","@id":"https:\/\/agorafabrics.com\/ca\/#organization","name":"Agora Fabrics","url":"https:\/\/agorafabrics.com\/ca\/","logo":{"@type":"ImageObject","inLanguage":"ca","@id":"https:\/\/agorafabrics.com\/ca\/#\/schema\/logo\/image\/","url":"https:\/\/agorafabrics.com\/wp-content\/uploads\/2024\/07\/Agora-Logo.jpg","contentUrl":"https:\/\/agorafabrics.com\/wp-content\/uploads\/2024\/07\/Agora-Logo.jpg","width":2292,"height":756,"caption":"Agora Fabrics"},"image":{"@id":"https:\/\/agorafabrics.com\/ca\/#\/schema\/logo\/image\/"},"sameAs":["https:\/\/www.facebook.com\/agorafabrics\/","https:\/\/www.instagram.com\/agorafabrics\/","https:\/\/www.linkedin.com\/company\/tuvatextil\/","https:\/\/vimeo.com\/user139090508","https:\/\/www.youtube.com\/channel\/UC6iNTVqBR6UsJBzO5OZTymw","https:\/\/www.pinterest.es\/agorafabrics\/"]}]}},"_links":{"self":[{"href":"https:\/\/agorafabrics.com\/ca\/wp-json\/wp\/v2\/product\/22160","targetHints":{"allow":["GET"]}}],"collection":[{"href":"https:\/\/agorafabrics.com\/ca\/wp-json\/wp\/v2\/product"}],"about":[{"href":"https:\/\/agorafabrics.com\/ca\/wp-json\/wp\/v2\/types\/product"}],"wp:featuredmedia":[{"embeddable":true,"href":"https:\/\/agorafabrics.com\/ca\/wp-json\/wp\/v2\/media\/22187"}],"wp:attachment":[{"href":"https:\/\/agorafabrics.com\/ca\/wp-json\/wp\/v2\/media?parent=22160"}],"wp:term":[{"taxonomy":"ancho","embeddable":true,"href":"https:\/\/agorafabrics.com\/ca\/wp-json\/wp\/v2\/ancho?post=22160"},{"taxonomy":"coleccion","embeddable":true,"href":"https:\/\/agorafabrics.com\/ca\/wp-json\/wp\/v2\/coleccion?post=22160"},{"taxonomy":"estilo","embeddable":true,"href":"https:\/\/agorafabrics.com\/ca\/wp-json\/wp\/v2\/estilo?post=22160"},{"taxonomy":"linea","embeddable":true,"href":"https:\/\/agorafabrics.com\/ca\/wp-json\/wp\/v2\/linea?post=22160"},{"taxonomy":"product_cat","embeddable":true,"href":"https:\/\/agorafabrics.com\/ca\/wp-json\/wp\/v2\/product_cat?post=22160"},{"taxonomy":"product_tag","embeddable":true,"href":"https:\/\/agorafabrics.com\/ca\/wp-json\/wp\/v2\/product_tag?post=22160"}],"curies":[{"name":"wp","href":"https:\/\/api.w.org\/{rel}","templated":true}]}}