{"id":20944,"date":"2024-09-23T15:38:03","date_gmt":"2024-09-23T15:38:03","guid":{"rendered":"https:\/\/agorafabrics.com\/tejidos\/liso-armonias\/"},"modified":"2026-02-23T15:38:36","modified_gmt":"2026-02-23T14:38:36","slug":"liso-armonias","status":"publish","type":"product","link":"https:\/\/agorafabrics.com\/ca\/teixits\/liso-armonias\/","title":{"rendered":"Liso Armonias"},"content":{"rendered":"<p>Una col\u00b7lecci\u00f3 en qu\u00e8 cada fil teixeix una nova expressi\u00f3. La cuidada paleta de colors d&#8217;Agora\u00ae Harmonias combina suaus pastissos amb tons profunds i s\u00f2lids, aportant un toc de sofisticaci\u00f3 a qualsevol espai exterior. Les dues noves textures, Ritmo i Ottoman, complementen a la perfecci\u00f3 els tons renovats de les l\u00ednies Lliso i Panama, oferint infinites possibilitats per a una elegant coordinaci\u00f3.<\/p>\n","protected":false},"excerpt":{"rendered":"<p>Una col\u00b7lecci\u00f3 en qu\u00e8 cada fil teixeix una nova expressi\u00f3. La cuidada paleta de colors d&#8217;Agora\u00ae Harmonias combina suaus pastissos amb tons profunds i s\u00f2lids, aportant un toc de sofisticaci\u00f3 a qualsevol espai exterior. Les dues noves textures, Ritmo i Ottoman, complementen a la perfecci\u00f3 els tons renovats de les l\u00ednies Lliso i Panama, oferint [&hellip;]<\/p>\n","protected":false},"featured_media":20943,"template":"","meta":{"_acf_changed":false},"ancho":[897],"coleccion":[933],"estilo":[894],"linea":[922],"product_cat":[936],"product_tag":[896],"class_list":{"0":"post-20944","1":"product","2":"type-product","3":"status-publish","4":"has-post-thumbnail","6":"ancho-160-cm","7":"coleccion-harmonies","8":"estilo-lisos","9":"linea-agora","10":"product_cat-agora-essentials","11":"product_tag-100-acrilic-tintat-en-massa","13":"first","14":"instock","15":"product-type-variable","16":"has-default-attributes","17":"wvs-archive-product-wrapper"},"acf":[],"yoast_head":"<!-- This site is optimized with the Yoast SEO plugin v27.4 - https:\/\/yoast.com\/product\/yoast-seo-wordpress\/ -->\n<title>Liso Armonias - Agora<\/title>\n<meta name=\"robots\" content=\"index, follow, max-snippet:-1, max-image-preview:large, max-video-preview:-1\" \/>\n<link rel=\"canonical\" href=\"https:\/\/agorafabrics.com\/ca\/teixits\/liso-armonias\/\" \/>\n<meta property=\"og:locale\" content=\"ca_ES\" \/>\n<meta property=\"og:type\" content=\"article\" \/>\n<meta property=\"og:title\" content=\"Liso Armonias - Agora\" \/>\n<meta property=\"og:description\" content=\"Una col\u00b7lecci\u00f3 en qu\u00e8 cada fil teixeix una nova expressi\u00f3. La cuidada paleta de colors d&#8217;Agora\u00ae Harmonias combina suaus pastissos amb tons profunds i s\u00f2lids, aportant un toc de sofisticaci\u00f3 a qualsevol espai exterior. Les dues noves textures, Ritmo i Ottoman, complementen a la perfecci\u00f3 els tons renovats de les l\u00ednies Lliso i Panama, oferint [&hellip;]\" \/>\n<meta property=\"og:url\" content=\"https:\/\/agorafabrics.com\/ca\/teixits\/liso-armonias\/\" \/>\n<meta property=\"og:site_name\" content=\"Agora\" \/>\n<meta property=\"article:publisher\" content=\"https:\/\/www.facebook.com\/agorafabrics\/\" \/>\n<meta property=\"article:modified_time\" content=\"2026-02-23T14:38:36+00:00\" \/>\n<meta property=\"og:image\" content=\"https:\/\/agorafabrics.com\/wp-content\/uploads\/2024\/10\/20200_AGORA_LISO_NECTAR-1.jpg\" \/>\n\t<meta property=\"og:image:width\" content=\"800\" \/>\n\t<meta property=\"og:image:height\" content=\"800\" \/>\n\t<meta property=\"og:image:type\" content=\"image\/jpeg\" \/>\n<meta name=\"twitter:card\" content=\"summary_large_image\" \/>\n<script type=\"application\/ld+json\" class=\"yoast-schema-graph\">{\"@context\":\"https:\\\/\\\/schema.org\",\"@graph\":[{\"@type\":\"WebPage\",\"@id\":\"https:\\\/\\\/agorafabrics.com\\\/ca\\\/teixits\\\/liso-armonias\\\/\",\"url\":\"https:\\\/\\\/agorafabrics.com\\\/ca\\\/teixits\\\/liso-armonias\\\/\",\"name\":\"Liso Armonias - Agora\",\"isPartOf\":{\"@id\":\"https:\\\/\\\/agorafabrics.com\\\/ca\\\/#website\"},\"primaryImageOfPage\":{\"@id\":\"https:\\\/\\\/agorafabrics.com\\\/ca\\\/teixits\\\/liso-armonias\\\/#primaryimage\"},\"image\":{\"@id\":\"https:\\\/\\\/agorafabrics.com\\\/ca\\\/teixits\\\/liso-armonias\\\/#primaryimage\"},\"thumbnailUrl\":\"https:\\\/\\\/agorafabrics.com\\\/wp-content\\\/uploads\\\/2024\\\/10\\\/20200_AGORA_LISO_NECTAR-1.jpg\",\"datePublished\":\"2024-09-23T15:38:03+00:00\",\"dateModified\":\"2026-02-23T14:38:36+00:00\",\"breadcrumb\":{\"@id\":\"https:\\\/\\\/agorafabrics.com\\\/ca\\\/teixits\\\/liso-armonias\\\/#breadcrumb\"},\"inLanguage\":\"ca\",\"potentialAction\":[{\"@type\":\"ReadAction\",\"target\":[\"https:\\\/\\\/agorafabrics.com\\\/ca\\\/teixits\\\/liso-armonias\\\/\"]}]},{\"@type\":\"ImageObject\",\"inLanguage\":\"ca\",\"@id\":\"https:\\\/\\\/agorafabrics.com\\\/ca\\\/teixits\\\/liso-armonias\\\/#primaryimage\",\"url\":\"https:\\\/\\\/agorafabrics.com\\\/wp-content\\\/uploads\\\/2024\\\/10\\\/20200_AGORA_LISO_NECTAR-1.jpg\",\"contentUrl\":\"https:\\\/\\\/agorafabrics.com\\\/wp-content\\\/uploads\\\/2024\\\/10\\\/20200_AGORA_LISO_NECTAR-1.jpg\",\"width\":800,\"height\":800},{\"@type\":\"BreadcrumbList\",\"@id\":\"https:\\\/\\\/agorafabrics.com\\\/ca\\\/teixits\\\/liso-armonias\\\/#breadcrumb\",\"itemListElement\":[{\"@type\":\"ListItem\",\"position\":1,\"name\":\"Portada\",\"item\":\"https:\\\/\\\/agorafabrics.com\\\/ca\\\/inici\\\/\"},{\"@type\":\"ListItem\",\"position\":2,\"name\":\"Troba la teva tela\",\"item\":\"https:\\\/\\\/agorafabrics.com\\\/ca\\\/troba-la-teva-tela\\\/\"},{\"@type\":\"ListItem\",\"position\":3,\"name\":\"Liso Armonias\"}]},{\"@type\":\"WebSite\",\"@id\":\"https:\\\/\\\/agorafabrics.com\\\/ca\\\/#website\",\"url\":\"https:\\\/\\\/agorafabrics.com\\\/ca\\\/\",\"name\":\"Agora\",\"description\":\"F\u00e1brica de tejidos y telas para exterior\",\"publisher\":{\"@id\":\"https:\\\/\\\/agorafabrics.com\\\/ca\\\/#organization\"},\"potentialAction\":[{\"@type\":\"SearchAction\",\"target\":{\"@type\":\"EntryPoint\",\"urlTemplate\":\"https:\\\/\\\/agorafabrics.com\\\/ca\\\/?s={search_term_string}\"},\"query-input\":{\"@type\":\"PropertyValueSpecification\",\"valueRequired\":true,\"valueName\":\"search_term_string\"}}],\"inLanguage\":\"ca\"},{\"@type\":\"Organization\",\"@id\":\"https:\\\/\\\/agorafabrics.com\\\/ca\\\/#organization\",\"name\":\"Agora Fabrics\",\"url\":\"https:\\\/\\\/agorafabrics.com\\\/ca\\\/\",\"logo\":{\"@type\":\"ImageObject\",\"inLanguage\":\"ca\",\"@id\":\"https:\\\/\\\/agorafabrics.com\\\/ca\\\/#\\\/schema\\\/logo\\\/image\\\/\",\"url\":\"https:\\\/\\\/agorafabrics.com\\\/wp-content\\\/uploads\\\/2024\\\/07\\\/Agora-Logo.jpg\",\"contentUrl\":\"https:\\\/\\\/agorafabrics.com\\\/wp-content\\\/uploads\\\/2024\\\/07\\\/Agora-Logo.jpg\",\"width\":2292,\"height\":756,\"caption\":\"Agora Fabrics\"},\"image\":{\"@id\":\"https:\\\/\\\/agorafabrics.com\\\/ca\\\/#\\\/schema\\\/logo\\\/image\\\/\"},\"sameAs\":[\"https:\\\/\\\/www.facebook.com\\\/agorafabrics\\\/\",\"https:\\\/\\\/www.instagram.com\\\/agorafabrics\\\/\",\"https:\\\/\\\/www.linkedin.com\\\/company\\\/tuvatextil\\\/\",\"https:\\\/\\\/vimeo.com\\\/user139090508\",\"https:\\\/\\\/www.youtube.com\\\/channel\\\/UC6iNTVqBR6UsJBzO5OZTymw\",\"https:\\\/\\\/www.pinterest.es\\\/agorafabrics\\\/\"]}]}<\/script>\n<!-- \/ Yoast SEO plugin. -->","yoast_head_json":{"title":"Liso Armonias - Agora","robots":{"index":"index","follow":"follow","max-snippet":"max-snippet:-1","max-image-preview":"max-image-preview:large","max-video-preview":"max-video-preview:-1"},"canonical":"https:\/\/agorafabrics.com\/ca\/teixits\/liso-armonias\/","og_locale":"ca_ES","og_type":"article","og_title":"Liso Armonias - Agora","og_description":"Una col\u00b7lecci\u00f3 en qu\u00e8 cada fil teixeix una nova expressi\u00f3. La cuidada paleta de colors d&#8217;Agora\u00ae Harmonias combina suaus pastissos amb tons profunds i s\u00f2lids, aportant un toc de sofisticaci\u00f3 a qualsevol espai exterior. Les dues noves textures, Ritmo i Ottoman, complementen a la perfecci\u00f3 els tons renovats de les l\u00ednies Lliso i Panama, oferint [&hellip;]","og_url":"https:\/\/agorafabrics.com\/ca\/teixits\/liso-armonias\/","og_site_name":"Agora","article_publisher":"https:\/\/www.facebook.com\/agorafabrics\/","article_modified_time":"2026-02-23T14:38:36+00:00","og_image":[{"width":800,"height":800,"url":"https:\/\/agorafabrics.com\/wp-content\/uploads\/2024\/10\/20200_AGORA_LISO_NECTAR-1.jpg","type":"image\/jpeg"}],"twitter_card":"summary_large_image","schema":{"@context":"https:\/\/schema.org","@graph":[{"@type":"WebPage","@id":"https:\/\/agorafabrics.com\/ca\/teixits\/liso-armonias\/","url":"https:\/\/agorafabrics.com\/ca\/teixits\/liso-armonias\/","name":"Liso Armonias - Agora","isPartOf":{"@id":"https:\/\/agorafabrics.com\/ca\/#website"},"primaryImageOfPage":{"@id":"https:\/\/agorafabrics.com\/ca\/teixits\/liso-armonias\/#primaryimage"},"image":{"@id":"https:\/\/agorafabrics.com\/ca\/teixits\/liso-armonias\/#primaryimage"},"thumbnailUrl":"https:\/\/agorafabrics.com\/wp-content\/uploads\/2024\/10\/20200_AGORA_LISO_NECTAR-1.jpg","datePublished":"2024-09-23T15:38:03+00:00","dateModified":"2026-02-23T14:38:36+00:00","breadcrumb":{"@id":"https:\/\/agorafabrics.com\/ca\/teixits\/liso-armonias\/#breadcrumb"},"inLanguage":"ca","potentialAction":[{"@type":"ReadAction","target":["https:\/\/agorafabrics.com\/ca\/teixits\/liso-armonias\/"]}]},{"@type":"ImageObject","inLanguage":"ca","@id":"https:\/\/agorafabrics.com\/ca\/teixits\/liso-armonias\/#primaryimage","url":"https:\/\/agorafabrics.com\/wp-content\/uploads\/2024\/10\/20200_AGORA_LISO_NECTAR-1.jpg","contentUrl":"https:\/\/agorafabrics.com\/wp-content\/uploads\/2024\/10\/20200_AGORA_LISO_NECTAR-1.jpg","width":800,"height":800},{"@type":"BreadcrumbList","@id":"https:\/\/agorafabrics.com\/ca\/teixits\/liso-armonias\/#breadcrumb","itemListElement":[{"@type":"ListItem","position":1,"name":"Portada","item":"https:\/\/agorafabrics.com\/ca\/inici\/"},{"@type":"ListItem","position":2,"name":"Troba la teva tela","item":"https:\/\/agorafabrics.com\/ca\/troba-la-teva-tela\/"},{"@type":"ListItem","position":3,"name":"Liso Armonias"}]},{"@type":"WebSite","@id":"https:\/\/agorafabrics.com\/ca\/#website","url":"https:\/\/agorafabrics.com\/ca\/","name":"Agora","description":"F\u00e1brica de tejidos y telas para exterior","publisher":{"@id":"https:\/\/agorafabrics.com\/ca\/#organization"},"potentialAction":[{"@type":"SearchAction","target":{"@type":"EntryPoint","urlTemplate":"https:\/\/agorafabrics.com\/ca\/?s={search_term_string}"},"query-input":{"@type":"PropertyValueSpecification","valueRequired":true,"valueName":"search_term_string"}}],"inLanguage":"ca"},{"@type":"Organization","@id":"https:\/\/agorafabrics.com\/ca\/#organization","name":"Agora Fabrics","url":"https:\/\/agorafabrics.com\/ca\/","logo":{"@type":"ImageObject","inLanguage":"ca","@id":"https:\/\/agorafabrics.com\/ca\/#\/schema\/logo\/image\/","url":"https:\/\/agorafabrics.com\/wp-content\/uploads\/2024\/07\/Agora-Logo.jpg","contentUrl":"https:\/\/agorafabrics.com\/wp-content\/uploads\/2024\/07\/Agora-Logo.jpg","width":2292,"height":756,"caption":"Agora Fabrics"},"image":{"@id":"https:\/\/agorafabrics.com\/ca\/#\/schema\/logo\/image\/"},"sameAs":["https:\/\/www.facebook.com\/agorafabrics\/","https:\/\/www.instagram.com\/agorafabrics\/","https:\/\/www.linkedin.com\/company\/tuvatextil\/","https:\/\/vimeo.com\/user139090508","https:\/\/www.youtube.com\/channel\/UC6iNTVqBR6UsJBzO5OZTymw","https:\/\/www.pinterest.es\/agorafabrics\/"]}]}},"_links":{"self":[{"href":"https:\/\/agorafabrics.com\/ca\/wp-json\/wp\/v2\/product\/20944","targetHints":{"allow":["GET"]}}],"collection":[{"href":"https:\/\/agorafabrics.com\/ca\/wp-json\/wp\/v2\/product"}],"about":[{"href":"https:\/\/agorafabrics.com\/ca\/wp-json\/wp\/v2\/types\/product"}],"wp:featuredmedia":[{"embeddable":true,"href":"https:\/\/agorafabrics.com\/ca\/wp-json\/wp\/v2\/media\/20943"}],"wp:attachment":[{"href":"https:\/\/agorafabrics.com\/ca\/wp-json\/wp\/v2\/media?parent=20944"}],"wp:term":[{"taxonomy":"ancho","embeddable":true,"href":"https:\/\/agorafabrics.com\/ca\/wp-json\/wp\/v2\/ancho?post=20944"},{"taxonomy":"coleccion","embeddable":true,"href":"https:\/\/agorafabrics.com\/ca\/wp-json\/wp\/v2\/coleccion?post=20944"},{"taxonomy":"estilo","embeddable":true,"href":"https:\/\/agorafabrics.com\/ca\/wp-json\/wp\/v2\/estilo?post=20944"},{"taxonomy":"linea","embeddable":true,"href":"https:\/\/agorafabrics.com\/ca\/wp-json\/wp\/v2\/linea?post=20944"},{"taxonomy":"product_cat","embeddable":true,"href":"https:\/\/agorafabrics.com\/ca\/wp-json\/wp\/v2\/product_cat?post=20944"},{"taxonomy":"product_tag","embeddable":true,"href":"https:\/\/agorafabrics.com\/ca\/wp-json\/wp\/v2\/product_tag?post=20944"}],"curies":[{"name":"wp","href":"https:\/\/api.w.org\/{rel}","templated":true}]}}