{"id":20604,"date":"2025-03-26T12:14:31","date_gmt":"2025-03-26T11:14:31","guid":{"rendered":"https:\/\/agorafabrics.com\/tejidos\/tifon\/"},"modified":"2026-02-24T09:46:41","modified_gmt":"2026-02-24T08:46:41","slug":"tifon","status":"publish","type":"product","link":"https:\/\/agorafabrics.com\/ca\/teixits\/tifon\/","title":{"rendered":"Tif\u00f3n"},"content":{"rendered":"<p>Evocant la riquesa natural d&#8217;una cala a trav\u00e9s de la seva paleta crom\u00e0tica, Agora\u00ae Signature Series Cala introdueix quatre teixits de densitats variables que permeten una adaptaci\u00f3 perfecta a tota mena de mobiliari. La incorporaci\u00f3 de cordes i cinturons en els mateixos tons amplia encara m\u00e9s les possibilitats de disseny, oferint solucions integrals que combinen funcionalitat i bellesa. <\/p>\n","protected":false},"excerpt":{"rendered":"<p>Evocant la riquesa natural d&#8217;una cala a trav\u00e9s de la seva paleta crom\u00e0tica, Agora\u00ae Signature Series Cala introdueix quatre teixits de densitats variables que permeten una adaptaci\u00f3 perfecta a tota mena de mobiliari. La incorporaci\u00f3 de cordes i cinturons en els mateixos tons amplia encara m\u00e9s les possibilitats de disseny, oferint solucions integrals que combinen [&hellip;]<\/p>\n","protected":false},"featured_media":20603,"template":"","meta":{"_acf_changed":false},"ancho":[897],"coleccion":[913],"estilo":[915,865],"linea":[908],"product_cat":[911],"product_tag":[896],"class_list":{"0":"post-20604","1":"product","2":"type-product","3":"status-publish","4":"has-post-thumbnail","6":"ancho-160-cm","7":"coleccion-cala","8":"estilo-fils-fantasies","9":"estilo-textura","10":"linea-agora-signature-series","11":"product_cat-agora-signature-series","12":"product_tag-100-acrilic-tintat-en-massa","14":"first","15":"instock","16":"shipping-taxable","17":"product-type-variable","18":"has-default-attributes","19":"wvs-archive-product-wrapper"},"acf":[],"yoast_head":"<!-- This site is optimized with the Yoast SEO plugin v27.4 - https:\/\/yoast.com\/product\/yoast-seo-wordpress\/ -->\n<title>Tif\u00f3n - Agora<\/title>\n<meta name=\"robots\" content=\"index, follow, max-snippet:-1, max-image-preview:large, max-video-preview:-1\" \/>\n<link rel=\"canonical\" href=\"https:\/\/agorafabrics.com\/ca\/teixits\/tifon\/\" \/>\n<meta property=\"og:locale\" content=\"ca_ES\" \/>\n<meta property=\"og:type\" content=\"article\" \/>\n<meta property=\"og:title\" content=\"Tif\u00f3n - Agora\" \/>\n<meta property=\"og:description\" content=\"Evocant la riquesa natural d&#8217;una cala a trav\u00e9s de la seva paleta crom\u00e0tica, Agora\u00ae Signature Series Cala introdueix quatre teixits de densitats variables que permeten una adaptaci\u00f3 perfecta a tota mena de mobiliari. La incorporaci\u00f3 de cordes i cinturons en els mateixos tons amplia encara m\u00e9s les possibilitats de disseny, oferint solucions integrals que combinen [&hellip;]\" \/>\n<meta property=\"og:url\" content=\"https:\/\/agorafabrics.com\/ca\/teixits\/tifon\/\" \/>\n<meta property=\"og:site_name\" content=\"Agora\" \/>\n<meta property=\"article:publisher\" content=\"https:\/\/www.facebook.com\/agorafabrics\/\" \/>\n<meta property=\"article:modified_time\" content=\"2026-02-24T08:46:41+00:00\" \/>\n<meta property=\"og:image\" content=\"https:\/\/agorafabrics.com\/wp-content\/uploads\/2025\/03\/20617PF_AG_TIFON_ESPUMA-web-1.webp\" \/>\n\t<meta property=\"og:image:width\" content=\"800\" \/>\n\t<meta property=\"og:image:height\" content=\"800\" \/>\n\t<meta property=\"og:image:type\" content=\"image\/webp\" \/>\n<meta name=\"twitter:card\" content=\"summary_large_image\" \/>\n<script type=\"application\/ld+json\" class=\"yoast-schema-graph\">{\"@context\":\"https:\\\/\\\/schema.org\",\"@graph\":[{\"@type\":\"WebPage\",\"@id\":\"https:\\\/\\\/agorafabrics.com\\\/ca\\\/teixits\\\/tifon\\\/\",\"url\":\"https:\\\/\\\/agorafabrics.com\\\/ca\\\/teixits\\\/tifon\\\/\",\"name\":\"Tif\u00f3n - Agora\",\"isPartOf\":{\"@id\":\"https:\\\/\\\/agorafabrics.com\\\/ca\\\/#website\"},\"primaryImageOfPage\":{\"@id\":\"https:\\\/\\\/agorafabrics.com\\\/ca\\\/teixits\\\/tifon\\\/#primaryimage\"},\"image\":{\"@id\":\"https:\\\/\\\/agorafabrics.com\\\/ca\\\/teixits\\\/tifon\\\/#primaryimage\"},\"thumbnailUrl\":\"https:\\\/\\\/agorafabrics.com\\\/wp-content\\\/uploads\\\/2025\\\/03\\\/20617PF_AG_TIFON_ESPUMA-web-1.webp\",\"datePublished\":\"2025-03-26T11:14:31+00:00\",\"dateModified\":\"2026-02-24T08:46:41+00:00\",\"breadcrumb\":{\"@id\":\"https:\\\/\\\/agorafabrics.com\\\/ca\\\/teixits\\\/tifon\\\/#breadcrumb\"},\"inLanguage\":\"ca\",\"potentialAction\":[{\"@type\":\"ReadAction\",\"target\":[\"https:\\\/\\\/agorafabrics.com\\\/ca\\\/teixits\\\/tifon\\\/\"]}]},{\"@type\":\"ImageObject\",\"inLanguage\":\"ca\",\"@id\":\"https:\\\/\\\/agorafabrics.com\\\/ca\\\/teixits\\\/tifon\\\/#primaryimage\",\"url\":\"https:\\\/\\\/agorafabrics.com\\\/wp-content\\\/uploads\\\/2025\\\/03\\\/20617PF_AG_TIFON_ESPUMA-web-1.webp\",\"contentUrl\":\"https:\\\/\\\/agorafabrics.com\\\/wp-content\\\/uploads\\\/2025\\\/03\\\/20617PF_AG_TIFON_ESPUMA-web-1.webp\",\"width\":800,\"height\":800},{\"@type\":\"BreadcrumbList\",\"@id\":\"https:\\\/\\\/agorafabrics.com\\\/ca\\\/teixits\\\/tifon\\\/#breadcrumb\",\"itemListElement\":[{\"@type\":\"ListItem\",\"position\":1,\"name\":\"Portada\",\"item\":\"https:\\\/\\\/agorafabrics.com\\\/ca\\\/inici\\\/\"},{\"@type\":\"ListItem\",\"position\":2,\"name\":\"Troba la teva tela\",\"item\":\"https:\\\/\\\/agorafabrics.com\\\/ca\\\/troba-la-teva-tela\\\/\"},{\"@type\":\"ListItem\",\"position\":3,\"name\":\"Tif\u00f3n\"}]},{\"@type\":\"WebSite\",\"@id\":\"https:\\\/\\\/agorafabrics.com\\\/ca\\\/#website\",\"url\":\"https:\\\/\\\/agorafabrics.com\\\/ca\\\/\",\"name\":\"Agora\",\"description\":\"F\u00e1brica de tejidos y telas para exterior\",\"publisher\":{\"@id\":\"https:\\\/\\\/agorafabrics.com\\\/ca\\\/#organization\"},\"potentialAction\":[{\"@type\":\"SearchAction\",\"target\":{\"@type\":\"EntryPoint\",\"urlTemplate\":\"https:\\\/\\\/agorafabrics.com\\\/ca\\\/?s={search_term_string}\"},\"query-input\":{\"@type\":\"PropertyValueSpecification\",\"valueRequired\":true,\"valueName\":\"search_term_string\"}}],\"inLanguage\":\"ca\"},{\"@type\":\"Organization\",\"@id\":\"https:\\\/\\\/agorafabrics.com\\\/ca\\\/#organization\",\"name\":\"Agora Fabrics\",\"url\":\"https:\\\/\\\/agorafabrics.com\\\/ca\\\/\",\"logo\":{\"@type\":\"ImageObject\",\"inLanguage\":\"ca\",\"@id\":\"https:\\\/\\\/agorafabrics.com\\\/ca\\\/#\\\/schema\\\/logo\\\/image\\\/\",\"url\":\"https:\\\/\\\/agorafabrics.com\\\/wp-content\\\/uploads\\\/2024\\\/07\\\/Agora-Logo.jpg\",\"contentUrl\":\"https:\\\/\\\/agorafabrics.com\\\/wp-content\\\/uploads\\\/2024\\\/07\\\/Agora-Logo.jpg\",\"width\":2292,\"height\":756,\"caption\":\"Agora Fabrics\"},\"image\":{\"@id\":\"https:\\\/\\\/agorafabrics.com\\\/ca\\\/#\\\/schema\\\/logo\\\/image\\\/\"},\"sameAs\":[\"https:\\\/\\\/www.facebook.com\\\/agorafabrics\\\/\",\"https:\\\/\\\/www.instagram.com\\\/agorafabrics\\\/\",\"https:\\\/\\\/www.linkedin.com\\\/company\\\/tuvatextil\\\/\",\"https:\\\/\\\/vimeo.com\\\/user139090508\",\"https:\\\/\\\/www.youtube.com\\\/channel\\\/UC6iNTVqBR6UsJBzO5OZTymw\",\"https:\\\/\\\/www.pinterest.es\\\/agorafabrics\\\/\"]}]}<\/script>\n<!-- \/ Yoast SEO plugin. -->","yoast_head_json":{"title":"Tif\u00f3n - Agora","robots":{"index":"index","follow":"follow","max-snippet":"max-snippet:-1","max-image-preview":"max-image-preview:large","max-video-preview":"max-video-preview:-1"},"canonical":"https:\/\/agorafabrics.com\/ca\/teixits\/tifon\/","og_locale":"ca_ES","og_type":"article","og_title":"Tif\u00f3n - Agora","og_description":"Evocant la riquesa natural d&#8217;una cala a trav\u00e9s de la seva paleta crom\u00e0tica, Agora\u00ae Signature Series Cala introdueix quatre teixits de densitats variables que permeten una adaptaci\u00f3 perfecta a tota mena de mobiliari. La incorporaci\u00f3 de cordes i cinturons en els mateixos tons amplia encara m\u00e9s les possibilitats de disseny, oferint solucions integrals que combinen [&hellip;]","og_url":"https:\/\/agorafabrics.com\/ca\/teixits\/tifon\/","og_site_name":"Agora","article_publisher":"https:\/\/www.facebook.com\/agorafabrics\/","article_modified_time":"2026-02-24T08:46:41+00:00","og_image":[{"width":800,"height":800,"url":"https:\/\/agorafabrics.com\/wp-content\/uploads\/2025\/03\/20617PF_AG_TIFON_ESPUMA-web-1.webp","type":"image\/webp"}],"twitter_card":"summary_large_image","schema":{"@context":"https:\/\/schema.org","@graph":[{"@type":"WebPage","@id":"https:\/\/agorafabrics.com\/ca\/teixits\/tifon\/","url":"https:\/\/agorafabrics.com\/ca\/teixits\/tifon\/","name":"Tif\u00f3n - Agora","isPartOf":{"@id":"https:\/\/agorafabrics.com\/ca\/#website"},"primaryImageOfPage":{"@id":"https:\/\/agorafabrics.com\/ca\/teixits\/tifon\/#primaryimage"},"image":{"@id":"https:\/\/agorafabrics.com\/ca\/teixits\/tifon\/#primaryimage"},"thumbnailUrl":"https:\/\/agorafabrics.com\/wp-content\/uploads\/2025\/03\/20617PF_AG_TIFON_ESPUMA-web-1.webp","datePublished":"2025-03-26T11:14:31+00:00","dateModified":"2026-02-24T08:46:41+00:00","breadcrumb":{"@id":"https:\/\/agorafabrics.com\/ca\/teixits\/tifon\/#breadcrumb"},"inLanguage":"ca","potentialAction":[{"@type":"ReadAction","target":["https:\/\/agorafabrics.com\/ca\/teixits\/tifon\/"]}]},{"@type":"ImageObject","inLanguage":"ca","@id":"https:\/\/agorafabrics.com\/ca\/teixits\/tifon\/#primaryimage","url":"https:\/\/agorafabrics.com\/wp-content\/uploads\/2025\/03\/20617PF_AG_TIFON_ESPUMA-web-1.webp","contentUrl":"https:\/\/agorafabrics.com\/wp-content\/uploads\/2025\/03\/20617PF_AG_TIFON_ESPUMA-web-1.webp","width":800,"height":800},{"@type":"BreadcrumbList","@id":"https:\/\/agorafabrics.com\/ca\/teixits\/tifon\/#breadcrumb","itemListElement":[{"@type":"ListItem","position":1,"name":"Portada","item":"https:\/\/agorafabrics.com\/ca\/inici\/"},{"@type":"ListItem","position":2,"name":"Troba la teva tela","item":"https:\/\/agorafabrics.com\/ca\/troba-la-teva-tela\/"},{"@type":"ListItem","position":3,"name":"Tif\u00f3n"}]},{"@type":"WebSite","@id":"https:\/\/agorafabrics.com\/ca\/#website","url":"https:\/\/agorafabrics.com\/ca\/","name":"Agora","description":"F\u00e1brica de tejidos y telas para exterior","publisher":{"@id":"https:\/\/agorafabrics.com\/ca\/#organization"},"potentialAction":[{"@type":"SearchAction","target":{"@type":"EntryPoint","urlTemplate":"https:\/\/agorafabrics.com\/ca\/?s={search_term_string}"},"query-input":{"@type":"PropertyValueSpecification","valueRequired":true,"valueName":"search_term_string"}}],"inLanguage":"ca"},{"@type":"Organization","@id":"https:\/\/agorafabrics.com\/ca\/#organization","name":"Agora Fabrics","url":"https:\/\/agorafabrics.com\/ca\/","logo":{"@type":"ImageObject","inLanguage":"ca","@id":"https:\/\/agorafabrics.com\/ca\/#\/schema\/logo\/image\/","url":"https:\/\/agorafabrics.com\/wp-content\/uploads\/2024\/07\/Agora-Logo.jpg","contentUrl":"https:\/\/agorafabrics.com\/wp-content\/uploads\/2024\/07\/Agora-Logo.jpg","width":2292,"height":756,"caption":"Agora Fabrics"},"image":{"@id":"https:\/\/agorafabrics.com\/ca\/#\/schema\/logo\/image\/"},"sameAs":["https:\/\/www.facebook.com\/agorafabrics\/","https:\/\/www.instagram.com\/agorafabrics\/","https:\/\/www.linkedin.com\/company\/tuvatextil\/","https:\/\/vimeo.com\/user139090508","https:\/\/www.youtube.com\/channel\/UC6iNTVqBR6UsJBzO5OZTymw","https:\/\/www.pinterest.es\/agorafabrics\/"]}]}},"_links":{"self":[{"href":"https:\/\/agorafabrics.com\/ca\/wp-json\/wp\/v2\/product\/20604","targetHints":{"allow":["GET"]}}],"collection":[{"href":"https:\/\/agorafabrics.com\/ca\/wp-json\/wp\/v2\/product"}],"about":[{"href":"https:\/\/agorafabrics.com\/ca\/wp-json\/wp\/v2\/types\/product"}],"wp:featuredmedia":[{"embeddable":true,"href":"https:\/\/agorafabrics.com\/ca\/wp-json\/wp\/v2\/media\/20603"}],"wp:attachment":[{"href":"https:\/\/agorafabrics.com\/ca\/wp-json\/wp\/v2\/media?parent=20604"}],"wp:term":[{"taxonomy":"ancho","embeddable":true,"href":"https:\/\/agorafabrics.com\/ca\/wp-json\/wp\/v2\/ancho?post=20604"},{"taxonomy":"coleccion","embeddable":true,"href":"https:\/\/agorafabrics.com\/ca\/wp-json\/wp\/v2\/coleccion?post=20604"},{"taxonomy":"estilo","embeddable":true,"href":"https:\/\/agorafabrics.com\/ca\/wp-json\/wp\/v2\/estilo?post=20604"},{"taxonomy":"linea","embeddable":true,"href":"https:\/\/agorafabrics.com\/ca\/wp-json\/wp\/v2\/linea?post=20604"},{"taxonomy":"product_cat","embeddable":true,"href":"https:\/\/agorafabrics.com\/ca\/wp-json\/wp\/v2\/product_cat?post=20604"},{"taxonomy":"product_tag","embeddable":true,"href":"https:\/\/agorafabrics.com\/ca\/wp-json\/wp\/v2\/product_tag?post=20604"}],"curies":[{"name":"wp","href":"https:\/\/api.w.org\/{rel}","templated":true}]}}