{"id":20298,"date":"2025-04-02T16:24:02","date_gmt":"2025-04-02T14:24:02","guid":{"rendered":"https:\/\/agorafabrics.com\/declaracio-de-privacitat-ue\/"},"modified":"2026-02-05T16:07:02","modified_gmt":"2026-02-05T15:07:02","slug":"declaracio-de-privacitat-ue","status":"publish","type":"page","link":"https:\/\/agorafabrics.com\/ca\/declaracio-de-privacitat-ue\/","title":{"rendered":"Declaraci\u00f3 de privacitat (UE)"},"content":{"rendered":"\t\t<div data-elementor-type=\"wp-page\" data-elementor-id=\"20298\" class=\"elementor elementor-20298 elementor-3562\" data-elementor-post-type=\"page\">\n\t\t\t\t<div class=\"elementor-element elementor-element-5fde5cb e-flex e-con-boxed e-con e-parent\" data-id=\"5fde5cb\" data-element_type=\"container\" data-e-type=\"container\">\n\t\t\t\t\t<div class=\"e-con-inner\">\n\t\t\t\t<div class=\"elementor-element elementor-element-48df122 elementor-widget elementor-widget-heading\" data-id=\"48df122\" data-element_type=\"widget\" data-e-type=\"widget\" data-widget_type=\"heading.default\">\n\t\t\t\t\t<h1 class=\"elementor-heading-title elementor-size-default\">Declaraci\u00f3 de privacitat (UE)<\/h1>\t\t\t\t<\/div>\n\t\t\t\t<div class=\"elementor-element elementor-element-8a8e48c elementor-widget elementor-widget-text-editor\" data-id=\"8a8e48c\" data-element_type=\"widget\" data-e-type=\"widget\" data-widget_type=\"text-editor.default\">\n\t\t\t\t\t\t\t\t\t<p><strong>1. INFORMACI\u00d3 A L&#8217;USUARI<\/strong><\/p><p><strong>Qui \u00e9s el responsable del tractament de les teves dades personals?<\/strong><br>TUVATEXTIL \u00e9s el RESPONSABLE del tractament de les dades personals de l&#8217;USUARI i l&#8217;informa que aquestes dades seran tractades de conformitat amb el que es disposa en el Reglament (UE) 2016\/679, de 27 d&#8217;abril (GDPR), i la Llei org\u00e0nica 3\/2018, de 5 de desembre (LOPDGDD).<\/p><p><strong>Per a qu\u00e8 tractem les teves dades personals?<\/strong><br>Per a mantenir una relaci\u00f3 comercial amb l&#8217;usuari. Les operacions previstes per a realitzar el tractament s\u00f3n: <\/p><p>Remissi\u00f3 de comunicacions comercials publicit\u00e0ries per e-mail, fax, SMS, MMS, xarxes socials o qualsevol altre mitj\u00e0 electr\u00f2nic o f\u00edsic, present o futur, que possibiliti realitzar comunicacions comercials. Aquestes comunicacions seran realitzades pel RESPONSABLE i estaran relacionades amb els seus productes i serveis, o dels seus col\u00b7laboradors o prove\u00efdors, amb els quals aquest hagi aconseguit algun acord de promoci\u00f3. En aquest cas, els tercers mai tindran acc\u00e9s a les dades personals.<br>Realitzar estudis de mercat i an\u00e0lisis estad\u00edstiques.<br>Tramitar enc\u00e0rrecs, sol\u00b7licituds, donar resposta a les consultes o qualsevol tipus de petici\u00f3 que sigui realitzada per l&#8217;USUARI a trav\u00e9s de qualsevol de les formes de contacte que es posen a la seva disposici\u00f3 en la p\u00e0gina web del RESPONSABLE.<br>Remetre el butllet\u00ed informatiu en l\u00ednia, sobre novetats, ofertes i promocions en la nostra activitat.  <\/p><p><strong>Durant quant temps guardarem les teves dades personals?<\/strong><\/p><p>Es conservaran durant no m\u00e9s temps del necessari per a mantenir la fi del tractament o existeixin prescripcions legals que dictaminin la seva cust\u00f2dia i quan ja no sigui necessari per a aix\u00f2, se suprimiran amb mesures de seguretat adequades per a garantir l&#8217;anonimitzaci\u00f3 de les dades o la destrucci\u00f3 total d&#8217;aquests.<\/p><p><strong>A qui facilitem les teves dades personals?<\/strong><\/p><p>No est\u00e0 prevista cap comunicaci\u00f3 de dades personals a tercers excepte, si fos necessari per al desenvolupament i execuci\u00f3 de les finalitats del tractament, als nostres prove\u00efdors de serveis relacionats amb comunicacions, amb els quals el RESPONSABLE t\u00e9 subscrits els contractes de confidencialitat i d&#8217;encarregat de tractament exigits per la normativa vigent de privacitat.<\/p><p><strong>Quins s\u00f3n els teus drets?<\/strong><\/p><p>Els drets que assisteixen a l&#8217;USUARI s\u00f3n:<\/p><p>Dret a retirar el consentiment en qualsevol moment.<br>Dret d&#8217;acc\u00e9s, rectificaci\u00f3, portabilitat i supressi\u00f3 de les seves dades, i de limitaci\u00f3 o oposici\u00f3 al seu tractament.<br>Dret a presentar una reclamaci\u00f3 davant l&#8217;autoritat de control (www.aepd.es) si considera que el tractament no s&#8217;ajusta a la normativa vigent.<\/p><p><strong>Dades de contacte per a exercir els seus drets:<\/strong><br>TUVATEXTIL. Carretera Pl\u00e1 de Santa Mar\u00eda, s\/n \u2013 43817 El Pont d\u2019Armentera (Tarragona). E-mail: lopd@tuvatextil.com  <\/p><p><strong>Per quin motiu podem tractar les teves dades personals?<\/strong><\/p><p>Perqu\u00e8 el tractament est\u00e0 legitimat per l&#8217;article 6 del GDPR de la manera seg\u00fcent:<br>Amb el consentiment de l&#8217;USUARI: remissi\u00f3 de comunicacions comercials i del butllet\u00ed informatiu. Per inter\u00e8s leg\u00edtim del RESPONSABLE: realitzar estudis de mercat, an\u00e0lisis estad\u00edstiques, etc. i tramitar enc\u00e0rrecs, sol\u00b7licituds, etc. a petici\u00f3 de l&#8217;USUARI. <\/p><p>No est\u00e0 prevista cap comunicaci\u00f3 de dades personals a tercers excepte, si fos necessari per al desenvolupament i execuci\u00f3 dels finalitats del tractament, als nostres prove\u00efdors de serveis relacionats amb comunicacions, amb els quals el RESPONSABLE te subscrits els contractes de confidencialitat i d&#8217;encarregat de tractament exigits per la normativa vigent de privacitat.<\/p><p><strong>2. CAR\u00c0CTER OBLIGATORI O FACULTATIU DE LA INFORMACI\u00d3 FACILITADA PER L&#8217;USUARI<\/strong><\/p><p>Els USUARIS, mitjan\u00e7ant la marcaci\u00f3 de les caselles corresponents i l&#8217;entrada de dades en els camps, marcats amb un asterisc () en el formulari de contacte o presentats en formularis de desc\u00e0rrega, accepten expressament i de manera lliure i inequ\u00edvoca, que les seves dades s\u00f3n necess\u00e0ries per a atendre la seva petici\u00f3, per part del prestador, sent volunt\u00e0ria la inclusi\u00f3 de dades en els camps restants. L&#8217;USUARI garanteix que les dades personals facilitades al RESPONSABLE s\u00f3n vera\u00e7os i es fa responsable de comunicar qualsevol modificaci\u00f3 d&#8217;aquests.<br>El RESPONSABLE informa que totes les dades sol\u00b7licitades a trav\u00e9s del lloc web s\u00f3n obligatoris, ja que s\u00f3n necessaris per a la prestaci\u00f3 d&#8217;un servei \u00f2ptim a l&#8217;USUARI. En cas que no es facilitin totes les dades, no es garanteix que la informaci\u00f3 i serveis facilitats siguin completament ajustats a les seves necessitats.  <\/p><p><strong>3. MESURES DE SEGURETAT<\/strong><\/p><p>Que de conformitat amb el que es disposa en les normatives vigents en protecci\u00f3 de dades personals, el RESPONSABLE est\u00e0 complint amb totes les disposicions de les normatives GDPR i LOPDGDD per al tractament de les dades personals de la seva responsabilitat, i manifestament amb els principis descrits en l&#8217;article 5 del GDPR, pels quals s\u00f3n tractats de manera l\u00edcita, lleial i transparent en relaci\u00f3 amb l&#8217;interessat i adequats, pertinents i limitats al necessari en relaci\u00f3 amb els fins per als quals s\u00f3n tractats.<\/p><p>El RESPONSABLE garanteix que ha implementat pol\u00edtiques t\u00e8cniques i organitzatives apropiades per a aplicar les mesures de seguretat que estableixen el GDPR i la LOPDGDD amb la finalitat de protegir els drets i llibertats dels USUARIS i els ha comunicat la informaci\u00f3 adequada perqu\u00e8 puguin exercir-los.<\/p><p>Per a m\u00e9s informaci\u00f3 sobre les garanties de privacitat, pots dirigir-te al RESPONSABLE a trav\u00e9s de TUVATEXTIL. Carretera Pl\u00e1 de Santa Mar\u00eda, s\/n \u2013 43817 El Pont d\u2019Armentera (Tarragona). E-mail: lopd@tuvatextil.com  <\/p>\t\t\t\t\t\t\t\t<\/div>\n\t\t\t\t\t<\/div>\n\t\t\t\t<\/div>\n\t\t\t\t<\/div>\n\t\t","protected":false},"excerpt":{"rendered":"<p>1. INFORMACI\u00d3 A L&#8217;USUARI Qui \u00e9s el responsable del tractament de les teves dades personals?TUVATEXTIL \u00e9s el RESPONSABLE del tractament de les dades personals de l&#8217;USUARI i l&#8217;informa que aquestes dades seran tractades de conformitat amb el que es disposa en el Reglament (UE) 2016\/679, de 27 d&#8217;abril (GDPR), i la Llei org\u00e0nica 3\/2018, de [&hellip;]<\/p>\n","protected":false},"author":1,"featured_media":0,"parent":0,"menu_order":0,"comment_status":"closed","ping_status":"closed","template":"","meta":{"_acf_changed":false,"footnotes":""},"class_list":["post-20298","page","type-page","status-publish","hentry"],"acf":[],"yoast_head":"<!-- This site is optimized with the Yoast SEO plugin v27.4 - https:\/\/yoast.com\/product\/yoast-seo-wordpress\/ -->\n<title>Declaraci\u00f3 de privacitat (UE) - Agora<\/title>\n<meta name=\"robots\" content=\"index, follow, max-snippet:-1, max-image-preview:large, max-video-preview:-1\" \/>\n<link rel=\"canonical\" href=\"https:\/\/agorafabrics.com\/ca\/declaracio-de-privacitat-ue\/\" \/>\n<meta property=\"og:locale\" content=\"ca_ES\" \/>\n<meta property=\"og:type\" content=\"article\" \/>\n<meta property=\"og:title\" content=\"Declaraci\u00f3 de privacitat (UE) - Agora\" \/>\n<meta property=\"og:description\" content=\"1. INFORMACI\u00d3 A L&#8217;USUARI Qui \u00e9s el responsable del tractament de les teves dades personals?TUVATEXTIL \u00e9s el RESPONSABLE del tractament de les dades personals de l&#8217;USUARI i l&#8217;informa que aquestes dades seran tractades de conformitat amb el que es disposa en el Reglament (UE) 2016\/679, de 27 d&#8217;abril (GDPR), i la Llei org\u00e0nica 3\/2018, de [&hellip;]\" \/>\n<meta property=\"og:url\" content=\"https:\/\/agorafabrics.com\/ca\/declaracio-de-privacitat-ue\/\" \/>\n<meta property=\"og:site_name\" content=\"Agora\" \/>\n<meta property=\"article:publisher\" content=\"https:\/\/www.facebook.com\/agorafabrics\/\" \/>\n<meta property=\"article:modified_time\" content=\"2026-02-05T15:07:02+00:00\" \/>\n<meta name=\"twitter:card\" content=\"summary_large_image\" \/>\n<meta name=\"twitter:label1\" content=\"Temps estimat de lectura\" \/>\n\t<meta name=\"twitter:data1\" content=\"4 minut\" \/>\n<script type=\"application\/ld+json\" class=\"yoast-schema-graph\">{\"@context\":\"https:\\\/\\\/schema.org\",\"@graph\":[{\"@type\":\"WebPage\",\"@id\":\"https:\\\/\\\/agorafabrics.com\\\/ca\\\/declaracio-de-privacitat-ue\\\/\",\"url\":\"https:\\\/\\\/agorafabrics.com\\\/ca\\\/declaracio-de-privacitat-ue\\\/\",\"name\":\"Declaraci\u00f3 de privacitat (UE) - Agora\",\"isPartOf\":{\"@id\":\"https:\\\/\\\/agorafabrics.com\\\/ca\\\/#website\"},\"datePublished\":\"2025-04-02T14:24:02+00:00\",\"dateModified\":\"2026-02-05T15:07:02+00:00\",\"breadcrumb\":{\"@id\":\"https:\\\/\\\/agorafabrics.com\\\/ca\\\/declaracio-de-privacitat-ue\\\/#breadcrumb\"},\"inLanguage\":\"ca\",\"potentialAction\":[{\"@type\":\"ReadAction\",\"target\":[\"https:\\\/\\\/agorafabrics.com\\\/ca\\\/declaracio-de-privacitat-ue\\\/\"]}]},{\"@type\":\"BreadcrumbList\",\"@id\":\"https:\\\/\\\/agorafabrics.com\\\/ca\\\/declaracio-de-privacitat-ue\\\/#breadcrumb\",\"itemListElement\":[{\"@type\":\"ListItem\",\"position\":1,\"name\":\"Portada\",\"item\":\"https:\\\/\\\/agorafabrics.com\\\/ca\\\/inici\\\/\"},{\"@type\":\"ListItem\",\"position\":2,\"name\":\"Declaraci\u00f3 de privacitat (UE)\"}]},{\"@type\":\"WebSite\",\"@id\":\"https:\\\/\\\/agorafabrics.com\\\/ca\\\/#website\",\"url\":\"https:\\\/\\\/agorafabrics.com\\\/ca\\\/\",\"name\":\"Agora\",\"description\":\"F\u00e1brica de tejidos y telas para exterior\",\"publisher\":{\"@id\":\"https:\\\/\\\/agorafabrics.com\\\/ca\\\/#organization\"},\"potentialAction\":[{\"@type\":\"SearchAction\",\"target\":{\"@type\":\"EntryPoint\",\"urlTemplate\":\"https:\\\/\\\/agorafabrics.com\\\/ca\\\/?s={search_term_string}\"},\"query-input\":{\"@type\":\"PropertyValueSpecification\",\"valueRequired\":true,\"valueName\":\"search_term_string\"}}],\"inLanguage\":\"ca\"},{\"@type\":\"Organization\",\"@id\":\"https:\\\/\\\/agorafabrics.com\\\/ca\\\/#organization\",\"name\":\"Agora Fabrics\",\"url\":\"https:\\\/\\\/agorafabrics.com\\\/ca\\\/\",\"logo\":{\"@type\":\"ImageObject\",\"inLanguage\":\"ca\",\"@id\":\"https:\\\/\\\/agorafabrics.com\\\/ca\\\/#\\\/schema\\\/logo\\\/image\\\/\",\"url\":\"https:\\\/\\\/agorafabrics.com\\\/wp-content\\\/uploads\\\/2024\\\/07\\\/Agora-Logo.jpg\",\"contentUrl\":\"https:\\\/\\\/agorafabrics.com\\\/wp-content\\\/uploads\\\/2024\\\/07\\\/Agora-Logo.jpg\",\"width\":2292,\"height\":756,\"caption\":\"Agora Fabrics\"},\"image\":{\"@id\":\"https:\\\/\\\/agorafabrics.com\\\/ca\\\/#\\\/schema\\\/logo\\\/image\\\/\"},\"sameAs\":[\"https:\\\/\\\/www.facebook.com\\\/agorafabrics\\\/\",\"https:\\\/\\\/www.instagram.com\\\/agorafabrics\\\/\",\"https:\\\/\\\/www.linkedin.com\\\/company\\\/tuvatextil\\\/\",\"https:\\\/\\\/vimeo.com\\\/user139090508\",\"https:\\\/\\\/www.youtube.com\\\/channel\\\/UC6iNTVqBR6UsJBzO5OZTymw\",\"https:\\\/\\\/www.pinterest.es\\\/agorafabrics\\\/\"]}]}<\/script>\n<!-- \/ Yoast SEO plugin. -->","yoast_head_json":{"title":"Declaraci\u00f3 de privacitat (UE) - Agora","robots":{"index":"index","follow":"follow","max-snippet":"max-snippet:-1","max-image-preview":"max-image-preview:large","max-video-preview":"max-video-preview:-1"},"canonical":"https:\/\/agorafabrics.com\/ca\/declaracio-de-privacitat-ue\/","og_locale":"ca_ES","og_type":"article","og_title":"Declaraci\u00f3 de privacitat (UE) - Agora","og_description":"1. INFORMACI\u00d3 A L&#8217;USUARI Qui \u00e9s el responsable del tractament de les teves dades personals?TUVATEXTIL \u00e9s el RESPONSABLE del tractament de les dades personals de l&#8217;USUARI i l&#8217;informa que aquestes dades seran tractades de conformitat amb el que es disposa en el Reglament (UE) 2016\/679, de 27 d&#8217;abril (GDPR), i la Llei org\u00e0nica 3\/2018, de [&hellip;]","og_url":"https:\/\/agorafabrics.com\/ca\/declaracio-de-privacitat-ue\/","og_site_name":"Agora","article_publisher":"https:\/\/www.facebook.com\/agorafabrics\/","article_modified_time":"2026-02-05T15:07:02+00:00","twitter_card":"summary_large_image","twitter_misc":{"Temps estimat de lectura":"4 minut"},"schema":{"@context":"https:\/\/schema.org","@graph":[{"@type":"WebPage","@id":"https:\/\/agorafabrics.com\/ca\/declaracio-de-privacitat-ue\/","url":"https:\/\/agorafabrics.com\/ca\/declaracio-de-privacitat-ue\/","name":"Declaraci\u00f3 de privacitat (UE) - Agora","isPartOf":{"@id":"https:\/\/agorafabrics.com\/ca\/#website"},"datePublished":"2025-04-02T14:24:02+00:00","dateModified":"2026-02-05T15:07:02+00:00","breadcrumb":{"@id":"https:\/\/agorafabrics.com\/ca\/declaracio-de-privacitat-ue\/#breadcrumb"},"inLanguage":"ca","potentialAction":[{"@type":"ReadAction","target":["https:\/\/agorafabrics.com\/ca\/declaracio-de-privacitat-ue\/"]}]},{"@type":"BreadcrumbList","@id":"https:\/\/agorafabrics.com\/ca\/declaracio-de-privacitat-ue\/#breadcrumb","itemListElement":[{"@type":"ListItem","position":1,"name":"Portada","item":"https:\/\/agorafabrics.com\/ca\/inici\/"},{"@type":"ListItem","position":2,"name":"Declaraci\u00f3 de privacitat (UE)"}]},{"@type":"WebSite","@id":"https:\/\/agorafabrics.com\/ca\/#website","url":"https:\/\/agorafabrics.com\/ca\/","name":"Agora","description":"F\u00e1brica de tejidos y telas para exterior","publisher":{"@id":"https:\/\/agorafabrics.com\/ca\/#organization"},"potentialAction":[{"@type":"SearchAction","target":{"@type":"EntryPoint","urlTemplate":"https:\/\/agorafabrics.com\/ca\/?s={search_term_string}"},"query-input":{"@type":"PropertyValueSpecification","valueRequired":true,"valueName":"search_term_string"}}],"inLanguage":"ca"},{"@type":"Organization","@id":"https:\/\/agorafabrics.com\/ca\/#organization","name":"Agora Fabrics","url":"https:\/\/agorafabrics.com\/ca\/","logo":{"@type":"ImageObject","inLanguage":"ca","@id":"https:\/\/agorafabrics.com\/ca\/#\/schema\/logo\/image\/","url":"https:\/\/agorafabrics.com\/wp-content\/uploads\/2024\/07\/Agora-Logo.jpg","contentUrl":"https:\/\/agorafabrics.com\/wp-content\/uploads\/2024\/07\/Agora-Logo.jpg","width":2292,"height":756,"caption":"Agora Fabrics"},"image":{"@id":"https:\/\/agorafabrics.com\/ca\/#\/schema\/logo\/image\/"},"sameAs":["https:\/\/www.facebook.com\/agorafabrics\/","https:\/\/www.instagram.com\/agorafabrics\/","https:\/\/www.linkedin.com\/company\/tuvatextil\/","https:\/\/vimeo.com\/user139090508","https:\/\/www.youtube.com\/channel\/UC6iNTVqBR6UsJBzO5OZTymw","https:\/\/www.pinterest.es\/agorafabrics\/"]}]}},"_links":{"self":[{"href":"https:\/\/agorafabrics.com\/ca\/wp-json\/wp\/v2\/pages\/20298","targetHints":{"allow":["GET"]}}],"collection":[{"href":"https:\/\/agorafabrics.com\/ca\/wp-json\/wp\/v2\/pages"}],"about":[{"href":"https:\/\/agorafabrics.com\/ca\/wp-json\/wp\/v2\/types\/page"}],"author":[{"embeddable":true,"href":"https:\/\/agorafabrics.com\/ca\/wp-json\/wp\/v2\/users\/1"}],"replies":[{"embeddable":true,"href":"https:\/\/agorafabrics.com\/ca\/wp-json\/wp\/v2\/comments?post=20298"}],"version-history":[{"count":0,"href":"https:\/\/agorafabrics.com\/ca\/wp-json\/wp\/v2\/pages\/20298\/revisions"}],"wp:attachment":[{"href":"https:\/\/agorafabrics.com\/ca\/wp-json\/wp\/v2\/media?parent=20298"}],"curies":[{"name":"wp","href":"https:\/\/api.w.org\/{rel}","templated":true}]}}