{"id":20296,"date":"2025-04-02T16:24:02","date_gmt":"2025-04-02T14:24:02","guid":{"rendered":"https:\/\/agorafabrics.com\/avis-legal\/"},"modified":"2026-02-05T15:58:40","modified_gmt":"2026-02-05T14:58:40","slug":"avis-legal","status":"publish","type":"page","link":"https:\/\/agorafabrics.com\/ca\/avis-legal\/","title":{"rendered":"Av\u00eds Legal"},"content":{"rendered":"\t\t<div data-elementor-type=\"wp-page\" data-elementor-id=\"20296\" class=\"elementor elementor-20296 elementor-3563\" data-elementor-post-type=\"page\">\n\t\t\t\t<div class=\"elementor-element elementor-element-994f3e0 e-flex e-con-boxed e-con e-parent\" data-id=\"994f3e0\" data-element_type=\"container\" data-e-type=\"container\">\n\t\t\t\t\t<div class=\"e-con-inner\">\n\t\t\t\t<div class=\"elementor-element elementor-element-231348a elementor-widget elementor-widget-heading\" data-id=\"231348a\" data-element_type=\"widget\" data-e-type=\"widget\" data-widget_type=\"heading.default\">\n\t\t\t\t\t<h1 class=\"elementor-heading-title elementor-size-default\">Av\u00eds Legal<\/h1>\t\t\t\t<\/div>\n\t\t\t\t<div class=\"elementor-element elementor-element-ef849a7 elementor-widget elementor-widget-text-editor\" data-id=\"ef849a7\" data-element_type=\"widget\" data-e-type=\"widget\" data-widget_type=\"text-editor.default\">\n\t\t\t\t\t\t\t\t\t<p><strong>LLEI DELS SERVEIS DE LA SOCIETAT DE LA INFORMACI\u00d3 (LSSI)<\/strong><\/p><p>TUVATEXTIL, responsable del lloc web, d&#8217;ara endavant RESPONSABLE, posa a la disposici\u00f3 dels usuaris el present document, amb el qual pret\u00e9n donar compliment a les obligacions disposades en la Llei 34\/2002, d&#8217;11 de juliol, de Serveis de la Societat de la Informaci\u00f3 i de Comer\u00e7 Electr\u00f2nic (LSSICE), BOE N\u00fam. 166, aix\u00ed com informar a tots els usuaris del lloc web respecte a quins s\u00f3n les condicions d&#8217;\u00fas.<\/p><p>Tota persona que accedeixi a aquest lloc web assumeix el paper d&#8217;usuari, comprometent-se a l&#8217;observan\u00e7a i compliment rigor\u00f3s de les disposicions aqu\u00ed disposades, aix\u00ed com a qualsevol altra disposici\u00f3 legal que fos aplicable.<\/p><p>TUVATEXTIL es reserva el dret de modificar qualsevol tipus d&#8217;informaci\u00f3 que pogu\u00e9s apar\u00e8ixer en el lloc web, sense que existeixi obligaci\u00f3 de preavisar o posar en coneixement dels usuaris aquestes obligacions, entenent-se com a suficient la publicaci\u00f3 en el lloc web de TUVATEXTIL.<\/p><p><strong>1. DADES IDENTIFICATIVES<\/strong><\/p><p>Nom del domini: www.agorafabrics.com<\/p><p>Nom comercial: TUVATEXTIL, S.L.<\/p><p>Denominaci\u00f3 social: TUVATEXTIL, S.L.<\/p><p>NIF: B43649516<\/p><p>Domicili social: Crta. Pla Sta. Maria s\/n 43817 El Pont d\u2019Armentera Tarragona (Spain)  <\/p><p>Tel\u00e8fon: (+34) 977 639 132<\/p><p>e-mail: info@agorafabrics.com<\/p><p><strong>2. DRETS DE PROPIETAT INTEL\u00b7LECTUAL I INDUSTRIAL<\/strong><\/p><p>El lloc web, incloent-hi t\u00edtol enunciatiu per\u00f2 no limitatiu la seva programaci\u00f3, edici\u00f3, compilaci\u00f3 i altres elements necessaris per al seu funcionament, els dissenys, logotips, text i\/o gr\u00e0fics, s\u00f3n propietat del RESPONSABLE o, si \u00e9s el cas, disposa de llic\u00e8ncia o autoritzaci\u00f3 expressa per part dels autors. Tots els continguts del lloc web es troben degudament protegits per la normativa de propietat intel\u00b7lectual i industrial, aix\u00ed com inscrits en els registres p\u00fablics corresponents. Independentment de la finalitat per a la qual fossin destinats, la reproducci\u00f3 total o parcial, \u00fas, explotaci\u00f3, distribuci\u00f3 i comercialitzaci\u00f3, requereix en tot cas l&#8217;autoritzaci\u00f3 escrita pr\u00e8via per part del RESPONSABLE. Qualsevol \u00fas no autoritzat pr\u00e8viament es considera un incompliment greu dels drets de propietat intel\u00b7lectual o industrial de l&#8217;autor.   <\/p><p>Els dissenys, logotips, text i\/o gr\u00e0fics aliens al RESPONSABLE i que poguessin apar\u00e8ixer en el lloc web, pertanyen als seus respectius propietaris, sent ells mateixos responsables de qualsevol possible controv\u00e8rsia que pogu\u00e9s suscitar-se respecte a aquests. El RESPONSABLE autoritza expressament al fet que tercers puguin redirigir directament als continguts concrets del lloc web, i en tot cas redirigir al lloc web principal de www.agorafabrics.com. <\/p><p>El RESPONSABLE reconeix a favor dels seus titulars els corresponents drets de propietat intel\u00b7lectual i industrial, no implicant el seu sol esment o aparici\u00f3 en el lloc web l&#8217;exist\u00e8ncia de drets o cap responsabilitat sobre aquests, com tampoc suport, patrocini o recomanaci\u00f3 per part d&#8217;aquest.<\/p><p>Per a realitzar qualsevol tipus d&#8217;observaci\u00f3 respecte a possibles incompliments dels drets de propietat intel\u00b7lectual o industrial, aix\u00ed com sobre qualsevol dels continguts del lloc web, pot fer-lo a trav\u00e9s del correu electr\u00f2nic info@agorafabrics.com<\/p><p><strong>3. EXEMPCI\u00d3 DE RESPONSABILITATS<\/strong><\/p><p>El RESPONSABLE s&#8217;eximeix de qualsevol tipus de responsabilitat derivada de la informaci\u00f3 publicada en el seu lloc web sempre que no tingui coneixement efectiu que aquesta informaci\u00f3 hagi estat manipulada o introdu\u00efda per un tercer ali\u00e8 al mateix o, si ho t\u00e9, hagi actuat amb dilig\u00e8ncia per a retirar les dades o fer impossible l&#8217;acc\u00e9s a ells.<\/p><p><strong>\u00das de Cookies<\/strong><\/p><p>Aquest lloc web pot utilitzar cookies t\u00e8cniques (petits arxius d&#8217;informaci\u00f3 que el servidor envia a l&#8217;ordinador de qui accedeix a la p\u00e0gina) per a dur a terme determinades funcions que s\u00f3n considerades imprescindibles per al correcte funcionament i visualitzaci\u00f3 del lloc. Les cookies utilitzades tenen, en tot cas, car\u00e0cter temporal, amb l&#8217;\u00fanica finalitat de fer m\u00e9s efica\u00e7 la navegaci\u00f3, i desapareixen en acabar la sessi\u00f3 de l&#8217;usuari. En cap cas, aquestes cookies proporcionen per si mateixes dades de car\u00e0cter personal i no s&#8217;utilitzaran per a la recollida d&#8217;aquests.  <\/p><p>Mitjan\u00e7ant l&#8217;\u00fas de cookies tamb\u00e9 \u00e9s possible que el servidor on es troba la web reconegui el navegador utilitzat per l&#8217;usuari amb la finalitat que la navegaci\u00f3 sigui m\u00e9s senzilla, permetent, per exemple, l&#8217;acc\u00e9s dels usuaris que s&#8217;hagin registrat pr\u00e8viament a les \u00e0rees, serveis, promocions o concursos reservats exclusivament a ells sense haver de registrar-se en cada visita. Tamb\u00e9 es poden utilitzar per a mesurar l&#8217;audi\u00e8ncia, par\u00e0metres de tr\u00e0nsit, controlar el progr\u00e9s i nombre d&#8217;entrades, etc., sent en aquests casos cookies prescindibles t\u00e8cnicament, per\u00f2 beneficioses per a l&#8217;usuari. Aquest lloc web no instal\u00b7lar\u00e0 cookies prescindibles sense el consentiment previ de l&#8217;usuari.  <\/p><p>L&#8217;usuari t\u00e9 la possibilitat de configurar el seu navegador per a ser alertat de la recepci\u00f3 de cookies i per a impedir la seva instal\u00b7laci\u00f3 en el seu equip. Si us plau, consulti les instruccions del seu navegador per a ampliar aquesta informaci\u00f3. <\/p><p><strong>Pol\u00edtica d&#8217;enlla\u00e7os<\/strong><\/p><p>Des del lloc web, \u00e9s possible que es redirigeixi a continguts de tercers llocs web. At\u00e8s que el RESPONSABLE no pot controlar sempre els continguts introdu\u00efts per tercers en els seus respectius llocs web, no assumeix cap mena de responsabilitat respecte a aquests continguts. En tot cas, procedir\u00e0 a la retirada immediata de qualsevol contingut que pogu\u00e9s contravenir la legislaci\u00f3 nacional o internacional, la moral o l&#8217;ordre p\u00fablic, procedint a la retirada immediata de la redirecci\u00f3 a aquest lloc web, posant en coneixement de les autoritats competents el contingut en q\u00fcesti\u00f3.  <\/p><p>El RESPONSABLE no es fa responsable de la informaci\u00f3 i continguts emmagatzemats, a t\u00edtol enunciatiu per\u00f2 no limitatiu, en f\u00f2rums, xats, generadors de blogs, comentaris, xarxes socials o qualsevol altre mitj\u00e0 que permeti a tercers publicar continguts de manera independent en la p\u00e0gina web del RESPONSABLE. No obstant aix\u00f2, i en compliment del que es disposa en els articles 11 i 16 de la LSSICE, es posa a la disposici\u00f3 de tots els usuaris, autoritats i forces de seguretat, col\u00b7laborant de manera activa en la retirada o, si \u00e9s el cas, bloqueig de tots aquells continguts que puguin afectar o contravenir la legislaci\u00f3 nacional o internacional, els drets de tercers o la moral i l&#8217;ordre p\u00fablic. En cas que l&#8217;usuari consideri que existeix en el lloc web algun contingut que pogu\u00e9s ser susceptible d&#8217;aquesta classificaci\u00f3, es prega el notifiqui de manera immediata a l&#8217;administrador del lloc web.  <\/p><p>Aquest lloc web s&#8217;ha revisat i provat perqu\u00e8 funcioni correctament. En principi, pot garantir-se el correcte funcionament els 365 dies de l&#8217;any, 24 hores al dia. No obstant aix\u00f2, el RESPONSABLE no descarta la possibilitat que existeixin uns certs errors de programaci\u00f3, o que esdevinguin causes de for\u00e7a major, cat\u00e0strofes naturals, vagues o circumst\u00e0ncies semblants que facin impossible l&#8217;acc\u00e9s a la p\u00e0gina web.  <\/p><p><strong>Direccions IP<\/strong><\/p><p>Els servidors del lloc web podran detectar de manera autom\u00e0tica l&#8217;adre\u00e7a IP i el nom de domini utilitzats per l&#8217;usuari. Una adre\u00e7a IP \u00e9s un n\u00famero assignat autom\u00e0ticament a un ordinador quan aquest es connecta a Internet. Tota aquesta informaci\u00f3 es registra en un fitxer d&#8217;activitat del servidor que permet el posterior processament de les dades amb la finalitat d&#8217;obtenir mesuraments \u00fanicament estad\u00edstics que permetin con\u00e8ixer el nombre d&#8217;impressions de p\u00e0gines, el nombre de visites realitzades als servidors web, l&#8217;ordre de visites, el punt d&#8217;acc\u00e9s, etc.  <\/p><p><strong>4. REGISTRE D&#8217;USUARIS<\/strong><\/p><p>L&#8217;acc\u00e9s i utilitzaci\u00f3 de determinats apartats d&#8217;aquesta p\u00e0gina web, requereixen el previ registre com a usuari. No s&#8217;admet el registre d&#8217;usuaris menors d&#8217;edat. TUVATEXTIL, S.L.. es reserva el dret a verificar la informaci\u00f3 facilitada per l&#8217;usuari. Una vegada registrat en la nostra web, podr\u00e0 en qualsevol moment accedir, modificar o cancel\u00b7lar les dades en el seu perfil d&#8217;usuari.    <\/p><p>TUVATEXTIL, S.L. adverteix a l&#8217;usuari que podran ser rebutjades les peticions de registre realitzades de manera fraudulenta o en vulneraci\u00f3 de normes o drets de tercers, podent a m\u00e9s ser donats de baixa com a usuaris si infringeixen les presents condicions legals o els advertiments i requeriments que els dirigeixi TUVATEXTIL, S.L. respecte a comportaments que vulnerin les pol\u00edtiques i normes que regeixen aquesta p\u00e0gina web. Els usuaris s\u00f3n responsables per qualsevol acci\u00f3 duta a terme amb el seu nom d&#8217;usuari o el seu compte. L&#8217;usuari \u00e9s responsable de l&#8217;\u00fas i confidencialitat de la seva contrasenya d&#8217;acc\u00e9s al seu compte, davant qualsevol sospita que la seguretat de la seva contrasenya ha estat compromesa haur\u00e0 de procedir a modificar-la immediatament. L&#8217;usuari es compromet a fer un \u00fas adequat de la p\u00e0gina web de TUVATEXTIL, S.L. i amb car\u00e0cter enunciatiu per\u00f2 no limitatiu, es compromet a no realitzar les seg\u00fcents conductes: Suplantar identitats, proporcionar informaci\u00f3 falsa o pertanyent a altres persones en el seu registre o perfil d&#8217;usuari. Cedir a qualsevol persona f\u00edsica o jur\u00eddica, el nom d&#8217;usuari i la clau que tingui assignada l&#8217;usuari registrat. Introduir continguts que vulnerin drets de propietat intel\u00b7lectual o industrial, inc\u00f3rrer en activitats il\u00b7l\u00edcites, il\u00b7legals o contr\u00e0ries a la bona fe i a l&#8217;ordre p\u00fablic. Introduir o difondre continguts o propaganda de car\u00e0cter racista, xen\u00f2fob, pornogr\u00e0fic, apologia del terrorisme o atemptatori contra drets de tercers. Realitzar comentaris en la p\u00e0gina que insultin, calumni\u00efn o faltin a la deguda consideraci\u00f3 a altres usuaris registrats, membres de TUVATEXTIL, S.L. o tercers, aix\u00ed com utilitzar llenguatge groller i malsonant. Provocar danys en els sistemes f\u00edsics i l\u00f2gics de TUVATEXTIL, S.L. dels seus prove\u00efdors, usuaris o de terceres persones. Introduir o difondre en la xarxa virus inform\u00e0tics o qualssevol altres sistemes f\u00edsics o l\u00f2gics que siguin susceptibles de provocar els danys anteriorment esmentats. Suprimir, eludir o manipular les mesures de seguretat implantades per TUVATEXTIL, S.L. Intentar accedir i, si \u00e9s el cas, utilitzar els comptes d&#8217;altres usuaris i modificar o manipular els seus missatges o continguts.          <\/p><p><strong>5. LLEI APLICABLE I JURISDICCI\u00d3<\/strong><\/p><p>Per a la resoluci\u00f3 de totes les controv\u00e8rsies o q\u00fcestions relacionades amb el present lloc web o de les activitats en ell desenvolupades, ser\u00e0 aplicable la legislaci\u00f3 espanyola, a la qual se sotmeten expressament les parts, sent competents per a la resoluci\u00f3 de tots els conflictes derivats o relacionats amb el seu \u00fas els Jutjats i Tribunals del domicili de l&#8217;USUARI o el lloc del compliment de l&#8217;obligaci\u00f3.<\/p>\t\t\t\t\t\t\t\t<\/div>\n\t\t\t\t\t<\/div>\n\t\t\t\t<\/div>\n\t\t\t\t<\/div>\n\t\t","protected":false},"excerpt":{"rendered":"<p>LLEI DELS SERVEIS DE LA SOCIETAT DE LA INFORMACI\u00d3 (LSSI) TUVATEXTIL, responsable del lloc web, d&#8217;ara endavant RESPONSABLE, posa a la disposici\u00f3 dels usuaris el present document, amb el qual pret\u00e9n donar compliment a les obligacions disposades en la Llei 34\/2002, d&#8217;11 de juliol, de Serveis de la Societat de la Informaci\u00f3 i de Comer\u00e7 [&hellip;]<\/p>\n","protected":false},"author":1,"featured_media":0,"parent":0,"menu_order":0,"comment_status":"closed","ping_status":"closed","template":"","meta":{"_acf_changed":false,"footnotes":""},"class_list":["post-20296","page","type-page","status-publish","hentry"],"acf":[],"yoast_head":"<!-- This site is optimized with the Yoast SEO plugin v27.4 - https:\/\/yoast.com\/product\/yoast-seo-wordpress\/ -->\n<title>Av\u00eds Legal - Agora<\/title>\n<meta name=\"robots\" content=\"index, follow, max-snippet:-1, max-image-preview:large, max-video-preview:-1\" \/>\n<link rel=\"canonical\" href=\"https:\/\/agorafabrics.com\/ca\/avis-legal\/\" \/>\n<meta property=\"og:locale\" content=\"ca_ES\" \/>\n<meta property=\"og:type\" content=\"article\" \/>\n<meta property=\"og:title\" content=\"Av\u00eds Legal - Agora\" \/>\n<meta property=\"og:description\" content=\"LLEI DELS SERVEIS DE LA SOCIETAT DE LA INFORMACI\u00d3 (LSSI) TUVATEXTIL, responsable del lloc web, d&#8217;ara endavant RESPONSABLE, posa a la disposici\u00f3 dels usuaris el present document, amb el qual pret\u00e9n donar compliment a les obligacions disposades en la Llei 34\/2002, d&#8217;11 de juliol, de Serveis de la Societat de la Informaci\u00f3 i de Comer\u00e7 [&hellip;]\" \/>\n<meta property=\"og:url\" content=\"https:\/\/agorafabrics.com\/ca\/avis-legal\/\" \/>\n<meta property=\"og:site_name\" content=\"Agora\" \/>\n<meta property=\"article:publisher\" content=\"https:\/\/www.facebook.com\/agorafabrics\/\" \/>\n<meta property=\"article:modified_time\" content=\"2026-02-05T14:58:40+00:00\" \/>\n<meta name=\"twitter:card\" content=\"summary_large_image\" \/>\n<meta name=\"twitter:label1\" content=\"Temps estimat de lectura\" \/>\n\t<meta name=\"twitter:data1\" content=\"9 minut\" \/>\n<script type=\"application\/ld+json\" class=\"yoast-schema-graph\">{\"@context\":\"https:\\\/\\\/schema.org\",\"@graph\":[{\"@type\":\"WebPage\",\"@id\":\"https:\\\/\\\/agorafabrics.com\\\/ca\\\/avis-legal\\\/\",\"url\":\"https:\\\/\\\/agorafabrics.com\\\/ca\\\/avis-legal\\\/\",\"name\":\"Av\u00eds Legal - Agora\",\"isPartOf\":{\"@id\":\"https:\\\/\\\/agorafabrics.com\\\/ca\\\/#website\"},\"datePublished\":\"2025-04-02T14:24:02+00:00\",\"dateModified\":\"2026-02-05T14:58:40+00:00\",\"breadcrumb\":{\"@id\":\"https:\\\/\\\/agorafabrics.com\\\/ca\\\/avis-legal\\\/#breadcrumb\"},\"inLanguage\":\"ca\",\"potentialAction\":[{\"@type\":\"ReadAction\",\"target\":[\"https:\\\/\\\/agorafabrics.com\\\/ca\\\/avis-legal\\\/\"]}]},{\"@type\":\"BreadcrumbList\",\"@id\":\"https:\\\/\\\/agorafabrics.com\\\/ca\\\/avis-legal\\\/#breadcrumb\",\"itemListElement\":[{\"@type\":\"ListItem\",\"position\":1,\"name\":\"Portada\",\"item\":\"https:\\\/\\\/agorafabrics.com\\\/ca\\\/inici\\\/\"},{\"@type\":\"ListItem\",\"position\":2,\"name\":\"Av\u00eds Legal\"}]},{\"@type\":\"WebSite\",\"@id\":\"https:\\\/\\\/agorafabrics.com\\\/ca\\\/#website\",\"url\":\"https:\\\/\\\/agorafabrics.com\\\/ca\\\/\",\"name\":\"Agora\",\"description\":\"F\u00e1brica de tejidos y telas para exterior\",\"publisher\":{\"@id\":\"https:\\\/\\\/agorafabrics.com\\\/ca\\\/#organization\"},\"potentialAction\":[{\"@type\":\"SearchAction\",\"target\":{\"@type\":\"EntryPoint\",\"urlTemplate\":\"https:\\\/\\\/agorafabrics.com\\\/ca\\\/?s={search_term_string}\"},\"query-input\":{\"@type\":\"PropertyValueSpecification\",\"valueRequired\":true,\"valueName\":\"search_term_string\"}}],\"inLanguage\":\"ca\"},{\"@type\":\"Organization\",\"@id\":\"https:\\\/\\\/agorafabrics.com\\\/ca\\\/#organization\",\"name\":\"Agora Fabrics\",\"url\":\"https:\\\/\\\/agorafabrics.com\\\/ca\\\/\",\"logo\":{\"@type\":\"ImageObject\",\"inLanguage\":\"ca\",\"@id\":\"https:\\\/\\\/agorafabrics.com\\\/ca\\\/#\\\/schema\\\/logo\\\/image\\\/\",\"url\":\"https:\\\/\\\/agorafabrics.com\\\/wp-content\\\/uploads\\\/2024\\\/07\\\/Agora-Logo.jpg\",\"contentUrl\":\"https:\\\/\\\/agorafabrics.com\\\/wp-content\\\/uploads\\\/2024\\\/07\\\/Agora-Logo.jpg\",\"width\":2292,\"height\":756,\"caption\":\"Agora Fabrics\"},\"image\":{\"@id\":\"https:\\\/\\\/agorafabrics.com\\\/ca\\\/#\\\/schema\\\/logo\\\/image\\\/\"},\"sameAs\":[\"https:\\\/\\\/www.facebook.com\\\/agorafabrics\\\/\",\"https:\\\/\\\/www.instagram.com\\\/agorafabrics\\\/\",\"https:\\\/\\\/www.linkedin.com\\\/company\\\/tuvatextil\\\/\",\"https:\\\/\\\/vimeo.com\\\/user139090508\",\"https:\\\/\\\/www.youtube.com\\\/channel\\\/UC6iNTVqBR6UsJBzO5OZTymw\",\"https:\\\/\\\/www.pinterest.es\\\/agorafabrics\\\/\"]}]}<\/script>\n<!-- \/ Yoast SEO plugin. -->","yoast_head_json":{"title":"Av\u00eds Legal - Agora","robots":{"index":"index","follow":"follow","max-snippet":"max-snippet:-1","max-image-preview":"max-image-preview:large","max-video-preview":"max-video-preview:-1"},"canonical":"https:\/\/agorafabrics.com\/ca\/avis-legal\/","og_locale":"ca_ES","og_type":"article","og_title":"Av\u00eds Legal - Agora","og_description":"LLEI DELS SERVEIS DE LA SOCIETAT DE LA INFORMACI\u00d3 (LSSI) TUVATEXTIL, responsable del lloc web, d&#8217;ara endavant RESPONSABLE, posa a la disposici\u00f3 dels usuaris el present document, amb el qual pret\u00e9n donar compliment a les obligacions disposades en la Llei 34\/2002, d&#8217;11 de juliol, de Serveis de la Societat de la Informaci\u00f3 i de Comer\u00e7 [&hellip;]","og_url":"https:\/\/agorafabrics.com\/ca\/avis-legal\/","og_site_name":"Agora","article_publisher":"https:\/\/www.facebook.com\/agorafabrics\/","article_modified_time":"2026-02-05T14:58:40+00:00","twitter_card":"summary_large_image","twitter_misc":{"Temps estimat de lectura":"9 minut"},"schema":{"@context":"https:\/\/schema.org","@graph":[{"@type":"WebPage","@id":"https:\/\/agorafabrics.com\/ca\/avis-legal\/","url":"https:\/\/agorafabrics.com\/ca\/avis-legal\/","name":"Av\u00eds Legal - Agora","isPartOf":{"@id":"https:\/\/agorafabrics.com\/ca\/#website"},"datePublished":"2025-04-02T14:24:02+00:00","dateModified":"2026-02-05T14:58:40+00:00","breadcrumb":{"@id":"https:\/\/agorafabrics.com\/ca\/avis-legal\/#breadcrumb"},"inLanguage":"ca","potentialAction":[{"@type":"ReadAction","target":["https:\/\/agorafabrics.com\/ca\/avis-legal\/"]}]},{"@type":"BreadcrumbList","@id":"https:\/\/agorafabrics.com\/ca\/avis-legal\/#breadcrumb","itemListElement":[{"@type":"ListItem","position":1,"name":"Portada","item":"https:\/\/agorafabrics.com\/ca\/inici\/"},{"@type":"ListItem","position":2,"name":"Av\u00eds Legal"}]},{"@type":"WebSite","@id":"https:\/\/agorafabrics.com\/ca\/#website","url":"https:\/\/agorafabrics.com\/ca\/","name":"Agora","description":"F\u00e1brica de tejidos y telas para exterior","publisher":{"@id":"https:\/\/agorafabrics.com\/ca\/#organization"},"potentialAction":[{"@type":"SearchAction","target":{"@type":"EntryPoint","urlTemplate":"https:\/\/agorafabrics.com\/ca\/?s={search_term_string}"},"query-input":{"@type":"PropertyValueSpecification","valueRequired":true,"valueName":"search_term_string"}}],"inLanguage":"ca"},{"@type":"Organization","@id":"https:\/\/agorafabrics.com\/ca\/#organization","name":"Agora Fabrics","url":"https:\/\/agorafabrics.com\/ca\/","logo":{"@type":"ImageObject","inLanguage":"ca","@id":"https:\/\/agorafabrics.com\/ca\/#\/schema\/logo\/image\/","url":"https:\/\/agorafabrics.com\/wp-content\/uploads\/2024\/07\/Agora-Logo.jpg","contentUrl":"https:\/\/agorafabrics.com\/wp-content\/uploads\/2024\/07\/Agora-Logo.jpg","width":2292,"height":756,"caption":"Agora Fabrics"},"image":{"@id":"https:\/\/agorafabrics.com\/ca\/#\/schema\/logo\/image\/"},"sameAs":["https:\/\/www.facebook.com\/agorafabrics\/","https:\/\/www.instagram.com\/agorafabrics\/","https:\/\/www.linkedin.com\/company\/tuvatextil\/","https:\/\/vimeo.com\/user139090508","https:\/\/www.youtube.com\/channel\/UC6iNTVqBR6UsJBzO5OZTymw","https:\/\/www.pinterest.es\/agorafabrics\/"]}]}},"_links":{"self":[{"href":"https:\/\/agorafabrics.com\/ca\/wp-json\/wp\/v2\/pages\/20296","targetHints":{"allow":["GET"]}}],"collection":[{"href":"https:\/\/agorafabrics.com\/ca\/wp-json\/wp\/v2\/pages"}],"about":[{"href":"https:\/\/agorafabrics.com\/ca\/wp-json\/wp\/v2\/types\/page"}],"author":[{"embeddable":true,"href":"https:\/\/agorafabrics.com\/ca\/wp-json\/wp\/v2\/users\/1"}],"replies":[{"embeddable":true,"href":"https:\/\/agorafabrics.com\/ca\/wp-json\/wp\/v2\/comments?post=20296"}],"version-history":[{"count":0,"href":"https:\/\/agorafabrics.com\/ca\/wp-json\/wp\/v2\/pages\/20296\/revisions"}],"wp:attachment":[{"href":"https:\/\/agorafabrics.com\/ca\/wp-json\/wp\/v2\/media?parent=20296"}],"curies":[{"name":"wp","href":"https:\/\/api.w.org\/{rel}","templated":true}]}}