{"id":20207,"date":"2025-04-02T16:24:02","date_gmt":"2025-04-02T14:24:02","guid":{"rendered":"https:\/\/agorafabrics.com\/accessibilitat\/"},"modified":"2026-02-05T15:25:40","modified_gmt":"2026-02-05T14:25:40","slug":"accessibilitat","status":"publish","type":"page","link":"https:\/\/agorafabrics.com\/ca\/accessibilitat\/","title":{"rendered":"Accessibilitat"},"content":{"rendered":"\t\t<div data-elementor-type=\"wp-page\" data-elementor-id=\"20207\" class=\"elementor elementor-20207 elementor-3564\" data-elementor-post-type=\"page\">\n\t\t\t\t<div class=\"elementor-element elementor-element-c1d05b2 e-flex e-con-boxed e-con e-parent\" data-id=\"c1d05b2\" data-element_type=\"container\" data-e-type=\"container\">\n\t\t\t\t\t<div class=\"e-con-inner\">\n\t\t\t\t<div class=\"elementor-element elementor-element-37c78d1 elementor-widget elementor-widget-heading\" data-id=\"37c78d1\" data-element_type=\"widget\" data-e-type=\"widget\" data-widget_type=\"heading.default\">\n\t\t\t\t\t<h1 class=\"elementor-heading-title elementor-size-default\">Accessibilitat<\/h1>\t\t\t\t<\/div>\n\t\t\t\t<div class=\"elementor-element elementor-element-6ec8e60 elementor-widget elementor-widget-text-editor\" data-id=\"6ec8e60\" data-element_type=\"widget\" data-e-type=\"widget\" data-widget_type=\"text-editor.default\">\n\t\t\t\t\t\t\t\t\t<p>TUVATEXTIL es compromet a mantenir aquesta web actualitzada i precisa. Si, malgrat tot, trob\u00e9s una cosa incorrecta o desactualitzat li agrair\u00edem que ens ho fes saber. Si us plau, indiqui en quina part de la web ha llegit la informaci\u00f3. La revisarem al m\u00e9s aviat possible. Si us plau, envi\u00ef el seu dubte per correu electr\u00f2nic a: info@agorafabrics.com.    <\/p><p>No ens responsabilitzem de les p\u00e8rdues derivades d&#8217;inexactituds o dades incompletes, ni de les p\u00e8rdues resultants de problemes causats o inherents a la difusi\u00f3 de la informaci\u00f3 a trav\u00e9s d&#8217;Internet, com a interrupcions o fallades. En utilitzar formularis web, ens esforcem per limitar al m\u00ednim el nombre de camps obligatoris. Per qualsevol p\u00e8rdua soferta com a resultat de l&#8217;\u00fas de dades, consells o idees proporcionades per TUVATEXTIL o en el seu nom a trav\u00e9s d&#8217;aquesta web, TUVATEXTIL no accepta cap responsabilitat.  <\/p><p>Les respostes i preguntes sobre privacitat enviades per correu electr\u00f2nic o a trav\u00e9s d&#8217;un formulari web seran tractades de la mateixa manera que les cartes. Aix\u00f2 significa que pot esperar una resposta nostra en un termini m\u00e0xim d&#8217;1 mes. En el cas de sol\u00b7licituds complexes, l&#8217;informarem en el termini d&#8217;1 mes si necessitem un m\u00e0xim de 3 mesos.  <\/p><p>Qualsevol dada personal que ens proporcioni en el context de la seva resposta o sol\u00b7licitud d&#8217;informaci\u00f3 nom\u00e9s s&#8217;utilitzar\u00e0 d&#8217;acord amb la nostra declaraci\u00f3 de privacitat.<\/p><p>TUVATEXTIL far\u00e0 tots els esfor\u00e7os raonables per a protegir els seus sistemes contra qualsevol forma d&#8217;\u00fas il\u00b7l\u00edcit. TUVATEXTIL aplicar\u00e0 les mesures t\u00e8cniques i organitzatives adequades a tal fi, tenint en compte, entre altres coses, l&#8217;estat de la t\u00e8cnica. No obstant aix\u00f2, no ser\u00e0 responsable de cap perjudici, directe i\/o indirecte, sofert per un usuari de la web, que es derivi de l&#8217;\u00fas il\u00b7l\u00edcit dels seus sistemes per part d&#8217;un tercer.  <\/p><p>TUVATEXTIL no se hace responsable del contenido de las p\u00e1ginas web a las que se hace referencia mediante hiperv\u00ednculos u otras referencias. Los productos o servicios ofrecidos por terceros estar\u00e1n sujetos a los t\u00e9rminos y condiciones aplicables de dichos terceros. <\/p><p>Els nostres empleats faran tot el possible per a garantir l&#8217;accessibilitat de la nostra p\u00e0gina web i per a millorar-la cont\u00ednuament. Fins i tot per a les persones que utilitzen programes inform\u00e0tics especials a causa d&#8217;una discapacitat.s i condicions aplicables de dites terceres. <\/p><p>Aquesta web est\u00e0 constru\u00efda d&#8217;acord amb les pautes de nivell AA WCAG 2.1. Aquestes pautes s\u00f3n acords internacionalment reconeguts sobre accessibilitat, sostenibilitat, intercambiabilidad i facilitat de cerca de llocs web. <\/p><p>Tots els drets de propietat intel\u00b7lectual sobre el contingut d&#8217;aquesta web pertanyen a TUVATEXTIL.<\/p><p>La c\u00f2pia, difusi\u00f3 i qualsevol altre \u00fas d&#8217;aquests materials no est\u00e0 perm\u00e8s sense el perm\u00eds escrit de TUVATEXTIL, excepte i nom\u00e9s en la mesura en qu\u00e8 s&#8217;estipuli el contrari en els reglaments de la llei obligat\u00f2ria (com el dret de cita), tret que el contingut espec\u00edfic dicti el contrari.<\/p><p>Si t\u00e9 alguna pregunta o problema amb l&#8217;accessibilitat de la web, no dubti a posar-se en contacte amb nosaltres.<\/p>\t\t\t\t\t\t\t\t<\/div>\n\t\t\t\t\t<\/div>\n\t\t\t\t<\/div>\n\t\t\t\t<\/div>\n\t\t","protected":false},"excerpt":{"rendered":"<p>TUVATEXTIL es compromet a mantenir aquesta web actualitzada i precisa. Si, malgrat tot, trob\u00e9s una cosa incorrecta o desactualitzat li agrair\u00edem que ens ho fes saber. Si us plau, indiqui en quina part de la web ha llegit la informaci\u00f3. La revisarem al m\u00e9s aviat possible. Si us plau, envi\u00ef el seu dubte per correu [&hellip;]<\/p>\n","protected":false},"author":1,"featured_media":0,"parent":0,"menu_order":0,"comment_status":"closed","ping_status":"closed","template":"","meta":{"_acf_changed":false,"footnotes":""},"class_list":["post-20207","page","type-page","status-publish","hentry"],"acf":[],"yoast_head":"<!-- This site is optimized with the Yoast SEO plugin v27.4 - https:\/\/yoast.com\/product\/yoast-seo-wordpress\/ -->\n<title>Accessibilitat - Agora<\/title>\n<meta name=\"robots\" content=\"index, follow, max-snippet:-1, max-image-preview:large, max-video-preview:-1\" \/>\n<link rel=\"canonical\" href=\"https:\/\/agorafabrics.com\/ca\/accessibilitat\/\" \/>\n<meta property=\"og:locale\" content=\"ca_ES\" \/>\n<meta property=\"og:type\" content=\"article\" \/>\n<meta property=\"og:title\" content=\"Accessibilitat - Agora\" \/>\n<meta property=\"og:description\" content=\"TUVATEXTIL es compromet a mantenir aquesta web actualitzada i precisa. Si, malgrat tot, trob\u00e9s una cosa incorrecta o desactualitzat li agrair\u00edem que ens ho fes saber. Si us plau, indiqui en quina part de la web ha llegit la informaci\u00f3. La revisarem al m\u00e9s aviat possible. Si us plau, envi\u00ef el seu dubte per correu [&hellip;]\" \/>\n<meta property=\"og:url\" content=\"https:\/\/agorafabrics.com\/ca\/accessibilitat\/\" \/>\n<meta property=\"og:site_name\" content=\"Agora\" \/>\n<meta property=\"article:publisher\" content=\"https:\/\/www.facebook.com\/agorafabrics\/\" \/>\n<meta property=\"article:modified_time\" content=\"2026-02-05T14:25:40+00:00\" \/>\n<meta name=\"twitter:card\" content=\"summary_large_image\" \/>\n<meta name=\"twitter:label1\" content=\"Temps estimat de lectura\" \/>\n\t<meta name=\"twitter:data1\" content=\"3 minut\" \/>\n<script type=\"application\/ld+json\" class=\"yoast-schema-graph\">{\"@context\":\"https:\\\/\\\/schema.org\",\"@graph\":[{\"@type\":\"WebPage\",\"@id\":\"https:\\\/\\\/agorafabrics.com\\\/ca\\\/accessibilitat\\\/\",\"url\":\"https:\\\/\\\/agorafabrics.com\\\/ca\\\/accessibilitat\\\/\",\"name\":\"Accessibilitat - Agora\",\"isPartOf\":{\"@id\":\"https:\\\/\\\/agorafabrics.com\\\/ca\\\/#website\"},\"datePublished\":\"2025-04-02T14:24:02+00:00\",\"dateModified\":\"2026-02-05T14:25:40+00:00\",\"breadcrumb\":{\"@id\":\"https:\\\/\\\/agorafabrics.com\\\/ca\\\/accessibilitat\\\/#breadcrumb\"},\"inLanguage\":\"ca\",\"potentialAction\":[{\"@type\":\"ReadAction\",\"target\":[\"https:\\\/\\\/agorafabrics.com\\\/ca\\\/accessibilitat\\\/\"]}]},{\"@type\":\"BreadcrumbList\",\"@id\":\"https:\\\/\\\/agorafabrics.com\\\/ca\\\/accessibilitat\\\/#breadcrumb\",\"itemListElement\":[{\"@type\":\"ListItem\",\"position\":1,\"name\":\"Portada\",\"item\":\"https:\\\/\\\/agorafabrics.com\\\/ca\\\/inici\\\/\"},{\"@type\":\"ListItem\",\"position\":2,\"name\":\"Accessibilitat\"}]},{\"@type\":\"WebSite\",\"@id\":\"https:\\\/\\\/agorafabrics.com\\\/ca\\\/#website\",\"url\":\"https:\\\/\\\/agorafabrics.com\\\/ca\\\/\",\"name\":\"Agora\",\"description\":\"F\u00e1brica de tejidos y telas para exterior\",\"publisher\":{\"@id\":\"https:\\\/\\\/agorafabrics.com\\\/ca\\\/#organization\"},\"potentialAction\":[{\"@type\":\"SearchAction\",\"target\":{\"@type\":\"EntryPoint\",\"urlTemplate\":\"https:\\\/\\\/agorafabrics.com\\\/ca\\\/?s={search_term_string}\"},\"query-input\":{\"@type\":\"PropertyValueSpecification\",\"valueRequired\":true,\"valueName\":\"search_term_string\"}}],\"inLanguage\":\"ca\"},{\"@type\":\"Organization\",\"@id\":\"https:\\\/\\\/agorafabrics.com\\\/ca\\\/#organization\",\"name\":\"Agora Fabrics\",\"url\":\"https:\\\/\\\/agorafabrics.com\\\/ca\\\/\",\"logo\":{\"@type\":\"ImageObject\",\"inLanguage\":\"ca\",\"@id\":\"https:\\\/\\\/agorafabrics.com\\\/ca\\\/#\\\/schema\\\/logo\\\/image\\\/\",\"url\":\"https:\\\/\\\/agorafabrics.com\\\/wp-content\\\/uploads\\\/2024\\\/07\\\/Agora-Logo.jpg\",\"contentUrl\":\"https:\\\/\\\/agorafabrics.com\\\/wp-content\\\/uploads\\\/2024\\\/07\\\/Agora-Logo.jpg\",\"width\":2292,\"height\":756,\"caption\":\"Agora Fabrics\"},\"image\":{\"@id\":\"https:\\\/\\\/agorafabrics.com\\\/ca\\\/#\\\/schema\\\/logo\\\/image\\\/\"},\"sameAs\":[\"https:\\\/\\\/www.facebook.com\\\/agorafabrics\\\/\",\"https:\\\/\\\/www.instagram.com\\\/agorafabrics\\\/\",\"https:\\\/\\\/www.linkedin.com\\\/company\\\/tuvatextil\\\/\",\"https:\\\/\\\/vimeo.com\\\/user139090508\",\"https:\\\/\\\/www.youtube.com\\\/channel\\\/UC6iNTVqBR6UsJBzO5OZTymw\",\"https:\\\/\\\/www.pinterest.es\\\/agorafabrics\\\/\"]}]}<\/script>\n<!-- \/ Yoast SEO plugin. -->","yoast_head_json":{"title":"Accessibilitat - Agora","robots":{"index":"index","follow":"follow","max-snippet":"max-snippet:-1","max-image-preview":"max-image-preview:large","max-video-preview":"max-video-preview:-1"},"canonical":"https:\/\/agorafabrics.com\/ca\/accessibilitat\/","og_locale":"ca_ES","og_type":"article","og_title":"Accessibilitat - Agora","og_description":"TUVATEXTIL es compromet a mantenir aquesta web actualitzada i precisa. Si, malgrat tot, trob\u00e9s una cosa incorrecta o desactualitzat li agrair\u00edem que ens ho fes saber. Si us plau, indiqui en quina part de la web ha llegit la informaci\u00f3. La revisarem al m\u00e9s aviat possible. Si us plau, envi\u00ef el seu dubte per correu [&hellip;]","og_url":"https:\/\/agorafabrics.com\/ca\/accessibilitat\/","og_site_name":"Agora","article_publisher":"https:\/\/www.facebook.com\/agorafabrics\/","article_modified_time":"2026-02-05T14:25:40+00:00","twitter_card":"summary_large_image","twitter_misc":{"Temps estimat de lectura":"3 minut"},"schema":{"@context":"https:\/\/schema.org","@graph":[{"@type":"WebPage","@id":"https:\/\/agorafabrics.com\/ca\/accessibilitat\/","url":"https:\/\/agorafabrics.com\/ca\/accessibilitat\/","name":"Accessibilitat - Agora","isPartOf":{"@id":"https:\/\/agorafabrics.com\/ca\/#website"},"datePublished":"2025-04-02T14:24:02+00:00","dateModified":"2026-02-05T14:25:40+00:00","breadcrumb":{"@id":"https:\/\/agorafabrics.com\/ca\/accessibilitat\/#breadcrumb"},"inLanguage":"ca","potentialAction":[{"@type":"ReadAction","target":["https:\/\/agorafabrics.com\/ca\/accessibilitat\/"]}]},{"@type":"BreadcrumbList","@id":"https:\/\/agorafabrics.com\/ca\/accessibilitat\/#breadcrumb","itemListElement":[{"@type":"ListItem","position":1,"name":"Portada","item":"https:\/\/agorafabrics.com\/ca\/inici\/"},{"@type":"ListItem","position":2,"name":"Accessibilitat"}]},{"@type":"WebSite","@id":"https:\/\/agorafabrics.com\/ca\/#website","url":"https:\/\/agorafabrics.com\/ca\/","name":"Agora","description":"F\u00e1brica de tejidos y telas para exterior","publisher":{"@id":"https:\/\/agorafabrics.com\/ca\/#organization"},"potentialAction":[{"@type":"SearchAction","target":{"@type":"EntryPoint","urlTemplate":"https:\/\/agorafabrics.com\/ca\/?s={search_term_string}"},"query-input":{"@type":"PropertyValueSpecification","valueRequired":true,"valueName":"search_term_string"}}],"inLanguage":"ca"},{"@type":"Organization","@id":"https:\/\/agorafabrics.com\/ca\/#organization","name":"Agora Fabrics","url":"https:\/\/agorafabrics.com\/ca\/","logo":{"@type":"ImageObject","inLanguage":"ca","@id":"https:\/\/agorafabrics.com\/ca\/#\/schema\/logo\/image\/","url":"https:\/\/agorafabrics.com\/wp-content\/uploads\/2024\/07\/Agora-Logo.jpg","contentUrl":"https:\/\/agorafabrics.com\/wp-content\/uploads\/2024\/07\/Agora-Logo.jpg","width":2292,"height":756,"caption":"Agora Fabrics"},"image":{"@id":"https:\/\/agorafabrics.com\/ca\/#\/schema\/logo\/image\/"},"sameAs":["https:\/\/www.facebook.com\/agorafabrics\/","https:\/\/www.instagram.com\/agorafabrics\/","https:\/\/www.linkedin.com\/company\/tuvatextil\/","https:\/\/vimeo.com\/user139090508","https:\/\/www.youtube.com\/channel\/UC6iNTVqBR6UsJBzO5OZTymw","https:\/\/www.pinterest.es\/agorafabrics\/"]}]}},"_links":{"self":[{"href":"https:\/\/agorafabrics.com\/ca\/wp-json\/wp\/v2\/pages\/20207","targetHints":{"allow":["GET"]}}],"collection":[{"href":"https:\/\/agorafabrics.com\/ca\/wp-json\/wp\/v2\/pages"}],"about":[{"href":"https:\/\/agorafabrics.com\/ca\/wp-json\/wp\/v2\/types\/page"}],"author":[{"embeddable":true,"href":"https:\/\/agorafabrics.com\/ca\/wp-json\/wp\/v2\/users\/1"}],"replies":[{"embeddable":true,"href":"https:\/\/agorafabrics.com\/ca\/wp-json\/wp\/v2\/comments?post=20207"}],"version-history":[{"count":0,"href":"https:\/\/agorafabrics.com\/ca\/wp-json\/wp\/v2\/pages\/20207\/revisions"}],"wp:attachment":[{"href":"https:\/\/agorafabrics.com\/ca\/wp-json\/wp\/v2\/media?parent=20207"}],"curies":[{"name":"wp","href":"https:\/\/api.w.org\/{rel}","templated":true}]}}